{"id":24187,"date":"2024-08-09T14:01:55","date_gmt":"2024-08-09T14:01:55","guid":{"rendered":"https:\/\/lacasadelamedicina.es\/product\/koupit-adb-pinaca-powder-high-purity-online\/"},"modified":"2024-08-09T14:01:55","modified_gmt":"2024-08-09T14:01:55","slug":"koupit-adb-pinaca-powder-high-purity-online","status":"publish","type":"product","link":"https:\/\/lacasadelamedicina.es\/cs\/produkt\/koupit-adb-pinaca-powder-high-purity-online\/","title":{"rendered":"Koupit ADB Pinaca Powder High Purity online"},"content":{"rendered":"<h1><strong>Koupit ADB-Pinaca Powder High Purity online<\/strong><\/h1>\n<p> Kupte si chemickou z\u00e1sobu methiopropamin \/ MPA, ADB-Pinaca Powder Purity 98%, kter\u00e1 je nab\u00edzena v pr\u00e1\u0161kov\u00e9 a krystalick\u00e9 form\u011b. Pr\u00e1\u0161ek ADB Pinaca High Purity nyn\u00ed k dispozici \u2013 kupte A <a href=\"https:\/\/dieapotheke247.com\/\"><a href=\"https:\/\/dieapotheke247.com\/\">D<\/a><\/a>B Pinaca Powder High Purity online \u2013 <a href=\"https:\/\/drlawsonspharmacy\/contact-us\/\">KONTAKT<\/a> ADB Pinaca Powder Purity ProName: 5F-MDMB-PINACA 5F-ADB Powder 5FADB ADB CasNo: 68585-34-2 Molekul\u00e1rn\u00ed vzorec: ADB Vzhled: b\u00edl\u00fd krystalick\u00fd pr\u00e1\u0161ek Aplikace: farmaceutick\u00fd meziprodukt Dodac\u00ed lh\u016fty: 4-7 dn\u00ed pro hotov\u00e9 zbo\u017e\u00ed Balen\u00ed: 1kg \/hlin\u00edkov\u00fd f\u00f3liov\u00fd pytel Port: Tianjin V\u00fdrobn\u00ed kapacita: 10 000 kg\/m\u011bs\u00edc \u010cistota: &gt;99,5 % Skladov\u00e1n\u00ed: Skladujte na chladn\u00e9m, such\u00e9m a t\u011bsn\u011b uzav\u0159en\u00e9m m\u00edst\u011b Doprava: EMS, DHL, FEDEX Obsah vlhkosti: 0,01 <\/p>\n<h3>Objednejte si ADB Pinaca Powder High Purity<\/h3>\n<p> Kupte si materi\u00e1ly European Online Research Chemical, Kupte ADB Pinaca Powder Powder Purity 98% na prodej, najd\u011bte dodavatele chemik\u00e1li\u00ed, nakupte chemik\u00e1lie pro v\u00fdzkum v \u010c\u00edn\u011b, Nejlep\u0161\u00ed webov\u00e9 str\u00e1nky pro n\u00e1kup v\u00fdzkumn\u00fdch chemik\u00e1li\u00ed, Reddit Research Chemicals, Body Building Research Chemicals, levn\u00e9 v\u00fdzkumn\u00e9 chemik\u00e1lie USA Zam\u011b\u0159ujeme se na poskytov\u00e1n\u00ed vysoce kvalitn\u00edch chemick\u00fdch produkt\u016f, kter\u00e9 spl\u0148uj\u00ed va\u0161e pot\u0159eby. N\u00e1\u0161 ADB Pinaca Powder je vyr\u00e1b\u011bn s maxim\u00e1ln\u00ed p\u00e9\u010d\u00ed, pokud jde o kvalitu a \u010distotu. Ka\u017ed\u00e1 \u0161ar\u017ee proch\u00e1z\u00ed d\u016fkladn\u00fdm testov\u00e1n\u00edm, aby byla zaji\u0161t\u011bna shoda s normami stanoven\u00fdmi pr\u016fmyslem. Je d\u016fle\u017eit\u00e9, abyste po zakoupen\u00ed ADB Pinaca Powder &#8211; nebo jak\u00fdkoli jin\u00fd chemick\u00fd produkt &#8211; pou\u017e\u00edvali a zach\u00e1zeli s nimi zodpov\u011bdn\u011b. Nezapome\u0148te se sezn\u00e1mit s pr\u00e1vn\u00edmi po\u017eadavky a bezpe\u010dnostn\u00edmi doporu\u010den\u00edmi pro tyto l\u00e1tky. Mluvit s profesion\u00e1ly v\u00e1m m\u016f\u017ee pomoci porozum\u011bt spr\u00e1vn\u00e9mu pou\u017eit\u00ed a potenci\u00e1ln\u00edm budouc\u00edm aplikac\u00edm. Sna\u017e\u00edme se, abychom objedn\u00e1vky doru\u010dili spolehliv\u011b a v\u010das, abyste byli s ka\u017edou objedn\u00e1vkou spokojeni. Abychom v\u00e1m zajistili pozitivn\u00ed zku\u0161enost, udr\u017eujeme vysok\u00fd standard profesionality a efektivity b\u011bhem cel\u00e9ho procesu. Po\u010d\u00edtejte s t\u00edm, \u017ee jsme va\u0161\u00ed prvn\u00ed zast\u00e1vkou pro vysoce \u010dist\u00fd ADB Pinaca Powder. Jsme odhodl\u00e1ni poskytovat v\u00e1m vynikaj\u00edc\u00ed produkty a slu\u017eby z\u00e1kazn\u00edk\u016fm. Va\u0161e bezpe\u010dnost a spokojenost je na\u0161\u00ed nejvy\u0161\u0161\u00ed prioritou.           &nbsp;<\/p>\n","protected":false},"excerpt":{"rendered":"<p>Kupte si vysoce \u010dist\u00fd pr\u00e1\u0161ek ADB Pinaca. Koupit 98% Chemical Stock ADB Pinaca Powder dostupn\u00fd v Powder &amp;amp; Krystal.  &nbsp;<\/p>\n","protected":false},"featured_media":18016,"comment_status":"closed","ping_status":"closed","template":"","meta":{"om_disable_all_campaigns":false,"_sitemap_exclude":false,"_sitemap_priority":"","_sitemap_frequency":"","_monsterinsights_skip_tracking":false,"_monsterinsights_sitenote_active":false,"_monsterinsights_sitenote_note":"","_monsterinsights_sitenote_category":0},"product_cat":[7851],"product_tag":[8853,8859,8860,8851,8858,8862,8863,8861,8856,8854,8845,8849,8843,8844,8850,8857,8852,8846,8855,8848,8864,8847],"class_list":{"0":"post-24187","1":"product","2":"type-product","3":"status-publish","4":"has-post-thumbnail","6":"product_cat-vyzkum-chemickych-latek-a-psychedelik","7":"product_tag-adb-pinaca-powder-high-purity-doprava-zdarma-po-evrope","8":"product_tag-adb-pinaca-powder-high-purity-europe-shop-cs","9":"product_tag-adb-pinaca-powder-high-purity-europe-sleva","10":"product_tag-adb-pinaca-powder-high-purity-nejlepsi-cena-v-evrope","11":"product_tag-akcni-nabidky-adb-pinaca-powder-high-purity-europe","12":"product_tag-autenticky-prasek-adb-pinaca-high-purity-europe","13":"product_tag-dodavatele-adb-pinaca-powder-high-purity-europe","14":"product_tag-dodavka-adb-pinaca-powder-high-purity-europe","15":"product_tag-internetovy-obchod-adb-pinaca-powder-high-purity-europe","16":"product_tag-kde-koupit-adb-pinaca-powder-high-purity-europe","17":"product_tag-kde-koupit-adb-pinaca-powder-high-purity-online","18":"product_tag-kolik-je-adb-pinaca-powder-high-purity","19":"product_tag-koupit-adb-pinaca-powder-high-purity","20":"product_tag-koupit-adb-pinaca-powder-high-purity-online","21":"product_tag-koupit-adb-pinaca-powder-high-purity-online-evropa","22":"product_tag-levny-prasek-adb-pinaca-high-purity-europe","23":"product_tag-objednejte-si-adb-pinaca-powder-high-purity-eu","24":"product_tag-objednejte-si-adb-pinaca-powder-high-purity-online","25":"product_tag-prodej-adb-pinaca-powder-high-purity-europe","26":"product_tag-prodej-adb-pinaca-powder-high-purity-online","27":"product_tag-recenze-adb-pinaca-powder-high-purity-europe","28":"product_tag-ucinky-adb-pinaca-powder-high-purity","30":"first","31":"instock","32":"shipping-taxable","33":"purchasable","34":"product-type-variable","35":"farmacie-col"},"aioseo_notices":[],"_links":{"self":[{"href":"https:\/\/lacasadelamedicina.es\/cs\/wp-json\/wp\/v2\/product\/24187"}],"collection":[{"href":"https:\/\/lacasadelamedicina.es\/cs\/wp-json\/wp\/v2\/product"}],"about":[{"href":"https:\/\/lacasadelamedicina.es\/cs\/wp-json\/wp\/v2\/types\/product"}],"replies":[{"embeddable":true,"href":"https:\/\/lacasadelamedicina.es\/cs\/wp-json\/wp\/v2\/comments?post=24187"}],"wp:featuredmedia":[{"embeddable":true,"href":"https:\/\/lacasadelamedicina.es\/cs\/wp-json\/wp\/v2\/media\/18016"}],"wp:attachment":[{"href":"https:\/\/lacasadelamedicina.es\/cs\/wp-json\/wp\/v2\/media?parent=24187"}],"wp:term":[{"taxonomy":"product_cat","embeddable":true,"href":"https:\/\/lacasadelamedicina.es\/cs\/wp-json\/wp\/v2\/product_cat?post=24187"},{"taxonomy":"product_tag","embeddable":true,"href":"https:\/\/lacasadelamedicina.es\/cs\/wp-json\/wp\/v2\/product_tag?post=24187"}],"curies":[{"name":"wp","href":"https:\/\/api.w.org\/{rel}","templated":true}]}}