{"id":24181,"date":"2024-08-09T14:01:58","date_gmt":"2024-08-09T14:01:58","guid":{"rendered":"https:\/\/lacasadelamedicina.es\/product\/koupit-prasek-etizolam-online\/"},"modified":"2024-08-31T17:27:39","modified_gmt":"2024-08-31T17:27:39","slug":"koupit-prasek-etizolam-online","status":"publish","type":"product","link":"https:\/\/lacasadelamedicina.es\/cs\/produkt\/koupit-prasek-etizolam-online\/","title":{"rendered":"Koupit pr\u00e1\u0161ek Etizolam online"},"content":{"rendered":"<h1>Koupit pr\u00e1\u0161ek Etizolam online<\/h1>\n<p> Etizolam Powder, API, aktivn\u00ed farmaceutick\u00e9 p\u0159\u00edsady, meziprodukty s dokumentac\u00ed a certifikac\u00ed, DMF, FDA a US Drug Master File jsou vyr\u00e1b\u011bny a dod\u00e1v\u00e1ny spole\u010dnost\u00ed <span class=\"selectable-text copyable-text\">Dr Lawsons Pharmacy&lt;\/span&gt; v celosv\u011btov\u00e9m m\u011b\u0159\u00edtku. Nab\u00edz\u00edme vysoce kvalitn\u00ed zdroje s doprovodn\u00fdmi technick\u00fdmi bal\u00ed\u010dky k n\u00e1kupu dle pot\u0159eby\/mno\u017estv\u00ed RND pro v\u00fdvoj nebo propagaci. Velkoobchody Etizolam v \u010c\u00edn\u011b. Prodejci Etizolamu. Kupte si Etizolam v pr\u00e1\u0161ku, najd\u011bte dodavatele nebo nakupte Etizolam v pr\u00e1\u0161ku ve velk\u00e9m. Koupit pr\u00e1\u0161ek Etizolam online \u2013 <a href=\"https:\/\/drlawsonspharmacy\/contact-us\/\">KONTAKT<\/a>     <\/span><\/p>\n<p>&nbsp; Na\u0161e zbo\u017e\u00ed je vyr\u00e1b\u011bno v za\u0159\u00edzen\u00edch vyhovuj\u00edc\u00edch cGMP jako aktivn\u00ed farmaceutick\u00e9 slo\u017eky pro farmaceutick\u00fd pr\u016fmysl. Pokud byste cht\u011bli v\u00edce informac\u00ed, v\u010detn\u011b aktu\u00e1ln\u00edho stavu DMF produktu, nev\u00e1hejte n\u00e1s kontaktovat. R\u00e1di v\u00e1m pom\u016f\u017eeme s va\u0161\u00edm v\u00fdzkumem a v\u00fdvojem.   <\/p>\n<h3>Koupit pr\u00e1\u0161ek Etizolam online<\/h3>\n<p> S pr\u00e1\u0161kem Etizolam, fantastick\u00fdm farmaceutick\u00fdm produktem zn\u00e1m\u00fdm pro sv\u00e9 sedativn\u00ed a proti\u00fazkostn\u00e9 \u00fa\u010dinky, m\u016f\u017eete proniknout do sv\u011bta klidu a m\u00edru. Deriv\u00e1t thienodiazepinu zvan\u00fd Etizolam si z\u00edskal oblibu mezi akademiky, odborn\u00edky a lidmi hledaj\u00edc\u00edmi l\u00e9\u010dbu probl\u00e9m\u016f, jako je \u00fazkost, nespavost a stres. Pro jedince, kte\u0159\u00ed hledaj\u00ed klidn\u00fd stav mysli a dobr\u00fd sp\u00e1nek, p\u0159edstavuje pr\u00e1\u0161ek Etizolam novou odpov\u011b\u010f. Jako siln\u00fd benzodiazepinov\u00fd analog interaguje s receptory kyseliny gama-aminom\u00e1seln\u00e9 (GABA) v mozku, \u010d\u00edm\u017e pom\u00e1h\u00e1 kontrolovat nadm\u011brnou neuron\u00e1ln\u00ed aktivitu. To m\u00e1 relaxa\u010dn\u00ed \u00fa\u010dinek, kter\u00fd sni\u017euje p\u0159\u00edznaky \u00fazkosti a podporuje relaxaci.     <\/p>\n<h3><strong>Objednejte pr\u00e1\u0161ek Etizolam<\/strong><\/h3>\n<p> N\u00e1\u0161 pr\u00e1\u0161ek Etizolam p\u0159in\u00e1\u0161\u00ed nejlep\u0161\u00ed studijn\u00ed v\u00fdsledky a d\u00edky sv\u00e9 bezkonkuren\u010dn\u00ed kvalit\u011b a \u010distot\u011b je spolehliv\u00fdm \u0159e\u0161en\u00edm pro pozn\u00e1v\u00e1n\u00ed vlastnost\u00ed a aplikac\u00ed t\u00e9to fascinuj\u00edc\u00ed molekuly. Aby byla zaji\u0161t\u011bna nejvy\u0161\u0161\u00ed \u00farove\u0148 kvality a konzistence, ka\u017ed\u00e1 \u0161ar\u017ee proch\u00e1z\u00ed p\u0159\u00edsn\u00fdm testov\u00e1n\u00edm a anal\u00fdzou a dodr\u017euje p\u0159\u00edsn\u00e9 po\u017eadavky na kontrolu kvality. V\u0161estrannost pr\u00e1\u0161ku Etizolam udivuje v\u00fdzkumn\u00edky. Jeho hypnotick\u00e9, sedativn\u00ed a svalov\u00e9 relaxa\u010dn\u00ed \u00fa\u010dinky z n\u011bj d\u011blaj\u00ed skv\u011bl\u00fd n\u00e1stroj pro v\u00fdzkum panick\u00fdch z\u00e1chvat\u016f, \u00fazkostn\u00fdch onemocn\u011bn\u00ed a dokonce i poruch sp\u00e1nku. Studuje se tak\u00e9 potenci\u00e1l pr\u00e1\u0161ku Etizolam l\u00e9\u010dit abstinen\u010dn\u00ed p\u0159\u00edznaky po alkoholu a kontrolovat n\u011bkter\u00e9 typy z\u00e1chvat\u016f.     &nbsp;<\/p>\n","protected":false},"excerpt":{"rendered":"<p>Koupit Etizolam pr\u00e1\u0161ek online. Real Etizolam Powder Online &#8211; Etizolam Powder na prodej | Koupit Etizolam pr\u00e1\u0161ek online | Etizolam pr\u00e1\u0161ek na prodej | Koupit levn\u011b pr\u00e1\u0161ek Etizolam | Kde koupit pr\u00e1\u0161ek Etizolam online  &nbsp;<\/p>\n","protected":false},"featured_media":18511,"comment_status":"closed","ping_status":"closed","template":"","meta":{"om_disable_all_campaigns":false,"_sitemap_exclude":false,"_sitemap_priority":"","_sitemap_frequency":"","_monsterinsights_skip_tracking":false,"_monsterinsights_sitenote_active":false,"_monsterinsights_sitenote_note":"","_monsterinsights_sitenote_category":0},"product_cat":[7851],"product_tag":[8840,8841,8839,8833,8838,8829,8834,8831,8826,8832,8824,8827,8821,8823,8828,8835,8836,8822,8830,8837,8842,8825],"class_list":{"0":"post-24181","1":"product","2":"type-product","3":"status-publish","4":"has-post-thumbnail","6":"product_cat-vyzkum-chemickych-latek-a-psychedelik","7":"product_tag-autenticky-prasek-etizolam-europe","8":"product_tag-dodavatele-etizolam-powder-europe","9":"product_tag-dodavka-prasku-etizolam-evropa","10":"product_tag-etizolam-prasek-evropa-prodej","11":"product_tag-etizolam-prasek-evropa-sleva","12":"product_tag-etizolam-prasek-nejlepsi-cena-v-evrope","13":"product_tag-etizolam-prasek-online-obchod-evropa","14":"product_tag-evropska-doprava-etizolam-prasek-evropa","15":"product_tag-internetovy-prodej-prasku-etizolam","16":"product_tag-kde-koupit-etizolam-prasek-evropa","17":"product_tag-kde-koupit-prasek-etizolam-online","18":"product_tag-kolik-je-prasek-etizolam","19":"product_tag-koupit-prasek-etizolam","20":"product_tag-koupit-prasek-etizolam-online","21":"product_tag-koupit-prasek-etizolam-online-evropa","22":"product_tag-levny-prasek-etizolam-europe","23":"product_tag-nabidka-prasku-etizolam-europe","24":"product_tag-objednat-prasek-etizolam-online","25":"product_tag-objednejte-etizolam-prasek-eu","26":"product_tag-prodejna-prasku-etizolam-europe","27":"product_tag-recenze-prasku-etizolam-europe","28":"product_tag-ucinky-prasku-etizolam","30":"first","31":"instock","32":"shipping-taxable","33":"purchasable","34":"product-type-variable","35":"farmacie-col"},"aioseo_notices":[],"_links":{"self":[{"href":"https:\/\/lacasadelamedicina.es\/cs\/wp-json\/wp\/v2\/product\/24181"}],"collection":[{"href":"https:\/\/lacasadelamedicina.es\/cs\/wp-json\/wp\/v2\/product"}],"about":[{"href":"https:\/\/lacasadelamedicina.es\/cs\/wp-json\/wp\/v2\/types\/product"}],"replies":[{"embeddable":true,"href":"https:\/\/lacasadelamedicina.es\/cs\/wp-json\/wp\/v2\/comments?post=24181"}],"wp:featuredmedia":[{"embeddable":true,"href":"https:\/\/lacasadelamedicina.es\/cs\/wp-json\/wp\/v2\/media\/18511"}],"wp:attachment":[{"href":"https:\/\/lacasadelamedicina.es\/cs\/wp-json\/wp\/v2\/media?parent=24181"}],"wp:term":[{"taxonomy":"product_cat","embeddable":true,"href":"https:\/\/lacasadelamedicina.es\/cs\/wp-json\/wp\/v2\/product_cat?post=24181"},{"taxonomy":"product_tag","embeddable":true,"href":"https:\/\/lacasadelamedicina.es\/cs\/wp-json\/wp\/v2\/product_tag?post=24181"}],"curies":[{"name":"wp","href":"https:\/\/api.w.org\/{rel}","templated":true}]}}