{"id":24175,"date":"2024-08-09T14:01:59","date_gmt":"2024-08-09T14:01:59","guid":{"rendered":"https:\/\/lacasadelamedicina.es\/product\/kupte-si-krystaly-5f-mdmb-2201-online\/"},"modified":"2024-08-09T14:01:59","modified_gmt":"2024-08-09T14:01:59","slug":"kupte-si-krystaly-5f-mdmb-2201-online","status":"publish","type":"product","link":"https:\/\/lacasadelamedicina.es\/cs\/produkt\/kupte-si-krystaly-5f-mdmb-2201-online\/","title":{"rendered":"Kupte si krystaly 5f MDMB 2201 online"},"content":{"rendered":"<h1>Kupte si krystaly 5f MDMB 2201 online<\/h1>\n<p> Kupte si krystaly 5f MDMB 2201 online. Kupte si 5f krystal\u016f MDMB 2201 online \u2013 <a href=\"https:\/\/drlawsonspharmacy\/contact-us\/\">KONTAKT<\/a> Za\u010d\u00edn\u00e1me objevovat indazol-3-karboxamid v syntetick\u00fdch konopn\u00fdch produktech po cel\u00e9m sv\u011bt\u011b. Farmakologie: Je zn\u00e1mo, \u017ee 5F-MDMB-2201 je velmi \u00fa\u010dinn\u00fdm agonistou CB1, ale nen\u00ed jasn\u00e9, zda je tak\u00e9 vysoce selektivn\u00ed pro CB1, nebo zda je v\u016fbec selektivn\u00ed. Dal\u0161\u00ed <a href=\"https:\/\/dieapotheke247.com\/\">je pot\u0159eba testov\u00e1n\u00ed v t\u00e9to oblasti.<\/a> Podobn\u00e9 slou\u010deniny: 5F-AB-PINACA PX-3 MDMB-FUBINACA MDMB-CHMICA APINACA APICA ADB-PINACA ADBICA ADB- FUBINACA ADB-CHMINACA AB-PINACA AB-FUBINACA AB-CHMINACA AB-CHFUPYCA 5F-APINACA 5F-AMB Z\u00e1konnost: 5F-MDMB-2201 nen\u00ed v sou\u010dasn\u00e9 dob\u011b uzn\u00e1v\u00e1na jako zak\u00e1zan\u00e1 l\u00e1tka v \u017e\u00e1dn\u00e9 hlavn\u00ed zemi nebo jurisdikci, ale mohla by b\u00fdt pova\u017eov\u00e1na za podobnou slou\u010denina na 5F-ADB. Proto je t\u0159eba p\u0159i dovozu t\u00e9to l\u00e1tky postupovat opatrn\u011b, proto\u017ee prodej nebo dr\u017een\u00ed t\u00e9to l\u00e1tky m\u016f\u017ee b\u00fdt v n\u011bkter\u00fdch zem\u00edch nez\u00e1konn\u00e9. 5F-MDMB-2201 nen\u00ed vhodn\u00fd pro spot\u0159ebu lidmi nebo zv\u00ed\u0159aty, proto\u017ee je dod\u00e1v\u00e1n pouze jako v\u00fdzkumn\u00e1 chemik\u00e1lie. M\u011bl by b\u00fdt pou\u017e\u00edv\u00e1n pouze v laborato\u0159i nebo forenzn\u00edm prost\u0159ed\u00ed kvalifikovan\u00fdmi osobami. P\u0159edstavujeme 5F MDMB-2201 Crystals, revolu\u010dn\u00ed produkt, kter\u00fd otev\u00edr\u00e1 dve\u0159e pr\u016fkopnick\u00fdm studi\u00edm o syntetick\u00fdch kanabinoidech. Krystaly 5F MDMB-2201 jsou ide\u00e1ln\u00ed katalyz\u00e1tory k odemknut\u00ed maxim\u00e1ln\u00edho potenci\u00e1lu va\u0161eho v\u011bdeck\u00e9ho sna\u017een\u00ed d\u00edky jejich bezkonkuren\u010dn\u00ed \u00fa\u010dinnosti a vynikaj\u00edc\u00ed \u010distot\u011b. Na\u0161e krystaly 5F MDMB-2201 jsou pe\u010dliv\u011b syntetizov\u00e1ny a ru\u010dn\u011b vyr\u00e1b\u011bny pomoc\u00ed nejmodern\u011bj\u0161\u00edch metod, co\u017e zaji\u0161\u0165uje produkt bezkonkuren\u010dn\u00ed konzistence a \u010distoty, kter\u00fd v\u00fdzkumn\u00edk\u016fm umo\u017e\u0148uje bezpe\u010dn\u011b a p\u0159esn\u011b prozkoumat komplexn\u00ed fungov\u00e1n\u00ed endokanabinoidn\u00edho syst\u00e9mu.          <\/p>\n<h3>Kupte si 5F MDMB 2201 Crystals online<\/h3>\n<p> Kdy\u017e krystaly 5F MDMB-2201 dos\u00e1hnou sv\u00e9ho pln\u00e9ho potenci\u00e1lu, objev\u00ed se \u010detn\u00e9 v\u00fdzkumn\u00e9 p\u0159\u00edle\u017eitosti. Tato l\u00e1tka nab\u00edz\u00ed vz\u00e1cnou p\u0159\u00edle\u017eitost studovat a porozum\u011bt interakci mezi endokanabinoidn\u00edm syst\u00e9mem a \u0159adou fyziologick\u00fdch proces\u016f, v\u010detn\u011b zvl\u00e1d\u00e1n\u00ed bolesti, neurofarmakologie a v\u00fdzkumu z\u00e1vislost\u00ed. Je to siln\u00fd agonista kanabinoidn\u00edch receptor\u016f. Vynikaj\u00edc\u00ed stabilita a \u00fa\u010dinnost krystal\u016f 5F MDMB-2201 jsou d\u016fvodem jejich v\u00fdjime\u010dn\u00e9 kvality. Tato stabilita umo\u017e\u0148uje p\u0159esn\u00e9 d\u00e1vkov\u00e1n\u00ed a konzistentn\u00ed v\u00fdsledky, co\u017e umo\u017e\u0148uje v\u011bdc\u016fm s jistotou prov\u00e1d\u011bt zdlouhav\u00e1 vy\u0161et\u0159ov\u00e1n\u00ed. Krystaly jsou tak\u00e9 vysoce rozpustn\u00e9 v \u0159ad\u011b b\u011b\u017en\u00fdch rozpou\u0161t\u011bdel, tak\u017ee je lze snadno za\u010dlenit do r\u016fzn\u00fdch laboratorn\u00edch technik.      <\/p>\n<h3>Kupte si 5f MDMB 2201 Crystals online<\/h3>\n<p> V <span class=\"selectable-text copyable-text\">L\u00e9k\u00e1rna Dr Lawsons<\/span>, spokojenost a bezpe\u010dnost z\u00e1kazn\u00edk\u016f jsou na\u0161\u00ed nejvy\u0161\u0161\u00ed prioritou. Aby byla zaji\u0161t\u011bna shoda s nejvy\u0161\u0161\u00edmi pr\u016fmyslov\u00fdmi standardy, na\u0161e krystaly 5F MDMB-2201 podl\u00e9haj\u00ed p\u0159\u00edsn\u00fdm postup\u016fm kontroly kvality. P\u0159\u00edsn\u011b dodr\u017eujeme bezpe\u010dnostn\u00ed postupy a poskytujeme rozs\u00e1hlou dokumentaci, kter\u00e1 v\u00e1m pom\u016f\u017ee s procesem studia. Vezm\u011bte pros\u00edm na v\u011bdom\u00ed, \u017ee krystaly 5F MDMB-2201 jsou pouze pro studijn\u00ed \u00fa\u010dely a za \u017e\u00e1dn\u00fdch okolnost\u00ed by je lid\u00e9 nem\u011bli konzumovat. P\u0159i pr\u00e1ci s touto chemik\u00e1li\u00ed je nutn\u00e9 dodr\u017eovat m\u00edstn\u00ed z\u00e1kony a mor\u00e1ln\u00ed normy.     &nbsp;<\/p>\n","protected":false},"excerpt":{"rendered":"<p>Kupte si krystaly 5F-MDMB 2201 online. 5F-MDMB-2201 je syntetick\u00fd kanabinoid z rodiny indazol\u016f, kter\u00fd je n\u00e1padn\u011b podobn\u00fd popul\u00e1rn\u011bj\u0161\u00edmu 5F-MDMB-PINACA.  &nbsp;<\/p>\n","protected":false},"featured_media":18571,"comment_status":"closed","ping_status":"closed","template":"","meta":{"om_disable_all_campaigns":false,"_sitemap_exclude":false,"_sitemap_priority":"","_sitemap_frequency":"","_monsterinsights_skip_tracking":false,"_monsterinsights_sitenote_active":false,"_monsterinsights_sitenote_note":"","_monsterinsights_sitenote_category":0},"product_cat":[7851],"product_tag":[8815,8816,8809,8807,8818,8817,8819,8812,8810,8801,8805,8799,8800,8806,8813,8814,8808,8802,8804,8811,8820,8803],"class_list":{"0":"post-24175","1":"product","2":"type-product","3":"status-publish","4":"has-post-thumbnail","6":"product_cat-vyzkum-chemickych-latek-a-psychedelik","7":"product_tag-5f-krystaly-mdmb-2201-europe-shop","8":"product_tag-5f-krystaly-mdmb-2201-evropa-sleva","9":"product_tag-5f-mdmb-2201-krystaly-doprava-zdarma-po-evrope","10":"product_tag-5f-mdmb-2201-krystaly-nejlepsi-cena-v-evrope","11":"product_tag-autenticke-5f-mdmb-2201-krystaly-evropa","12":"product_tag-dodavka-5f-krystalu-mdmb-2201-evropa","13":"product_tag-evropsti-dodavatele-krystalu-5f-mdmb-2201","14":"product_tag-internetovy-obchod-s-krystaly-5f-mdmb-2201-evropa","15":"product_tag-kde-koupit-krystaly-5f-mdmb-2201-europe","16":"product_tag-kde-koupit-krystaly-5f-mdmb-2201-online","17":"product_tag-kolik-je-5f-krystalu-mdmb-2201","18":"product_tag-kupte-si-krystaly-5f-mdmb-2201","19":"product_tag-kupte-si-krystaly-5f-mdmb-2201-online","20":"product_tag-kupte-si-krystaly-5f-mdmb-2201-online-evropa","21":"product_tag-levne-krystaly-5f-mdmb-2201-evropa","22":"product_tag-nabidka-krystalu-5f-mdmb-2201-evropa","23":"product_tag-objednejte-si-5f-krystaly-mdmb-2201-eu","24":"product_tag-objednejte-si-krystaly-5f-mdmb-2201-online","25":"product_tag-online-prodej-krystalu-5f-mdmb-2201","26":"product_tag-prodej-krystalu-5f-mdmb-2201-evropa","27":"product_tag-recenze-krystalu-5f-mdmb-2201-evropa","28":"product_tag-ucinky-krystalu-5f-mdmb-2201","30":"first","31":"instock","32":"shipping-taxable","33":"purchasable","34":"product-type-variable","35":"farmacie-col"},"aioseo_notices":[],"_links":{"self":[{"href":"https:\/\/lacasadelamedicina.es\/cs\/wp-json\/wp\/v2\/product\/24175"}],"collection":[{"href":"https:\/\/lacasadelamedicina.es\/cs\/wp-json\/wp\/v2\/product"}],"about":[{"href":"https:\/\/lacasadelamedicina.es\/cs\/wp-json\/wp\/v2\/types\/product"}],"replies":[{"embeddable":true,"href":"https:\/\/lacasadelamedicina.es\/cs\/wp-json\/wp\/v2\/comments?post=24175"}],"wp:featuredmedia":[{"embeddable":true,"href":"https:\/\/lacasadelamedicina.es\/cs\/wp-json\/wp\/v2\/media\/18571"}],"wp:attachment":[{"href":"https:\/\/lacasadelamedicina.es\/cs\/wp-json\/wp\/v2\/media?parent=24175"}],"wp:term":[{"taxonomy":"product_cat","embeddable":true,"href":"https:\/\/lacasadelamedicina.es\/cs\/wp-json\/wp\/v2\/product_cat?post=24175"},{"taxonomy":"product_tag","embeddable":true,"href":"https:\/\/lacasadelamedicina.es\/cs\/wp-json\/wp\/v2\/product_tag?post=24175"}],"curies":[{"name":"wp","href":"https:\/\/api.w.org\/{rel}","templated":true}]}}