{"id":24170,"date":"2024-08-09T14:01:59","date_gmt":"2024-08-09T14:01:59","guid":{"rendered":"https:\/\/lacasadelamedicina.es\/product\/kupte-si-levne-4-cl-pvp-krystaly-online\/"},"modified":"2024-08-09T14:01:59","modified_gmt":"2024-08-09T14:01:59","slug":"kupte-si-levne-4-cl-pvp-krystaly-online","status":"publish","type":"product","link":"https:\/\/lacasadelamedicina.es\/cs\/produkt\/kupte-si-levne-4-cl-pvp-krystaly-online\/","title":{"rendered":"Kupte si levn\u00e9 4 CL PVP krystaly online"},"content":{"rendered":"<h1>Kupte si levn\u00e9 4-CL-PVP krystaly online<\/h1>\n<p> Tak\u00e9 zn\u00e1m\u00fd jako 4-chlor-alfa-pyrrolidinopentiofenon, 4-chlor-PVP, 4Cl-PVP nebo 4C-PVP, 4-chlor-alfa-pyrrolidinovalerofenon je 4-chlor-alfa-pyrrolidinopentiofenon. Kupte si krystal 4-CL-PVP a kupte si 4-CL-PVP online se slevou. Krystaly 4-CL-PVP levn\u011b \u2013 Kupte si krystaly 4-CL-PVP levn\u011b online \u2013 <a href=\"https:\/\/drlawsonspharmacy\/contact-us\/\">KONTAKT<\/a> Vynikaj\u00edc\u00ed kvalita levn\u00fdch Ve spole\u010dnosti Dr. At Lawsons Pharmacy je spokojenost a bezpe\u010dnost z\u00e1kazn\u00edk\u016f na\u0161\u00ed nejvy\u0161\u0161\u00ed prioritou. Aby bylo zaji\u0161t\u011bno, \u017ee spl\u0148uj\u00ed nejvy\u0161\u0161\u00ed standardy v oboru, na\u0161e krystaly Cheap 4-CL-PVP proch\u00e1zej\u00ed p\u0159\u00edsn\u00fdm procesem kontroly kvality. Abychom zajistili, \u017ee obdr\u017e\u00edte bezpe\u010dn\u00fd a spolehliv\u00fd produkt pro sv\u016fj v\u00fdzkum, dodr\u017eujeme v\u0161echny p\u0159\u00edslu\u0161n\u00e9 z\u00e1kony a p\u0159edpisy. Ve t\u0159\u00edd\u011b pyrrolidinofenon\u016f je 4-CLPVP ned\u00e1vno vyvinut\u00fdm designov\u00fdm l\u00e9kem, kter\u00fd sd\u00edl\u00ed struktur\u00e1ln\u00ed podobnosti s alfa-pyrrolidinopenthiofenonem (-PVP). Farmakologie a toxicita t\u00e9to l\u00e1tky nejsou zn\u00e1my. Jste oddan\u00fd v\u00fdzkumn\u00edk, kter\u00fd pro sv\u016fj v\u00fdzkum hled\u00e1 vysoce kvalitn\u00ed chemick\u00e9 slou\u010deniny za dostupn\u00e9 ceny? Pak nehledejte nic jin\u00e9ho ne\u017e Cheap 4-CL-PVP Crystals, pozoruhodn\u00fd produkt, kter\u00fd v\u00e1m nab\u00edz\u00ed bezkonkuren\u010dn\u00ed spolehlivost a hodnotu pro va\u0161e v\u00fdzkumn\u00e9 \u00fasil\u00ed.         <\/p>\n<h3><strong>Objednejte si krystaly 4-CL-PVP<\/strong><\/h3>\n<p> Bez kompromis\u016f v kvalit\u011b jsou levn\u00e9 krystaly 4-CL-PVP fantastick\u00fdm zp\u016fsobem, jak se pono\u0159it hloub\u011bji do zaj\u00edmav\u00e9 oblasti deriv\u00e1t\u016f pyrrolidinofenonu. Pomoc\u00ed nejnov\u011bj\u0161\u00edch v\u011bdeck\u00fdch metod jsou tyto krystaly pe\u010dliv\u011b vyr\u00e1b\u011bny, aby zaru\u010dily konzistentn\u00ed a \u010dist\u00fd produkt p\u0159i ka\u017ed\u00e9 objedn\u00e1vce. M\u016f\u017eete se spolehnout na to, \u017ee krystaly Cheap 4-CL-PVP p\u0159inesou p\u0159esn\u00e9 a spolehliv\u00e9 v\u00fdsledky, proto\u017ee db\u00e1me na kvalitu. Vynikaj\u00edc\u00ed kvalita levn\u00fdch 4-CL-PVP krystal\u016f je jejich n\u00edzk\u00e1 cena. Sna\u017e\u00edme se nab\u00edzet konkurenceschopn\u00e9 ceny bez kompromis\u016f v kvalit\u011b nebo \u010distot\u011b, proto\u017ee v\u00edme, jak d\u016fle\u017eit\u00e1 je ve v\u00fdzkumu n\u00e1kladov\u00e1 efektivita. S levn\u00fdmi krystaly 4-CL-PVP m\u016f\u017eete sv\u016fj rozpo\u010det na v\u00fdzkum d\u00e1le nat\u00e1hnout a p\u0159esto z\u00edskat spolehlivou a \u00fa\u010dinnou molekulu.      <\/p>\n<h3><strong>objednejte si levn\u00e9 4-CL-PVP krystaly<\/strong><\/h3>\n<p> Tyto krystaly maj\u00ed fascinuj\u00edc\u00ed vlastnosti, d\u00edky kter\u00fdm jsou ide\u00e1ln\u00ed pro r\u016fzn\u00e9 v\u00fdzkumn\u00e9 aplikace. Levn\u00e9 krystaly 4-CL-PVP, siln\u00fd stimulant, nab\u00edzej\u00ed v\u00fdzkumn\u00edk\u016fm p\u0159\u00edle\u017eitost zkoumat t\u00e9mata, jako je neurov\u011bda, psychofarmakologie a studie z\u00e1vislost\u00ed. S pomoc\u00ed t\u00e9to p\u0159izp\u016fsobiv\u00e9 l\u00e1tky m\u016f\u017eete maximalizovat potenci\u00e1l sv\u00e9ho v\u00fdzkumu. Ve spole\u010dnosti Dr. Lawsons Pharmacy je spokojenost a bezpe\u010dnost z\u00e1kazn\u00edk\u016f na\u0161\u00ed nejvy\u0161\u0161\u00ed prioritou. Aby bylo zaji\u0161t\u011bno, \u017ee spl\u0148uj\u00ed nejvy\u0161\u0161\u00ed standardy v oboru, na\u0161e levn\u00e9 krystaly 4-CL-PVP proch\u00e1zej\u00ed p\u0159\u00edsn\u00fdm procesem kontroly kvality. Abychom zajistili, \u017ee obdr\u017e\u00edte bezpe\u010dn\u00fd a spolehliv\u00fd produkt pro sv\u016fj v\u00fdzkum, dodr\u017eujeme v\u0161echny p\u0159\u00edslu\u0161n\u00e9 z\u00e1kony a p\u0159edpisy.      &nbsp;<\/p>\n","protected":false},"excerpt":{"rendered":"<p>Tak\u00e9 zn\u00e1m\u00fd jako 4-chlor-alfa-pyrrolidinopentiofenon, 4-chlor-PVP, 4Cl-PVP nebo 4C-PVP, 4-chlor-alfa-pyrrolidinovalerofenon je 4-chlor-alfa-pyrrolidinopentiofenon. Kupte si krystal 4-CL-PVP a kupte si 4-CL-PVP se slevou online. Krystaly 4-CL-PVP levn\u011b \u2013 Kupte si krystaly 4-CL-PVP levn\u011b online   &nbsp;<\/p>\n","protected":false},"featured_media":18556,"comment_status":"closed","ping_status":"closed","template":"","meta":{"om_disable_all_campaigns":false,"_sitemap_exclude":false,"_sitemap_priority":"","_sitemap_frequency":"","_monsterinsights_skip_tracking":false,"_monsterinsights_sitenote_active":false,"_monsterinsights_sitenote_note":"","_monsterinsights_sitenote_category":0},"product_cat":[7851],"product_tag":[8796,8788,8779,8783,8777,8778,8784,8795,8787,8792,8793,8789,8798,8794,8797,8790,8785,8782,8791,8786,8780,8781],"class_list":{"0":"post-24170","1":"product","2":"type-product","3":"status-publish","4":"has-post-thumbnail","6":"product_cat-vyzkum-chemickych-latek-a-psychedelik","7":"product_tag-autenticke-levne-4-cl-pvp-krystaly-evropa","8":"product_tag-kde-koupit-levne-4-cl-pvp-krystaly-evropa","9":"product_tag-kde-koupit-levne-4-cl-pvp-krystaly-online","10":"product_tag-kolik-jsou-levne-4-cl-pvp-krystaly","11":"product_tag-kupte-si-levne-4-cl-pvp-krystaly","12":"product_tag-kupte-si-levne-4-cl-pvp-krystaly-online","13":"product_tag-kupte-si-levne-4-cl-pvp-krystaly-online-evropa","14":"product_tag-levne-4-cl-krystaly-pvp-evropa-dodavka","15":"product_tag-levne-4-cl-pvp-krystaly-doprava-zdarma-evropa","16":"product_tag-levne-4-cl-pvp-krystaly-evropa-nabidky","17":"product_tag-levne-4-cl-pvp-krystaly-evropa-obchod","18":"product_tag-levne-4-cl-pvp-krystaly-evropa-prodej","19":"product_tag-levne-4-cl-pvp-krystaly-evropa-recenze","20":"product_tag-levne-4-cl-pvp-krystaly-evropa-sleva","21":"product_tag-levne-4-cl-pvp-krystaly-evropsti-dodavatele","22":"product_tag-levne-4-cl-pvp-krystaly-internetovy-obchod-evropa","23":"product_tag-levne-4-cl-pvp-krystaly-nejlepsi-cena-evropa","24":"product_tag-levne-4-cl-pvp-krystaly-prodej-online","25":"product_tag-levne-levne-4-cl-pvp-krystaly-evropa","26":"product_tag-objednejte-si-levne-4-cl-pvp-krystaly-eu","27":"product_tag-objednejte-si-levne-4-cl-pvp-krystaly-online","28":"product_tag-ucinky-levnych-4-cl-pvp-krystalu","30":"first","31":"instock","32":"shipping-taxable","33":"purchasable","34":"product-type-variable","35":"farmacie-col"},"aioseo_notices":[],"_links":{"self":[{"href":"https:\/\/lacasadelamedicina.es\/cs\/wp-json\/wp\/v2\/product\/24170"}],"collection":[{"href":"https:\/\/lacasadelamedicina.es\/cs\/wp-json\/wp\/v2\/product"}],"about":[{"href":"https:\/\/lacasadelamedicina.es\/cs\/wp-json\/wp\/v2\/types\/product"}],"replies":[{"embeddable":true,"href":"https:\/\/lacasadelamedicina.es\/cs\/wp-json\/wp\/v2\/comments?post=24170"}],"wp:featuredmedia":[{"embeddable":true,"href":"https:\/\/lacasadelamedicina.es\/cs\/wp-json\/wp\/v2\/media\/18556"}],"wp:attachment":[{"href":"https:\/\/lacasadelamedicina.es\/cs\/wp-json\/wp\/v2\/media?parent=24170"}],"wp:term":[{"taxonomy":"product_cat","embeddable":true,"href":"https:\/\/lacasadelamedicina.es\/cs\/wp-json\/wp\/v2\/product_cat?post=24170"},{"taxonomy":"product_tag","embeddable":true,"href":"https:\/\/lacasadelamedicina.es\/cs\/wp-json\/wp\/v2\/product_tag?post=24170"}],"curies":[{"name":"wp","href":"https:\/\/api.w.org\/{rel}","templated":true}]}}