{"id":24149,"date":"2024-08-09T14:01:59","date_gmt":"2024-08-09T14:01:59","guid":{"rendered":"https:\/\/lacasadelamedicina.es\/product\/koupit-acetyl-fentanyl-powder-99-cisty-online\/"},"modified":"2024-08-09T14:01:59","modified_gmt":"2024-08-09T14:01:59","slug":"koupit-acetyl-fentanyl-powder-99-cisty-online","status":"publish","type":"product","link":"https:\/\/lacasadelamedicina.es\/cs\/produkt\/koupit-acetyl-fentanyl-powder-99-cisty-online\/","title":{"rendered":"Koupit Acetyl Fentanyl Powder (99%+ \u010dist\u00fd) online"},"content":{"rendered":"<h3>Koupit Acetyl Fentanyl Powder (99%+ \u010dist\u00fd) online<\/h3>\n<p> Kupte si Acetyl Fentanyl v pr\u00e1\u0161kov\u00e9 form\u011b. Je p\u011btkr\u00e1t siln\u011bj\u0161\u00ed ne\u017e heroin a je klasifikov\u00e1n jako opioid. Pou\u017e\u00edv\u00e1 se k l\u00e9\u010db\u011b siln\u00e9, p\u0159etrv\u00e1vaj\u00edc\u00ed bolesti, kter\u00e1 nereaguje na jin\u00e9 l\u00e9ky. Tento l\u00e9k je siln\u00e9 narkotick\u00e9 analgetikum. <strong>Koupit acetylfentanylov\u00fd pr\u00e1\u0161ek (99%+ \u010dist\u00fd) online<\/strong>\u2013 <a href=\"https:\/\/drlawsonspharmacy\/contact-us\/\">KONTAKT<\/a> Acryl Fentanyl Powder (99% + Pure) na prodej Acetylfentanyl je opioidn\u00ed analgetikum, kter\u00e9 z hlediska \u00falevy od bolesti funguje podobn\u011b jako fentanyl. Acetylfentanyl je a\u017e 80kr\u00e1t siln\u011bj\u0161\u00ed ne\u017e morfin a 5 a\u017e 40kr\u00e1t siln\u011bj\u0161\u00ed ne\u017e heroin. Je 15kr\u00e1t siln\u011bj\u0161\u00ed ne\u017e fentanyl. Acetyl Fentanyl Powder, pe\u010dliv\u011b syntetizovan\u00e1 l\u00e1tka s v\u00fdjime\u010dnou \u00farovn\u00ed \u010distoty, v\u00e1m m\u016f\u017ee pomoci pln\u011b vyu\u017e\u00edt potenci\u00e1l va\u0161eho v\u00fdzkumu. S \u010distotou v\u00edce ne\u017e 99% umo\u017e\u0148uje tento v\u00fdjime\u010dn\u00fd produkt pr\u016flomov\u00fd v\u00fdzkum v oblasti farmaceutick\u00e9ho v\u00fdzkumu a anal\u00fdz. Acetyl Fentanyl Powder, odvozen\u00fd od dob\u0159e zn\u00e1m\u00e9ho opioidn\u00edho fentanylu, m\u00e1 siln\u00e9 analgetick\u00e9 vlastnosti, d\u00edky kter\u00fdm je d\u016fle\u017eit\u00fdm n\u00e1strojem pro v\u00fdzkumn\u00edky studuj\u00edc\u00ed kontrolu bolesti, opioidn\u00ed receptory a souvisej\u00edc\u00ed oblasti. D\u00edky jeho vysok\u00e9 \u010distot\u011b m\u016f\u017eete do hloubky studovat komplexn\u00ed fungov\u00e1n\u00ed opioidn\u00edch slou\u010denin s d\u016fv\u011brou v jeho p\u0159esn\u00e9 a spolehliv\u00e9 v\u00fdsledky.          <\/p>\n<h3>Koupit Acetyl Fentanyl Powder (99%+ \u010dist\u00fd) online<\/h3>\n<p> \u010cistota a konzistence jsou ve v\u00fdzkumu z\u00e1sadn\u00ed a <span class=\"selectable-text copyable-text\">L\u00e9k\u00e1rna Dr Lawsons<\/span> tomu rozum\u00ed. To je d\u016fvod, pro\u010d je n\u00e1\u0161 Acetyl Fentanyl Powder vyr\u00e1b\u011bn pomoc\u00ed nejnov\u011bj\u0161\u00edch syntetick\u00fdch technik a proch\u00e1z\u00ed p\u0159\u00edsn\u00fdmi testy kontroly kvality. Abychom zajistili reprodukovatelnost a spolehlivost va\u0161eho v\u00fdzkumu, sna\u017e\u00edme se dodat produkt, kter\u00fd spl\u0148uje a p\u0159ekra\u010duje nejvy\u0161\u0161\u00ed pr\u016fmyslov\u00e9 standardy. Vysok\u00e1 \u010distota na\u0161eho Acetyl Fentanyl Powder umo\u017e\u0148uje p\u0159esn\u00e9 d\u00e1vkov\u00e1n\u00ed a kontrolovan\u00e9 testov\u00e1n\u00ed, co\u017e v\u00e1m d\u00e1v\u00e1 jistotu, kterou pot\u0159ebujete k prov\u00e1d\u011bn\u00ed d\u016fkladn\u00e9ho v\u00fdzkumu. N\u00e1\u0161 produkt je snadno rozpustn\u00fd v b\u011b\u017en\u00fdch rozpou\u0161t\u011bdlech, tak\u017ee se s n\u00edm snadno manipuluje a je vhodn\u00fd pro \u0159adu v\u011bdeck\u00fdch aplikac\u00ed.     <\/p>\n<h3><strong>Objednejte si acetylfentanylov\u00fd pr\u00e1\u0161ek (99%+ \u010dist\u00fd)<\/strong><\/h3>\n<p> Bezpe\u010dnost je na\u0161\u00ed prioritou \u010d\u00edslo jedna. Je d\u016fle\u017eit\u00e9 si uv\u011bdomit, \u017ee Acetyl Fentanyl Powder je ur\u010den pouze pro v\u00fdzkumn\u00e9 \u00fa\u010dely a nikdy nen\u00ed ur\u010den pro lidskou spot\u0159ebu. Vyz\u00fdv\u00e1me v\u00e1s, abyste tuto \u00fa\u010dinnou l\u00e1tku pou\u017e\u00edvali zodpov\u011bdn\u011b, v souladu se v\u0161emi platn\u00fdmi z\u00e1kony a mor\u00e1ln\u00edmi kodexy. Acetyl Fentanyl Powder se uk\u00e1\u017ee jako u\u017eite\u010dn\u00fd n\u00e1stroj pro v\u00e1\u0161 v\u00fdzkum, a\u0165 u\u017e studujete farmakokinetiku opioid\u016f, zkoum\u00e1te nejnov\u011bj\u0161\u00ed techniky v l\u00e9\u010db\u011b bolesti nebo zkoum\u00e1te \u00fa\u010dinky opioid\u016f na centr\u00e1ln\u00ed nervov\u00fd syst\u00e9m.    &nbsp;<\/p>\n","protected":false},"excerpt":{"rendered":"<p>Koupit Acetyl Fentanyl Powder (99%+ Pure) online. pro p\u0159etrv\u00e1vaj\u00edc\u00ed, silnou bolest, kter\u00e1 je odoln\u00e1 v\u016f\u010di jin\u00fdm l\u00e9k\u016fm. Tento l\u00e9k je siln\u00e9 narkotick\u00e9 analgetikum.   &nbsp;<\/p>\n","protected":false},"featured_media":18046,"comment_status":"closed","ping_status":"closed","template":"","meta":{"om_disable_all_campaigns":false,"_sitemap_exclude":false,"_sitemap_priority":"","_sitemap_frequency":"","_monsterinsights_skip_tracking":false,"_monsterinsights_sitenote_active":false,"_monsterinsights_sitenote_note":"","_monsterinsights_sitenote_category":0},"product_cat":[7851],"product_tag":[8721,8729,8732,8731,8716,8723,8727,8726,8728,8724,8719,8730,8714,8722,8717,8711,8712,8718,8725,8720,8713,8715],"class_list":{"0":"post-24149","1":"product","2":"type-product","3":"status-publish","4":"has-post-thumbnail","6":"product_cat-vyzkum-chemickych-latek-a-psychedelik","7":"product_tag-acetyl-fentanyl-powder-cistota-99-doprava-zdarma-po-evrope","8":"product_tag-acetyl-fentanyl-powder-cistota-99-evropa-dodavka","9":"product_tag-acetyl-fentanyl-powder-cistota-99-evropa-recenze","10":"product_tag-acetyl-fentanyl-powder-cistota-99-evropsti-dodavatele","11":"product_tag-acetyl-fentanyl-powder-cistota-99-online-prodej","12":"product_tag-acetyl-fentanyl-powder-cistota-99-v-evrope","13":"product_tag-acetyl-fentanyl-powder-cistota-99-evropa-obchod","14":"product_tag-acetyl-fentanyl-powder-cistota-99-evropa-se-zabyva","15":"product_tag-acetyl-fentanyl-powder-cistota-99-evropa-sleva","16":"product_tag-acetyl-fentanyl-powder-cistota-99-internetovy-obchod-evropa","17":"product_tag-acetyl-fentanyl-powder-cistota-99-nejlepsi-cena-v-evrope","18":"product_tag-autenticky-acetylfentanylovy-prasek-cistota-99-evropa","19":"product_tag-kde-koupit-acetyl-fentanyl-powder-99-cisty-online","20":"product_tag-kde-koupit-acetyl-fentanyl-powder-cistota-99-evropa","21":"product_tag-kolik-je-acetyl-fentanyl-powder-99-cisty","22":"product_tag-koupit-acetyl-fentanyl-powder-99-pure","23":"product_tag-koupit-acetyl-fentanyl-powder-99-pure-online","24":"product_tag-kupte-si-acetyl-fentanyl-powder-99-cisty-online-evropa","25":"product_tag-levny-acetyl-fentanyl-powder-cistota-99-evropa","26":"product_tag-objednejte-acetyl-fentanyl-powder-cistota-99-eu","27":"product_tag-objednejte-si-acetyl-fentanyl-powder-99-pure-online","28":"product_tag-ucinky-prasku-acetyl-fentanyl-powder-cistota-99-a-vice","30":"first","31":"instock","32":"shipping-taxable","33":"purchasable","34":"product-type-variable","35":"farmacie-col"},"aioseo_notices":[],"_links":{"self":[{"href":"https:\/\/lacasadelamedicina.es\/cs\/wp-json\/wp\/v2\/product\/24149"}],"collection":[{"href":"https:\/\/lacasadelamedicina.es\/cs\/wp-json\/wp\/v2\/product"}],"about":[{"href":"https:\/\/lacasadelamedicina.es\/cs\/wp-json\/wp\/v2\/types\/product"}],"replies":[{"embeddable":true,"href":"https:\/\/lacasadelamedicina.es\/cs\/wp-json\/wp\/v2\/comments?post=24149"}],"wp:featuredmedia":[{"embeddable":true,"href":"https:\/\/lacasadelamedicina.es\/cs\/wp-json\/wp\/v2\/media\/18046"}],"wp:attachment":[{"href":"https:\/\/lacasadelamedicina.es\/cs\/wp-json\/wp\/v2\/media?parent=24149"}],"wp:term":[{"taxonomy":"product_cat","embeddable":true,"href":"https:\/\/lacasadelamedicina.es\/cs\/wp-json\/wp\/v2\/product_cat?post=24149"},{"taxonomy":"product_tag","embeddable":true,"href":"https:\/\/lacasadelamedicina.es\/cs\/wp-json\/wp\/v2\/product_tag?post=24149"}],"curies":[{"name":"wp","href":"https:\/\/api.w.org\/{rel}","templated":true}]}}