{"id":24133,"date":"2024-08-09T14:02:03","date_gmt":"2024-08-09T14:02:03","guid":{"rendered":"https:\/\/lacasadelamedicina.es\/product\/koupit-butylon-online\/"},"modified":"2024-08-09T14:02:03","modified_gmt":"2024-08-09T14:02:03","slug":"koupit-butylon-online","status":"publish","type":"product","link":"https:\/\/lacasadelamedicina.es\/cs\/produkt\/koupit-butylon-online\/","title":{"rendered":"Koupit Butylon online"},"content":{"rendered":"<h1>Koupit Butylon online<\/h1>\n<p> Internetov\u00fd obchod, kter\u00fd prod\u00e1v\u00e1 butylon. Butylon, b\u011b\u017en\u011b zn\u00e1m\u00fd jako k-MBDB nebo B1, je syntetick\u00fd entaktogen a stimulant, kter\u00fd pat\u0159\u00ed do t\u0159\u00edd fenetylaminu a kathinonu. Je tak\u00e9 zn\u00e1m\u00fd jako -keto-N-methylbenzodioxolylbutanamin. Substituovan\u00fd methylendioxy prot\u011bj\u0161ek bufedronu a -keto analog MBDB se oba naz\u00fdvaj\u00ed butylon. Koupit Butylone online \u2013 <a href=\"https:\/\/drlawsonspharmacy\/contact-us\/\">KONTAKT<\/a> Vzhledem k tomu, \u017ee se nab\u00eddka metylonu na trhu s chemik\u00e1liemi pro v\u00fdzkum zmen\u0161uje, je \u010dasto prod\u00e1v\u00e1n na ulici vedle ethylonu jako designov\u00e1 droga, jako n\u00e1hra\u017eka nebo napodobenina pro MDMA a methylon (v\u0161echny jsou souhrnn\u011b ozna\u010dov\u00e1ny jako &#8222;molly&#8220;). Butylon a MDMA maj\u00ed podobn\u00e9 farmakologick\u00e9 a behavior\u00e1ln\u00ed vlastnosti, ale jejich zjevn\u00e9 subjektivn\u00ed \u00fa\u010dinky nejsou zcela stejn\u00e9. Butylon je \u00fadajn\u011b m\u00e9n\u011b \u00fa\u010dinn\u00fd ne\u017e jeho p\u0159\u00edbuzn\u00ed methylon a ethylon a m\u00e1 sp\u00ed\u0161e tradi\u010dn\u00ed stimula\u010dn\u00ed ne\u017e entaktogenn\u00ed \u00fa\u010dinky. Lid\u00e9 jej za\u010dali vyu\u017e\u00edvat teprve ned\u00e1vno.        <\/p>\n<h3><strong>Objednejte si Butylon online<\/strong><\/h3>\n<p> Syntetick\u00fd \u010dlen rodiny kathinon\u016f, tak\u00e9 zn\u00e1m\u00fd jako -keto-N-methylbenzodioxolylbutanamin. Katinony maj\u00ed fenethylaminov\u00e9 j\u00e1dro s fenylov\u00fdm kruhem p\u0159ipojen\u00fdm k aminoskupin\u011b (NH2) p\u0159es ethylov\u00fd \u0159et\u011bzec a dal\u0161\u00ed ethylovou substituci na R. To jim d\u00e1v\u00e1 strukturn\u00ed podobnosti s amfetaminy. Alfa-methylovan\u00e9 fenethylaminy (tj. amfetaminy) jsou katinony jako butylon. Li\u0161\u00ed se v\u0161ak od nich t\u00edm, \u017ee maj\u00ed ketonovou funk\u010dn\u00ed skupinu (karbonylovou skupinu na R). Butylon sd\u00edl\u00ed methylovou substituci v pozici RN s MDEA, ethylonem, 4-MEC a n\u011bkter\u00fdmi dal\u0161\u00edmi stimulanty a entaktogeny. Butylon m\u00e1 tak\u00e9 kysl\u00edkov\u00e9 skupiny v poloh\u00e1ch R3 a R4 fenylov\u00e9ho kruhu. Tyto kysl\u00edkov\u00e9 skupiny jsou integrov\u00e1ny do methylendioxy kruhu prost\u0159ednictv\u00edm methylenov\u00e9ho \u0159et\u011bzce. Butylon m\u00e1 tak\u00e9 tento methylendioxy kruh. P\u016fsob\u00ed jako kombinovan\u00fd inhibitor zp\u011btn\u00e9ho vychyt\u00e1v\u00e1n\u00ed\/dopamin, noradrenalin a uvol\u0148ova\u010d serotoninu. Tyto neurotransmitery \u0159\u00edd\u00ed motivaci, pot\u011b\u0161en\u00ed, odm\u011bnu a soust\u0159ed\u011bn\u00ed. Toho je dosa\u017eeno zabr\u00e1n\u011bn\u00edm reabsorbce neurotransmiter\u016f pot\u00e9, co dokon\u010dily sv\u016fj \u00fakol vyslat mozkov\u00fd impuls. To umo\u017e\u0148uje, aby se neurotransmitery hromadily a byly recyklov\u00e1ny, co\u017e m\u00e1 za n\u00e1sledek fyziologicky stimuluj\u00edc\u00ed a euforick\u00e9 \u00fa\u010dinky.            <\/p>\n<h3>Kde si mohu koupit Butylon online, v\u00edte?<\/h3>\n<p> Kde si mohu koupit Butylon online, kde si mohu koupit Butylon online, co je Butylon a kde si mohu koupit Butylonov\u00fd pr\u00e1\u0161ek pr\u00e9miov\u00e9 kvality, to v\u0161e jsou ot\u00e1zky, kter\u00e9 budou zodpov\u011bzeny n\u00ed\u017ee. M\u016f\u017eeme poskytnout \u0159e\u0161en\u00ed na v\u0161echny tyto nevy\u0159e\u0161en\u00e9 ot\u00e1zky. M\u016f\u017eete se dozv\u011bd\u011bt v\u00edce o tom, kde a jak koupit Fentanyl tablety online, jednodu\u0161e proch\u00e1zen\u00edm na\u0161ich webov\u00fdch str\u00e1nek. A co pr\u00e1\u0161kov\u00fd Butylon? V\u00edte, kde mohu koupit Butylon online? Kde koupit Butylonov\u00fd pr\u00e1\u0161ek, Kde koupit \u010dist\u00fd Butylonov\u00fd pr\u00e1\u0161ek, Jak vyrobit Butylonov\u00fd pr\u00e1\u0161ek, Jak vypad\u00e1 Butylonov\u00fd pr\u00e1\u0161ek, Pouli\u010dn\u00ed cena Butylonov\u00e9ho pr\u00e1\u0161ku, Cena Butylonov\u00e9ho pr\u00e1\u0161ku, Dodavatel\u00e9 Butylonov\u00e9ho pr\u00e1\u0161ku, Forma Butylonov\u00e9ho pr\u00e1\u0161ku, Koupit \u010dist\u00fd Butylonov\u00fd pr\u00e1\u0161ek, Cena Butylonov\u00e9ho pr\u00e1\u0161ku Je zcela pochopiteln\u00e9, \u017ee jednotlivci okam\u017eit\u011b ned\u016fv\u011b\u0159uj\u00ed kvalit\u011b Butylonu prod\u00e1van\u00e9ho online, proto\u017ee jej nemohou vid\u011bt osobn\u011b. U online dodavatel\u016f Butylonu je to v\u0161ak jinak. Zde nab\u00edzen\u00e9 produkty jsou p\u0159esn\u011b takov\u00e9, jak\u00e9 jsou a jsou \u0161pi\u010dkov\u011b udr\u017eovan\u00e9 pod odborn\u00fdm dohledem. Rychl\u00e9 &amp;amp; Diskr\u00e9tn\u00ed doprava: Butylon je doru\u010den, jak bylo sl\u00edbeno, ihned po obdr\u017een\u00ed objedn\u00e1vky. P\u0159epravn\u00ed t\u00fdm se sna\u017e\u00ed, aby byl proces odesl\u00e1n\u00ed a doru\u010den\u00ed rychl\u00fd a snadn\u00fd. Kdy\u017e si koup\u00edte Butylone od renomovan\u00e9ho prodejce na online tr\u017ei\u0161ti, m\u016f\u017eete tak\u00e9 o\u010dek\u00e1vat vynikaj\u00edc\u00ed slu\u017eby.           &nbsp;<\/p>\n","protected":false},"excerpt":{"rendered":"<p>Butylon, b\u011b\u017en\u011b zn\u00e1m\u00fd jako k-MBDB nebo B1, je syntetick\u00fd entaktogen a stimulant pat\u0159\u00edc\u00ed do t\u0159\u00edd fenetylaminu a kathinonu. Je tak\u00e9 zn\u00e1m\u00fd jako -keto-N-methylbenzodioxolylbutanamin. Substituovan\u00fd methylendioxy prot\u011bj\u0161ek bufedronu a -keto analog MBDB se oba naz\u00fdvaj\u00ed butylon.   &nbsp;<\/p>\n","protected":false},"featured_media":18586,"comment_status":"closed","ping_status":"closed","template":"","meta":{"om_disable_all_campaigns":false,"_sitemap_exclude":false,"_sitemap_priority":"","_sitemap_frequency":"","_monsterinsights_skip_tracking":false,"_monsterinsights_sitenote_active":false,"_monsterinsights_sitenote_note":"","_monsterinsights_sitenote_category":0},"product_cat":[7851],"product_tag":[8664,8655,8658,8653,8665,8660,8661,8662,8663,8650,8648,8656,8651,8647,8652,8645,8659,8646,8654,8657,8666,8649],"class_list":{"0":"post-24133","1":"product","2":"type-product","3":"status-publish","4":"has-post-thumbnail","6":"product_cat-vyzkum-chemickych-latek-a-psychedelik","7":"product_tag-autenticky-butylon-v-evrope","8":"product_tag-butylon-doprava-zdarma-po-evrope","9":"product_tag-butylon-internetovy-obchod-evropa","10":"product_tag-butylon-nejlepsi-cena-v-evrope","11":"product_tag-butylone-europe-dodavatele","12":"product_tag-butylone-europe-se-zabyva","13":"product_tag-butylone-europe-shop-cs","14":"product_tag-butylone-europe-sleva","15":"product_tag-dodavka-butylonu-po-evrope","16":"product_tag-internetovy-prodej-butylonu","17":"product_tag-kde-koupit-butylon-online","18":"product_tag-kde-koupit-butylone-europe","19":"product_tag-kolik-je-butylone","20":"product_tag-koupit-butylon-online","21":"product_tag-koupit-butylon-online-evropa","22":"product_tag-koupit-butylone","23":"product_tag-levne-butylone-europe","24":"product_tag-objednat-butylone-online","25":"product_tag-objednejte-butylone-eu","26":"product_tag-prodej-butylonu-v-evrope","27":"product_tag-recenze-butylone-europe","28":"product_tag-ucinky-butylonu","30":"first","31":"instock","32":"shipping-taxable","33":"purchasable","34":"product-type-variable","35":"farmacie-col"},"aioseo_notices":[],"_links":{"self":[{"href":"https:\/\/lacasadelamedicina.es\/cs\/wp-json\/wp\/v2\/product\/24133"}],"collection":[{"href":"https:\/\/lacasadelamedicina.es\/cs\/wp-json\/wp\/v2\/product"}],"about":[{"href":"https:\/\/lacasadelamedicina.es\/cs\/wp-json\/wp\/v2\/types\/product"}],"replies":[{"embeddable":true,"href":"https:\/\/lacasadelamedicina.es\/cs\/wp-json\/wp\/v2\/comments?post=24133"}],"wp:featuredmedia":[{"embeddable":true,"href":"https:\/\/lacasadelamedicina.es\/cs\/wp-json\/wp\/v2\/media\/18586"}],"wp:attachment":[{"href":"https:\/\/lacasadelamedicina.es\/cs\/wp-json\/wp\/v2\/media?parent=24133"}],"wp:term":[{"taxonomy":"product_cat","embeddable":true,"href":"https:\/\/lacasadelamedicina.es\/cs\/wp-json\/wp\/v2\/product_cat?post=24133"},{"taxonomy":"product_tag","embeddable":true,"href":"https:\/\/lacasadelamedicina.es\/cs\/wp-json\/wp\/v2\/product_tag?post=24133"}],"curies":[{"name":"wp","href":"https:\/\/api.w.org\/{rel}","templated":true}]}}