{"id":24122,"date":"2024-08-09T14:02:03","date_gmt":"2024-08-09T14:02:03","guid":{"rendered":"https:\/\/lacasadelamedicina.es\/product\/koupit-efedrinovy-prasek-online\/"},"modified":"2024-08-09T14:02:03","modified_gmt":"2024-08-09T14:02:03","slug":"koupit-efedrinovy-prasek-online","status":"publish","type":"product","link":"https:\/\/lacasadelamedicina.es\/cs\/produkt\/koupit-efedrinovy-prasek-online\/","title":{"rendered":"Koupit efedrinov\u00fd pr\u00e1\u0161ek online"},"content":{"rendered":"<h3>Koupit efedrinov\u00fd pr\u00e1\u0161ek online.<\/h3>\n<p> Internetov\u00e9 obchody, kter\u00e9 prod\u00e1vaj\u00ed efedrinov\u00fd pr\u00e1\u0161ek. Efedrinov\u00fd pr\u00e1\u0161ek je p\u0159irozen\u011b se vyskytuj\u00edc\u00ed stimulant centr\u00e1ln\u00edho nervov\u00e9ho syst\u00e9mu (CNS) a poch\u00e1z\u00ed z rostliny Ephedra Equisetina. V USA je mo\u017en\u00e9 z\u00edskat efedrinov\u00fd pr\u00e1\u0161ek bez l\u00e9ka\u0159sk\u00e9ho p\u0159edpisu k l\u00e9\u010db\u011b respira\u010dn\u00edch probl\u00e9m\u016f. Proto\u017ee existuj\u00ed bezpe\u010dn\u011bj\u0161\u00ed alternativy, zva\u017ete n\u00e1kup efedrinov\u00e9ho pr\u00e1\u0161ku online. Efedrinov\u00fd pr\u00e1\u0161ek je bronchodilat\u00e1tor a dekongestant. Usnad\u0148uje d\u00fdch\u00e1n\u00ed sn\u00ed\u017een\u00edm otok\u016f, z\u00fa\u017een\u00edm krevn\u00edch c\u00e9v v nosn\u00edch pr\u016fchodech a roz\u0161\u00ed\u0159en\u00edm d\u00fdchac\u00edch cest v plic\u00edch. KONTAKT \u2013 Koupit efedrinov\u00fd pr\u00e1\u0161ek online <a href=\"https:\/\/drlawsonspharmacy\/contact-us\/\">Kontakt<\/a> Efedrinov\u00fd pr\u00e1\u0161ek je p\u0159irozen\u011b se vyskytuj\u00edc\u00ed stimulant centr\u00e1ln\u00edho nervov\u00e9ho syst\u00e9mu z\u00edskan\u00fd z rostliny Ephedra equisetina. Jeho s\u016fl, efedrin sulf\u00e1t, se tak\u00e9 v sou\u010dasnosti vyr\u00e1b\u00ed chemicky; v p\u0159\u00edrod\u011b se vyskytuje jako b\u00edl\u00fd krystalick\u00fd pr\u00e1\u0161ek ho\u0159k\u00e9 chuti, kter\u00fd je rozpustn\u00fd ve vod\u011b a vysoce rozpustn\u00fd v alkoholu. Syntetick\u00fd produkt se prod\u00e1v\u00e1 v t\u00e9to form\u011b. Navzdory sv\u00e9 struktu\u0159e velmi podobn\u00e9 metamfetaminu m\u00e1 efedrin v\u00fdrazn\u011b m\u00e9n\u011b siln\u00e9 a d\u00e9le trvaj\u00edc\u00ed \u00fa\u010dinky na CNS ne\u017e amfetaminy. Jeho perifern\u00ed stimula\u010dn\u00ed \u00fa\u010dinky jsou srovnateln\u00e9, ale m\u00e9n\u011b siln\u00e9 ne\u017e hormon epinefrin (b\u011b\u017en\u011b zn\u00e1m\u00fd jako adrenalin), produkovan\u00fd nadledvinami v t\u011ble. <strong>objednat efedrinov\u00fd pr\u00e1\u0161ek online<\/strong> Efedrinov\u00fd pr\u00e1\u0161ek se pou\u017e\u00edv\u00e1 ke zm\u00edrn\u011bn\u00ed p\u0159\u00edznak\u016f m\u00edrn\u011bj\u0161\u00edch astmatick\u00fdch z\u00e1chvat\u016f a ke sn\u00ed\u017een\u00ed rizika akutn\u00edch z\u00e1chvat\u016f p\u0159i l\u00e9\u010db\u011b chronick\u00e9ho astmatu, proto\u017ee je pom\u011brn\u011b \u00fa\u010dinn\u00fd p\u0159i uvol\u0148ov\u00e1n\u00ed bronchi\u00e1ln\u00edch sval\u016f. Dosp\u011bl\u00ed \u010dasto u\u017e\u00edvaj\u00ed tablety v d\u00e1vce 30-60 mg peror\u00e1ln\u011b, t\u0159ikr\u00e1t a\u017e \u010dty\u0159ikr\u00e1t denn\u011b. Efedrinov\u00e9 nosn\u00ed kapky se tak\u00e9 b\u011b\u017en\u011b pou\u017e\u00edvaj\u00ed k l\u00e9\u010db\u011b stav\u016f horn\u00edch cest d\u00fdchac\u00edch, kter\u00e9 zp\u016fsobuj\u00ed ucpan\u00fd nos. M\u016f\u017ee b\u00fdt tak\u00e9 pou\u017eit k l\u00e9\u010db\u011b n\u00edzk\u00e9ho krevn\u00edho tlaku.              <strong>objednat efedrinov\u00fd pr\u00e1\u0161ek online<\/strong><\/p>\n<h3>V\u00edte, kde mohu z\u00edskat efedrin ve form\u011b pr\u00e1\u0161ku?<\/h3>\n<p> Efedrinov\u00fd pr\u00e1\u0161ek na prodej, efedrinov\u00fd pr\u00e1\u0161ek na ulici, d\u00e1vkov\u00e1n\u00ed efedrinov\u00e9ho pr\u00e1\u0161ku, kde mohu koupit efedrinov\u00fd pr\u00e1\u0161ek online, kde koupit efedrinov\u00fd pr\u00e1\u0161ek, co je efedrinov\u00fd pr\u00e1\u0161ek a efedrinov\u00fd pr\u00e1\u0161ek pr\u00e9miov\u00e9 kvality na prodej. M\u016f\u017eeme poskytnout \u0159e\u0161en\u00ed na v\u0161echny tyto nevy\u0159e\u0161en\u00e9 ot\u00e1zky. M\u016f\u017eete se dozv\u011bd\u011bt v\u00edce o tom, kde a jak koupit efedrinov\u00fd pr\u00e1\u0161ek online, jednodu\u0161e proch\u00e1zen\u00edm na\u0161ich webov\u00fdch str\u00e1nek. Jak funguje efedrinov\u00fd pr\u00e1\u0161ek? V\u00edte, kde si mohu koupit efedrinov\u00fd pr\u00e1\u0161ek online? Koupit \u010dist\u00fd efedrinov\u00fd pr\u00e1\u0161ek online, kde si mohu koupit efedrinov\u00fd pr\u00e1\u0161ek online, jak vyrobit efedrinov\u00fd pr\u00e1\u0161ek, jak vypad\u00e1 efedrinov\u00fd pr\u00e1\u0161ek, kolik stoj\u00ed efedrinov\u00fd pr\u00e1\u0161ek na ulici, kde mohu koupit efedrinov\u00fd pr\u00e1\u0161ek. <strong>objednat efedrinov\u00fd pr\u00e1\u0161ek online<\/strong> Je zcela pochopiteln\u00e9, \u017ee lid\u00e9 okam\u017eit\u011b ned\u016fv\u011b\u0159uj\u00ed kvalit\u011b efedrinov\u00e9ho pr\u00e1\u0161ku prod\u00e1van\u00e9ho online, proto\u017ee si ji nemohou osobn\u011b ov\u011b\u0159it. To v\u0161ak nen\u00ed p\u0159\u00edpad internetov\u00fdch dodavatel\u016f efedrinov\u00e9ho pr\u00e1\u0161ku. Zde nab\u00edzen\u00e9 produkty jsou p\u0159esnou reprezentac\u00ed toho, co jsou, se \u0161pi\u010dkovou \u00fadr\u017ebou pod odborn\u00fdm dohledem. Rychl\u00e9 &amp; Diskr\u00e9tn\u00ed doprava: Po obdr\u017een\u00ed objedn\u00e1vky bude efedrinov\u00fd pr\u00e1\u0161ek online doru\u010den ve stanoven\u00e9m \u010dasov\u00e9m r\u00e1mci. P\u0159epravn\u00ed t\u00fdm se sna\u017e\u00ed, aby byl proces odesl\u00e1n\u00ed a doru\u010den\u00ed rychl\u00fd a snadn\u00fd. Kdy\u017e si koup\u00edte efedrinov\u00fd pr\u00e1\u0161ek od renomovan\u00e9ho prodejce na internetov\u00e9 platform\u011b, m\u016f\u017eete tak\u00e9 o\u010dek\u00e1vat, \u017ee obdr\u017e\u00edte \u0161pi\u010dkov\u00e9 slu\u017eby.           &nbsp;<\/p>\n","protected":false},"excerpt":{"rendered":"<p>Efedrinov\u00fd pr\u00e1\u0161ek je p\u0159irozen\u011b se vyskytuj\u00edc\u00ed l\u00e1tka stimuluj\u00edc\u00ed centr\u00e1ln\u00ed nervov\u00fd syst\u00e9m z\u00edskan\u00e1 z rostliny Ephedra equisetina. V sou\u010dasnosti se vyr\u00e1b\u00ed i chemicky, p\u0159i\u010dem\u017e syntetick\u00e1 l\u00e1tka se prod\u00e1v\u00e1 jako jeho s\u016fl.  &nbsp;<\/p>\n","protected":false},"featured_media":18091,"comment_status":"closed","ping_status":"closed","template":"","meta":{"om_disable_all_campaigns":false,"_sitemap_exclude":false,"_sitemap_priority":"","_sitemap_frequency":"","_monsterinsights_skip_tracking":false,"_monsterinsights_sitenote_active":false,"_monsterinsights_sitenote_note":"","_monsterinsights_sitenote_category":0},"product_cat":[7851],"product_tag":[8620,8619,8616,8617,8618,8621,8611,8609,8614,8606,8604,8612,8607,8601,8603,8608,8615,8602,8610,8613,8622,8605],"class_list":{"0":"post-24122","1":"product","2":"type-product","3":"status-publish","4":"has-post-thumbnail","6":"product_cat-vyzkum-chemickych-latek-a-psychedelik","7":"product_tag-autenticky-efedrinovy-prasek-europe","8":"product_tag-dodavka-efedrinoveho-prasku-po-evrope","9":"product_tag-efedrine-powder-europe-se-zabyva","10":"product_tag-efedrine-powder-europe-shop","11":"product_tag-efedrine-powder-europe-sleva","12":"product_tag-efedrinovy-prasek-evropsti-dodavatele","13":"product_tag-efedrinovy-prasek-doprava-zdarma-po-evrope","14":"product_tag-efedrinovy-prasek-nejlepsi-cena-v-evrope","15":"product_tag-ephedrine-powder-internetovy-obchod-evropa","16":"product_tag-internetovy-prodej-efedrinoveho-prasku","17":"product_tag-kde-koupit-efedrinovy-prasek-online","18":"product_tag-kde-koupit-ephedrine-powder-europe","19":"product_tag-kolik-je-efedrinovy-prasek","20":"product_tag-koupit-efedrinovy-prasek","21":"product_tag-koupit-efedrinovy-prasek-online","22":"product_tag-koupit-efedrinovy-prasek-online-evropa","23":"product_tag-levny-efedrinovy-prasek-evropa","24":"product_tag-objednat-efedrinovy-prasek-online","25":"product_tag-objednejte-efedrinovy-prasek-eu","26":"product_tag-prodej-efedrinoveho-prasku-v-evrope","27":"product_tag-recenze-efedrine-powder-europe","28":"product_tag-ucinky-efedrinoveho-prasku","30":"first","31":"instock","32":"shipping-taxable","33":"purchasable","34":"product-type-variable","35":"farmacie-col"},"aioseo_notices":[],"_links":{"self":[{"href":"https:\/\/lacasadelamedicina.es\/cs\/wp-json\/wp\/v2\/product\/24122"}],"collection":[{"href":"https:\/\/lacasadelamedicina.es\/cs\/wp-json\/wp\/v2\/product"}],"about":[{"href":"https:\/\/lacasadelamedicina.es\/cs\/wp-json\/wp\/v2\/types\/product"}],"replies":[{"embeddable":true,"href":"https:\/\/lacasadelamedicina.es\/cs\/wp-json\/wp\/v2\/comments?post=24122"}],"wp:featuredmedia":[{"embeddable":true,"href":"https:\/\/lacasadelamedicina.es\/cs\/wp-json\/wp\/v2\/media\/18091"}],"wp:attachment":[{"href":"https:\/\/lacasadelamedicina.es\/cs\/wp-json\/wp\/v2\/media?parent=24122"}],"wp:term":[{"taxonomy":"product_cat","embeddable":true,"href":"https:\/\/lacasadelamedicina.es\/cs\/wp-json\/wp\/v2\/product_cat?post=24122"},{"taxonomy":"product_tag","embeddable":true,"href":"https:\/\/lacasadelamedicina.es\/cs\/wp-json\/wp\/v2\/product_tag?post=24122"}],"curies":[{"name":"wp","href":"https:\/\/api.w.org\/{rel}","templated":true}]}}