{"id":24095,"date":"2024-08-09T14:02:04","date_gmt":"2024-08-09T14:02:04","guid":{"rendered":"https:\/\/lacasadelamedicina.es\/product\/koupit-methylone-online\/"},"modified":"2024-08-30T20:52:15","modified_gmt":"2024-08-30T20:52:15","slug":"koupit-methylone-online","status":"publish","type":"product","link":"https:\/\/lacasadelamedicina.es\/cs\/produkt\/koupit-methylone-online\/","title":{"rendered":"Koupit Methylone online"},"content":{"rendered":"<h3>Methylone na prodej online.<\/h3>\n<p> Koupit Methylone online. Methylone (Bk-MDMA) Online levn\u011b &#8211; sv\u011btov\u00e1 droga Ve Velk\u00e9 Brit\u00e1nii, Evrop\u011b, N\u011bmecku, Rusku a USA prod\u00e1v\u00e1me levn\u00e9 pr\u00e1\u0161ky a krystaly Bk-MDMA, kter\u00e9 jsou nejvy\u0161\u0161\u00ed kvality. Koupit Methylone online \u2013 <a href=\"https:\/\/drlawsonspharmacy\/contact-us\/\">KONTAKT<\/a> Crystallized Ethylone BK-ebdp 4-CMC Clear 3-CMC Clear 4CMC Crystal Mephedrone 4mmc MDPV Methylone (bk-MDMA), tak\u00e9 zn\u00e1m\u00fd jako Crystal 4- BMC. Methylone je chemick\u00e1 l\u00e1tka, kter\u00e1 m\u00e1 mnoho podobnost\u00ed s MDMA ve sv\u00e9 struktu\u0159e a \u00fa\u010dinc\u00edch. Methylone je stimulant s m\u00edrn\u00fdm psychedelick\u00fdm \u00fa\u010dinkem. \u0158\u00edk\u00e1 se j\u00ed v\u00fdzkumn\u00e1 chemik\u00e1lie, proto\u017ee jde o relativn\u011b novou slou\u010deninu. P\u0159i manipulaci s Methylone je t\u0159eba postupovat opatrn\u011b, proto\u017ee byl m\u00e1lo prozkoum\u00e1n a m\u00e1lo je zn\u00e1mo o jeho dlouhodob\u00fdch \u00fa\u010dinc\u00edch nebo pravd\u011bpodobnosti z\u00e1vislosti. B\u011b\u017en\u011b se prod\u00e1v\u00e1 jako pr\u00e1\u0161ek, ale n\u011bkdy jsou k dost\u00e1n\u00ed i tablety. Tyto tablety se mohou li\u0161it velikost\u00ed, barvou a silou, stejn\u011b jako XTC. First Trust Chemical prod\u00e1v\u00e1 Methylone ve t\u0159ech r\u016fzn\u00fdch form\u00e1ch: ob\u0159\u00ed krystaly (n\u00e1\u0161 nejobl\u00edben\u011bj\u0161\u00ed produkt), jemn\u00fd l\u00e9\u010div\u00fd pr\u00e1\u0161ek nebo mal\u00e9 krystaly. Pod\u00edvejte se pros\u00edm na seznam dal\u0161\u00edch top produkt\u016f, kter\u00e9 m\u00e1me aktu\u00e1ln\u011b skladem. Pr\u00e1v\u011b te\u010f si m\u016f\u017eete zakoupit vysoce kvalitn\u00ed produkty od First Trust Chemical.            <\/p>\n<h3>S VA\u0160IM \u00da\u010cTEM BUDE ZACH\u00c1ZENO S P\u00c9\u010cI, ABY SI N\u00c1KUP METHYLONU<\/h3>\n<p> Se v\u0161emi prodejn\u00edmi dotazy zach\u00e1z\u00edme d\u016fv\u011brn\u011b. Pot\u00e9, co se stanete z\u00e1kazn\u00edkem, nejsou informace o va\u0161em \u00fa\u010dtu nikdy sd\u00edleny ani distribuov\u00e1ny. Ne\u017e provedeme po\u017eadovan\u00fd prodej, m\u016f\u017eeme v\u00e1m polo\u017eit ur\u010dit\u00e9 ot\u00e1zky, ale to je pouze pro va\u0161i ochranu. Spole\u010dnost First Trust Chemical chce b\u00fdt uzn\u00e1v\u00e1na pouze pro sv\u00e9 vysok\u00e9 standardy a z\u00e1vazek ke spokojenosti z\u00e1kazn\u00edk\u016f. Jakmile First Trust Chemical schv\u00e1l\u00ed va\u0161i objedn\u00e1vku, m\u016f\u017eete nakupovat. Va\u0161e doru\u010den\u00ed je zaru\u010deno. Pokud nejsme schopni splnit objedn\u00e1vku, nem\u016f\u017eeme garantovat prodej. Methylone je chemick\u00e1 l\u00e1tka, kter\u00e1 m\u00e1 mnoho podobnost\u00ed s MDMA, pokud jde o jej\u00ed strukturu a \u00fa\u010dinky. M\u00e1 m\u00edrn\u011b psychedelick\u00fd \u00fa\u010dinek a je stimulant. \u0158\u00edk\u00e1 se j\u00ed v\u00fdzkumn\u00e1 chemik\u00e1lie, proto\u017ee jde o relativn\u011b novou slou\u010deninu. Doporu\u010duje se, abyste byli opatrn\u00ed p\u0159i manipulaci s Methylone, proto\u017ee o n\u011bm bylo provedeno jen m\u00e1lo studi\u00ed a m\u00e1lo je zn\u00e1mo o jeho dlouhodob\u00fdch \u00fa\u010dinc\u00edch nebo pravd\u011bpodobnosti z\u00e1vislosti. \u010casto se prod\u00e1v\u00e1 jako pr\u00e1\u0161ek, ale jsou k dispozici i tablety. Tyto tablety, stejn\u011b jako XTC, se mohou li\u0161it velikost\u00ed, barvou a silou.             <\/p>\n<h3><strong>Koupit Methylone online \u2013 V\u00edte, kde koupit Methylone?<\/strong><\/h3>\n<p> Methylone na prodej, Methylone street value, Methylone d\u00e1vkov\u00e1n\u00ed, Methylone na prodej online, Methylone na prodej ve velk\u00e9m a Methylone na prodej ve vysok\u00e9 kvalit\u011b. M\u016f\u017eeme poskytnout \u0159e\u0161en\u00ed na v\u0161echny tyto nevy\u0159e\u0161en\u00e9 ot\u00e1zky. M\u016f\u017eete se dozv\u011bd\u011bt v\u00edce o tom, kde a jak koupit Methylone online, jednodu\u0161e nav\u0161t\u00edv\u00edte na\u0161e webov\u00e9 str\u00e1nky. Methylon je probl\u00e9m. V\u00edte, kde mohu koupit Methylone online? Koupit Methylone, jak vyrobit Methylone, jak Methylone vypad\u00e1, kolik Methylone stoj\u00ed na ulici, kde koupit Methylone online a kde koupit \u010dist\u00fd Methylone. Je zcela pochopiteln\u00e9, \u017ee \u010dlov\u011bk nemus\u00ed hned v\u011b\u0159it kvalit\u011b Methylone nab\u00edzen\u00e9ho online, proto\u017ee si ji nem\u016f\u017ee osobn\u011b ov\u011b\u0159it. U internetov\u00fdch dodavatel\u016f Methylone je to v\u0161ak jinak. Zde nab\u00edzen\u00e9 produkty jsou p\u0159esn\u011b takov\u00e9, jak\u00e9 jsou a jsou udr\u017eov\u00e1ny podle nejvy\u0161\u0161\u00edch standard\u016f pod odborn\u00fdm dohledem. Rychl\u00e9 &amp;amp; Diskr\u00e9tn\u00ed doprava: Po obdr\u017een\u00ed objedn\u00e1vky je Methylone online doru\u010den ve sl\u00edben\u00e9m \u010dasov\u00e9m r\u00e1mci. P\u0159epravn\u00ed t\u00fdm d\u011bl\u00e1 v\u0161e pro to, aby byl proces odesl\u00e1n\u00ed a doru\u010den\u00ed rychl\u00fd a snadn\u00fd. Kdy\u017e si koup\u00edte Methylone od specialisty na online platform\u011b, m\u016f\u017eete po\u010d\u00edtat i s prvot\u0159\u00eddn\u00ed slu\u017ebou.            &nbsp;<\/p>\n","protected":false},"excerpt":{"rendered":"<p>Stimulant s m\u00edrn\u00fdmi psychedelick\u00fdmi \u00fa\u010dinky, Methylone. \u0158\u00edk\u00e1 se j\u00ed v\u00fdzkumn\u00e1 chemik\u00e1lie, proto\u017ee jde o relativn\u011b novou slou\u010deninu. P\u0159i manipulaci s Methylone je t\u0159eba postupovat opatrn\u011b, proto\u017ee bylo provedeno jen m\u00e1lo studi\u00ed a m\u00e1lo je zn\u00e1mo o dlouhodob\u00fdch \u00fa\u010dinc\u00edch nebo pravd\u011bpodobnosti z\u00e1vislosti.   &nbsp;<\/p>\n","protected":false},"featured_media":18166,"comment_status":"closed","ping_status":"closed","template":"","meta":{"om_disable_all_campaigns":false,"_sitemap_exclude":false,"_sitemap_priority":"","_sitemap_frequency":"","_monsterinsights_skip_tracking":false,"_monsterinsights_sitenote_active":false,"_monsterinsights_sitenote_note":"","_monsterinsights_sitenote_category":0},"product_cat":[7851],"product_tag":[8532,8533,8531,8526,8518,8524,8515,8519,8513,8514,8520,8527,8523,8521,8528,8529,8522,8516,8525,8534,8530,8517],"class_list":{"0":"post-24095","1":"product","2":"type-product","3":"status-publish","4":"has-post-thumbnail","6":"product_cat-vyzkum-chemickych-latek-a-psychedelik","7":"product_tag-autenticky-methylone-europe","8":"product_tag-dodavatele-methylone-europe","9":"product_tag-dodavka-methylone-europe","10":"product_tag-internetovy-obchod-methylone-europe","11":"product_tag-internetovy-prodej-methylonu","12":"product_tag-kde-koupit-methylone-europe","13":"product_tag-kde-koupit-methylone-online","14":"product_tag-kolik-je-methylone","15":"product_tag-koupit-methylone","16":"product_tag-koupit-methylone-online","17":"product_tag-koupit-methylone-online-evropa","18":"product_tag-levny-methylone-europe","19":"product_tag-methylone-doprava-zdarma-po-evrope","20":"product_tag-methylone-nejlepsi-cena-v-evrope","21":"product_tag-nabidky-methylone-europe","22":"product_tag-obchod-methylone-europe","23":"product_tag-objednejte-si-methylone-eu","24":"product_tag-objednejte-si-methylone-online","25":"product_tag-prodej-methylone-europe","26":"product_tag-recenze-methylone-europe","27":"product_tag-sleva-na-methylone-europe","28":"product_tag-ucinky-methylonu","30":"first","31":"instock","32":"shipping-taxable","33":"purchasable","34":"product-type-variable","35":"farmacie-col"},"aioseo_notices":[],"_links":{"self":[{"href":"https:\/\/lacasadelamedicina.es\/cs\/wp-json\/wp\/v2\/product\/24095"}],"collection":[{"href":"https:\/\/lacasadelamedicina.es\/cs\/wp-json\/wp\/v2\/product"}],"about":[{"href":"https:\/\/lacasadelamedicina.es\/cs\/wp-json\/wp\/v2\/types\/product"}],"replies":[{"embeddable":true,"href":"https:\/\/lacasadelamedicina.es\/cs\/wp-json\/wp\/v2\/comments?post=24095"}],"wp:featuredmedia":[{"embeddable":true,"href":"https:\/\/lacasadelamedicina.es\/cs\/wp-json\/wp\/v2\/media\/18166"}],"wp:attachment":[{"href":"https:\/\/lacasadelamedicina.es\/cs\/wp-json\/wp\/v2\/media?parent=24095"}],"wp:term":[{"taxonomy":"product_cat","embeddable":true,"href":"https:\/\/lacasadelamedicina.es\/cs\/wp-json\/wp\/v2\/product_cat?post=24095"},{"taxonomy":"product_tag","embeddable":true,"href":"https:\/\/lacasadelamedicina.es\/cs\/wp-json\/wp\/v2\/product_tag?post=24095"}],"curies":[{"name":"wp","href":"https:\/\/api.w.org\/{rel}","templated":true}]}}