{"id":24089,"date":"2024-08-09T14:02:04","date_gmt":"2024-08-09T14:02:04","guid":{"rendered":"https:\/\/lacasadelamedicina.es\/product\/koupit-mdai-online\/"},"modified":"2024-08-30T20:51:28","modified_gmt":"2024-08-30T20:51:28","slug":"koupit-mdai-online","status":"publish","type":"product","link":"https:\/\/lacasadelamedicina.es\/cs\/produkt\/koupit-mdai-online\/","title":{"rendered":"Koupit MDAI online"},"content":{"rendered":"<h3>Koupit MDAI online.<\/h3>\n<p> Internetov\u00fd obchod, kter\u00fd prod\u00e1v\u00e1 MDAI. Doporu\u010duje se, aby MDAI a v\u0161echny zbytky fenetylamin\u016f nab\u00edzen\u00e9 k prodeji na t\u00e9to webov\u00e9 str\u00e1nce byly pou\u017e\u00edv\u00e1ny pro v\u00fdzkumn\u00e9 a v\u011bdeck\u00e9 \u00fa\u010dely. MDA byl n\u00e1zev testovac\u00edho syntetick\u00e9ho.I je architektonick\u00fd l\u00e9k se subatom\u00e1rn\u00ed rovnic\u00ed C10H11NO2 &#8211; HCl a potenci\u00e1ln\u00edmi fyziologick\u00fdmi a psychedelick\u00fdmi \u00fa\u010dinky. Hodnota hmotnosti rovnice je 213,7 g\/mol. Koupit MDAI online. \u2013 <a href=\"https:\/\/drlawsonspharmacy\/contact-us\/\">KONTAKT<\/a> Vzhledem k tomu, \u017ee MDAI je nov\u00e1 chemick\u00e1 l\u00e1tka, jej\u00ed toxikologick\u00e9 a fyziologick\u00e9 vlastnosti nejsou dosud zn\u00e1my. 5,6-Methylendioxy-2-aminoindan, vedlej\u0161\u00ed produkt fenethylaminu, m\u016f\u017ee m\u00edt energizuj\u00edc\u00ed a entaktogenn\u00ed \u00fa\u010dinky. Koupit MDAI online. 6,7-dihydro-5H-indeno[5,6-d]monohydrochlorid, 1,3-dioxol-6-amine a v\u0161echna dal\u0161\u00ed tvo\u0159iv\u00e1 l\u00e9\u010diva prod\u00e1van\u00e1 na tomto webu jsou doporu\u010dena pro v\u00fdzkum a kvantifikaci \u00fa\u010dely. Uchov\u00e1vejte tento fenetylamin na chladn\u00e9m a such\u00e9m m\u00edst\u011b. Bezpe\u010dnost MDA, molekuly fenetylaminu, m\u016f\u017ee trvat a\u017e dva roky za okolnost\u00ed, kter\u00e9 to z\u00e1konn\u011b umo\u017e\u0148uj\u00ed. Investujte do MDA.I online. Pro\u010d byste si m\u011bli koupit MDA.I od n\u00e1s? \u2605 M\u00e1me dlouhou historii v\u00fdm\u011bn na trhu, tak\u017ee budete t\u011b\u017eit z na\u0161ich zku\u0161enost\u00ed. \u2605 MDAI byl testov\u00e1n a ov\u011b\u0159en. \u2605 MDAI si m\u016f\u017eete koupit za bitcoiny, MoneyGram a Western Union nebo bankovn\u00edm p\u0159evodem. Co z\u00edsk\u00e1te, kdy\u017e si u n\u00e1s zakoup\u00edte MDA.I? &#8211; Pevn\u00fd s\u00e1\u010dek z hlin\u00edkov\u00e9 f\u00f3lie obsahuj\u00edc\u00ed 6,7-dihydro-5H-indeno[5,6-d]-1,3-dioxol-6-amin, monohydrochloridov\u00e1 v\u00fdzkumn\u00e1 synt\u00e9za nejvy\u0161\u0161\u00ed kvality &#8211; \u010cist\u011b sklovit\u00e1 siln\u00e1 formulace &#8211; \u226598 % pravosti Online dotazy na MDAI, dostupn\u00e9 MDAI ke koupi, l\u00e9ky MDAI, dostupn\u00fd online prodej 10mg tablet MDAI a informace o tom, jak z\u00edskat l\u00e9ky na MDAI, MDAI a d\u00e1vkov\u00e1n\u00ed MDAI MDAI 60 mg je k dispozici ke koupi, MDAI 15 mg je k dispozici na ulici, MDAI pilulky jsou k dispozici ke koupi a MDAI je tak\u00e9 k dispozici bez l\u00e9ka\u0159sk\u00e9ho p\u0159edpisu. Koupit MDAI sulf\u00e1tov\u00e9 tablety, koupit MDAI, koupit MDAI 30 mg, koupit MDAI pilulky online, koupit MDAI pr\u00e1\u0161ek, koupit MDAI, koupit MDAI bez p\u0159edpisu, koupit MDAI, koupit MDAI, koupit MDAI, koupit MDAI, koupit MDAI, koupit MDAI, koupit MDAI, koupit MDAI, koupit MDAI, koupit MDAI, koupit MDAI, koupit MDAI, koupit MDAI, koupit MDAI, koupit MDAI, koupit MDAI, koupit MDAI, koupit MDAI, koupit MDAI. Po cel\u00e9m sv\u011bt\u011b poskytujeme expresn\u00ed servis do 1-2 dn\u016f. Na\u0161e dod\u00e1vky jsou zcela bezpe\u010dn\u00e9 a expresn\u00ed, t\u00edmto zp\u016fsobem zaji\u0161\u0165ujeme v\u0161echny z\u00e1kazn\u00edky a bal\u00edky k doru\u010den\u00ed, d\u00edky \u010demu\u017e je obchod neust\u00e1le \u00fasp\u011b\u0161n\u00fd.                     <\/p>\n<h3><strong>V\u00edte, kde koupit MDAI?<\/strong><\/h3>\n<p> MDAI na prodej, cena MDAI, d\u00e1vkov\u00e1n\u00ed MDAI, jak vyrobit MDAI, kde mohu koupit MDAI online, kde najdu MDAI, co je MDAI, a MDAI pr\u00e9miov\u00e9 kvality jsou k dispozici ke koupi. M\u016f\u017eeme poskytnout \u0159e\u0161en\u00ed na v\u0161echny tyto nevy\u0159e\u0161en\u00e9 ot\u00e1zky. M\u016f\u017eete se dozv\u011bd\u011bt v\u00edce o tom, kde a jak koupit MDAI online, jednodu\u0161e proch\u00e1zen\u00edm na\u0161ich webov\u00fdch str\u00e1nek. Jak se MDAI srovn\u00e1v\u00e1? V\u00edte, kde koupit MDAI online? Kde koupit MDAI, kde z\u00edskat \u010dist\u00e9 MDAI online, jak vyrobit MDAI, jak MDAI vypad\u00e1, cena MDAI a cena MDAI jsou v\u0161echny term\u00edny pou\u017e\u00edvan\u00e9 k popisu n\u00e1kupu MDAI.      &nbsp;<\/p>\n<h3><strong>Objednejte N\u00c1RO\u010cN\u00c9HO<\/strong><\/h3>\n<p> Je zcela pochopiteln\u00e9, \u017ee spot\u0159ebitel\u00e9 okam\u017eit\u011b ned\u016fv\u011b\u0159uj\u00ed kvalit\u011b MDAI prod\u00e1van\u00e9ho online, proto\u017ee si jej nemohou fyzicky prohl\u00e9dnout. Ale u online prodejc\u016f MDAI je to jin\u00e9. Zde nab\u00edzen\u00e9 produkty jsou p\u0159esnou reprezentac\u00ed toho, co jsou, se \u0161pi\u010dkovou \u00fadr\u017ebou prov\u00e1d\u011bnou pod odborn\u00fdm dohledem. Rychl\u00e9 &amp;amp; Diskr\u00e9tn\u00ed doprava: Po obdr\u017een\u00ed objedn\u00e1vky bude MDAIonline doru\u010deno ve sl\u00edben\u00e9m \u010dasov\u00e9m r\u00e1mci. P\u0159epravn\u00ed t\u00fdm vynakl\u00e1d\u00e1 velk\u00e9 \u00fasil\u00ed, aby zajistil, \u017ee proces odesl\u00e1n\u00ed a doru\u010den\u00ed bude rychl\u00fd a snadn\u00fd. Kdy\u017e si koup\u00edte MDAI od profesion\u00e1la na online webu, m\u016f\u017eete si b\u00fdt tak\u00e9 jisti \u0161pi\u010dkov\u00fdmi slu\u017ebami.      &nbsp;<\/p>\n","protected":false},"excerpt":{"rendered":"<p>\u00dapln\u00fd n\u00e1zev IUPAC pro MDAI prod\u00e1van\u00fd online je 6,7-dihydro-5H-indeno[5,6-d].-1,3-dioxol-6-amin, monohydrochlorid, l\u00e1tka pou\u017e\u00edvan\u00e1 p\u0159i v\u00fdzkumu fenethylamin\u016f. MDAI m\u016f\u017ee b\u00fdt entaktogen a stimulant.  &nbsp;<\/p>\n","protected":false},"featured_media":18151,"comment_status":"closed","ping_status":"closed","template":"","meta":{"om_disable_all_campaigns":false,"_sitemap_exclude":false,"_sitemap_priority":"","_sitemap_frequency":"","_monsterinsights_skip_tracking":false,"_monsterinsights_sitenote_active":false,"_monsterinsights_sitenote_note":"","_monsterinsights_sitenote_category":0},"product_cat":[7851],"product_tag":[8510,8511,8509,8504,8502,8494,8497,8493,8498,8491,8505,8501,8499,8506,8507,8492,8500,8496,8503,8512,8508,8495],"class_list":{"0":"post-24089","1":"product","2":"type-product","3":"status-publish","4":"has-post-thumbnail","6":"product_cat-vyzkum-chemickych-latek-a-psychedelik","7":"product_tag-autenticke-mdai-europe","8":"product_tag-dodavatele-mdai-europe","9":"product_tag-doruceni-veritelem-evropa","10":"product_tag-internetovy-obchod-mdai-europe","11":"product_tag-kde-koupit-mdai-europe","12":"product_tag-kde-koupit-mdai-online","13":"product_tag-kolik-je-mdai","14":"product_tag-koupit-mdai-online","15":"product_tag-koupit-mdai-online-evropa","16":"product_tag-koupit-naroky","17":"product_tag-levne-mdai-europe","18":"product_tag-mdai-doprava-zdarma-po-evrope","19":"product_tag-mdai-nejlepsi-cena-v-evrope","20":"product_tag-nabidky-mdai-europe","21":"product_tag-obchod-veritelu-evropa","22":"product_tag-objednat-mdai-online","23":"product_tag-objednavka-mdai-eu","24":"product_tag-online-prodej-mdai","25":"product_tag-pohledavky-evropa-prodej","26":"product_tag-recenze-veritelu-v-evrope","27":"product_tag-sleva-mdai-europe","28":"product_tag-ucinky-mdai","30":"first","31":"instock","32":"shipping-taxable","33":"purchasable","34":"product-type-variable","35":"farmacie-col"},"aioseo_notices":[],"_links":{"self":[{"href":"https:\/\/lacasadelamedicina.es\/cs\/wp-json\/wp\/v2\/product\/24089"}],"collection":[{"href":"https:\/\/lacasadelamedicina.es\/cs\/wp-json\/wp\/v2\/product"}],"about":[{"href":"https:\/\/lacasadelamedicina.es\/cs\/wp-json\/wp\/v2\/types\/product"}],"replies":[{"embeddable":true,"href":"https:\/\/lacasadelamedicina.es\/cs\/wp-json\/wp\/v2\/comments?post=24089"}],"wp:featuredmedia":[{"embeddable":true,"href":"https:\/\/lacasadelamedicina.es\/cs\/wp-json\/wp\/v2\/media\/18151"}],"wp:attachment":[{"href":"https:\/\/lacasadelamedicina.es\/cs\/wp-json\/wp\/v2\/media?parent=24089"}],"wp:term":[{"taxonomy":"product_cat","embeddable":true,"href":"https:\/\/lacasadelamedicina.es\/cs\/wp-json\/wp\/v2\/product_cat?post=24089"},{"taxonomy":"product_tag","embeddable":true,"href":"https:\/\/lacasadelamedicina.es\/cs\/wp-json\/wp\/v2\/product_tag?post=24089"}],"curies":[{"name":"wp","href":"https:\/\/api.w.org\/{rel}","templated":true}]}}