{"id":24084,"date":"2024-08-09T14:02:04","date_gmt":"2024-08-09T14:02:04","guid":{"rendered":"https:\/\/lacasadelamedicina.es\/product\/kupte-si-ketaminovy-prasek-online\/"},"modified":"2024-08-30T20:23:52","modified_gmt":"2024-08-30T20:23:52","slug":"kupte-si-ketaminovy-prasek-online","status":"publish","type":"product","link":"https:\/\/lacasadelamedicina.es\/cs\/produkt\/kupte-si-ketaminovy-prasek-online\/","title":{"rendered":"Kupte si ketaminov\u00fd pr\u00e1\u0161ek online"},"content":{"rendered":"<h1>Kupte si ketaminov\u00fd pr\u00e1\u0161ek online.<\/h1>\n<p> Online prodej ketaminu. Chcete-li vyl\u00e9\u010dit siln\u00fd stres a zoufalstv\u00ed, kupte si ketaminov\u00fd pr\u00e1\u0161ek. Koupit ketaminov\u00fd pr\u00e1\u0161ek online \u2013 <a href=\"https:\/\/drlawsonspharmacy\/contact-us\/\">KONTAKT<\/a> Deprese je nejb\u011b\u017en\u011bj\u0161\u00edm du\u0161evn\u00edm onemocn\u011bn\u00edm na sv\u011bt\u011b a v\u00fdznamn\u011b p\u0159isp\u00edv\u00e1 k n\u00e1r\u016fstu po\u010dtu sebevra\u017ed. D\u00edky rychl\u00e9mu n\u00e1stupu \u00fa\u010dinku <a href=\"https:\/\/dieapotheke247.com\/\">ketamin<\/a> se st\u00e1v\u00e1 st\u00e1le popul\u00e1rn\u011bj\u0161\u00edm prost\u0159edkem k l\u00e9\u010db\u011b deprese. Funguje tak, \u017ee se nav\u00e1\u017ee na NMDA receptory v mozku, \u010d\u00edm\u017e se zv\u00fd\u0161\u00ed koncentrace neurotransmiteru glutam\u00e1tu. V d\u016fsledku toho se aktivuj\u00ed receptory AMPA, co\u017e zp\u016fsobuje uvoln\u011bn\u00ed v\u011bt\u0161\u00edho mno\u017estv\u00ed chemik\u00e1li\u00ed. Cel\u00fd proces ovliv\u0148uje kognici, n\u00e1ladu a vzorce my\u0161len\u00ed. Krom\u011b toho l\u00e9k zlep\u0161uje komunikaci mezi ur\u010dit\u00fdmi oblastmi mozku a sni\u017euje sign\u00e1ly souvisej\u00edc\u00ed se z\u00e1n\u011btem. P\u0159ed n\u00e1kupem ketaminov\u00e9ho pr\u00e1\u0161ku je d\u016fle\u017eit\u00e9 si uv\u011bdomit v\u00fdhody a nev\u00fdhody.         &nbsp;<\/p>\n<h2>Kupte si ketaminov\u00fd pr\u00e1\u0161ek online od d\u016fv\u011bryhodn\u00e9ho dodavatele<\/h2>\n<p> P\u0159i u\u017e\u00edv\u00e1n\u00ed l\u00e9k\u016f na p\u0159edpis ze zdravotn\u00edch d\u016fvod\u016f nen\u00ed nic d\u016fle\u017eit\u011bj\u0161\u00edho ne\u017e kvalita. V Dr. Lawsons Pharmacy m\u00e1me t\u00fdm profesion\u00e1l\u016f, kte\u0159\u00ed prov\u00e1d\u011bj\u00ed kontroly kvality v r\u016fzn\u00fdch f\u00e1z\u00edch, abychom zajistili, \u017ee dodr\u017eujeme nejvy\u0161\u0161\u00ed mezin\u00e1rodn\u00ed standardy. Mnoho lid\u00ed m\u011blo velk\u00fd \u00fasp\u011bch s ketaminov\u00fdm pr\u00e1\u0161kem, kter\u00fd prod\u00e1v\u00e1me, a douf\u00e1me, \u017ee vy tak\u00e9. M\u00e1te-li jak\u00e9koli dotazy, kontaktujte n\u00e1\u0161 t\u00fdm kdykoli, kdy v\u00e1m to vyhovuje.    <\/p>\n<h3><\/h3>\n<p>&nbsp;<\/p>\n","protected":false},"excerpt":{"rendered":"<p>Ketamin se uk\u00e1zal jako \u00fa\u010dinn\u00fd p\u0159i l\u00e9\u010db\u011b deprese u bipol\u00e1rn\u00edch jedinc\u016f, kte\u0159\u00ed nereagovali na antidepresiva. &nbsp;<\/p>\n","protected":false},"featured_media":18136,"comment_status":"closed","ping_status":"closed","template":"","meta":{"om_disable_all_campaigns":false,"_sitemap_exclude":false,"_sitemap_priority":"","_sitemap_frequency":"","_monsterinsights_skip_tracking":false,"_monsterinsights_sitenote_active":false,"_monsterinsights_sitenote_note":"","_monsterinsights_sitenote_category":0},"product_cat":[7851],"product_tag":[8484,8488,8489,8487,8482,8474,8480,8472,8479,8481,8490,8486,8477,8475,8469,8471,8476,8483,8485,8470,8478,8473],"class_list":{"0":"post-24084","1":"product","2":"type-product","3":"status-publish","4":"has-post-thumbnail","6":"product_cat-vyzkum-chemickych-latek-a-psychedelik","7":"product_tag-akce-ketamin-powder-europe","8":"product_tag-autenticky-ketaminovy-prasek-europe","9":"product_tag-dodavatele-ketaminoveho-prasku-v-evrope","10":"product_tag-dodavka-ketamin-powder-europe","11":"product_tag-internetovy-obchod-ketamin-powder-evropa","12":"product_tag-internetovy-prodej-ketaminoveho-prasku","13":"product_tag-kde-koupit-ketamin-powder-europe","14":"product_tag-kde-koupit-ketaminovy-prasek-online","15":"product_tag-ketamin-powder-doprava-zdarma-po-evrope","16":"product_tag-ketamin-powder-europe-prodej","17":"product_tag-ketamin-powder-europe-recenze","18":"product_tag-ketamin-powder-europe-sleva","19":"product_tag-ketaminovy-prasek-nejlepsi-cena-v-evrope","20":"product_tag-kolik-je-ketaminovy-prasek","21":"product_tag-koupit-ketaminovy-prasek","22":"product_tag-koupit-ketaminovy-prasek-online","23":"product_tag-koupit-ketaminovy-prasek-online-evropa","24":"product_tag-levny-ketaminovy-prasek-europe","25":"product_tag-obchod-ketamin-powder-europe","26":"product_tag-objednat-ketaminovy-prasek-online","27":"product_tag-objednejte-si-ketaminovy-prasek-eu","28":"product_tag-ucinky-ketaminoveho-prasku","30":"first","31":"instock","32":"shipping-taxable","33":"purchasable","34":"product-type-variable","35":"farmacie-col"},"aioseo_notices":[],"_links":{"self":[{"href":"https:\/\/lacasadelamedicina.es\/cs\/wp-json\/wp\/v2\/product\/24084"}],"collection":[{"href":"https:\/\/lacasadelamedicina.es\/cs\/wp-json\/wp\/v2\/product"}],"about":[{"href":"https:\/\/lacasadelamedicina.es\/cs\/wp-json\/wp\/v2\/types\/product"}],"replies":[{"embeddable":true,"href":"https:\/\/lacasadelamedicina.es\/cs\/wp-json\/wp\/v2\/comments?post=24084"}],"wp:featuredmedia":[{"embeddable":true,"href":"https:\/\/lacasadelamedicina.es\/cs\/wp-json\/wp\/v2\/media\/18136"}],"wp:attachment":[{"href":"https:\/\/lacasadelamedicina.es\/cs\/wp-json\/wp\/v2\/media?parent=24084"}],"wp:term":[{"taxonomy":"product_cat","embeddable":true,"href":"https:\/\/lacasadelamedicina.es\/cs\/wp-json\/wp\/v2\/product_cat?post=24084"},{"taxonomy":"product_tag","embeddable":true,"href":"https:\/\/lacasadelamedicina.es\/cs\/wp-json\/wp\/v2\/product_tag?post=24084"}],"curies":[{"name":"wp","href":"https:\/\/api.w.org\/{rel}","templated":true}]}}