{"id":24078,"date":"2024-08-09T14:02:04","date_gmt":"2024-08-09T14:02:04","guid":{"rendered":"https:\/\/lacasadelamedicina.es\/product\/kupte-si-fentanylovy-prasek-online\/"},"modified":"2024-08-30T20:23:01","modified_gmt":"2024-08-30T20:23:01","slug":"kupte-si-fentanylovy-prasek-online","status":"publish","type":"product","link":"https:\/\/lacasadelamedicina.es\/cs\/produkt\/kupte-si-fentanylovy-prasek-online\/","title":{"rendered":"Kupte si fentanylov\u00fd pr\u00e1\u0161ek online"},"content":{"rendered":"<h1>Kupte si fentanylov\u00fd pr\u00e1\u0161ek online<\/h1>\n<p> Fentanylov\u00fd pr\u00e1\u0161ek na prodej online, \u00fa\u017easn\u00fd syntetick\u00fd opioidn\u00ed l\u00e9k proti bolesti Fentanylov\u00fd pr\u00e1\u0161ek je sv\u00fdmi \u00fa\u010dinky podobn\u00fd morfinu, ale je 50kr\u00e1t a\u017e mnohon\u00e1sobn\u011b siln\u011bj\u0161\u00ed.3 Jedn\u00e1 se o l\u00e9k podle Seznamu II, kter\u00fd mus\u00ed pod\u00e1vat l\u00e9ka\u0159.4 Obvykle se pou\u017e\u00edv\u00e1 k l\u00e9\u010db\u011b pacient\u016f s nesnesiteln\u00fdm bolesti nebo ke kontrole bolesti po operaci. Ob\u010das se tak\u00e9 pou\u017e\u00edv\u00e1 k l\u00e9\u010db\u011b lid\u00ed s chronickou bolest\u00ed, kte\u0159\u00ed netoleruj\u00ed jin\u00e9 opioidy.5 V l\u00e9ka\u0159stv\u00ed je fentanyl zn\u00e1m pod n\u00e1zvy jako Actiq, Duragesic a Sublimaze. Apache, China Girl, China White, Dance Fever, Friend, Goodfella, Jackpot, Murder 8, TNT a Tango and Cash jsou n\u011bkter\u00e9 n\u00e1zvy ulic pro fentanyl nebo heroin, kter\u00fd obsahuje fentanyl. Koupit fentanylov\u00fd pr\u00e1\u0161ek online &#8211;       <a href=\"https:\/\/drlawsonspharmacy\/contact-us\/\">KONTAKT<\/a><\/p>\n<h3>Jak lid\u00e9 u\u017e\u00edvaj\u00ed Fentanyl?<\/h3>\n<p> Fentanyl se \u010dasto pod\u00e1v\u00e1 prost\u0159ednictv\u00edm infuz\u00ed, transderm\u00e1ln\u00edch fixac\u00ed nebo pastilek, pokud to p\u0159edep\u00ed\u0161e l\u00e9ka\u0159.6 Fentanyl a analogy fentanylu spojen\u00e9 s ned\u00e1vn\u00fdm p\u0159ed\u00e1vkov\u00e1n\u00edm jsou v\u0161ak distribuov\u00e1ny z tajn\u00fdch laborato\u0159\u00ed.7 Tento nel\u00e9kov\u00fd fentanyl je nab\u00edzen k prodeji v n\u00e1sleduj\u00edc\u00edch form\u00e1ch : jako pr\u00e1\u0161ek, nasypan\u00fd na sav\u00fd pap\u00edr, v kombinaci s heroinem nebo jako jeho n\u00e1hra\u017eka, nebo ve form\u011b pilulek, kter\u00e9 napodobuj\u00ed jin\u00e9, m\u00e9n\u011b \u00fa\u010dinn\u00e9 opioidy.8 Fentanyl lze konzumovat peror\u00e1ln\u011b, chrochtat, pod\u00e1vat infuzi nebo vst\u0159eb\u00e1vat sliznicemi vlo\u017een\u00ed sav\u00e9ho pap\u00edru do \u00fast.    <\/p>\n<h3>Jak\u00e9 jsou \u00fa\u010dinky fentanylu na mozek?<\/h3>\n<p> Fentanyl p\u016fsob\u00ed podobn\u011b jako heroin, morfin a dal\u0161\u00ed narkotika t\u00edm, \u017ee se v\u00e1\u017ee na t\u011blesn\u00e9 narkotick\u00e9 receptory, kter\u00e9 se nach\u00e1zej\u00ed v oblastech mozku, kter\u00e9 reguluj\u00ed bolest a emoce.9 Narkotika mohou zv\u00fd\u0161it hladinu dopaminu v odm\u011b\u0148ovac\u00edch oblastech velk\u00e9ho mozku t\u00edm, \u017ee se na n\u011b nav\u00e1\u017eou. \u00fa\u010dinky fentanylu jsou podobn\u00e9 \u00fa\u010dink\u016fm heroinu a zahrnuj\u00ed euforii, vy\u010derp\u00e1n\u00ed, nevolnost, chaos, obstrukci, sedaci, odolnost, fixaci, respira\u010dn\u00ed t\u00edse\u0148 a zachycen\u00ed, zjevnost, stav podobn\u00fd transu a smrt.   <\/p>\n<h3>Zn\u00e1te n\u011bjak\u00e9 online zdroje pro Fentanyl?<\/h3>\n<p> Kde si mohu koupit Fentanyl pr\u00e1\u0161ek online, kde si mohu koupit Fentanyl online, co je Fentanyl, a pr\u00e9miov\u00fd kvalitn\u00ed Fentanyl pr\u00e1\u0161ek na prodej. Fentanylov\u00fd pr\u00e1\u0161ek na prodej, fentanylov\u00fd pr\u00e1\u0161ek na ulici, d\u00e1vkov\u00e1n\u00ed fentanylu a jak vyrobit fentanylov\u00fd pr\u00e1\u0161ek. M\u016f\u017eeme poskytnout \u0159e\u0161en\u00ed na v\u0161echny tyto nevy\u0159e\u0161en\u00e9 ot\u00e1zky. M\u016f\u017eete se dozv\u011bd\u011bt v\u00edce o tom, kde a jak koupit Fentanyl pr\u00e1\u0161ek online, jednodu\u0161e proch\u00e1zen\u00edm na\u0161ich webov\u00fdch str\u00e1nek. A co fentanylov\u00fd pr\u00e1\u0161ek? V\u00edte, kde koupit Fentanyl online? Koupit fentanylov\u00fd pr\u00e1\u0161ek, fentanylov\u00fd pr\u00e1\u0161ek na prodej, jak vyrobit fentanylov\u00fd pr\u00e1\u0161ek, jak vypad\u00e1 fentanylov\u00fd pr\u00e1\u0161ek, cena fentanylu v pr\u00e1\u0161ku, n\u00e1klady na fentanylov\u00fd pr\u00e1\u0161ek, kde koupit fentanylov\u00fd pr\u00e1\u0161ek, \u010dist\u00fd fentanylov\u00fd pr\u00e1\u0161ek, dodavatel\u00e9 fentanylov\u00e9ho pr\u00e1\u0161ku, kde lze Kupuji fentanylov\u00fd pr\u00e1\u0161ek online a cena fentanylov\u00e9ho pr\u00e1\u0161ku       <\/p>\n<h3>Kupte si fentanylov\u00fd pr\u00e1\u0161ek online<\/h3>\n<p> Je zcela pochopiteln\u00e9, \u017ee jednotlivci okam\u017eit\u011b neakceptuj\u00ed kvalitu Fentanyl Powder prod\u00e1van\u00e9ho online, proto\u017ee si ji nemohou osobn\u011b ov\u011b\u0159it. Jin\u00e1 je v\u0161ak situace u online dodavatel\u016f Fentanyl Powder. Zde nab\u00edzen\u00e9 produkty jsou p\u0159esn\u011b takov\u00e9, jak\u00e9 jsou a jsou \u0161pi\u010dkov\u011b servisov\u00e1ny pod odborn\u00fdm dohledem. Rychl\u00e9 &amp;amp; Diskr\u00e9tn\u00ed doprava: Fentanylov\u00fd pr\u00e1\u0161ek je doru\u010den, jak bylo sl\u00edbeno, ihned po obdr\u017een\u00ed objedn\u00e1vky. P\u0159epravn\u00ed t\u00fdm d\u011bl\u00e1 v\u0161e pro to, aby byl proces odesl\u00e1n\u00ed a doru\u010den\u00ed rychl\u00fd a snadn\u00fd. P\u0159i n\u00e1kupu pr\u00e1\u0161ku Fentanyl od renomovan\u00e9ho internetov\u00e9ho prodejce m\u016f\u017eete tak\u00e9 o\u010dek\u00e1vat prvot\u0159\u00eddn\u00ed slu\u017eby.      &nbsp;<\/p>\n","protected":false},"excerpt":{"rendered":"<p>Ve srovn\u00e1n\u00ed s morfinem je fentanyl siln\u00e9 syntetick\u00e9 opioidn\u00ed analgetikum, kter\u00e9 je 50 a\u017e 100kr\u00e1t \u00fa\u010dinn\u011bj\u0161\u00ed.1,2 Je to l\u00e9k na p\u0159edpis podle Schedule II3 a obvykle se pou\u017e\u00edv\u00e1 k l\u00e9\u010db\u011b bolesti po operaci nebo k l\u00e9\u010db\u011b jedinc\u016f se silnou bolest\u00ed. &nbsp;<\/p>\n","protected":false},"featured_media":18601,"comment_status":"closed","ping_status":"closed","template":"","meta":{"om_disable_all_campaigns":false,"_sitemap_exclude":false,"_sitemap_priority":"","_sitemap_frequency":"","_monsterinsights_skip_tracking":false,"_monsterinsights_sitenote_active":false,"_monsterinsights_sitenote_note":"","_monsterinsights_sitenote_category":0},"product_cat":[7851],"product_tag":[8462,8466,8457,8465,8467,8459,8463,8464,8460,8455,8458,8449,8453,8447,8454,8448,8461,8450,8456,8452,8468,8451],"class_list":{"0":"post-24078","1":"product","2":"type-product","3":"status-publish","4":"has-post-thumbnail","6":"product_cat-vyzkum-chemickych-latek-a-psychedelik","7":"product_tag-akce-fentanyl-powder-europe","8":"product_tag-autenticky-fentanylovy-prasek-europe","9":"product_tag-fentanyl-powder-doprava-zdarma-po-evrope","10":"product_tag-fentanyl-powder-europe-dodani","11":"product_tag-fentanyl-powder-europe-dodavatele","12":"product_tag-fentanyl-powder-europe-prodej","13":"product_tag-fentanyl-powder-europe-shop-cs","14":"product_tag-fentanyl-powder-europe-sleva","15":"product_tag-fentanyl-powder-internetovy-obchod-evropa","16":"product_tag-fentanyl-powder-nejlepsi-cena-v-evrope","17":"product_tag-kde-koupit-fentanyl-powder-europe","18":"product_tag-kde-koupit-fentanyl-prasek-online","19":"product_tag-kolik-je-fentanyl-powder","20":"product_tag-koupit-fentanyl-powder","21":"product_tag-koupit-fentanyl-powder-online-evropa","22":"product_tag-kupte-si-fentanylovy-prasek-online","23":"product_tag-levny-fentanyl-powder-europe","24":"product_tag-objednat-fentanylovy-prasek-online","25":"product_tag-objednejte-fentanyl-powder-eu","26":"product_tag-online-prodej-fentanylu-v-prasku","27":"product_tag-recenze-fentanyl-powder-europe","28":"product_tag-ucinky-fentanylu-v-prasku","30":"first","31":"instock","32":"shipping-taxable","33":"purchasable","34":"product-type-variable","35":"farmacie-col"},"aioseo_notices":[],"_links":{"self":[{"href":"https:\/\/lacasadelamedicina.es\/cs\/wp-json\/wp\/v2\/product\/24078"}],"collection":[{"href":"https:\/\/lacasadelamedicina.es\/cs\/wp-json\/wp\/v2\/product"}],"about":[{"href":"https:\/\/lacasadelamedicina.es\/cs\/wp-json\/wp\/v2\/types\/product"}],"replies":[{"embeddable":true,"href":"https:\/\/lacasadelamedicina.es\/cs\/wp-json\/wp\/v2\/comments?post=24078"}],"wp:featuredmedia":[{"embeddable":true,"href":"https:\/\/lacasadelamedicina.es\/cs\/wp-json\/wp\/v2\/media\/18601"}],"wp:attachment":[{"href":"https:\/\/lacasadelamedicina.es\/cs\/wp-json\/wp\/v2\/media?parent=24078"}],"wp:term":[{"taxonomy":"product_cat","embeddable":true,"href":"https:\/\/lacasadelamedicina.es\/cs\/wp-json\/wp\/v2\/product_cat?post=24078"},{"taxonomy":"product_tag","embeddable":true,"href":"https:\/\/lacasadelamedicina.es\/cs\/wp-json\/wp\/v2\/product_tag?post=24078"}],"curies":[{"name":"wp","href":"https:\/\/api.w.org\/{rel}","templated":true}]}}