{"id":24073,"date":"2024-08-09T14:02:08","date_gmt":"2024-08-09T14:02:08","guid":{"rendered":"https:\/\/lacasadelamedicina.es\/product\/koupit-caluanie-muelear-oxidize-online\/"},"modified":"2024-08-30T20:11:06","modified_gmt":"2024-08-30T20:11:06","slug":"koupit-caluanie-muelear-oxidize-online","status":"publish","type":"product","link":"https:\/\/lacasadelamedicina.es\/cs\/produkt\/koupit-caluanie-muelear-oxidize-online\/","title":{"rendered":"Koupit Caluanie Muelear Oxidize online"},"content":{"rendered":"<h3>Caluanie Muelear Oxidize na prodej &#8211; Kupte si Caluanie Muelear Oxidize online<\/h3>\n<p> P\u0159edn\u00ed dodavatel v USA v sou\u010dasnosti nab\u00edz\u00ed caluanie jadern\u00fd oxid k prodeji online. N\u00e1\u0161 t\u00fdm v\u00e1m pom\u016f\u017ee naj\u00edt nejlep\u0161\u00ed nab\u00eddky na vysoce kvalitn\u00ed cauanie muelear oxidise online. Kupte je\u0161t\u011b dnes! Koupit Caluanie Muelear Oxidize online \u2013 Koupit Caluanie Muelear Oxidize online    <a href=\"https:\/\/drlawsonspharmacy\/contact-us\/\">KONTAKT<\/a><\/p>\n<h3>Bylo jeho Caluanie Muelear Oxidize?<\/h3>\n<p> Sv\u011btle hn\u011bd\u00e1 visk\u00f3zn\u00ed kapalina zvan\u00e1 Caluanie Chemical se vyr\u00e1b\u00ed transesterifikac\u00ed roztoku surov\u00e9ho palmov\u00e9ho oleje. V 99 % p\u0159\u00edpad\u016f se k v\u00fdrob\u011b surov\u00e9ho caluana pou\u017e\u00edv\u00e1 muele\u00e1rn\u00ed oxid. Vynikaj\u00edc\u00ed chemik\u00e1lie s potenci\u00e1ln\u00edmi glob\u00e1ln\u00edmi aplikacemi v odv\u011btv\u00edch centralizovan\u00e9 chemick\u00e9 v\u00fdroby je tov\u00e1rna na pasterizaci. Nab\u00edz\u00edme k prodeji z\u00e1sobu Caluanie Muelear Oxidise. Caluanie muelear oxidise se pou\u017e\u00edv\u00e1 ke zpracov\u00e1n\u00ed a brou\u0161en\u00ed drah\u00fdch kamen\u016f a speci\u00e1ln\u00edch kov\u016f. V chemick\u00e9m pr\u016fmyslu se pou\u017e\u00edv\u00e1 ke zpracov\u00e1n\u00ed drahokam\u016f a polodrahokam\u016f a k brou\u0161en\u00ed kov\u016f. S jedn\u00edm pol\u00e1rn\u00edm a jedn\u00edm nepol\u00e1rn\u00edm koncem lze k odstran\u011bn\u00ed skvrn pou\u017e\u00edt pr\u016fm\u011brn\u00e9 chemick\u00e9 roztoky Calianie.       <\/p>\n<h3><strong>Koupit Caluanie Muelear Oxidize<\/strong><\/h3>\n<p> Caluanie se \u010dasto pou\u017e\u00edv\u00e1 jako hygroskopick\u00e1 n\u00e1hrada v barv\u00e1ch a chemik\u00e1li\u00edch. \u010casto jej vyu\u017e\u00edvaj\u00ed povlaky, barvy, polymery a tiska\u0159sk\u00e9 barvy. Caluanie Chemical Solution je molekula odstra\u0148uj\u00edc\u00ed skvrny s jedn\u00edm pol\u00e1rn\u00edm a jedn\u00edm nepol\u00e1rn\u00edm koncem. Jsou schopny n\u00e9st nerozpustn\u00e9 emulga\u010dn\u00ed sm\u011bsi. Pomoc\u00ed t\u00e9to chemik\u00e1lie lze odstranit mastnotu, gumov\u00fd cement, skvrny od pera, lepidlo a lak na nehty. Tato chemik\u00e1lie m\u016f\u017ee b\u00fdt obsa\u017eena v odlakova\u010di na nehty. Pro neomezen\u00e9 pou\u017eit\u00ed se v\u0161ak doporu\u010duje zakoupit Normal Caluanie v lahv\u00edch v na\u0161em internetov\u00e9m obchod\u011b. Pou\u017e\u00edv\u00e1 se v chemick\u00e9m pr\u016fmyslu k drcen\u00ed kov\u016f a k v\u00fdrob\u011b vz\u00e1cn\u00fdch a polodrahokam\u016f. S jedn\u00edm pol\u00e1rn\u00edm a jedn\u00edm nepol\u00e1rn\u00edm koncem se k odstran\u011bn\u00ed skvrn pou\u017e\u00edv\u00e1 molekula zn\u00e1m\u00e1 jako Cauanie Muelear Oxide. M\u016f\u017ee pomoci emulgovat l\u00e1tky, kter\u00e9 jsou norm\u00e1ln\u011b nerozpustn\u00e9. Pomoc\u00ed t\u00e9to chemik\u00e1lie lze odstranit mastnotu, gumov\u00fd cement, skvrny od pera, lepidlo a lak na nehty. Tato l\u00e1tka m\u016f\u017ee b\u00fdt obsa\u017eena v odlakova\u010di na nehty. Pro v\u0161eobecn\u00e9 pou\u017eit\u00ed se v\u0161ak doporu\u010duje koupit Normal Caluanie v lahv\u00edch z na\u0161eho internetov\u00e9ho obchodu Koupit Caluanie Muelear Oxidise Online.             <\/p>\n<h3>Jak mohu koupit Caluanie muelear oxidize?<\/h3>\n<p> Jsou schopny n\u00e9st nerozpustn\u00e9 emulga\u010dn\u00ed sm\u011bsi. Internetov\u00fd obchod ke koupi Cauanie Muelear Oxidise. Chcete-li zakoupit ten nejlep\u0161\u00ed produkt, kontaktujte n\u00e1s Dr. Lawsons Pharmacy. Nezklameme v\u00e1s. Z\u00e1kazn\u00edci po cel\u00e9m sv\u011bt\u011b oce\u0148uj\u00ed na\u0161e produkty a slu\u017eby, kter\u00e9 se vyzna\u010duj\u00ed vysokou \u010distotou a st\u00e1lou kvalitou. Posledn\u00edch deset let jsme str\u00e1vili v\u00fdzkumem slou\u010denin a m\u00e1me o nich vynikaj\u00edc\u00ed znalosti. Nab\u00edz\u00edme d\u016fv\u011bryhodn\u00e9 dodavatele v\u00fdzkumn\u00fdch chemik\u00e1li\u00ed. Doru\u010den\u00ed obvykle trv\u00e1 p\u011bt a\u017e deset dn\u00ed. Na\u0161im z\u00e1kazn\u00edk\u016fm nab\u00edz\u00edme prvot\u0159\u00eddn\u00ed pokyny pro op\u011btovn\u00e9 odesl\u00e1n\u00ed. Nejmodern\u011bj\u0161\u00ed balic\u00ed techniky zaji\u0161\u0165uj\u00ed, \u017ee kvalita na\u0161ich produkt\u016f je absolutn\u011b zaru\u010dena. Tento pomlouva\u010dn\u00fd muele\u00e1rn\u00ed oxid m\u00e1me skladem ve form\u011b pasty. Partuerize Caluanie Muelear Oxidise je k dispozici se vzorky.            <\/p>\n<h3>Koupit Caluanie Muelear Oxidize online<\/h3>\n<p> Na z\u00e1klad\u011b transmogenizace 99% roztoku Caluanie ze surov\u00e9ho palmov\u00e9ho oleje je Caluanie sv\u011btle hn\u011bd\u00e1 kapalina. Byl vyvinut spole\u010dnost\u00ed, kter\u00e1 vyr\u00e1b\u00ed Muelear Oxidise Pasteurise, pr\u00e9miovou chemik\u00e1lii s mnoha aplikacemi. Nejv\u00edce jej vyu\u017e\u00edv\u00e1 chemick\u00fd centralizovan\u00fd zpracovatelsk\u00fd sektor. Caluanie Muelear oxidize m\u016f\u017eete snadno zakoupit na trhu.    <\/p>\n<h3><strong>Bestellen Caluanie Muelear Oxidize<\/strong><\/h3>\n<p> Je zn\u00e1m\u00fd jako hygroskopick\u00fd prost\u0159edek v chemick\u00e9m pr\u016fmyslu a pr\u016fmyslu n\u00e1t\u011brov\u00fdch hmot. Barvy, n\u00e1t\u011bry, inkousty a plastik\u00e1\u0159sk\u00fd pr\u016fmysl jej \u0161iroce vyu\u017e\u00edvaj\u00ed. Vzhledem ke sv\u00fdm t\u011b\u017e\u0161\u00edm atom\u016fm vod\u00edku ne\u017e typick\u00e9 atomy vod\u00edku je Cauanie tak\u00e9 zn\u00e1m\u00fd jako t\u011b\u017ek\u00e1 voda. Tato chemik\u00e1lie je ur\u010dena k rozkladu a spalov\u00e1n\u00ed oxid\u016f kov\u016f bez reakce s jin\u00fdmi l\u00e1tkami. Aby ru\u010dn\u00ed manipulace nem\u011bla \u017e\u00e1dn\u00e9 negativn\u00ed d\u016fsledky, byla tato bezbarv\u00e1 kapalina testov\u00e1na v laborato\u0159\u00edch. Caluanie Muelear oxidise je bezpe\u010dn\u00fd a \u010dist\u00fd, tak\u017ee jej m\u016f\u017eete bez v\u00e1h\u00e1n\u00ed zakoupit v internetov\u00e9m obchod\u011b.      <\/p>\n<h3>Jak pou\u017e\u00edv\u00e1te Caluanie Muelear Oxidize?<\/h3>\n<p> Chemik\u00e1lie se \u010dasto pou\u017e\u00edvaj\u00ed v r\u016fzn\u00fdch aplikac\u00edch ve v\u0161ech pr\u016fmyslov\u00fdch odv\u011btv\u00edch. Kovod\u011bln\u00fd a chemick\u00fd pr\u016fmysl p\u0159edstavuje velkou popt\u00e1vku po produktu Caluanie Muelear Oxidise. Caluanie Muelear oxidise je k dispozici od renomovan\u00e9ho dodavatele. Nejd\u016fle\u017eit\u011bj\u0161\u00ed aplikace jsou uvedeny n\u00ed\u017ee:    <\/p>\n<ul>\n<li>Emulgace<\/li>\n<li>Chemick\u00e9 brou\u0161en\u00ed kov\u016f<\/li>\n<li>Zpracov\u00e1n\u00ed kovov\u00fdch armatur<\/li>\n<li>Odstra\u0148uje l\u00e1tky, kter\u00e9 jin\u00e9 chemik\u00e1lie odstranit nemohou.<\/li>\n<li>Odstra\u0148ov\u00e1n\u00ed skvrn<\/li>\n<li>Zu\u0161lech\u0165ov\u00e1n\u00ed drahokam\u016f a polodrahokam\u016f<\/li>\n<\/ul>\n<p> Pokud hled\u00e1te m\u00edsto, kde byste mohli levn\u011b koupit Caluanie Muelear Oxidate, najdete nejlep\u0161\u00edho online prodejce na trhu. Nab\u00edzej\u00ed rychlou a bezpe\u010dnou p\u0159epravu a doru\u010den\u00ed po cel\u00e9m sv\u011bt\u011b a tak\u00e9 velmi diskr\u00e9tn\u00ed produkt. Jsou nejspolehliv\u011bj\u0161\u00edm online prodejcem v Caluanie, kter\u00fd nab\u00edz\u00ed produkty nejvy\u0161\u0161\u00ed kvality dostupn\u00e9 online a nab\u00edz\u00ed mal\u00e9 i velk\u00e9 objedn\u00e1vky s v\u010dasn\u00fdm dod\u00e1n\u00edm, jak bylo sl\u00edbeno. Nejlep\u0161\u00ed volbou pro ty, kte\u0159\u00ed si nejsou jisti, kde koupit Caluanie Muelear oxidise, je online prodejce.    <\/p>\n<h3>Pro\u010d kupovat Caluanie Muelear Oxidize od Dr. Lawsonse?<\/h3>\n<p> Dr. Lawsons Pharmacy je odhodl\u00e1na posouvat zaji\u0161\u0165ov\u00e1n\u00ed kvality a vytv\u00e1\u0159en\u00ed hodnot je\u0161t\u011b d\u00e1le. Caluanie Muelear oxidise je k dispozici v na\u0161em obchod\u011b za p\u0159ijateln\u00e9 ceny. Nab\u00edz\u00edme spr\u00e1vn\u00e9 veden\u00ed a tak\u00e9 se zaj\u00edm\u00e1me o bezpe\u010dnost z\u00e1kazn\u00edk\u016f. Chcete-li <a href=\"https:\/\/dieapotheke247.com\/\">spl\u0148ujeme <\/a> konkr\u00e9tn\u00ed pot\u0159eby, m\u016f\u017eeme na\u0161e slu\u017eby p\u0159izp\u016fsobit. A pokud m\u00e1te n\u011bjak\u00e9 obavy nebo dotazy, nev\u00e1hejte se obr\u00e1tit na na\u0161e odborn\u00edky. Abyste zabr\u00e1nili po\u017eit\u00ed nebo kontaktu s k\u016f\u017e\u00ed p\u0159i manipulaci s t\u011bmito chemik\u00e1liemi, m\u011bli byste m\u00edt z\u00e1kladn\u00ed znalosti o manipulaci s chemik\u00e1liemi a bezpe\u010dn\u00e9m skladov\u00e1n\u00ed. M\u011bli byste tak\u00e9 nosit ochrann\u00fd od\u011bv. Caluanie Muelear Oxidize online kaufen        &nbsp;<\/p>\n","protected":false},"excerpt":{"rendered":"<p>Caluanie Muelear Oxidize na prodej &#8211; Kupte si Caluanie Muelear Oxidize online P\u0159edn\u00ed dodavatel v USA v sou\u010dasnosti nab\u00edz\u00ed caluanie jadern\u00fd oxid k prodeji online. N\u00e1\u0161 t\u00fdm v\u00e1m pom\u016f\u017ee naj\u00edt nejlep\u0161\u00ed nab\u00eddky na vysoce kvalitn\u00ed cauanie muelear oxidise online. Kupte je\u0161t\u011b dnes! Koupit Caluanie Muelear Oxidize online \u2013 Koupit Caluanie Muelear Oxidize online KONTAKT Bylo [&hellip;]<\/p>\n","protected":false},"featured_media":18676,"comment_status":"closed","ping_status":"closed","template":"","meta":{"om_disable_all_campaigns":false,"_sitemap_exclude":false,"_sitemap_priority":"","_sitemap_frequency":"","_monsterinsights_skip_tracking":false,"_monsterinsights_sitenote_active":false,"_monsterinsights_sitenote_note":"","_monsterinsights_sitenote_category":0},"product_cat":[7851],"product_tag":[8444,8435,8442,8438,8433,8445,8443,8436,8428,8431,8425,8427,8432,8439,8440,8441,8434,8426,8437,8430,8446,8429],"class_list":{"0":"post-24073","1":"product","2":"type-product","3":"status-publish","4":"has-post-thumbnail","6":"product_cat-vyzkum-chemickych-latek-a-psychedelik","7":"product_tag-autenticke-caluanie-muelear-oxidize-europe","8":"product_tag-caluanie-muelear-oxidize-doprava-zdarma-evropa","9":"product_tag-caluanie-muelear-oxidize-europe-sleva","10":"product_tag-caluanie-muelear-oxidize-internetovy-obchod-evropa","11":"product_tag-caluanie-muelear-oxidize-nejlepsi-cena-v-evrope","12":"product_tag-dodavatele-caluanie-muelear-oxidize-europe","13":"product_tag-dodavka-caluanie-muelear-oxidize-europe","14":"product_tag-kde-koupit-caluanie-muelear-oxidize-europe","15":"product_tag-kde-koupit-caluanie-muelear-oxidize-online","16":"product_tag-kolik-je-caluanie-muelear-oxidize","17":"product_tag-koupit-caluanie-muelear-oxidize","18":"product_tag-koupit-caluanie-muelear-oxidize-online","19":"product_tag-koupit-caluanie-muelear-oxidize-online-evropa","20":"product_tag-levne-caluanie-muelear-oxidize-europe","21":"product_tag-nabidky-caluanie-muelear-oxidize-europe","22":"product_tag-obchod-caluanie-muelear-oxidize-europe","23":"product_tag-objednejte-caluanie-muelear-oxidize-eu","24":"product_tag-objednejte-si-caluanie-muelear-oxidize-online","25":"product_tag-prodej-caluanie-muelear-oxidize-europe","26":"product_tag-prodej-caluanie-muelear-oxidize-online","27":"product_tag-recenze-caluanie-muelear-oxidize-europe","28":"product_tag-ucinky-caluanie-muelear-oxidize","30":"first","31":"instock","32":"shipping-taxable","33":"purchasable","34":"product-type-variable","35":"farmacie-col"},"aioseo_notices":[],"_links":{"self":[{"href":"https:\/\/lacasadelamedicina.es\/cs\/wp-json\/wp\/v2\/product\/24073"}],"collection":[{"href":"https:\/\/lacasadelamedicina.es\/cs\/wp-json\/wp\/v2\/product"}],"about":[{"href":"https:\/\/lacasadelamedicina.es\/cs\/wp-json\/wp\/v2\/types\/product"}],"replies":[{"embeddable":true,"href":"https:\/\/lacasadelamedicina.es\/cs\/wp-json\/wp\/v2\/comments?post=24073"}],"wp:featuredmedia":[{"embeddable":true,"href":"https:\/\/lacasadelamedicina.es\/cs\/wp-json\/wp\/v2\/media\/18676"}],"wp:attachment":[{"href":"https:\/\/lacasadelamedicina.es\/cs\/wp-json\/wp\/v2\/media?parent=24073"}],"wp:term":[{"taxonomy":"product_cat","embeddable":true,"href":"https:\/\/lacasadelamedicina.es\/cs\/wp-json\/wp\/v2\/product_cat?post=24073"},{"taxonomy":"product_tag","embeddable":true,"href":"https:\/\/lacasadelamedicina.es\/cs\/wp-json\/wp\/v2\/product_tag?post=24073"}],"curies":[{"name":"wp","href":"https:\/\/api.w.org\/{rel}","templated":true}]}}