{"id":24067,"date":"2024-08-09T14:02:08","date_gmt":"2024-08-09T14:02:08","guid":{"rendered":"https:\/\/lacasadelamedicina.es\/product\/kupte-si-mefedron-4-mmc-online\/"},"modified":"2024-08-30T20:00:06","modified_gmt":"2024-08-30T20:00:06","slug":"kupte-si-mefedron-4-mmc-online","status":"publish","type":"product","link":"https:\/\/lacasadelamedicina.es\/cs\/produkt\/kupte-si-mefedron-4-mmc-online\/","title":{"rendered":"Kupte si mefedron (4-MMC) online"},"content":{"rendered":"<h3>Kupte si mefedron (4-MMC) online.<\/h3>\n<p> Kupte si mefedron (4-MMC) online. Mefedron je charakterizov\u00e1n poskytov\u00e1n\u00edm monoamin\u016f. Jeho dva enantiomery vykazuj\u00ed srovnatelnou intenzitu jako substr\u00e1ty na dopaminov\u00fdch transport\u00e9rech, proto\u017ee jde o chir\u00e1ln\u00ed molekulu. Jako substr\u00e1t pro transport\u00e9ry serotoninu je R-mefedron mnohem m\u00e9n\u011b \u00fa\u010dinn\u00fd ne\u017e S-mefedron. <strong><em>Nakupte mefedron (4-MMC) online<\/em><\/strong>\u2013 <a href=\"https:\/\/drlawsonspharmacy\/contact-us\/\">KONTAKT<\/a> Mefedron (4-MMC) je d\u00edky keto kysl\u00edku hydrofiln\u011bj\u0161\u00ed ne\u017e srovnateln\u00e9 methylamfetaminy, co\u017e m\u016f\u017ee vysv\u011btlovat, pro\u010d jsou k dosa\u017een\u00ed srovnateln\u00e9ho k dosa\u017een\u00ed \u00fa\u010dinku, proto\u017ee mefedron (4-MMC) je m\u00e9n\u011b schopen proch\u00e1zet hematoencefalickou bari\u00e9rou. <strong>koupit mefedron online<\/strong> Mefedron (4-MMC) se \u010dasto kou\u0159\u00ed s alkoholem. Studie na my\u0161\u00edch zkoumala interakci mezi t\u011bmito dv\u011bma l\u00e9ky a zam\u011b\u0159ila se na psychostimula\u010dn\u00ed a odm\u011b\u0148uj\u00edc\u00ed vlastnosti 4-MMC. Bylo zji\u0161t\u011bno, \u017ee alkohol v\u00fdznamn\u011b zvy\u0161uje psychostimula\u010dn\u00ed \u00fa\u010dinky 4-MMC, kdy\u017e je konzumov\u00e1n v mal\u00fdch (nestimuluj\u00edc\u00edch) mno\u017estv\u00edch. Zv\u00fd\u0161en\u00ed synaptick\u00e9ho dopaminu p\u016fsobilo proti tomuto \u00fa\u010dinku, proto\u017ee haloperidol, ale nikoli ketanserin, dok\u00e1zal zabr\u00e1nit potencuj\u00edc\u00edm \u00fa\u010dink\u016fm alkoholu. Mal\u00e9, nekompenza\u010dn\u00ed mno\u017estv\u00ed alkoholu tak\u00e9 zlep\u0161ilo kompenza\u010dn\u00ed vlastnosti 4-MMC. Kde koupit mefedron a moderovat 4-MMC online podle dotazu M-CAT? Mefedron (4-MMC) Online je jen jednou z nov\u011bj\u0161\u00edch chemik\u00e1li\u00ed nebo \u201eleg\u00e1ln\u00edch drog\u201c, kter\u00e9 byly ned\u00e1vno identifikov\u00e1ny, spolu se syntetick\u00fdmi, um\u011bl\u00fdmi narkotiky, jako je modifikovan\u00e9 konop\u00ed a polotovary, jako je methylhexanamin. Tyto drogy byly vyvinuty p\u0159edev\u0161\u00edm k obch\u00e1zen\u00ed p\u0159edpis\u016f zakazuj\u00edc\u00edch neleg\u00e1ln\u00ed narkotika, \u010d\u00edm\u017e si vyslou\u017eily p\u0159ezd\u00edvku \u201earchitekt drogy\u201c. Kombinace mefedronu byla poprv\u00e9 pops\u00e1na v roce 1929 Saem de Burnaga Sanchez v Bulletin de la Soci\u00e9t\u00e9 Chimique de France pod n\u00e1zvem \u201eToluyl-alfa-monomethylaminoethylcetone\u201c, ale l\u00e1tka z\u016fstala v akademick\u00e9 obci a\u017e do roku 2003 utajena. Evropsk\u00e1 observato\u0159 pro drogy a drogovou z\u00e1vislost sd\u00edlena. &#8222;Posledn\u00edch p\u00e1r dn\u00ed jsem byl vy\u010derpan\u00fd a povalovaly se mi n\u011bjak\u00e9 z\u00e1bavn\u00e9 reagencie, tak jsem si \u0159ekl, \u017ee zkus\u00edm vyrobit 1-(4-methylfenyl)-2-methylaminopropanon hydrochlorid nebo 4-methylmethcathinone,&#8220; napsal Motor na webu p\u0159edt\u00edm, ne\u017e tvrdil, \u017ee po po\u017eit\u00ed c\u00edtil &#8222;b\u00e1je\u010dn\u00fd pocit blahobytu, kter\u00fd jsem nikdy nem\u011bl z \u017e\u00e1dn\u00e9 drogy, krom\u011b m\u00e9 milovan\u00e9 ext\u00e1ze.&#8220; Kinetic v rozhovorech tvrdil, \u017ee je \u201ematematik, kter\u00fd propagoval pr\u00e1\u0161ky na span\u00ed pro velkou drogovou organizaci\u201c a \u0159ekl, \u017ee \u017eil v Izraeli, kdy\u017e znovu objevil mefedron.              <strong>Jak si mohu objednat mefedron (4-MMC) online?<\/strong> Objedn\u00e1vka mefedronu (4-MMC) online je v\u017edy moudr\u00fdm rozhodnut\u00edm, proto\u017ee v\u00e1m umo\u017e\u0148uje u\u0161et\u0159it \u010das a pen\u00edze. A komunikace s online l\u00e9k\u00e1rnou je jedinou d\u016fv\u011bryhodnou mo\u017enost\u00ed, jak si objednat mefedron (4-MMC) online. \u010ctete to spr\u00e1vn\u011b. M\u00edsto jak\u00e9koli l\u00e9k\u00e1rny by m\u011bl b\u00fdt pou\u017eit renomovan\u00fd online dodavatel mefedronu (4-MMC), abyste mohli o\u010dek\u00e1vat \u0161pi\u010dkov\u00e9 produkty a rychl\u00e9 dod\u00e1n\u00ed bez jak\u00fdchkoli pot\u00ed\u017e\u00ed. <strong>Online dodavatel mefedronu (4-MMC) \u2013 Ch\u00e1pete, \u017ee je to v\u00e1\u0161 jedin\u00fd nejlep\u0161\u00ed zp\u016fsob n\u00e1kupu mefedronu (4-MMC) online<\/strong> Kdy\u017e na to p\u0159ijde, <strong>Kupte si mefedron (4-MMC) online<\/strong>, online l\u00e9k\u00e1rna, jako je ta na\u0161e, je tou nejlep\u0161\u00ed volbou. Spoluprac\u00ed se spolehlivou, zku\u0161enou l\u00e9k\u00e1rnou m\u016f\u017eete z\u00edskat ty nejlep\u0161\u00ed produkty a zajistit jejich \u00fa\u010dinnost a bezpe\u010dnost. Profesion\u00e1ln\u00ed poskytovatel\u00e9 berou sv\u00e9 povinnosti a odpov\u011bdnost v\u016f\u010di z\u00e1kazn\u00edk\u016fm velmi v\u00e1\u017en\u011b. Mefedron (4-MMC) a dal\u0161\u00ed souvisej\u00edc\u00ed l\u00e9ky lze zakoupit v online l\u00e9k\u00e1rn\u011b za spravedliv\u00e9 a dostupn\u00e9 ceny. Toto zbo\u017e\u00ed lze po\u0159\u00eddit za velmi m\u00e1lo pen\u011bz.        <\/p>\n<h3><strong>V\u00edte, kde koupit mefedron (4-MMC)?<\/strong><\/h3>\n<p> Mefedron (4-MMC) na prodej, hodnota ulice <a href=\"https:\/\/dieapotheke247.com\/\">Mefedron<\/a> (4-MMC), d\u00e1vkov\u00e1n\u00ed mefedronu (4-MMC), jak vyrobit mefedron (4-MMC), kde mohu koupit mefedron ( 4 -MMC) koupit online, kde koupit mefedron (4-MMC), co je mefedron (4-MMC) a pr\u00e9miov\u00fd mefedron (4-MMC) na prodej. Na v\u0161echny tyto nevy\u0159e\u0161en\u00e9 ot\u00e1zky m\u016f\u017eeme poskytnout \u0159e\u0161en\u00ed. Na na\u0161em webu se dozv\u00edte, jak koupit amfetaminov\u00fd pr\u00e1\u0161ek online a kde jej koupit.   <strong>A co 4-MMC (4-MEP)? V\u00edte, kde si mohu koupit mefedron (4-MMC) online? Kde mohu z\u00edskat mefedron (4-MMC), \u010dist\u00fd mefedron (4-MMC), kde mohu koupit mefedron (4-MMC) online a dal\u0161\u00ed souvisej\u00edc\u00ed term\u00edny a v\u00fdrazy jsou \u201ekoupit mefedron (4-MMC) na prodej\u201c, \u201e jak vyrobit mefedron (4-MMC), \u201ejak vypad\u00e1 mefedron (4-MMC)\u201c a \u201emefedron (4-MMC) za b\u011b\u017enou cenu\u201c.  <\/strong><\/p>\n<h3><strong>Objednejte si mefedron (4-MMC).<\/strong><\/h3>\n<p> Vysoce kvalitn\u00ed online mefedronov\u00fd (4-MMC) pr\u00e1\u0161ek: Proto\u017ee nemohou osobn\u011b zkontrolovat mefedronov\u00fd (4-MMC) pr\u00e1\u0161ek nab\u00edzen\u00fd online, je zcela pochopiteln\u00e9, \u017ee lid\u00e9 ned\u016fv\u011b\u0159uj\u00ed jeho kvalit\u011b. To v\u0161ak nen\u00ed p\u0159\u00edpad online dodavatel\u016f pr\u00e1\u0161ku Mephedrone (4-MMC). Zde nab\u00edzen\u00e9 produkty jsou p\u0159esnou reprezentac\u00ed toho, co jsou, s prvot\u0159\u00eddn\u00ed \u00fadr\u017ebou prov\u00e1d\u011bnou pod odborn\u00fdm dohledem. Rychl\u00e9 &amp;amp; Diskr\u00e9tn\u00ed doprava: Po obdr\u017een\u00ed objedn\u00e1vky bude mefedron (4-MMC) odesl\u00e1n online co nejrychleji. P\u0159epravn\u00ed t\u00fdm vynakl\u00e1d\u00e1 ve\u0161ker\u00e9 \u00fasil\u00ed, aby zajistil, \u017ee proces odesl\u00e1n\u00ed a doru\u010den\u00ed bude rychl\u00fd a snadn\u00fd. Kdy\u017e si koup\u00edte Mephedrone (4-MMC) online od specialisty, m\u016f\u017eete po\u010d\u00edtat i s prvot\u0159\u00eddn\u00edmi slu\u017ebami.      &nbsp;<\/p>\n","protected":false},"excerpt":{"rendered":"<p>B\u00edl\u00fd pr\u00e1\u0161ek, tobolky, pilulky nebo jin\u00e9 formy mefedronu lze \u0161\u0148upat, pod\u00e1vat injek\u010dn\u011b, kou\u0159it nebo u\u017e\u00edvat rekt\u00e1ln\u011b. \u00da\u010dinky se dostav\u00ed 15 a\u017e 45 minut po peror\u00e1ln\u00edm u\u017eit\u00ed drogy a jsou okam\u017eit\u00e9 pro ty, kte\u0159\u00ed ji \u0161\u0148upou. Mefedron je jen jednou z bezpo\u010dtu zna\u010dkov\u00fdch drog nebo leg\u00e1ln\u00edch drog, kter\u00e9 byly v posledn\u00edch letech hl\u00e1\u0161eny, spolu se syntetick\u00fdm konop\u00edm a dal\u0161\u00edmi um\u011bl\u00fdmi chemik\u00e1liemi, jako je methylhexanamin.   &nbsp;<\/p>\n","protected":false},"featured_media":18631,"comment_status":"closed","ping_status":"closed","template":"","meta":{"om_disable_all_campaigns":false,"_sitemap_exclude":false,"_sitemap_priority":"","_sitemap_frequency":"","_monsterinsights_skip_tracking":false,"_monsterinsights_sitenote_active":false,"_monsterinsights_sitenote_note":"","_monsterinsights_sitenote_category":0},"product_cat":[7851],"product_tag":[8422,8421,8423,8406,8414,8409,8403,8405,8410,8417,8413,8424,8419,8420,8416,8411,8418,8404,8412,8408,8415,8407],"class_list":{"0":"post-24067","1":"product","2":"type-product","3":"status-publish","4":"has-post-thumbnail","6":"product_cat-vyzkum-chemickych-latek-a-psychedelik","7":"product_tag-autenticky-mefedron-4-mmc-evropa","8":"product_tag-dodavka-mefedronu-4-mmc-evropa","9":"product_tag-evropsti-dodavatele-mefedronu-4-mmc","10":"product_tag-kde-koupit-mefedron-4-mmc-online","11":"product_tag-kde-koupit-mephedrone-4-mmc-europe","12":"product_tag-kolik-je-mefedron-4-mmc","13":"product_tag-koupit-mefedron-4-mmc","14":"product_tag-koupit-mefedron-4-mmc-online","15":"product_tag-kupte-si-mefedron-4-mmc-online-evropa","16":"product_tag-levny-mefedron-4-mmc-evropa","17":"product_tag-mefedron-4-mmc-doprava-zdarma-po-evrope","18":"product_tag-mefedron-4-mmc-europe-review","19":"product_tag-mefedron-4-mmc-europe-shop","20":"product_tag-mefedron-4-mmc-evropa-sleva","21":"product_tag-mefedron-4-mmc-internetovy-obchod-evropa","22":"product_tag-mefedron-4-mmc-nejlepsi-cena-v-evrope","23":"product_tag-nabidky-mefedronu-4-mmc-evropa","24":"product_tag-objednat-mefedron-4-mmc-online","25":"product_tag-objednavka-mefedronu-4-mmc-eu","26":"product_tag-online-prodej-mefedronu-4-mmc","27":"product_tag-prodej-mefedronu-4-mmc-v-evrope","28":"product_tag-ucinky-mefedronu-4-mmc","30":"first","31":"instock","32":"shipping-taxable","33":"purchasable","34":"product-type-variable","35":"farmacie-col"},"aioseo_notices":[],"_links":{"self":[{"href":"https:\/\/lacasadelamedicina.es\/cs\/wp-json\/wp\/v2\/product\/24067"}],"collection":[{"href":"https:\/\/lacasadelamedicina.es\/cs\/wp-json\/wp\/v2\/product"}],"about":[{"href":"https:\/\/lacasadelamedicina.es\/cs\/wp-json\/wp\/v2\/types\/product"}],"replies":[{"embeddable":true,"href":"https:\/\/lacasadelamedicina.es\/cs\/wp-json\/wp\/v2\/comments?post=24067"}],"wp:featuredmedia":[{"embeddable":true,"href":"https:\/\/lacasadelamedicina.es\/cs\/wp-json\/wp\/v2\/media\/18631"}],"wp:attachment":[{"href":"https:\/\/lacasadelamedicina.es\/cs\/wp-json\/wp\/v2\/media?parent=24067"}],"wp:term":[{"taxonomy":"product_cat","embeddable":true,"href":"https:\/\/lacasadelamedicina.es\/cs\/wp-json\/wp\/v2\/product_cat?post=24067"},{"taxonomy":"product_tag","embeddable":true,"href":"https:\/\/lacasadelamedicina.es\/cs\/wp-json\/wp\/v2\/product_tag?post=24067"}],"curies":[{"name":"wp","href":"https:\/\/api.w.org\/{rel}","templated":true}]}}