{"id":24058,"date":"2024-08-09T14:02:09","date_gmt":"2024-08-09T14:02:09","guid":{"rendered":"https:\/\/lacasadelamedicina.es\/product\/koupit-kokain-z-rybich-supin-online\/"},"modified":"2024-08-30T19:42:27","modified_gmt":"2024-08-30T19:42:27","slug":"koupit-kokain-z-rybich-supin-online","status":"publish","type":"product","link":"https:\/\/lacasadelamedicina.es\/cs\/produkt\/koupit-kokain-z-rybich-supin-online\/","title":{"rendered":"Koupit kokain z ryb\u00edch \u0161upin online"},"content":{"rendered":"<h3>Kupte si kokain z ryb\u00edch \u0161upin online.<\/h3>\n<p> Jednou z nej\u010dist\u0161\u00edch forem kokainu, kter\u00e9 jsou dnes k dispozici, je kokain z ryb\u00edch \u0161upin, kter\u00fd se st\u00e1v\u00e1 st\u00e1le obl\u00edben\u011bj\u0161\u00edm u u\u017eivatel\u016f hledaj\u00edc\u00edch vysoce kvalitn\u00ed l\u00e1tku. Konven\u010dn\u00ed formy kokainu jsou m\u00e9n\u011b \u00fa\u010dinn\u00e9 ne\u017e kokain z ryb\u00edch \u0161upin, kter\u00fd se n\u011bkdy m\u00edch\u00e1 s jin\u00fdmi narkotiky, aby byl siln\u011bj\u0161\u00ed. Pokud si chcete koupit kokain z ryb\u00edch \u0161upin online za nejni\u017e\u0161\u00ed cenu, nehledejte nic jin\u00e9ho ne\u017e l\u00e9k\u00e1rnu Dr. Lawsons. Koupit kokain z ryb\u00edch \u0161upin online \u2013    <a href=\"https:\/\/drlawsonspharmacy\/contact-us\/\">KONTAKT<\/a><\/p>\n<h3>Jak se vyr\u00e1b\u00ed kokain z ryb\u00edch \u0161upin?<\/h3>\n<p> Vyzkou\u0161ejte kokain z ryb\u00edch \u0161upin na prodej, pokud hled\u00e1te nov\u00fd p\u0159\u00edstup k tomu, abyste se dostali do pohody. M\u00e1 perle\u0165ov\u011b b\u00edlou barvu a je to kokain s vysokou intenzitou. Term\u00edn \u201ekokain z ryb\u00edch \u0161upin\u201c odkazuje na jeho v\u00fdrazn\u00fd vzhled. Kokain z ryb\u00edch \u0161upin se vyr\u00e1b\u00ed sm\u00edch\u00e1n\u00edm jedl\u00e9 sody nebo aktivn\u00edho lok\u00e1ln\u00edho anestetika s \u010dist\u00fdm kokainov\u00fdm pr\u00e1\u0161kem, aby se vytvo\u0159il z\u00e1klad, kter\u00fd se zah\u0159\u00edv\u00e1 a\u017e do zkapaln\u011bn\u00ed, pot\u00e9 se p\u0159eced\u00ed, nalije a ochlad\u00ed. Tyto formy vytv\u00e1\u0159ej\u00ed hmotu podobnou tmelu, kter\u00e1 se po ochlazen\u00ed rozl\u00e1me na stejn\u011b velk\u00e9 \u201eryb\u00ed \u0161upiny\u201c produktu obsahuj\u00edc\u00edho kokain. To vytv\u00e1\u0159\u00ed zna\u010dn\u00fd trh pro jednotlivce, kte\u0159\u00ed jej cht\u011bj\u00ed u\u017e\u00edvat jako rekrea\u010dn\u00ed drogu. Tyto kousky pak mohou b\u00fdt d\u00e1le zpracov\u00e1ny na pr\u00e1\u0161ek nebo jako takov\u00e9 prod\u00e1ny. Kokain z ryb\u00edch \u0161upin si m\u016f\u017eete koupit online bu\u010f ve velk\u00e9m, nebo po gramech v l\u00e9k\u00e1rn\u011b Dr Lawsons.        <\/p>\n<h3>V\u00fdhody &amp;amp; Vedlej\u0161\u00ed \u00fa\u010dinky ryb\u00edho kokainu<\/h3>\n<p> Nejlep\u0161\u00ed mo\u017enost\u00ed pro kokain, kter\u00fd je siln\u00fd a n\u00e1vykov\u00fd, je kokain z ryb\u00edch \u0161upin. Kokain z ryb\u00edch \u0161upin se od ostatn\u00edch typ\u016f kokainu li\u0161\u00ed v mnoha ohledech, v\u010detn\u011b intenzity vzestup\u016f a p\u00e1d\u016f. M\u016f\u017eete si b\u00fdt jisti, \u017ee z\u00edsk\u00e1v\u00e1te nejlep\u0161\u00ed mo\u017en\u00fd z\u00e1\u017eitek, proto\u017ee kokain z ryb\u00edch \u0161upin je tak\u00e9 dostupn\u00fd ve vysok\u00e9 kvalit\u011b. Je ide\u00e1ln\u00ed pro pou\u017eit\u00ed v kr\u00e1tk\u00fdch d\u00e1vk\u00e1ch nebo kdy\u017e nem\u00e1te \u010das na plnou d\u00e1vku, proto\u017ee po po\u017eit\u00ed vydr\u017e\u00ed asi dv\u011b hodiny. Kokain z ryb\u00edch \u0161upin je jen dal\u0161\u00ed formou l\u00e1tky, kterou lid\u00e9 r\u00e1di u\u017e\u00edvaj\u00ed; nem\u00e1 \u017e\u00e1dn\u00e9 negativn\u00ed pr\u00e1vn\u00ed ani zdravotn\u00ed \u00fa\u010dinky. Siln\u00fd typ kokainu zvan\u00fd \u201ekokain z ryb\u00edch \u0161upin\u201c si v posledn\u00ed dob\u011b z\u00edsk\u00e1v\u00e1 na popularit\u011b. I kdy\u017e to m\u016f\u017ee zp\u016fsobit siln\u00e9 high, m\u016f\u017ee to m\u00edt tak\u00e9 negativn\u00ed d\u016fsledky, kter\u00e9 mohou b\u00fdt fat\u00e1ln\u00ed. Ne\u017e za\u010dnete u\u017e\u00edvat kokain Fishscale, je d\u016fle\u017eit\u00e9 se vzd\u011bl\u00e1vat o procesu v\u00fdroby drogy, potenci\u00e1ln\u00edch p\u0159\u00ednosech a rizic\u00edch ao tom, kde ji leg\u00e1ln\u011b z\u00edskat. Jednotlivci, kte\u0159\u00ed se rozhodnou koupit kokain Fishscale online ve velk\u00e9m nebo v mal\u00fdch d\u00e1vk\u00e1ch, jsou v kone\u010dn\u00e9m d\u016fsledku zodpov\u011bdn\u00ed za informovan\u00e1 rozhodnut\u00ed o sv\u00e9m zdrav\u00ed a pohod\u011b.         <\/p>\n<h3>Kde koupit Fishscale Cocaine online?<\/h3>\n<p> V l\u00e9k\u00e1rn\u011b Dr. Lawsons je bezpe\u010dn\u00e9 skladov\u00e1n\u00ed narkotik na\u0161\u00ed nejvy\u0161\u0161\u00ed prioritou, a proto nakupujeme ryb\u00ed kokain pouze od renomovan\u00fdch dodavatel\u016f. Abychom zajistili, \u017ee obdr\u017e\u00edte vysoce kvalitn\u00ed produkt, ve\u0161ker\u00fd n\u00e1\u0161 kokain v ryb\u00edm m\u011b\u0159\u00edtku proch\u00e1z\u00ed p\u0159\u00edsnou kontrolou kvality a testovac\u00edmi metodami. Abychom zajistili bezpe\u010dn\u00e9 doru\u010den\u00ed, bal\u00edme a p\u0159epravujeme n\u00e1\u0161 ryb\u00ed kokain k prodeji online diskr\u00e9tn\u011b a pe\u010dliv\u011b. Objednejte si ryb\u00ed kokain velkoobchodn\u011b nyn\u00ed!    &nbsp;<\/p>\n","protected":false},"excerpt":{"rendered":"<p>&nbsp;<\/p>\n","protected":false},"featured_media":18691,"comment_status":"closed","ping_status":"closed","template":"","meta":{"om_disable_all_campaigns":false,"_sitemap_exclude":false,"_sitemap_priority":"","_sitemap_frequency":"","_monsterinsights_skip_tracking":false,"_monsterinsights_sitenote_active":false,"_monsterinsights_sitenote_note":"","_monsterinsights_sitenote_category":0},"product_cat":[8050],"product_tag":[8400,8383,8392,8401,8391,8402,8397,8396,8398,8399,8389,8394,8387,8382,8388,8381,8395,8390,8384,8386,8393,8385],"class_list":{"0":"post-24058","1":"product","2":"type-product","3":"status-publish","4":"has-post-thumbnail","6":"product_cat-kokain","7":"product_tag-autenticky-kokain-z-rybich-supin-v-evrope","8":"product_tag-kde-koupit-kokain-z-rybich-supin-online","9":"product_tag-kde-koupit-kokain-z-rybich-supin-v-evrope","10":"product_tag-kokain-od-evropskych-dodavatelu-rybich-supin","11":"product_tag-kokain-z-rybich-supin-doprava-zdarma-po-evrope","12":"product_tag-kokain-z-rybich-supin-europe-review","13":"product_tag-kokain-z-rybich-supin-europe-shop","14":"product_tag-kokain-z-rybich-supin-evropa-se-zabyva","15":"product_tag-kokain-z-rybich-supin-evropa-sleva","16":"product_tag-kokain-z-rybich-supin-evropska-dodavka","17":"product_tag-kokain-z-rybich-supin-nejlepsi-cena-v-evrope","18":"product_tag-kokain-z-rybich-supin-online-obchodu-evropa","19":"product_tag-kolik-je-kokainu-z-rybich-supin","20":"product_tag-koupit-kokain-z-rybich-supin-online","21":"product_tag-koupit-kokain-z-rybich-supin-online-evropa","22":"product_tag-kupte-si-kokain-z-rybich-supin","23":"product_tag-levny-kokain-z-rybich-supin-v-evrope","24":"product_tag-objednejte-si-kokain-z-rybich-supin-eu","25":"product_tag-objednejte-si-kokain-z-rybich-supin-online","26":"product_tag-online-prodej-kokainu-z-rybich-supin","27":"product_tag-prodej-kokainu-z-rybich-supin-v-evrope","28":"product_tag-ucinky-kokainu-z-rybich-supin","30":"first","31":"instock","32":"shipping-taxable","33":"purchasable","34":"product-type-variable","35":"farmacie-col"},"aioseo_notices":[],"_links":{"self":[{"href":"https:\/\/lacasadelamedicina.es\/cs\/wp-json\/wp\/v2\/product\/24058"}],"collection":[{"href":"https:\/\/lacasadelamedicina.es\/cs\/wp-json\/wp\/v2\/product"}],"about":[{"href":"https:\/\/lacasadelamedicina.es\/cs\/wp-json\/wp\/v2\/types\/product"}],"replies":[{"embeddable":true,"href":"https:\/\/lacasadelamedicina.es\/cs\/wp-json\/wp\/v2\/comments?post=24058"}],"wp:featuredmedia":[{"embeddable":true,"href":"https:\/\/lacasadelamedicina.es\/cs\/wp-json\/wp\/v2\/media\/18691"}],"wp:attachment":[{"href":"https:\/\/lacasadelamedicina.es\/cs\/wp-json\/wp\/v2\/media?parent=24058"}],"wp:term":[{"taxonomy":"product_cat","embeddable":true,"href":"https:\/\/lacasadelamedicina.es\/cs\/wp-json\/wp\/v2\/product_cat?post=24058"},{"taxonomy":"product_tag","embeddable":true,"href":"https:\/\/lacasadelamedicina.es\/cs\/wp-json\/wp\/v2\/product_tag?post=24058"}],"curies":[{"name":"wp","href":"https:\/\/api.w.org\/{rel}","templated":true}]}}