{"id":24042,"date":"2024-08-09T14:02:09","date_gmt":"2024-08-09T14:02:09","guid":{"rendered":"https:\/\/lacasadelamedicina.es\/product\/koupit-p2p-olej-online\/"},"modified":"2024-08-09T14:02:09","modified_gmt":"2024-08-09T14:02:09","slug":"koupit-p2p-olej-online","status":"publish","type":"product","link":"https:\/\/lacasadelamedicina.es\/cs\/produkt\/koupit-p2p-olej-online\/","title":{"rendered":"Koupit P2P olej online"},"content":{"rendered":"<h3>Koupit P2P olej online.<\/h3>\n<p> P2P nakupov\u00e1n\u00ed. Chemicky je fenylaceton organick\u00e1 slou\u010denina se vzorcem C6H5CH2COCH3. Je to prd\u00edc\u00ed s\u00edra, kter\u00e1 se rozpou\u0161t\u00ed v organick\u00fdch rozpou\u0161t\u011bdlech. Tato l\u00e1tka, zn\u00e1m\u00e1 tak\u00e9 jako P2P, se pou\u017e\u00edv\u00e1 k v\u00fdrob\u011b metamfetaminu a amfetaminu. Kv\u016fli sv\u00e9mu neleg\u00e1ln\u00edmu pou\u017eit\u00ed v tajn\u00e9 chemii byl v roce 1980 ve Spojen\u00fdch st\u00e1tech prohl\u00e1\u0161en za kontrolovanou l\u00e1tku Schedule II. Fenylaceton vznik\u00e1 oxidativn\u00ed deaminac\u00ed amfetaminu a metamfetaminu u lid\u00ed zprost\u0159edkovanou FMO3. V na\u0161em internetov\u00e9m obchod\u011b si m\u016f\u017eete objednat vysoce kvalitn\u00ed P2P olej levn\u011b a s dopravou zdarma. Koupit P2P olej online Kde mohu koupit P2P olej online?        <\/p>\n<h3>Jsme nejlep\u0161\u00ed online dodavatel vysoce kvalitn\u00edho P2P-l v Evrop\u011b.<\/h3>\n<p><strong>Mohu si koupit P2P-L online?<\/strong> Doporu\u010dujeme v\u00e1m, abyste si v\u0161echny sv\u00e9 produkty zakoupili u Dr. Lawsons Pharmacy. Toto je nejuzn\u00e1van\u011bj\u0161\u00ed online prodejce chemik\u00e1li\u00ed pro v\u00fdzkum, kde m\u016f\u017eete z\u00edskat pr\u00e1\u0161ek i etanol za konkurenceschopnou cenu. Koupit P2p-l   <strong>Pro\u010d u n\u00e1s lid\u00e9 nakupuj\u00ed?<\/strong><\/p>\n<p>&nbsp;<\/p>\n<p><a href=\"https:\/\/drlawsonspharmacy\/contact-us\/\">KONTAKT<\/a> Jsme v\u00fdrobce s rozumn\u00fdmi cenami, rychl\u00fdm dod\u00e1n\u00edm a 99,99% p\u0159esnost\u00ed. Typy P2P Tato v\u00fdzkumn\u00e1 chemik\u00e1lie je nab\u00edzena ve dvou r\u016fzn\u00fdch form\u00e1ch, v\u010detn\u011b pr\u00e1\u0161ku a kapaliny.\u201c Tagy: snadn\u00e9, P2P recepty, krok za krokem P2P metoda P2P led, v\u016fn\u011b benzyl methyl ketonu, fenyl-2-propanon a methylamin, synt\u00e9za P2P, synt\u00e9za benzyl methyl ketonu, synt\u00e9za fenyl-2-propanonu <\/p>\n<h4>Podtitul: koupit fenylacetonol (P2P) online.<\/h4>\n<p>&nbsp;<\/p>\n<h3><strong>objednat olej p2p<\/strong><\/h3>\n<p> Koupit fenylaceton (P2P) online l. Chemick\u00e1 slou\u010denina zn\u00e1m\u00e1 jako fenylaceton m\u00e1 vzorec C6H5CH2COCH3. Kapalina je bezbarv\u00e1 a rozpustn\u00e1 v rozpou\u0161t\u011bdlech. Tato l\u00e1tka se b\u011b\u017en\u011b ozna\u010duje jako P2P, kdy\u017e se pou\u017e\u00edv\u00e1 k v\u00fdrob\u011b metamfetaminu a amfetaminu. Kv\u016fli neleg\u00e1ln\u00edmu pou\u017e\u00edv\u00e1n\u00ed v neleg\u00e1ln\u00ed chemii byl v roce 1980 v USA prohl\u00e1\u0161en za kontrolovanou l\u00e1tku Schedule II. Fenylaceton vznik\u00e1 u lid\u00ed jako metabolit amfetaminu a metamfetaminu oxidativn\u00ed deaminac\u00ed zprost\u0159edkovanou FMO3. Koupit P2p-l Na\u0161\u00edm c\u00edlem je poskytnout co nej\u0161ir\u0161\u00ed v\u00fdb\u011br a p\u0159\u00edpravu. Jejich vynikaj\u00edc\u00ed kvalita, v\u00fdjime\u010dn\u00e1 hodnota a vynikaj\u00edc\u00ed z\u00e1kaznick\u00fd servis. Pevn\u011b \u200b\u200bv\u011b\u0159\u00edme ve spokojenost z\u00e1kazn\u00edka a bezpe\u010dn\u00e9 doru\u010den\u00ed. Dod\u00e1vka produkt\u016f na\u0161im z\u00e1kazn\u00edk\u016fm je z\u00e1sadn\u00ed pro \u00fasp\u011bch na\u0161eho podnik\u00e1n\u00ed. P2P (l) si m\u016f\u017eete koupit online.           &nbsp;<\/p>\n","protected":false},"excerpt":{"rendered":"<h3>Mohu si koupit P2P-L online?<\/h3>\n<p> Doporu\u010dujeme v\u00e1m, abyste si v\u0161echny sv\u00e9 produkty zakoupili u Dr. Lawsons Pharmacy. Jsou nejuzn\u00e1van\u011bj\u0161\u00edm online prodejcem chemik\u00e1li\u00ed pro v\u00fdzkum, kde m\u016f\u017eete z\u00edskat pr\u00e1\u0161ek i etanol za skv\u011blou cenu.  &nbsp;<\/p>\n","protected":false},"featured_media":18301,"comment_status":"closed","ping_status":"closed","template":"","meta":{"om_disable_all_campaigns":false,"_sitemap_exclude":false,"_sitemap_priority":"","_sitemap_frequency":"","_monsterinsights_skip_tracking":false,"_monsterinsights_sitenote_active":false,"_monsterinsights_sitenote_note":"","_monsterinsights_sitenote_category":0},"product_cat":[7851],"product_tag":[8356,8355,8357,8348,8340,8343,8339,8337,8344,8351,8338,8346,8342,8347,8353,8350,8345,8352,8349,8358,8354,8341],"class_list":{"0":"post-24042","1":"product","2":"type-product","3":"status-publish","4":"has-post-thumbnail","6":"product_cat-vyzkum-chemickych-latek-a-psychedelik","7":"product_tag-autenticky-p2p-olej-pro-evropu","8":"product_tag-dodavka-p2p-ropy-po-evrope","9":"product_tag-evropsti-dodavatele-p2p-ropy","10":"product_tag-kde-koupit-p2p-olej-evropa","11":"product_tag-kde-koupit-p2p-olej-online","12":"product_tag-kolik-stoji-p2p-olej","13":"product_tag-koupit-olej-p2p-online","14":"product_tag-koupit-p2p-olej","15":"product_tag-koupit-p2p-olej-online-evropa","16":"product_tag-levny-p2p-olej-evropa","17":"product_tag-objednat-olej-p2p-online","18":"product_tag-objednejte-si-p2p-olej-eu","19":"product_tag-online-prodej-p2p-oleje","20":"product_tag-p2p-doprava-bez-oleje-po-evrope","21":"product_tag-p2p-olej-europe-shop","22":"product_tag-p2p-olej-online-obchod-evropa","23":"product_tag-p2p-olej-za-nejlepsi-cenu-v-evrope","24":"product_tag-p2p-ropne-evropske-obchody","25":"product_tag-prodej-p2p-ropy-v-evrope","26":"product_tag-recenze-p2p-ropy-evropa","27":"product_tag-sleva-p2p-ropy-evropa","28":"product_tag-ucinky-p2p-oleje","30":"first","31":"instock","32":"shipping-taxable","33":"purchasable","34":"product-type-variable","35":"farmacie-col"},"aioseo_notices":[],"_links":{"self":[{"href":"https:\/\/lacasadelamedicina.es\/cs\/wp-json\/wp\/v2\/product\/24042"}],"collection":[{"href":"https:\/\/lacasadelamedicina.es\/cs\/wp-json\/wp\/v2\/product"}],"about":[{"href":"https:\/\/lacasadelamedicina.es\/cs\/wp-json\/wp\/v2\/types\/product"}],"replies":[{"embeddable":true,"href":"https:\/\/lacasadelamedicina.es\/cs\/wp-json\/wp\/v2\/comments?post=24042"}],"wp:featuredmedia":[{"embeddable":true,"href":"https:\/\/lacasadelamedicina.es\/cs\/wp-json\/wp\/v2\/media\/18301"}],"wp:attachment":[{"href":"https:\/\/lacasadelamedicina.es\/cs\/wp-json\/wp\/v2\/media?parent=24042"}],"wp:term":[{"taxonomy":"product_cat","embeddable":true,"href":"https:\/\/lacasadelamedicina.es\/cs\/wp-json\/wp\/v2\/product_cat?post=24042"},{"taxonomy":"product_tag","embeddable":true,"href":"https:\/\/lacasadelamedicina.es\/cs\/wp-json\/wp\/v2\/product_tag?post=24042"}],"curies":[{"name":"wp","href":"https:\/\/api.w.org\/{rel}","templated":true}]}}