{"id":24034,"date":"2024-08-09T14:02:09","date_gmt":"2024-08-09T14:02:09","guid":{"rendered":"https:\/\/lacasadelamedicina.es\/product\/koupit-sgt-78-online\/"},"modified":"2024-08-30T18:53:48","modified_gmt":"2024-08-30T18:53:48","slug":"koupit-sgt-78-online","status":"publish","type":"product","link":"https:\/\/lacasadelamedicina.es\/cs\/produkt\/koupit-sgt-78-online\/","title":{"rendered":"Koupit SGT-78 online"},"content":{"rendered":"<h3><span lang=\"EN-US\">SGT-78 \u2013 Kupte SGT-78 online, SGT-78 na prodej, objednejte SGT-78 online. <\/span><\/h3>\n<p> Koupit SGT-78 online \u2013 L\u00e9k\u00e1rna Dr. Lawsons nyn\u00ed nab\u00edz\u00ed SGT-78 k n\u00e1kupu online. Na\u0161e spole\u010dnost se zab\u00fdv\u00e1 prodejem SGT-78 a online objedn\u00e1vkami Sgt-78. Objednejte si SGT-78 opr\u00e1vn\u011bn\u011b hned te\u010f! Koupit SGT-78 online &#8211;    <a href=\"https:\/\/drlawsonspharmacy\/contact-us\/\">KONTAKT<\/a><\/p>\n<h3><span lang=\"EN-US\">Co je SGT-78? <\/span><\/h3>\n<p> Fyziologick\u00e9 a psychotropn\u00ed \u00fa\u010dinky navr\u017een\u00e9 chemick\u00e9 l\u00e1tky l\u00e9ku, <a href=\"https:\/\/dieapotheke247.com\/\">C22H24N4O<\/a> jsou j\u00edm \u010dasto indukov\u00e1ny. V\u00fdznam vzorce je 360,5 g\/mol. Nikdo nezn\u00e1 toxikologick\u00e9 nebo fyziologick\u00e9 \u00fa\u010dinky objedn\u00e1vky Sgt 78 online. Perifern\u00ed kanabinoidn\u00ed receptory CB1 a CB2 mohou siln\u011b interagovat se syntetick\u00fdmi kanabinoidy. Jeden syntetick\u00fd kanabinoid na b\u00e1zi indazol-3-karboxamidu, kter\u00fd se prod\u00e1v\u00e1 online jako v\u00fdvojov\u00e1 droga, se naz\u00fdv\u00e1 SGT-78. M\u00e1 in vitro hodnoty EC50 0,58 nM a 6,12 nM pro kanabinoidn\u00ed receptory CB1 a CB2, co\u017e z n\u011bj \u010din\u00ed siln\u00e9ho agonistu. Neofici\u00e1ln\u00ed d\u016fkazy nazna\u010duj\u00ed, \u017ee CUMYL-4CN-BINACA m\u00e1 energetickou d\u00e1vku asi 0,1 mg u lid\u00ed a \u017ee vykazuje hypotermick\u00e9 a antikonvulzivn\u00ed \u00fa\u010dinky u my\u0161\u00ed, kdy\u017e je pod\u00e1v\u00e1n prost\u0159ednictv\u00edm receptoru CB1. Metabolismus CUMYL-4CN-BINACA produkuje kyanid, kter\u00fd vyvol\u00e1v\u00e1 obavy z po\u0161kozen\u00ed jater. Pod\u00e1v\u00e1n\u00ed p\u0159\u00edpravku CUMYL-4CN-BINACA bylo spojeno s v\u00fdskytem hypertermie, rhabdomyol\u00fdzy a selh\u00e1n\u00ed ledvin.         <\/p>\n<h3><span lang=\"EN-US\">Koupit SGT-78 online \u2013 Co je zalo\u017eeno na SGT-78?<\/span><\/h3>\n<p> SGT-78, tak\u00e9 zn\u00e1m\u00fd jako CUMYL-4CN-BINACA, je syntetick\u00fd kanabinoid na b\u00e1zi indazol-3-karboxamidu. Nap\u0159\u00edklad byl nab\u00edzen k prodeji online jako designov\u00e1 droga. Nav\u00edc je to siln\u00fd agonista kanabinoidn\u00edch receptor\u016f CB1 a CB2. Nakonec byly zji\u0161t\u011bny in vitro hodnoty EC50 0,58 nM a 6,12 nM. SGT-78 vyu\u017e\u00edv\u00e1 receptor CB1 u my\u0161\u00ed k uvol\u0148ov\u00e1n\u00ed hypotermick\u00fdch a antikonvulzivn\u00edch l\u00e1tek. Neofici\u00e1ln\u00ed zpr\u00e1vy nazna\u010duj\u00ed, \u017ee energetick\u00e1 d\u00e1vka u lid\u00ed je kolem 0,1 mg. Metabolismus SGT-78 produkuje kyanid, co\u017e vyvol\u00e1v\u00e1 obavy z jatern\u00ed toxicity. Krom\u011b toho je jeho pou\u017eit\u00ed spojeno s rhabdomyol\u00fdzou, selh\u00e1n\u00edm ledvin a t\u011b\u017ekou hypertermi\u00ed. Analytick\u00fd referen\u010dn\u00ed standard 5FAEB2201, l\u00e1tka pou\u017e\u00edvan\u00e1 ve forenzn\u00edch a v\u011bdeck\u00fdch aplikac\u00edch, je nav\u00edc struktur\u00e1ln\u011b identick\u00fd s t\u00edmto syntetick\u00fdm kanabinoidem. Kupte si SGT-78 online z USA a z\u00edskejte pr\u00e9miov\u00e9 zbo\u017e\u00ed. Za prv\u00e9, konop\u00ed produkuje \u0159adu l\u00e1tek zvan\u00fdch kanabinoidy. Mnoh\u00e9 z nich se v jin\u00fdch rostlin\u00e1ch nevyskytuj\u00ed. Kolik p\u0159esn\u011b? To je t\u011b\u017ek\u00e9 \u0159\u00edct. \u010casto se tvrd\u00ed, \u017ee konop\u00ed produkuje des\u00edtky, ne-li v\u00edce ne\u017e 100 r\u016fzn\u00fdch rostlinn\u00fdch kanabinoid\u016f. Je tak\u00e9 obt\u00ed\u017en\u00e9 ur\u010dit p\u0159esnou \u010d\u00e1stku. V\u011bt\u0161ina je tak\u00e9 nedostate\u010dn\u011b zastoupena, zejm\u00e9na v pr\u016fmyslov\u00fdch konopn\u00fdch produktech. Z tohoto d\u016fvodu je pro v\u011bdce obt\u00ed\u017en\u00e9 p\u0159esn\u011b ur\u010dit. Fakt, \u017ee jich je hodn\u011b, je z\u00e1sadn\u00ed.                   <\/p>\n<h3><strong>Objedn\u00e1vka SGT-78<\/strong><\/h3>\n<p> Neexistuje v\u0161ak \u017e\u00e1dn\u00fd spolehliv\u00fd zp\u016fsob, jak odhalit zneu\u017e\u00edv\u00e1n\u00ed zna\u010dkov\u00fdch drog a v\u00fdzkumn\u00fdch chemik\u00e1li\u00ed. V jin\u00fdch p\u0159\u00edpadech se chovaj\u00ed jinak ne\u017e p\u016fvodn\u00ed l\u00e1tka a zn\u00e1mky a p\u0159\u00edznaky jejich u\u017e\u00edv\u00e1n\u00ed a zneu\u017e\u00edv\u00e1n\u00ed mohou b\u00fdt velmi odli\u0161n\u00e9. M\u016f\u017ee v\u0161ak b\u00fdt u\u017eite\u010dn\u00e9 sezn\u00e1mit se s p\u0159\u00edznaky a indik\u00e1tory, abyste mohli rozpoznat zneu\u017e\u00edv\u00e1n\u00ed drog ve v\u00fdzkumu. Stru\u010dn\u011b \u0159e\u010deno, sd\u00edlej\u00ed mnoho podobnost\u00ed a souvisej\u00ed se zn\u00e1m\u00fdmi zna\u010dkov\u00fdmi drogami, kter\u00e9 se prod\u00e1vaj\u00ed, jakmile budou k dispozici informace.    &nbsp;<\/p>\n","protected":false},"excerpt":{"rendered":"<p>&nbsp;<\/p>\n","protected":false},"featured_media":18286,"comment_status":"closed","ping_status":"closed","template":"","meta":{"om_disable_all_campaigns":false,"_sitemap_exclude":false,"_sitemap_priority":"","_sitemap_frequency":"","_monsterinsights_skip_tracking":false,"_monsterinsights_sitenote_active":false,"_monsterinsights_sitenote_note":"","_monsterinsights_sitenote_category":0},"product_cat":[7851],"product_tag":[8334,8333,8335,8326,8318,8321,8315,8317,8322,8329,8330,8331,8316,8324,8320,8327,8336,8325,8328,8323,8332,8319],"class_list":{"0":"post-24034","1":"product","2":"type-product","3":"status-publish","4":"has-post-thumbnail","6":"product_cat-vyzkum-chemickych-latek-a-psychedelik","7":"product_tag-autenticky-sgt-78-evropa","8":"product_tag-dodavka-sgt-78-evropa","9":"product_tag-evropsti-dodavatele-sgt-78","10":"product_tag-kde-koupit-sgt-78-europe","11":"product_tag-kde-koupit-sgt-78-online","12":"product_tag-kolik-je-sgt-78","13":"product_tag-koupit-sgt-78","14":"product_tag-koupit-sgt-78-online","15":"product_tag-koupit-sgt-78-online-evropa","16":"product_tag-levne-sgt-78-europe","17":"product_tag-nabidky-sgt-78-europe","18":"product_tag-obchod-sgt-78-europe","19":"product_tag-objednat-sgt-78-online","20":"product_tag-objednejte-sgt-78-eu","21":"product_tag-online-prodej-sgt-78","22":"product_tag-prodam-sgt-78-evropa","23":"product_tag-recenze-sgt-78-europe","24":"product_tag-sgt-78-doprava-zdarma-po-evrope","25":"product_tag-sgt-78-internetovy-obchod-evropa","26":"product_tag-sgt-78-nejlepsi-cena-v-evrope","27":"product_tag-sleva-sgt-78-evropa","28":"product_tag-ucinky-sgt-78","30":"first","31":"instock","32":"shipping-taxable","33":"purchasable","34":"product-type-variable","35":"farmacie-col"},"aioseo_notices":[],"_links":{"self":[{"href":"https:\/\/lacasadelamedicina.es\/cs\/wp-json\/wp\/v2\/product\/24034"}],"collection":[{"href":"https:\/\/lacasadelamedicina.es\/cs\/wp-json\/wp\/v2\/product"}],"about":[{"href":"https:\/\/lacasadelamedicina.es\/cs\/wp-json\/wp\/v2\/types\/product"}],"replies":[{"embeddable":true,"href":"https:\/\/lacasadelamedicina.es\/cs\/wp-json\/wp\/v2\/comments?post=24034"}],"wp:featuredmedia":[{"embeddable":true,"href":"https:\/\/lacasadelamedicina.es\/cs\/wp-json\/wp\/v2\/media\/18286"}],"wp:attachment":[{"href":"https:\/\/lacasadelamedicina.es\/cs\/wp-json\/wp\/v2\/media?parent=24034"}],"wp:term":[{"taxonomy":"product_cat","embeddable":true,"href":"https:\/\/lacasadelamedicina.es\/cs\/wp-json\/wp\/v2\/product_cat?post=24034"},{"taxonomy":"product_tag","embeddable":true,"href":"https:\/\/lacasadelamedicina.es\/cs\/wp-json\/wp\/v2\/product_tag?post=24034"}],"curies":[{"name":"wp","href":"https:\/\/api.w.org\/{rel}","templated":true}]}}