{"id":24025,"date":"2024-08-09T14:02:09","date_gmt":"2024-08-09T14:02:09","guid":{"rendered":"https:\/\/lacasadelamedicina.es\/product\/koupit-sgt-67-online\/"},"modified":"2024-08-09T14:02:09","modified_gmt":"2024-08-09T14:02:09","slug":"koupit-sgt-67-online","status":"publish","type":"product","link":"https:\/\/lacasadelamedicina.es\/cs\/produkt\/koupit-sgt-67-online\/","title":{"rendered":"Koupit SGT-67 online"},"content":{"rendered":"<h3>SGT-67 Powder \u2013 Koupit SGT-67 online \u2013 SGT-67 na prodej online USA<\/h3>\n<p> SGT-67 je jedn\u00edm z n\u011bkolika designov\u00fdch l\u00e9k\u016f nebo syntetick\u00fdch kanabinoid\u016f. SGT-67 je analog 5F-APICA, ve kter\u00e9m je N-adamantylov\u00e1 skupina nahrazena N-kumylovou skupinou. 5F-CUMYL-PICA je pova\u017eov\u00e1n za agonistu kanabinoidn\u00edho receptoru. Tato polo\u017eka byla vytvo\u0159ena pro forenzn\u00ed a v\u00fdzkumn\u00e9 \u00fa\u010dely. Jednodu\u0161e klikn\u011bte na tla\u010d\u00edtko &#8222;Koupit nyn\u00ed&#8220; v l\u00e9k\u00e1rn\u011b Dr. Lawsona a objednejte si SGT-67 online. Pro hodnocen\u00ed metabolismu a clearance v\u00fdzkumn\u00e9 chemick\u00e9 l\u00e1tky pomoc\u00ed potkan\u00edch a lidsk\u00fdch jatern\u00edch mikrozom\u016f a hepatocyt\u016f studie SGT-67 porovn\u00e1vala vzorky mo\u010di s in vivo potkan\u00ed plazmou.      <a href=\"https:\/\/drlawsonspharmacy\/contact-us\/\">KONTAKT<\/a><\/p>\n<h3>Jak se dozv\u00edm o SGT-67?<\/h3>\n<p> SGT-67 ve farmakologii Je to v podstat\u011b syntetick\u00fd kanabinoid z rodiny indazol\u016f, a\u010dkoli jeho farmakologie je m\u00e1lo prozkoum\u00e1na. Hlavn\u00ed rozd\u00edl mezi n\u00ed a jej\u00edm dal\u0161\u00edm deriv\u00e1tem je v tom, \u017ee d\u0159\u00edv\u011bj\u0161\u00ed N-adamantylov\u00e1 skupina byla nahrazena N-kumylovou skupinou. Podobn\u011b jako je 5F selektivn\u00ed pro receptor CB2, m\u011bl by b\u00fdt selektivn\u00ed i pro receptor CB1. SGT-67 USA nen\u00ed zn\u00e1mo jako kontrolovan\u00e1 l\u00e1tka v \u017e\u00e1dn\u00e9 velk\u00e9 zemi, i kdy\u017e by mohl b\u00fdt pova\u017eov\u00e1n za analog SGT-25, kter\u00fd je v n\u011bkolika zem\u00edch nez\u00e1konn\u00fd. Biologick\u00e9 a toxikologick\u00e9 vlastnosti tohoto l\u00e9ku jsou v sou\u010dasnosti zkoum\u00e1ny. Nen\u00ed ur\u010den pro pou\u017eit\u00ed u zv\u00ed\u0159at jak\u00e9hokoli druhu, v\u010detn\u011b lid\u00ed. SGT-67, kter\u00fd je k dispozici od Dr. Lawsons Pharmacy, p\u0159edn\u00edho online prodejce, je nejlep\u0161\u00edm v\u00fdsledkem studie.       <\/p>\n<h3>Jak\u00e9 jsou d\u016fvody pro v\u00fdb\u011br SGT-67?<\/h3>\n<p> Jedn\u00e1 se o spolehliv\u00fd internetov\u00fd obchod, kde si z\u00e1kazn\u00edci mohou zakoupit vysoce kvalitn\u00ed produkty SGT-67 USA a dal\u0161\u00ed zbo\u017e\u00ed. Abyste toho dos\u00e1hli, mus\u00edte si koupit SGT-67 v obchod\u011b, kter\u00fd m\u00e1 v\u0161echny pot\u0159ebn\u00e9 informace o chemick\u00e9m produktu. M\u00e1me t\u00fdm chemik\u016f, kte\u0159\u00ed v\u00e1m mohou poskytnout relevantn\u00ed informace. Do \u010c\u00edny a dal\u0161\u00edch zem\u00ed dod\u00e1v\u00e1me SGT-67 a chemick\u00e9 produkty jako 4F-MDMB-2201 a SGT-263. N\u011bkolik l\u00e9k\u00e1ren, vysok\u00fdch \u0161kol a laborato\u0159\u00ed nakupuje SGT-67 ve velk\u00e9m pro sv\u00e9 studie. Jsme renomovan\u00fd v\u00fdrobce, kter\u00fd p\u0159izp\u016fsobuje sv\u00e9 zbo\u017e\u00ed po\u017eadavk\u016fm sv\u00fdch z\u00e1kazn\u00edk\u016f.      <\/p>\n<h3>Koupit SGT-67 online \u2013 Jak koupit SGT-67?<\/h3>\n<p> Aby byli na\u0161i z\u00e1kazn\u00edci spokojeni, l\u00e9k\u00e1rna Dr. Lawsons jde nad r\u00e1mec. <\/p>\n<ul>\n<li>Nab\u00edz\u00edme vysoce kvalitn\u00ed SGT-67 k prodeji za velmi n\u00edzkou cenu z\u00e1kazn\u00edk\u016fm po cel\u00e9m sv\u011bt\u011b. Okam\u017eit\u011b n\u00e1s kontaktujte pro \u0161pi\u010dkov\u00e9 slu\u017eby. <\/li>\n<li>Krom\u011b toho prod\u00e1v\u00e1me \u0161irok\u00fd sortiment chemik\u00e1li\u00ed.<\/li>\n<li>Pokud pot\u0159ebujete chemik\u00e1lie, kter\u00e9 nejsou uvedeny na na\u0161ich webov\u00fdch str\u00e1nk\u00e1ch, kontaktujte n\u00e1s a my v\u00e1m d\u00e1me v\u011bd\u011bt, zda jsou dostupn\u00e9 a jak je k v\u00e1m m\u016f\u017eeme dostat.<\/li>\n<\/ul>\n<p> Pr\u00e1\u0161ek SGT-67, kter\u00fd si koup\u00edte, bude l\u00edcem dol\u016f a zabalen\u00fd do hlin\u00edkov\u00e9 f\u00f3lie. V z\u00e1vislosti na tom, kde \u017eijete, m\u016f\u017eeme zas\u00edlat r\u016fzn\u00e9 p\u0159epravn\u00ed spole\u010dnosti. M\u016f\u017eete si tak\u00e9 koupit SGT-67 online. Kontaktujte n\u00e1s pro dal\u0161\u00ed podrobnosti. Nab\u00edz\u00edme spolehlivou a rychlou doru\u010dovac\u00ed s\u00ed\u0165 p\u0159ipravenou p\u0159epravit zbo\u017e\u00ed po cel\u00e9m sv\u011bt\u011b. Kliknut\u00edm sem se dozv\u00edte v\u00edce o SGT-67.      &nbsp;<\/p>\n","protected":false},"excerpt":{"rendered":"<p>&nbsp;<\/p>\n","protected":false},"featured_media":18271,"comment_status":"closed","ping_status":"closed","template":"","meta":{"om_disable_all_campaigns":false,"_sitemap_exclude":false,"_sitemap_priority":"","_sitemap_frequency":"","_monsterinsights_skip_tracking":false,"_monsterinsights_sitenote_active":false,"_monsterinsights_sitenote_note":"","_monsterinsights_sitenote_category":0},"product_cat":[7851],"product_tag":[8312,8311,8313,8306,8304,8296,8299,8293,8295,8300,8307,8308,8309,8294,8302,8298,8305,8314,8303,8301,8310,8297],"class_list":{"0":"post-24025","1":"product","2":"type-product","3":"status-publish","4":"has-post-thumbnail","6":"product_cat-vyzkum-chemickych-latek-a-psychedelik","7":"product_tag-autenticky-sgt-67-evropa","8":"product_tag-dodavka-sgt-67-evropa","9":"product_tag-evropsti-dodavatele-sgt-67","10":"product_tag-internetovy-obchod-sgt-67-evropa","11":"product_tag-kde-koupit-sgt-67-europe","12":"product_tag-kde-koupit-sgt-67-online","13":"product_tag-kolik-je-sgt-67","14":"product_tag-koupit-sgt-67","15":"product_tag-koupit-sgt-67-online","16":"product_tag-koupit-sgt-67-online-evropa","17":"product_tag-levne-sgt-67-europe","18":"product_tag-nabidky-sgt-67-europe","19":"product_tag-obchod-sgt-67-europe","20":"product_tag-objednat-sgt-67-online","21":"product_tag-objednejte-sgt-67-eu","22":"product_tag-online-prodej-sgt-67","23":"product_tag-prodej-sgt-67-evropa","24":"product_tag-recenze-sgt-67-europe","25":"product_tag-sgt-67-doprava-zdarma-po-evrope","26":"product_tag-sgt-67-nejlepsi-cena-v-evrope","27":"product_tag-sleva-sgt-67-evropa","28":"product_tag-ucinky-sgt-67","30":"first","31":"instock","32":"shipping-taxable","33":"purchasable","34":"product-type-variable","35":"farmacie-col"},"aioseo_notices":[],"_links":{"self":[{"href":"https:\/\/lacasadelamedicina.es\/cs\/wp-json\/wp\/v2\/product\/24025"}],"collection":[{"href":"https:\/\/lacasadelamedicina.es\/cs\/wp-json\/wp\/v2\/product"}],"about":[{"href":"https:\/\/lacasadelamedicina.es\/cs\/wp-json\/wp\/v2\/types\/product"}],"replies":[{"embeddable":true,"href":"https:\/\/lacasadelamedicina.es\/cs\/wp-json\/wp\/v2\/comments?post=24025"}],"wp:featuredmedia":[{"embeddable":true,"href":"https:\/\/lacasadelamedicina.es\/cs\/wp-json\/wp\/v2\/media\/18271"}],"wp:attachment":[{"href":"https:\/\/lacasadelamedicina.es\/cs\/wp-json\/wp\/v2\/media?parent=24025"}],"wp:term":[{"taxonomy":"product_cat","embeddable":true,"href":"https:\/\/lacasadelamedicina.es\/cs\/wp-json\/wp\/v2\/product_cat?post=24025"},{"taxonomy":"product_tag","embeddable":true,"href":"https:\/\/lacasadelamedicina.es\/cs\/wp-json\/wp\/v2\/product_tag?post=24025"}],"curies":[{"name":"wp","href":"https:\/\/api.w.org\/{rel}","templated":true}]}}