{"id":24017,"date":"2024-08-09T14:02:09","date_gmt":"2024-08-09T14:02:09","guid":{"rendered":"https:\/\/lacasadelamedicina.es\/product\/koupit-sgt-263-online\/"},"modified":"2024-08-09T14:02:09","modified_gmt":"2024-08-09T14:02:09","slug":"koupit-sgt-263-online","status":"publish","type":"product","link":"https:\/\/lacasadelamedicina.es\/cs\/produkt\/koupit-sgt-263-online\/","title":{"rendered":"Koupit SGT-263 online"},"content":{"rendered":"<h3>SGT-263 Powder \u2013 Koupit SGT-263 online, SGT-263 na prodej v USA<\/h3>\n<p> SGT-263 je vysoce \u00fa\u010dinn\u00e1 slou\u010denina s chemick\u00fdm vzorcem 1-5-fluorfenyl-N-2-fenylpropan-2-yl-7-azaindol-3-karboxamid, kter\u00e1 sd\u00edl\u00ed z\u00f3nu s MMB-CHMINACA. Online objedn\u00e1vka pro SGT- 263 je mo\u017en\u00e9 odkudkoli na sv\u011bt\u011b. Kontaktovat n\u00e1s mohou pouze SGT-263 USA, Velk\u00e1 Brit\u00e1nie a Austr\u00e1lie. Na\u0161e internetov\u00e1 chemick\u00e1 l\u00e9k\u00e1rna je otev\u0159ena dvacet \u010dty\u0159i hodin denn\u011b. Jsme p\u0159ipraveni v\u00e1m kdykoli pomoci. Chcete z\u00edskat SGT-263 online za m\u00e9n\u011b pen\u011bz? Objednejte si to hned te\u010f. Koupit SGT-263 online &#8211;       <a href=\"https:\/\/drlawsonspharmacy\/contact-us\/\">KONTAKT<\/a><\/p>\n<h3>Koupit SGT-263 online &#8211; Co je SGT-263?<\/h3>\n<p> Tento modern\u011bj\u0161\u00ed syntetick\u00fd kanabinoid otev\u00edr\u00e1 \u0161irokou \u0161k\u00e1lu nov\u00fdch mo\u017enost\u00ed v\u00fdzkumu. Pro forenzn\u00ed pou\u017eit\u00ed a anal\u00fdzu jsou syntetick\u00e9 kanabinoidy nab\u00edzeny na t\u011bchto webov\u00fdch str\u00e1nk\u00e1ch. S chemick\u00fdm vzorcem C22H24N40 se jedn\u00e1 o designovou drogu, kterou lze pou\u017e\u00edt k v\u00fdrob\u011b psychotropn\u00edch a fyziologick\u00fdch drog. Jej\u00ed hmotnost je 360,5 g\/mol. Je mo\u017en\u00e9, \u017ee maj\u00ed nadm\u011brnou afinitu ke kanabinoidn\u00edm receptor\u016fm CB1 a CB2 v perifern\u00edm nervov\u00e9m syst\u00e9mu. Obvykle se Sgt-263 prod\u00e1v\u00e1 jako pr\u00e1\u0161ek, ale pokud pot\u0159ebujete dal\u0161\u00ed chemick\u00e9 l\u00e1tky, kontaktujte n\u00e1s, proto\u017ee m\u00e1me n\u011bkolik mo\u017enost\u00ed. Prod\u00e1van\u00e1 droga nem\u00e1 \u017e\u00e1dn\u00e9 jin\u00e9 zam\u00fd\u0161len\u00e9 pou\u017eit\u00ed. Maj\u00ed b\u00fdt aplikov\u00e1ny na zv\u00ed\u0159ata, potraviny, l\u00e9ky, zdravotnick\u00e9 prost\u0159edky, kosmetiku nebo jin\u00e1 zv\u00ed\u0159ata pouze pro diagnostick\u00e9 \u00fa\u010dely. Ujist\u011bte se, \u017ee va\u0161e pracovi\u0161t\u011b je vybaveno pro pr\u00e1ci s v\u00fdzkumn\u00fdmi chemik\u00e1liemi a m\u00e1 dostate\u010dn\u00e9 v\u011btr\u00e1n\u00ed. V\u0161ichni z\u00e1kazn\u00edci si mohou zakoupit SGT-263 v l\u00e9k\u00e1rn\u011b Dr. Lawson&#8217;s Pharmacy. *** Translated with www.DeepL.com\/Translator (free version) ***          <\/p>\n<h3>Jak bezpe\u010dn\u00e9 je pou\u017eit\u00ed SGT-263?<\/h3>\n<p> P\u0159ed\u00e1vkov\u00e1n\u00ed Sgt. 263 by m\u011bl b\u00fdt okam\u017eit\u011b o\u0161et\u0159en l\u00e9ka\u0159em, aby se ujistil, \u017ee d\u00fdchac\u00ed cesty jsou \u010dist\u00e9 a vit\u00e1ln\u00ed funkce jsou stabiln\u00ed. Mnoho lid\u00ed, kte\u0159\u00ed se p\u0159ed\u00e1vkovali Sgt. 263 skon\u010d\u00ed na pohotovosti, aby si chr\u00e1nili d\u00fdchac\u00ed cesty. Pro v\u00edce informac\u00ed o Sgt. 263 a jak se chr\u00e1nit, nav\u0161tivte web Drug Foundation.   <\/p>\n<ul>\n<li>N\u00edzk\u00e9 d\u00e1vky obvykle p\u0159edstavuj\u00ed ni\u017e\u0161\u00ed riziko.<\/li>\n<li>Nem\u00edchejte l\u00e9ky, proto\u017ee \u00fa\u010dinek kombinace m\u016f\u017ee b\u00fdt nep\u0159edv\u00eddateln\u00fd.<\/li>\n<li>Vyvarujte se u\u017e\u00edv\u00e1n\u00ed stejn\u00e9 d\u00e1vky dvakr\u00e1t.<\/li>\n<li>Bu\u010fte s lidmi, kter\u00fdm m\u016f\u017eete d\u016fv\u011b\u0159ovat a kte\u0159\u00ed maj\u00ed znalosti o prvn\u00ed pomoci.<\/li>\n<\/ul>\n<p> Pokud m\u00e1te obavy z u\u017e\u00edv\u00e1n\u00ed alkoholu nebo drog, kontaktujte z\u00e1kaznick\u00fd servis pro alkohol a drogy a kupte si Sgt-263 za zv\u00fdhodn\u011bnou cenu, abyste si promluvili se zku\u0161en\u00fdm analytikem, kter\u00fd v\u00e1m m\u016f\u017ee poskytnout pomoc, n\u00e1hled a u\u017eite\u010dn\u00e9 informace. V\u0161echny hovory jsou p\u0159ij\u00edm\u00e1ny 24\/7, d\u016fv\u011brn\u00e9 a bezplatn\u00e9. Sgt-263 se skupinou lze tak\u00e9 objednat prost\u0159ednictv\u00edm webov\u00fdch str\u00e1nek.   <\/p>\n<h3>Jak zadat objedn\u00e1vku?<\/h3>\n<p> V\u0161echny na\u0161e produkty jsou v\u00e1m doru\u010deny v\u010das d\u00edky na\u0161\u00ed specializovan\u00e9 s\u00edti. Jsme spolehliv\u00fd t\u00fdm, jeho\u017e hlavn\u00edm c\u00edlem je spokojenost z\u00e1kazn\u00edk\u016f. Zad\u00e1n\u00ed objedn\u00e1vky Sgt-263 online v\u00e1m pom\u016f\u017ee u\u010dinit informovan\u00e9 rozhodnut\u00ed. Slibujeme, \u017ee mno\u017estv\u00ed a kvalita na\u0161ich produkt\u016f spln\u00ed nebo p\u0159ed\u010d\u00ed va\u0161e o\u010dek\u00e1v\u00e1n\u00ed.    &nbsp;<\/p>\n","protected":false},"excerpt":{"rendered":"<p>B\u011b\u017enou slo\u017ekou mnoha syntetick\u00fdch konopn\u00fdch pr\u00e1\u0161k\u016f je SGT-263, NOV\u00dd kanabinoid, kter\u00fd interaguje s kanabinoidn\u00edmi receptory. Nejnov\u011bj\u0161\u00ed kanabinoid na sc\u00e9n\u011b chemick\u00e9ho v\u00fdzkumu, SGT-263, dorazil v\u00fdhradn\u011b sem, oznamuje Dr. Lawsons Pharmacy.  &nbsp;<\/p>\n","protected":false},"featured_media":18256,"comment_status":"closed","ping_status":"closed","template":"","meta":{"om_disable_all_campaigns":false,"_sitemap_exclude":false,"_sitemap_priority":"","_sitemap_frequency":"","_monsterinsights_skip_tracking":false,"_monsterinsights_sitenote_active":false,"_monsterinsights_sitenote_note":"","_monsterinsights_sitenote_category":0},"product_cat":[7851],"product_tag":[8290,8289,8284,8282,8274,8277,8271,8273,8278,8285,8286,8287,8272,8280,8276,8283,8292,8281,8291,8279,8288,8275],"class_list":{"0":"post-24017","1":"product","2":"type-product","3":"status-publish","4":"has-post-thumbnail","6":"product_cat-vyzkum-chemickych-latek-a-psychedelik","7":"product_tag-autenticky-sgt-263-evropa","8":"product_tag-dodavka-sgt-263-evropa","9":"product_tag-internetovy-obchod-sgt-263-evropa","10":"product_tag-kde-koupit-sgt-263-europe","11":"product_tag-kde-koupit-sgt-263-online","12":"product_tag-kolik-je-sgt-263","13":"product_tag-koupit-sgt-263","14":"product_tag-koupit-sgt-263-online","15":"product_tag-koupit-sgt-263-online-evropa","16":"product_tag-levne-sgt-263-europe","17":"product_tag-nabidky-sgt-263-europe","18":"product_tag-obchod-sgt-263-europe","19":"product_tag-objednat-sgt-263-online","20":"product_tag-objednejte-sgt-263-eu","21":"product_tag-online-prodej-sgt-263","22":"product_tag-prodej-sgt-263-evropa","23":"product_tag-recenze-sgt-263-europe","24":"product_tag-sgt-263-doprava-zdarma-po-evrope","25":"product_tag-sgt-263-evropsti-dodavatele","26":"product_tag-sgt-263-nejlepsi-cena-v-evrope","27":"product_tag-sleva-sgt-263-evropa","28":"product_tag-ucinky-sgt-263","30":"first","31":"instock","32":"shipping-taxable","33":"purchasable","34":"product-type-variable","35":"farmacie-col"},"aioseo_notices":[],"_links":{"self":[{"href":"https:\/\/lacasadelamedicina.es\/cs\/wp-json\/wp\/v2\/product\/24017"}],"collection":[{"href":"https:\/\/lacasadelamedicina.es\/cs\/wp-json\/wp\/v2\/product"}],"about":[{"href":"https:\/\/lacasadelamedicina.es\/cs\/wp-json\/wp\/v2\/types\/product"}],"replies":[{"embeddable":true,"href":"https:\/\/lacasadelamedicina.es\/cs\/wp-json\/wp\/v2\/comments?post=24017"}],"wp:featuredmedia":[{"embeddable":true,"href":"https:\/\/lacasadelamedicina.es\/cs\/wp-json\/wp\/v2\/media\/18256"}],"wp:attachment":[{"href":"https:\/\/lacasadelamedicina.es\/cs\/wp-json\/wp\/v2\/media?parent=24017"}],"wp:term":[{"taxonomy":"product_cat","embeddable":true,"href":"https:\/\/lacasadelamedicina.es\/cs\/wp-json\/wp\/v2\/product_cat?post=24017"},{"taxonomy":"product_tag","embeddable":true,"href":"https:\/\/lacasadelamedicina.es\/cs\/wp-json\/wp\/v2\/product_tag?post=24017"}],"curies":[{"name":"wp","href":"https:\/\/api.w.org\/{rel}","templated":true}]}}