{"id":24009,"date":"2024-08-09T14:02:09","date_gmt":"2024-08-09T14:02:09","guid":{"rendered":"https:\/\/lacasadelamedicina.es\/product\/koupit-nembutal-prasek-online-2\/"},"modified":"2024-08-09T14:02:09","modified_gmt":"2024-08-09T14:02:09","slug":"koupit-nembutal-prasek-online-2","status":"publish","type":"product","link":"https:\/\/lacasadelamedicina.es\/cs\/produkt\/koupit-nembutal-prasek-online-2\/","title":{"rendered":"Koupit Nembutal pr\u00e1\u0161ek online"},"content":{"rendered":"<h3>Nembutal Powder &#8211; Koupit Nembutal online, Nembutal Powder na prodej.<\/h3>\n<p> Chemick\u00e9 l\u00e1tky Nembutal jsou nejl\u00e9pe dod\u00e1v\u00e1ny n\u00e1mi v USA a m\u016f\u017eete si zakoupit vysoce kvalitn\u00ed pr\u00e1\u0161ek Nembutal za rozumnou cenu. Objednejte si Nembutal online!  <strong>Koupit Nembutal pr\u00e1\u0161ek online<\/strong>  &#8211;  <a href=\"https:\/\/drlawsonspharmacy\/contact-us\/\">KONTAKT<\/a><\/p>\n<h3>Co je Nembutal Powder?<\/h3>\n<p> Barbitur\u00e1ty jsou t\u0159\u00eddou l\u00e9k\u016f, do kter\u00e9 pat\u0159\u00ed pr\u00e1\u0161ek Nembutal. Tato chemik\u00e1lie se pou\u017e\u00edv\u00e1 jak v anestezii, tak v psychiatrii k l\u00e9\u010db\u011b pacient\u016f s probl\u00e9my, jako jsou poruchy sp\u00e1nku, epilepsie a poran\u011bn\u00ed mozku. V dne\u0161n\u00ed dob\u011b lze p\u0159\u00edmo kontaktovat v\u00fdrobce nebo internetov\u00e9ho prodejce tohoto l\u00e9ku. Kupte si Nembutal pr\u00e1\u0161ek online, kter\u00fd navozuje relaxa\u010dn\u00ed ospalost a zm\u00edr\u0148uje nepohodl\u00ed. To m\u016f\u017ee b\u00fdt pod\u00e1v\u00e1no injekc\u00ed roztoku do sval\u016f. Toto bylo ofici\u00e1ln\u011b ozn\u00e1meno a Spr\u00e1va terapeutick\u00e9ho zbo\u017e\u00ed zva\u017euje odlo\u017een\u00ed programu.      <\/p>\n<h3><strong>Objednejte si Nembutalov\u00fd pr\u00e1\u0161ek<\/strong> \u2013 Pou\u017eit\u00ed Nembutalu.<\/h3>\n<ul>\n<li>Hlavn\u00ed pou\u017eit\u00ed pr\u00e1\u0161ku Nembutal je kr\u00e1tkodob\u00e1 l\u00e9\u010dba nespavosti. D\u00edky tomu lid\u00e9 po ur\u010ditou dobu klidn\u011b sp\u00ed. <\/li>\n<li>V nal\u00e9hav\u00fdch p\u0159\u00edpadech l\u00e9ka\u0159i a pre-anestetikum pou\u017e\u00edvaj\u00ed tuto chemik\u00e1lii p\u0159ed operac\u00ed. Toto d\u00e1vkov\u00e1n\u00ed l\u00e9ku vede k lep\u0161\u00edmu \u00fa\u010dinku a p\u0159etrv\u00e1v\u00e1, dokud nen\u00ed nutn\u00e9 p\u0159ed anestezi\u00ed. <\/li>\n<li>L\u00e9k v tomto l\u00e9ku se pou\u017e\u00edv\u00e1 ke sn\u00ed\u017een\u00ed tlaku v lebce p\u0159i traumatick\u00e9m poran\u011bn\u00ed mozku.<\/li>\n<li>Pou\u017e\u00edv\u00e1 se tak\u00e9 jako prost\u0159edek pro eutanazii pro zv\u00ed\u0159ata a lidi.<\/li>\n<li>Pou\u017e\u00edv\u00e1 se hlavn\u011b pro lidi, kte\u0159\u00ed se stanou z\u00e1visl\u00fdmi na drog\u00e1ch a alkoholu, aby nad n\u00edm z\u00edskali kontrolu.<\/li>\n<\/ul>\n<h3>Kde koupit pr\u00e1\u0161ek Nembutal?<\/h3>\n<ul>\n<li>Na trhu existuje mnoho v\u00fdrobc\u016f pr\u00e1\u0161kov\u00e9ho Nembutalu. P\u0159i v\u00fdb\u011bru toho spr\u00e1vn\u00e9ho v\u0161ak mus\u00edte b\u00fdt velmi opatrn\u00ed. Jedn\u00edm z nejjednodu\u0161\u0161\u00edch zp\u016fsob\u016f, jak z\u00edskat Nembutal co nejd\u0159\u00edve, je koupit jej online.  <\/li>\n<li>M\u016f\u017eete naj\u00edt d\u016fv\u011bryhodn\u00e9 zdroje pro leg\u00e1ln\u00ed prodej tohoto produktu. V\u011bt\u0161ina lid\u00ed si je v\u011bdoma m\u00edrn\u011bj\u0161\u00edch vedlej\u0161\u00edch \u00fa\u010dink\u016f barbitur\u00e1t\u016f. <\/li>\n<li><strong>Kupte si Nembutal pr\u00e1\u0161ek online<\/strong> poskytuje dobrou barvu, kter\u00e1 vydr\u017e\u00ed dlouh\u00e9 dny a zanech\u00e1 celkov\u00fd dojem.<\/li>\n<li>Nejlep\u0161\u00ed by bylo, kdybyste m\u011bli opr\u00e1vn\u011bn\u00ed u\u017e\u00edvat velk\u00e1 mno\u017estv\u00ed najednou, proto\u017ee p\u0159ed\u00e1vkov\u00e1n\u00ed by m\u011blo v\u00e1\u017en\u00e9 d\u016fsledky pro u\u017eivatele.<\/li>\n<\/ul>\n<p>&nbsp;<\/p>\n","protected":false},"excerpt":{"rendered":"<p>&nbsp;<\/p>\n","protected":false},"featured_media":18241,"comment_status":"closed","ping_status":"closed","template":"","meta":{"om_disable_all_campaigns":false,"_sitemap_exclude":false,"_sitemap_priority":"","_sitemap_frequency":"","_monsterinsights_skip_tracking":false,"_monsterinsights_sitenote_active":false,"_monsterinsights_sitenote_note":"","_monsterinsights_sitenote_category":0},"product_cat":[7851],"product_tag":[8268,8267,8269,8262,8254,8260,8251,8255,8250,8256,8249,8263,8265,8259,8264,8261,8266,8257,8258,8252,8270,8253],"class_list":{"0":"post-24009","1":"product","2":"type-product","3":"status-publish","4":"has-post-thumbnail","6":"product_cat-vyzkum-chemickych-latek-a-psychedelik","7":"product_tag-autenticky-prasek-nembutal-europe","8":"product_tag-dodavka-prasku-nembutal-evropa","9":"product_tag-evropsti-dodavatele-prasku-nembutal","10":"product_tag-internetovy-obchod-nembutal-prasek-evropa","11":"product_tag-internetovy-prodej-prasku-nembutal","12":"product_tag-kde-koupit-nembutal-prasek-evropa","13":"product_tag-kde-koupit-nembutal-prasek-online","14":"product_tag-kolik-je-prasek-nembutal","15":"product_tag-koupit-nembutal-prasek-online","16":"product_tag-koupit-nembutal-prasek-online-evropa","17":"product_tag-koupit-prasek-nembutal","18":"product_tag-levny-prasek-nembutal-europe","19":"product_tag-nembutal-powder-europe-shop-cs","20":"product_tag-nembutal-prasek-doprava-zdarma-po-evrope","21":"product_tag-nembutal-prasek-evropa-nabidky","22":"product_tag-nembutal-prasek-evropa-prodej","23":"product_tag-nembutal-prasek-evropa-sleva","24":"product_tag-nembutalovy-prasek-nejlepsi-cena-v-evrope","25":"product_tag-objednejte-nembutal-prasek-eu","26":"product_tag-objednejte-si-nembutal-prasek-online","27":"product_tag-recenze-nembutal-powder-europe","28":"product_tag-ucinky-prasku-nembutal","30":"first","31":"instock","32":"shipping-taxable","33":"purchasable","34":"product-type-variable","35":"farmacie-col"},"aioseo_notices":[],"_links":{"self":[{"href":"https:\/\/lacasadelamedicina.es\/cs\/wp-json\/wp\/v2\/product\/24009"}],"collection":[{"href":"https:\/\/lacasadelamedicina.es\/cs\/wp-json\/wp\/v2\/product"}],"about":[{"href":"https:\/\/lacasadelamedicina.es\/cs\/wp-json\/wp\/v2\/types\/product"}],"replies":[{"embeddable":true,"href":"https:\/\/lacasadelamedicina.es\/cs\/wp-json\/wp\/v2\/comments?post=24009"}],"wp:featuredmedia":[{"embeddable":true,"href":"https:\/\/lacasadelamedicina.es\/cs\/wp-json\/wp\/v2\/media\/18241"}],"wp:attachment":[{"href":"https:\/\/lacasadelamedicina.es\/cs\/wp-json\/wp\/v2\/media?parent=24009"}],"wp:term":[{"taxonomy":"product_cat","embeddable":true,"href":"https:\/\/lacasadelamedicina.es\/cs\/wp-json\/wp\/v2\/product_cat?post=24009"},{"taxonomy":"product_tag","embeddable":true,"href":"https:\/\/lacasadelamedicina.es\/cs\/wp-json\/wp\/v2\/product_tag?post=24009"}],"curies":[{"name":"wp","href":"https:\/\/api.w.org\/{rel}","templated":true}]}}