{"id":23989,"date":"2024-08-09T14:02:13","date_gmt":"2024-08-09T14:02:13","guid":{"rendered":"https:\/\/lacasadelamedicina.es\/product\/koupit-peruansky-kokain-online\/"},"modified":"2024-08-09T14:02:13","modified_gmt":"2024-08-09T14:02:13","slug":"koupit-peruansky-kokain-online","status":"publish","type":"product","link":"https:\/\/lacasadelamedicina.es\/cs\/produkt\/koupit-peruansky-kokain-online\/","title":{"rendered":"Koupit peru\u00e1nsk\u00fd kokain online"},"content":{"rendered":"<h3>Koupit peru\u00e1nsk\u00fd kokain online.<\/h3>\n<p> Hled\u00e1te skute\u010dn\u00e9, siln\u00e9 high? Dr. Lawsons Pharmacy nab\u00edz\u00ed <a href=\"https:\/\/dieapotheke247.com\/\">O<\/a>nline \u0159\u00e1d peru\u00e1nsk\u00e9ho kokainu. D\u00edky v\u00fdrobn\u00edmu procesu, kter\u00fd trvale produkuje vysoce kvalitn\u00ed kokain, se specializujeme na online prodej pouze toho nejlep\u0161\u00edho peru\u00e1nsk\u00e9ho kokainu. Peru\u00e1nsk\u00fd kokain online    <a href=\"https:\/\/drlawsonspharmacy\/contact-us\/\"><a href=\"https:\/\/drlawsonspharmacy\/contact-us\/\">Koupit<\/a><\/a>  &#8211;  <a href=\"https:\/\/dieapotheke247.com\/\"><a href=\"https:\/\/dieapotheke247.com\/\">KONTAKTUJTE N\u00c1S<\/a><\/a><\/p>\n<p><em>Berl\u00edn, Hamburk, Mnichov, Mnichov, Kol\u00edn nad R\u00fdnem, Kol\u00edn nad R\u00fdnem, Frankfurt, Stuttgart, D\u00fcsseldorf, Dortmund, Essen, Lipsko, Br\u00e9my, Dr\u00e1\u017e\u010fany, Hannover, Hannover, Norimberk, Norimberk, Duisburg, Bochum, Wuppertal, Bonn, Mannheim, Karlsruhe, Augsburg, Wiesbaden, M\u00fcnster, Gelsenkirchen, Aachen, Chemnitz, Braunschweig, Kiel, Krefeld, Halle, Saale,<\/em><\/p>\n<h3>Jak se vyr\u00e1b\u00ed peru\u00e1nsk\u00fd kokain?<\/h3>\n<p> P\u0159i pokusu o n\u00e1kup kokainu je d\u016fle\u017eit\u00e9 porozum\u011bt proces\u016fm, ke kter\u00fdm doch\u00e1z\u00ed, kdy\u017e kokain vznik\u00e1. Peru\u00e1nsk\u00fd kokain se vyr\u00e1b\u00ed n\u011bkolika zp\u016fsoby. Peru\u00e1nsk\u00fd kokain vznik\u00e1 nej\u010dast\u011bji fermentac\u00ed. Listy koky jsou b\u011bhem fermenta\u010dn\u00edho procesu nam\u00e1\u010deny ve vod\u011b, \u010d\u00edm\u017e vznik\u00e1 krystalick\u00fd hydrochlorid kokainu. Tato metoda produkuje vysoce kvalitn\u00ed produkt, kter\u00fd se snadno d\u00e1vkuje a nevy\u017eaduje \u017e\u00e1dn\u00e9 speci\u00e1ln\u00ed n\u00e1stroje nebo dovednosti. Z\u00edsk\u00e1v\u00e1n\u00ed kokainu pomoc\u00ed \u00e9teru je dal\u0161\u00edm typick\u00fdm procesem v Peru. Listy koky se po pono\u0159en\u00ed do etherov\u00e9ho roztoku b\u011bhem procesu extrakce zpracuj\u00ed na krystaly hydrochloridu kokainu. Podm\u00ednky extrakce se mohou li\u0161it, co\u017e \u010din\u00ed tento proces m\u00e9n\u011b spolehliv\u00fdm ne\u017e fermentace z hlediska konzistence kvality.        <\/p>\n<h3>Koupit peru\u00e1nsk\u00fd kokain online<\/h3>\n<p> V neposledn\u00ed \u0159ad\u011b se k z\u00edsk\u00e1v\u00e1n\u00ed kokainu v Peru pou\u017e\u00edv\u00e1 tak\u00e9 podkritick\u00e1 technika pono\u0159en\u00ed do vody (SWIM). V procesu SWIM jsou listy koky nam\u00e1\u010deny ve vod\u011b p\u0159i subatmosf\u00e9rick\u00e9m tlaku, dokud se nerozpust\u00ed v kapalin\u011b, a rozpu\u0161t\u011bn\u00e9 pevn\u00e9 l\u00e1tky se pak extrahuj\u00ed pomoc\u00ed konven\u010dn\u00edch metod extrakce rozpou\u0161t\u011bdlem, jako je destilace nebo krystalizace. Pokud si vezmete peru\u00e1nsk\u00fd kokain od Dr. Kdy\u017e si objedn\u00e1te Lawsons Pharmacy online, m\u016f\u017eete si b\u00fdt jisti, \u017ee obdr\u017e\u00edte vysoce kvalitn\u00ed produkt, kter\u00fd spln\u00ed va\u0161e pot\u0159eby.   <\/p>\n<h3>V\u00fdhody peru\u00e1nsk\u00e9ho kokainu<\/h3>\n<p> Peru\u00e1nsk\u00fd kokain je bezpochyby jedn\u00edm z nejpou\u017e\u00edvan\u011bj\u0161\u00edch narkotik na sv\u011bt\u011b. A z dobr\u00e9ho d\u016fvodu \u2013 je to siln\u00fd stimulant, kter\u00fd v\u00e1m m\u016f\u017ee pomoci c\u00edtit se energi\u010dt\u011bji a veseleji. Peru\u00e1n\u0161t\u00ed u\u017eivatel\u00e9 kokainu \u010dasto uv\u00e1d\u011bj\u00ed, \u017ee se po po\u017eit\u00ed t\u00e9to l\u00e1tky c\u00edt\u00ed v\u00edce energi\u010dt\u00ed a bd\u011bl\u00ed. Zv\u00fd\u0161en\u00e1 energie m\u016f\u017ee podpo\u0159it produktivitu, koncentraci a \u0159e\u0161en\u00ed probl\u00e9m\u016f. Dr. L\u00e9k\u00e1rna Lawsons nab\u00edz\u00ed hromadn\u00fd peru\u00e1nsk\u00fd kokain, kter\u00fd m\u016f\u017ee u\u017eivatel\u016fm pomoci c\u00edtit se \u0161\u0165astn\u011bji a u\u017e\u00edvat si spole\u010densk\u00e1 setk\u00e1n\u00ed, um\u011bleck\u00e9 aktivity a rekrea\u010dn\u00ed aktivity v\u00edce, ne\u017e by bez t\u00e9to drogy.     <\/p>\n<h3>Jak\u00e9 jsou vedlej\u0161\u00ed \u00fa\u010dinky u\u017e\u00edv\u00e1n\u00ed peru\u00e1nsk\u00e9ho kokainu?<\/h3>\n<p> Crack kokain z Peru je kmen, kter\u00fd m\u00e1 \u010dasto vy\u0161\u0161\u00ed \u00fa\u010dinnost ne\u017e jin\u00e9 druhy cracku. To nazna\u010duje, \u017ee peru\u00e1nsk\u00fd kokain m\u016f\u017ee m\u00edt z\u00e1va\u017en\u011bj\u0161\u00ed fyzick\u00e9 vedlej\u0161\u00ed \u00fa\u010dinky ve srovn\u00e1n\u00ed s jin\u00fdmi formami cracku. Zv\u00fd\u0161en\u00e1 srde\u010dn\u00ed frekvence a krevn\u00ed tlak, vy\u0161\u0161\u00ed riziko onemocn\u011bn\u00ed d\u00fdchac\u00edch cest, z\u00e1vislost a zm\u011bny chov\u00e1n\u00ed, psychick\u00e9 vedlej\u0161\u00ed \u00fa\u010dinky jako deprese, \u00fazkost a paranoidn\u00ed my\u0161lenky, abstinen\u010dn\u00ed p\u0159\u00edznaky, dlouhodob\u00e9 po\u0161kozen\u00ed vnit\u0159n\u00edch org\u00e1n\u016f, rizika v t\u011bhotenstv\u00ed a dal\u0161\u00ed zdravotn\u00ed probl\u00e9my p\u0159\u00edklady mo\u017en\u00fdch fyzick\u00fdch vedlej\u0161\u00edch \u00fa\u010dink\u016f peru\u00e1nsk\u00e9ho u\u017e\u00edv\u00e1n\u00ed kokainu.   <\/p>\n<h3>Kde si mohu koupit prav\u00fd peru\u00e1nsk\u00fd kokain online?<\/h3>\n<p> Hled\u00e1te zp\u016fsob, jak pln\u011b konzumovat peru\u00e1nsk\u00fd kokain bez rizika zat\u010den\u00ed? Dr. Lawsonova l\u00e9k\u00e1rna je jedinou mo\u017enost\u00ed. Zde si m\u016f\u017eete bezpe\u010dn\u011b koupit velkoobchodn\u00ed vysoce kvalitn\u00ed peru\u00e1nsk\u00fd kokain online. Proto\u017ee jsou na\u0161e produkty siln\u011bj\u0161\u00ed ne\u017e jin\u00e9 druhy kokainu na trhu, jsou v\u00fdrazn\u00e9. Nakupte nyn\u00ed!     &nbsp;<\/p>\n","protected":false},"excerpt":{"rendered":"<p>Koupit peru\u00e1nsk\u00fd kokain online. Hled\u00e1te skute\u010dn\u00e9, siln\u00e9 high? Dr. Lawsons Pharmacy nab\u00edz\u00ed Online \u0159\u00e1d peru\u00e1nsk\u00e9ho kokainu. D\u00edky v\u00fdrobn\u00edmu procesu, kter\u00fd trvale produkuje vysoce kvalitn\u00ed kokain, se specializujeme na online prodej pouze toho nejlep\u0161\u00edho peru\u00e1nsk\u00e9ho kokainu. Peru\u00e1nsk\u00fd kokain online Koupit &#8211; KONTAKTUJTE N\u00c1S Berl\u00edn, Hamburk, Mnichov, Mnichov, Kol\u00edn nad R\u00fdnem, Kol\u00edn nad R\u00fdnem, Frankfurt, Stuttgart, D\u00fcsseldorf, [&hellip;]<\/p>\n","protected":false},"featured_media":18331,"comment_status":"closed","ping_status":"closed","template":"","meta":{"om_disable_all_campaigns":false,"_sitemap_exclude":false,"_sitemap_priority":"","_sitemap_frequency":"","_monsterinsights_skip_tracking":false,"_monsterinsights_sitenote_active":false,"_monsterinsights_sitenote_note":"","_monsterinsights_sitenote_category":0},"product_cat":[8050],"product_tag":[8202,8201,8193,8194,8186,8192,8189,8184,8185,8190,8197,8199,8198,8183,8188,8200,8196,8191,8203,8195,8204,8187],"class_list":{"0":"post-23989","1":"product","2":"type-product","3":"status-publish","4":"has-post-thumbnail","6":"product_cat-kokain","7":"product_tag-autenticky-peruansky-kokain-evropa","8":"product_tag-dodavka-peruanskeho-kokainu-po-evrope","9":"product_tag-doprava-zdarma-po-peruanskem-kokainu-po-evrope","10":"product_tag-kde-koupit-peruansky-kokain-evropa","11":"product_tag-kde-koupit-peruansky-kokain-online","12":"product_tag-kolik-je-peruansky-kokain","13":"product_tag-kolik-stoji-peruansky-kokain","14":"product_tag-koupit-peruansky-kokain","15":"product_tag-koupit-peruansky-kokain-online","16":"product_tag-koupit-peruansky-kokain-online-evropa","17":"product_tag-levny-peruansky-kokain-evropa","18":"product_tag-obchod-s-peruanskym-kokainem-v-evrope","19":"product_tag-obchody-s-peruanskym-kokainem-v-evrope","20":"product_tag-objednat-peruansky-kokain-online","21":"product_tag-peruansky-internetovy-obchod-s-kokainem-europe","22":"product_tag-peruansky-kokain-evropa-sleva","23":"product_tag-peruansky-kokain-online-store-europe","24":"product_tag-peruansky-kokain-za-nejlepsi-cenu-v-evrope","25":"product_tag-peruansti-dodavatele-kokainu-v-evrope","26":"product_tag-prodej-peruanskeho-kokainu-v-evrope","27":"product_tag-recenze-peruanskeho-kokainu-v-evrope","28":"product_tag-ucinky-peruanskeho-kokainu","30":"first","31":"instock","32":"shipping-taxable","33":"purchasable","34":"product-type-variable","35":"farmacie-col"},"aioseo_notices":[],"_links":{"self":[{"href":"https:\/\/lacasadelamedicina.es\/cs\/wp-json\/wp\/v2\/product\/23989"}],"collection":[{"href":"https:\/\/lacasadelamedicina.es\/cs\/wp-json\/wp\/v2\/product"}],"about":[{"href":"https:\/\/lacasadelamedicina.es\/cs\/wp-json\/wp\/v2\/types\/product"}],"replies":[{"embeddable":true,"href":"https:\/\/lacasadelamedicina.es\/cs\/wp-json\/wp\/v2\/comments?post=23989"}],"wp:featuredmedia":[{"embeddable":true,"href":"https:\/\/lacasadelamedicina.es\/cs\/wp-json\/wp\/v2\/media\/18331"}],"wp:attachment":[{"href":"https:\/\/lacasadelamedicina.es\/cs\/wp-json\/wp\/v2\/media?parent=23989"}],"wp:term":[{"taxonomy":"product_cat","embeddable":true,"href":"https:\/\/lacasadelamedicina.es\/cs\/wp-json\/wp\/v2\/product_cat?post=23989"},{"taxonomy":"product_tag","embeddable":true,"href":"https:\/\/lacasadelamedicina.es\/cs\/wp-json\/wp\/v2\/product_tag?post=23989"}],"curies":[{"name":"wp","href":"https:\/\/api.w.org\/{rel}","templated":true}]}}