{"id":23981,"date":"2024-08-09T14:02:13","date_gmt":"2024-08-09T14:02:13","guid":{"rendered":"https:\/\/lacasadelamedicina.es\/product\/koupit-mexicky-kokain-online\/"},"modified":"2024-08-09T14:02:13","modified_gmt":"2024-08-09T14:02:13","slug":"koupit-mexicky-kokain-online","status":"publish","type":"product","link":"https:\/\/lacasadelamedicina.es\/cs\/produkt\/koupit-mexicky-kokain-online\/","title":{"rendered":"Koupit mexick\u00fd kokain online"},"content":{"rendered":"<h3>Koupit mexick\u00fd kokain online.<\/h3>\n<p> N\u00e1kup mexick\u00e9ho kokainu online m\u016f\u017ee b\u00fdt rychl\u00fd a bezpe\u010dn\u00fd zp\u016fsob, jak z\u00edskat drogu, ani\u017e byste museli jednat s dealery nebo \u010dern\u00fdm trhem ve va\u0161em okol\u00ed. Tak\u017ee pokud si chcete koupit mexick\u00fd kokain, ale nev\u00edte, kde za\u010d\u00edt, sta\u010d\u00ed zadat objedn\u00e1vku u Narco Powders a nechat si jej doru\u010dit dom\u016f. Koupit mexick\u00fd kokain online &#8211;   <a href=\"https:\/\/drlawsonspharmacy\/contact-us\/\">KONTAKT<\/a><\/p>\n<h3>Jak se vyr\u00e1b\u00ed mexick\u00fd kokain?<\/h3>\n<p> Existuj\u00ed dva hlavn\u00ed typy kokainu: mexick\u00fd a kolumbijsk\u00fd. Zat\u00edmco kolumbijsk\u00fd kokain se z\u00edsk\u00e1v\u00e1 z list\u016f africk\u00e9ho ke\u0159e koky, mexick\u00fd kokain se vyr\u00e1b\u00ed bu\u010f z list\u016f koky nebo z m\u00e1ku. Mexick\u00fd kokain se vyr\u00e1b\u00ed o n\u011bco slo\u017eit\u011bj\u0161\u00edm zp\u016fsobem ne\u017e kolumbijsk\u00fd kokain. Listy koky se nejprve usu\u0161\u00ed, ne\u017e se rozdrt\u00ed na pr\u00e1\u0161ek. Pro vytvo\u0159en\u00ed ka\u0161e se tento pr\u00e1\u0161ek sm\u00edch\u00e1 s vodou a dal\u0161\u00edmi l\u00e1tkami, jako je cukr a s\u016fl. Sm\u011bs se pot\u00e9 zah\u0159eje, aby se vytvo\u0159ila hust\u00e1 pasta, ze kter\u00e9 lze tvarovat tablety nebo bloky.      <\/p>\n<h3>Koupit mexick\u00fd kokain online<\/h3>\n<p> Existuje mnoho alternativn\u00edch metod zpracov\u00e1n\u00ed mexick\u00e9ho kokainu. P\u0159ed injek\u010dn\u00edm nebo kou\u0159en\u00edm lze mexick\u00fd kokain rozpustit v r\u016fzn\u00fdch rozpou\u0161t\u011bdlech. Pokud si chcete koupit mexick\u00fd kokain online od Dr. Lawsons Pharmacy, m\u011bli byste v\u011bnovat pozornost bezpe\u010dnostn\u00edm pokyn\u016fm na webov\u00fdch str\u00e1nk\u00e1ch. Kdykoli je to mo\u017en\u00e9, pou\u017e\u00edvejte \u010dist\u00e9 jehly a nevst\u0159ikujte l\u00e9k do otev\u0159en\u00fdch ran, proto\u017ee to m\u016f\u017ee v\u00e9st k infekc\u00edm a dal\u0161\u00edm zdravotn\u00edm probl\u00e9m\u016fm. Tak\u00e9 bu\u010fte v\u017edy opatrn\u00ed p\u0159i sexu s n\u011bk\u00fdm, kdo pr\u00e1v\u011b u\u017eil mexick\u00fd kokain zakoupen\u00fd online. Koupit mexick\u00fd kokain online      <\/p>\n<h3>V\u00fdhody mexick\u00e9ho kokainu<\/h3>\n<p> Jednou z nejpou\u017e\u00edvan\u011bj\u0161\u00edch odr\u016fd kokainu je mexick\u00fd kokain. M\u00e1 siln\u00fd a dlouhotrvaj\u00edc\u00ed \u00fa\u010dinek, je nejvy\u0161\u0161\u00ed kvality a m\u00e1 ide\u00e1ln\u00ed st\u0159ih. Nav\u00edc ve srovn\u00e1n\u00ed s jin\u00fdmi druhy kokainu je u mexick\u00e9ho kokainu m\u00e9n\u011b pravd\u011bpodobn\u00e9, \u017ee bude fal\u0161ov\u00e1n nebo obsahuje kontaminanty. To znamen\u00e1, \u017ee je rychlej\u0161\u00ed na vytvo\u0159en\u00ed a jednodu\u0161\u0161\u00ed pou\u017eit\u00ed. A kone\u010dn\u011b, mexick\u00fd kokain je nejlep\u0161\u00ed volbou pro ty, kte\u0159\u00ed pot\u0159ebuj\u00ed narkotika na cest\u00e1ch, proto\u017ee jej lze skladovat po dlouhou dobu, ani\u017e by se zhor\u0161ila nebo ztratila jeho pou\u017eitelnost.     <\/p>\n<h3>Vedlej\u0161\u00ed \u00fa\u010dinky mexick\u00e9ho kokainu<\/h3>\n<p> Mexick\u00fd kokain je n\u00e1vykov\u00e1, siln\u00e1 l\u00e1tka, kter\u00e1 m\u016f\u017ee m\u00edt negativn\u00ed vedlej\u0161\u00ed \u00fa\u010dinky. Pravideln\u00e9 u\u017e\u00edv\u00e1n\u00ed mexick\u00e9ho kokainu, stejn\u011b jako jak\u00e1koli jin\u00e1 z\u00e1vislost, m\u016f\u017ee m\u00edt za n\u00e1sledek zv\u00fd\u0161enou srde\u010dn\u00ed frekvenci, pocen\u00ed a roz\u0161\u00ed\u0159en\u00e9 zorni\u010dky. V z\u00e1va\u017en\u00fdch p\u0159\u00edpadech jsou mo\u017en\u00e9 z\u00e1chvaty, \u00fazkost, v\u0159edy v \u00fastech a nevolnost. U\u017e\u00edv\u00e1n\u00ed tohoto l\u00e9ku s sebou nese riziko rozvoje fyzick\u00e9 z\u00e1vislosti, proto byste m\u011bli pe\u010dliv\u011b dodr\u017eovat pokyny pro d\u00e1vkov\u00e1n\u00ed.    <\/p>\n<h3>Kde koupit mexick\u00fd kokain online?<\/h3>\n<p> Pokud si chcete koupit vysoce kvalitn\u00ed mexick\u00fd kokain, nen\u00ed lep\u0161\u00ed m\u00edsto, kam j\u00edt, ne\u017e l\u00e9k\u00e1rna Dr. Lawsons. Od b\u00edl\u00e9ho pr\u00e1\u0161ku po crack zde se\u017eenete v\u0161echny druhy mexick\u00e9ho kokainu. M\u016f\u017eete si b\u00fdt jisti, \u017ee v na\u0161\u00ed \u0161irok\u00e9 nab\u00eddce najdete tu spr\u00e1vnou odr\u016fdu a typ kokainu pro va\u0161e pot\u0159eby. Krom\u011b toho nab\u00edz\u00edme r\u016fzn\u00e9 platebn\u00ed metody v\u010detn\u011b bitcoin\u016f a bankovn\u00edho p\u0159evodu, tak\u017ee si m\u016f\u017eete koupit drogy s naprostou d\u016fv\u011brou.    &nbsp;<\/p>\n","protected":false},"excerpt":{"rendered":"<p>Koupit mexick\u00fd kokain online. N\u00e1kup mexick\u00e9ho kokainu online m\u016f\u017ee b\u00fdt rychl\u00fd a bezpe\u010dn\u00fd zp\u016fsob, jak z\u00edskat drogu, ani\u017e byste museli jednat s dealery nebo \u010dern\u00fdm trhem ve va\u0161em okol\u00ed. Tak\u017ee pokud si chcete koupit mexick\u00fd kokain, ale nev\u00edte, kde za\u010d\u00edt, sta\u010d\u00ed zadat objedn\u00e1vku u Narco Powders a nechat si jej doru\u010dit dom\u016f. Koupit mexick\u00fd kokain [&hellip;]<\/p>\n","protected":false},"featured_media":18736,"comment_status":"closed","ping_status":"closed","template":"","meta":{"om_disable_all_campaigns":false,"_sitemap_exclude":false,"_sitemap_priority":"","_sitemap_frequency":"","_monsterinsights_skip_tracking":false,"_monsterinsights_sitenote_active":false,"_monsterinsights_sitenote_note":"","_monsterinsights_sitenote_category":0},"product_cat":[8050],"product_tag":[8180,8179,8172,8164,8167,8161,8163,8168,8175,8171,8182,8169,8176,8174,8177,8181,8162,8170,8166,8173,8178,8165],"class_list":{"0":"post-23981","1":"product","2":"type-product","3":"status-publish","4":"has-post-thumbnail","6":"product_cat-kokain","7":"product_tag-autenticky-mexicky-kokain-evropa","8":"product_tag-dodavka-mexickeho-kokainu-po-evrope","9":"product_tag-kde-koupit-mexicky-kokain-evropa","10":"product_tag-kde-koupit-mexicky-kokain-online","11":"product_tag-kolik-stoji-mexicky-kokain","12":"product_tag-koupit-mexicky-kokain","13":"product_tag-koupit-mexicky-kokain-online","14":"product_tag-koupit-mexicky-kokain-online-evropa","15":"product_tag-levny-mexicky-kokain-evropa","16":"product_tag-mexicka-doprava-bez-kokainu-po-evrope","17":"product_tag-mexicky-kokain-prehled-evropy","18":"product_tag-mexicky-kokain-nejlepsi-cena-v-evrope","19":"product_tag-mexicky-kokain-se-zabyva-evropou","20":"product_tag-mexicky-kokainovy-internetovy-obchod-evropa","21":"product_tag-mexicky-obchod-s-kokainem-evropa","22":"product_tag-mexicti-dodavatele-kokainu-v-evrope","23":"product_tag-objednat-mexicky-kokain-online","24":"product_tag-objednejte-si-mexicky-kokain-eu","25":"product_tag-prodej-mexickeho-kokainu-online","26":"product_tag-prodej-mexickeho-kokainu-v-evrope","27":"product_tag-sleva-na-mexicky-kokain-evropa","28":"product_tag-ucinky-mexickeho-kokainu","30":"first","31":"instock","32":"shipping-taxable","33":"purchasable","34":"product-type-variable","35":"farmacie-col"},"aioseo_notices":[],"_links":{"self":[{"href":"https:\/\/lacasadelamedicina.es\/cs\/wp-json\/wp\/v2\/product\/23981"}],"collection":[{"href":"https:\/\/lacasadelamedicina.es\/cs\/wp-json\/wp\/v2\/product"}],"about":[{"href":"https:\/\/lacasadelamedicina.es\/cs\/wp-json\/wp\/v2\/types\/product"}],"replies":[{"embeddable":true,"href":"https:\/\/lacasadelamedicina.es\/cs\/wp-json\/wp\/v2\/comments?post=23981"}],"wp:featuredmedia":[{"embeddable":true,"href":"https:\/\/lacasadelamedicina.es\/cs\/wp-json\/wp\/v2\/media\/18736"}],"wp:attachment":[{"href":"https:\/\/lacasadelamedicina.es\/cs\/wp-json\/wp\/v2\/media?parent=23981"}],"wp:term":[{"taxonomy":"product_cat","embeddable":true,"href":"https:\/\/lacasadelamedicina.es\/cs\/wp-json\/wp\/v2\/product_cat?post=23981"},{"taxonomy":"product_tag","embeddable":true,"href":"https:\/\/lacasadelamedicina.es\/cs\/wp-json\/wp\/v2\/product_tag?post=23981"}],"curies":[{"name":"wp","href":"https:\/\/api.w.org\/{rel}","templated":true}]}}