{"id":23973,"date":"2024-08-09T14:02:16","date_gmt":"2024-08-09T14:02:16","guid":{"rendered":"https:\/\/lacasadelamedicina.es\/product\/volkswagen-kokain-koupit-online-90\/"},"modified":"2024-08-09T14:02:16","modified_gmt":"2024-08-09T14:02:16","slug":"volkswagen-kokain-koupit-online-90","status":"publish","type":"product","link":"https:\/\/lacasadelamedicina.es\/cs\/produkt\/volkswagen-kokain-koupit-online-90\/","title":{"rendered":"Volkswagen Kokain koupit online 90 %"},"content":{"rendered":"<h3>Kupte si Volkswagen kokain online 90% \u010dist\u00fd online<\/h3>\n<p> Volkswagen kokain obsahuje 70 a\u017e 90 procent \u010dist\u00e9ho<a href=\"https:\/\/dieapotheke247.com\/\">kokain<\/a>. Je to jeden z typ\u016f kokainu, kter\u00fd se v dne\u0161n\u00ed spole\u010dnosti b\u011b\u017en\u011b vyskytuje. V mnoha p\u0159\u00edpadech kokain p\u016fsob\u00ed jako blok\u00e1tor nebo l\u00e9k proti bolesti. 90% \u010dist\u00fd Volkswagen kokain na prodej. Kupte si Volkswagen kokain online 90 %- <a href=\"https:\/\/drlawsonspharmacy\/contact-us\/\">KONTAKT Koupit Volkswagen kokain online 90 %<\/a> Jednou z psychotropn\u00edch l\u00e1tek pou\u017e\u00edvan\u00fdch v l\u00e9ka\u0159sk\u00e9m i nel\u00e9ka\u0159sk\u00e9m pr\u016fmyslu je Volkswagen kokain. Volkswagen kokain m\u00e1 \u010dasto tak\u00e9 stimula\u010dn\u00ed vlastnosti. Z tohoto d\u016fvodu se pou\u017e\u00edv\u00e1 k v\u00fdrob\u011b r\u016fzn\u00fdch l\u00e9k\u016f a terapi\u00ed.       <\/p>\n<h3><b>Jak Volkswagen Cocain funguje<\/b><\/h3>\n<p> A\u010dkoli r\u016fzn\u00e9 druhy kokainu obsahuj\u00ed r\u016fzn\u00e1 mno\u017estv\u00ed \u010dist\u00e9ho kokainu, n\u011bkter\u00e9 z nich jsou u\u017eite\u010dn\u011bj\u0161\u00ed ne\u017e jin\u00e9. Volkswagen kokain je tak\u00e9 u\u017eite\u010dn\u00fd pro lidsk\u00e9 t\u011blo v mnoha ohledech. Koupit Volkswagen Cocaine Online 90% Tento extr\u00e9mn\u011b \u010dist\u00fd materi\u00e1l se pou\u017e\u00edv\u00e1 k rychl\u00e9mu a p\u0159esn\u00e9mu prov\u00e1d\u011bn\u00ed \u00fakol\u016f. Tento kokain m\u00e1 okam\u017eit\u00fd \u00fa\u010dinek na centr\u00e1ln\u00ed nervov\u00fd syst\u00e9m. N\u011bkter\u00e9 chemick\u00e9 hormony pou\u017e\u00edvan\u00e9 k \u00falev\u011b od bolesti jsou stimulov\u00e1ny kokainem. Stimuluje tak\u00e9 uvol\u0148ov\u00e1n\u00ed ur\u010dit\u00fdch neurotransmiter\u016f v mozku. M\u016f\u017ee v\u0161ak tak\u00e9 p\u0159\u00edle\u017eitostn\u011b uvol\u0148ovat chemik\u00e1lie samo o sob\u011b k potla\u010den\u00ed bolesti. M\u00e1 relaxa\u010dn\u00ed \u00fa\u010dinek a dok\u00e1\u017ee zm\u00edrnit jak\u00fdkoli druh nepohodl\u00ed. Lid\u00e9 d\u00edky tomu poci\u0165uj\u00ed \u00falevu od sv\u00fdch nepohodl\u00ed.         <\/p>\n<h3>Kupte si Volkswagen Cocain online<\/h3>\n<p> U\u017e\u00edv\u00e1n\u00ed tohoto prol\u00e9ku m\u016f\u017ee tak\u00e9 vy\u0159e\u0161it probl\u00e9m nespavosti. Jeho slo\u017eky obsahuj\u00ed mal\u00e9 mno\u017estv\u00ed l\u00e9k\u016f navozuj\u00edc\u00edch sp\u00e1nek. Volkswagen kokain pou\u017e\u00edvaj\u00ed v tane\u010dn\u00edch klubech profesion\u00e1lov\u00e9 i oby\u010dejn\u00ed lid\u00e9 k r\u016fzn\u00fdm \u00fa\u010del\u016fm. Lid\u00e9, kte\u0159\u00ed konzumovali tuto drogu po kr\u00e1tkou dobu, uvedli, \u017ee se c\u00edtili energi\u010dt\u011bji a aktivn\u011bji. Vzhledem k tomu, \u017ee kokain Volkswagen je vysoce \u010dist\u00e1 droga, m\u016f\u017ee b\u00fdt del\u0161\u00ed konzumace pro lidsk\u00fd organismus nebezpe\u010dn\u00e1. Proto by se m\u011bl pou\u017e\u00edvat pouze tehdy, kdy\u017e to lidsk\u00e9 t\u011blo pot\u0159ebuje. Koupit Volkswagen kokain online 90 %       <\/p>\n<h3><strong>Objednejte si Volkswagen kokain online 90% \u010dist\u00fd<\/strong><\/h3>\n<p> V na\u0161em internetov\u00e9m obchod\u011b nab\u00edz\u00edme tak\u00e9 velmi levn\u00fd kokain Volkswagen. Prost\u0159ednictv\u00edm na\u0161\u00ed p\u0159epravn\u00ed slu\u017eby m\u016f\u017eete obdr\u017eet sv\u00e9 zbo\u017e\u00ed velmi rychle. Na\u0161i chemici zajistili, \u017ee podm\u00ednky skladov\u00e1n\u00ed jsou takov\u00e9, \u017ee \u010distotu kokainu nelze \u017e\u00e1dn\u00fdm faktorem zm\u011bnit. Koupit Volkswagen kokain online 90 %    &nbsp;<\/p>\n","protected":false},"excerpt":{"rendered":"<p>Volkswagen Cocaine na prodej online. Zde v l\u00e9k\u00e1rn\u011b Dr. Lawsons nab\u00edz\u00edme k prodeji autentick\u00fd kokain Volkswagen. Ka\u017ed\u00fd den tvrd\u011b pracujeme na tom, abychom na\u0161im z\u00e1kazn\u00edk\u016fm poskytli ten nejlep\u0161\u00ed Volkswagen Cocain na trhu.   &nbsp;<\/p>\n","protected":false},"featured_media":18376,"comment_status":"closed","ping_status":"closed","template":"","meta":{"om_disable_all_campaigns":false,"_sitemap_exclude":false,"_sitemap_priority":"","_sitemap_frequency":"","_monsterinsights_skip_tracking":false,"_monsterinsights_sitenote_active":false,"_monsterinsights_sitenote_note":"","_monsterinsights_sitenote_category":0},"product_cat":[8050],"product_tag":[8158,8157,8150,8141,8145,8139,8140,8146,8153,8154,8148,8142,8151,8155,8160,8143,8144,8159,8149,8156,8152,8147],"class_list":{"0":"post-23973","1":"product","2":"type-product","3":"status-publish","4":"has-post-thumbnail","6":"product_cat-kokain","7":"product_tag-autenticky-volkswagen-cocaine-90-evropa","8":"product_tag-dodavka-volkswagen-cocaine-90-po-evrope","9":"product_tag-kde-koupit-volkswagen-cocaine-90-europe","10":"product_tag-kde-koupit-volkswagen-cocaine-90-online","11":"product_tag-kolik-stoji-volkswagen-cocain-90","12":"product_tag-koupit-volkswagen-cocain-90","13":"product_tag-kupte-si-volkswagen-cocaine-90-online","14":"product_tag-kupte-si-volkswagen-cocaine-90-online-evropa","15":"product_tag-levny-volkswagen-cocaine-90-evropa","16":"product_tag-obchody-volkswagen-cocaine-90-europe","17":"product_tag-objednejte-si-volkswagen-cocaine-90-eu","18":"product_tag-objednejte-si-volkswagen-cocaine-90-online","19":"product_tag-prodej-volkswagen-cocaine-90-v-evrope","20":"product_tag-prodejna-volkswagen-cocaine-90-europe","21":"product_tag-recenze-volkswagen-cocaine-90-europe","22":"product_tag-ucinky-volkswagen-cocaine-90","23":"product_tag-volkswagen-cocain-90-prodej-online","24":"product_tag-volkswagen-cocaine-90-evropskych-dodavatelu","25":"product_tag-volkswagen-cocaine-90-doprava-zdarma-v-evrope","26":"product_tag-volkswagen-cocaine-90-evropska-sleva","27":"product_tag-volkswagen-cocaine-90-internetovy-obchod-evropa","28":"product_tag-volkswagen-cocaine-90-nejlepsi-cena-v-evrope","30":"first","31":"instock","32":"shipping-taxable","33":"purchasable","34":"product-type-variable","35":"farmacie-col"},"aioseo_notices":[],"_links":{"self":[{"href":"https:\/\/lacasadelamedicina.es\/cs\/wp-json\/wp\/v2\/product\/23973"}],"collection":[{"href":"https:\/\/lacasadelamedicina.es\/cs\/wp-json\/wp\/v2\/product"}],"about":[{"href":"https:\/\/lacasadelamedicina.es\/cs\/wp-json\/wp\/v2\/types\/product"}],"replies":[{"embeddable":true,"href":"https:\/\/lacasadelamedicina.es\/cs\/wp-json\/wp\/v2\/comments?post=23973"}],"wp:featuredmedia":[{"embeddable":true,"href":"https:\/\/lacasadelamedicina.es\/cs\/wp-json\/wp\/v2\/media\/18376"}],"wp:attachment":[{"href":"https:\/\/lacasadelamedicina.es\/cs\/wp-json\/wp\/v2\/media?parent=23973"}],"wp:term":[{"taxonomy":"product_cat","embeddable":true,"href":"https:\/\/lacasadelamedicina.es\/cs\/wp-json\/wp\/v2\/product_cat?post=23973"},{"taxonomy":"product_tag","embeddable":true,"href":"https:\/\/lacasadelamedicina.es\/cs\/wp-json\/wp\/v2\/product_tag?post=23973"}],"curies":[{"name":"wp","href":"https:\/\/api.w.org\/{rel}","templated":true}]}}