{"id":23966,"date":"2024-08-09T14:02:16","date_gmt":"2024-08-09T14:02:16","guid":{"rendered":"https:\/\/lacasadelamedicina.es\/product\/kupte-si-crack-online\/"},"modified":"2024-08-09T14:02:16","modified_gmt":"2024-08-09T14:02:16","slug":"kupte-si-crack-online","status":"publish","type":"product","link":"https:\/\/lacasadelamedicina.es\/cs\/produkt\/kupte-si-crack-online\/","title":{"rendered":"Kupte si crack online"},"content":{"rendered":"<h3>Kupte si crack online.<\/h3>\n<p> Crack je l\u00e9k pro v\u00e1s, pokud hled\u00e1te high, kter\u00e9 v\u00e1m dod\u00e1 silnou energii. Rostlina koky je zdrojem cracku, siln\u00e9ho stimulantu. M\u00e1 siln\u00fd, okam\u017eit\u00fd \u00fa\u010dinek, kter\u00fd mimo jin\u00e9 p\u0159in\u00e1\u0161\u00ed pot\u011b\u0161en\u00ed a p\u0159\u00edsun energie. Pl\u00e1nujete n\u00e1kup cracku online? Pokud ano, l\u00e9k\u00e1rna Dr. Lawsons je va\u0161\u00edm jedin\u00fdm kontaktn\u00edm m\u00edstem pro v\u0161e, co si o cracku chcete koupit online. Koupit crack online &#8211;      <a href=\"https:\/\/drlawsonspharmacy\/contact-us\/\">KONTAKT<\/a><\/p>\n<h3>Z \u010deho se vyr\u00e1b\u00ed crack?<\/h3>\n<p> Listy rostliny koky se pou\u017e\u00edvaj\u00ed k v\u00fdrob\u011b kokainu, stimulantu. \u010casto se prod\u00e1v\u00e1 jako \u201ecrack kokain\u201c, co\u017e je kombinace kokainu a vody. L\u00e9k\u00e1rna Dr. Lawsons je tou nejlep\u0161\u00ed volbou pro ka\u017ed\u00e9ho, kdo chce bezpe\u010dn\u011b koupit tuto \u00fa\u010dinnou l\u00e1tku, d\u00edky \u0161irok\u00e9 \u0161k\u00e1le vysoce kvalitn\u00edch crack\u016f ve velk\u00e9m, bezpe\u010dn\u00fdch platebn\u00edch metod a diskr\u00e9tn\u00edho doru\u010den\u00ed.   <\/p>\n<h3>V\u00fdhody crackov\u00e9ho kokainu<\/h3>\n<p> Jedn\u00edm z nej\u010dast\u011bji pou\u017e\u00edvan\u00fdch narkotik na trhu je crack, a to z dobr\u00e9ho d\u016fvodu. Je to snadn\u00fd a rychl\u00fd zp\u016fsob, jak z\u00edskat siln\u00e9 opojen\u00ed, kter\u00e9 vydr\u017e\u00ed d\u00e9le ne\u017e jin\u00e9 drogy. Na rozd\u00edl od jin\u00fdch narkotik, u kter\u00fdch n\u011bkdy trv\u00e1 hodiny, ne\u017e se projev\u00ed, crack funguje okam\u017eit\u011b. Okam\u017eit\u011b si m\u016f\u017eete vychutnat sv\u016fj high, proto\u017ee \u00fa\u010dinky poc\u00edt\u00edte ji\u017e po n\u011bkolika minut\u00e1ch. Crack se tak\u00e9 v\u011b\u0159\u00ed, \u017ee zvy\u0161uje kreativitu a emo\u010dn\u00ed intenzitu ve srovn\u00e1n\u00ed s jin\u00fdmi drogami, jako je marihuana nebo ext\u00e1ze. Kupte si crackov\u00fd kokain online V l\u00e9k\u00e1rn\u011b Dr. At Lawsons Pharmacy nab\u00edz\u00edme spot\u0159ebitel\u016fm ve v\u0161ech zem\u00edch cenov\u011b dostupn\u00fd p\u0159\u00edstup k pr\u00e9miov\u00e9mu cracku, kter\u00fd je mo\u017en\u00e9 zakoupit online. M\u016f\u017eete si b\u00fdt jisti, \u017ee dos\u00e1hnete nejlep\u0161\u00edch mo\u017en\u00fdch v\u00fdsledk\u016f, proto\u017ee na\u0161e cracky jsou vyr\u00e1b\u011bny podle nejvy\u0161\u0161\u00edch standard\u016f \u010distoty.       <\/p>\n<h3>Vedlej\u0161\u00ed \u00fa\u010dinky crackov\u00e9ho kokainu<\/h3>\n<p> Crack je extr\u00e9mn\u011b n\u00e1vykov\u00e1 a \u0161kodliv\u00e1 l\u00e1tka, kter\u00e1 m\u016f\u017ee v\u00e1\u017en\u011b po\u0161kodit va\u0161e zdrav\u00ed. Negativn\u00ed \u00fa\u010dinky cracku mohou b\u00fdt smrteln\u00e9, n\u00e1vykov\u00e9 a m\u00edt negativn\u00ed dopad na du\u0161evn\u00ed zdrav\u00ed. Krom\u011b toho m\u016f\u017ee m\u00edt crack okam\u017eit\u00e9 fyzick\u00e9 vedlej\u0161\u00ed \u00fa\u010dinky, jako je bu\u0161en\u00ed srdce, agresivita a psych\u00f3za. P\u0159ed pou\u017eit\u00edm cracku je d\u016fle\u017eit\u00e9 se pou\u010dit o rizic\u00edch, proto\u017ee dlouhodob\u00e9 negativn\u00ed \u00fa\u010dinky se mohou projevit a\u017e po letech po konzumaci.    <\/p>\n<h3>Kupte si crackov\u00fd kokain online \u2013 Kupte si crackov\u00fd kokain online z l\u00e9k\u00e1rny Dr Lawsons<\/h3>\n<p> Hled\u00e1te zp\u016fsob, jak se dostat vysoko? Nav\u0161tivte Dr. Lawsons Pharmacy, webovou str\u00e1nku, kde si m\u016f\u017eete hromadn\u011b koupit kvalitn\u00ed testovan\u00fd crack. Nab\u00edz\u00edme \u0161irok\u00fd sortiment zbo\u017e\u00ed v\u010detn\u011b cracku ve velikostech od jednoho kilogramu a\u017e po mal\u00e9 mno\u017estv\u00ed. Nikde jinde nenajdete lep\u0161\u00ed nab\u00eddku, ne\u017e je na\u0161e vynikaj\u00edc\u00ed cena cracku. Na\u0161e polo\u017eky bal\u00edme s velkou p\u00e9\u010d\u00ed, aby dorazily diskr\u00e9tn\u011b a bezpe\u010dn\u011b, proto\u017ee v\u00edme, jak\u00e1 je hodnota soukrom\u00ed. Up\u0159\u00edmn\u011b douf\u00e1me, \u017ee l\u00e9k\u00e1rnu Dr. Lawsons budete pova\u017eovat za sv\u016fj prim\u00e1rn\u00ed internetov\u00fd zdroj pro n\u00e1kup cracku.      &nbsp;<\/p>\n","protected":false},"excerpt":{"rendered":"<p>Kupte si crack online. Crack je l\u00e9k pro v\u00e1s, pokud hled\u00e1te high, kter\u00e9 v\u00e1m dod\u00e1 silnou energii. Rostlina koky je zdrojem cracku, siln\u00e9ho stimulantu. M\u00e1 siln\u00fd, okam\u017eit\u00fd \u00fa\u010dinek, kter\u00fd mimo jin\u00e9 p\u0159in\u00e1\u0161\u00ed pot\u011b\u0161en\u00ed a p\u0159\u00edsun energie. Pl\u00e1nujete n\u00e1kup cracku online? Pokud ano, l\u00e9k\u00e1rna Dr. Lawsons je va\u0161\u00edm jedin\u00fdm kontaktn\u00edm m\u00edstem pro v\u0161e, co si o [&hellip;]<\/p>\n","protected":false},"featured_media":18751,"comment_status":"closed","ping_status":"closed","template":"","meta":{"om_disable_all_campaigns":false,"_sitemap_exclude":false,"_sitemap_priority":"","_sitemap_frequency":"","_monsterinsights_skip_tracking":false,"_monsterinsights_sitenote_active":false,"_monsterinsights_sitenote_note":"","_monsterinsights_sitenote_category":0},"product_cat":[8050],"product_tag":[8136,8127,8134,8132,8125,8130,8135,8137,8128,8120,8123,8117,8124,8119,8131,8133,8118,8126,8122,8129,8138,8121],"class_list":{"0":"post-23966","1":"product","2":"type-product","3":"status-publish","4":"has-post-thumbnail","6":"product_cat-kokain","7":"product_tag-autenticky-crack-kokain-evropa","8":"product_tag-crack-kokain-doprava-zdarma-po-evrope","9":"product_tag-crack-kokain-evropska-sleva","10":"product_tag-crack-kokain-evropske-obchody","11":"product_tag-crack-kokain-nejlepsi-cena-v-evrope","12":"product_tag-crack-kokain-online-obchod-evropa","13":"product_tag-dodavka-cracku-po-evrope","14":"product_tag-evropsti-dodavatele-cracku","15":"product_tag-kde-koupit-crack-kokain-evropa","16":"product_tag-kde-koupit-crack-kokain-online","17":"product_tag-kolik-je-crack-kokain","18":"product_tag-koupit-crack-kokain","19":"product_tag-koupit-crack-kokain-online-evropa","20":"product_tag-koupit-crack-online","21":"product_tag-levny-crack-kokain-evropa","22":"product_tag-obchod-s-crackem-v-evrope","23":"product_tag-objednat-crack-kokain-online","24":"product_tag-objednejte-si-crack-kokain-eu","25":"product_tag-online-prodej-cracku","26":"product_tag-prodej-cracku-v-evrope","27":"product_tag-recenze-cracku-v-evrope","28":"product_tag-ucinky-cracku","30":"first","31":"instock","32":"shipping-taxable","33":"purchasable","34":"product-type-variable","35":"farmacie-col"},"aioseo_notices":[],"_links":{"self":[{"href":"https:\/\/lacasadelamedicina.es\/cs\/wp-json\/wp\/v2\/product\/23966"}],"collection":[{"href":"https:\/\/lacasadelamedicina.es\/cs\/wp-json\/wp\/v2\/product"}],"about":[{"href":"https:\/\/lacasadelamedicina.es\/cs\/wp-json\/wp\/v2\/types\/product"}],"replies":[{"embeddable":true,"href":"https:\/\/lacasadelamedicina.es\/cs\/wp-json\/wp\/v2\/comments?post=23966"}],"wp:featuredmedia":[{"embeddable":true,"href":"https:\/\/lacasadelamedicina.es\/cs\/wp-json\/wp\/v2\/media\/18751"}],"wp:attachment":[{"href":"https:\/\/lacasadelamedicina.es\/cs\/wp-json\/wp\/v2\/media?parent=23966"}],"wp:term":[{"taxonomy":"product_cat","embeddable":true,"href":"https:\/\/lacasadelamedicina.es\/cs\/wp-json\/wp\/v2\/product_cat?post=23966"},{"taxonomy":"product_tag","embeddable":true,"href":"https:\/\/lacasadelamedicina.es\/cs\/wp-json\/wp\/v2\/product_tag?post=23966"}],"curies":[{"name":"wp","href":"https:\/\/api.w.org\/{rel}","templated":true}]}}