{"id":23960,"date":"2024-08-09T14:02:16","date_gmt":"2024-08-09T14:02:16","guid":{"rendered":"https:\/\/lacasadelamedicina.es\/product\/kupte-si-kolumbijsky-kokain-online\/"},"modified":"2024-08-09T14:02:16","modified_gmt":"2024-08-09T14:02:16","slug":"kupte-si-kolumbijsky-kokain-online","status":"publish","type":"product","link":"https:\/\/lacasadelamedicina.es\/cs\/produkt\/kupte-si-kolumbijsky-kokain-online\/","title":{"rendered":"Kupte si kolumbijsk\u00fd kokain online"},"content":{"rendered":"<h3>Kupte si kolumbijsk\u00fd kokain online.<\/h3>\n<p> Hled\u00e1te kolumbijsk\u00fd kokain ke koupi online? V tom p\u0159\u00edpad\u011b je pro v\u00e1s l\u00e9k\u00e1rna Dr. Lawsons ide\u00e1ln\u00edm m\u00edstem. Zde m\u016f\u017eete z\u00edskat \u0161irokou \u0161k\u00e1lu pr\u00e9miov\u00fdch kokainov\u00fdch produkt\u016f vyroben\u00fdch z kolumbijsk\u00e9 koky. Koupit kolumbijsk\u00fd kokain online &#8211;    <a href=\"https:\/\/drlawsonspharmacy\/contact-us\/\">KONTAKT<\/a><\/p>\n<h3>Jak se vyr\u00e1b\u00ed kolumbijsk\u00fd kokain?<\/h3>\n<p> Jedn\u00edm z nejpou\u017e\u00edvan\u011bj\u0161\u00edch narkotik na dne\u0161n\u00edm trhu je kolumbijsk\u00fd kokain. Je to siln\u00fd stimulant, kter\u00fd m\u016f\u017ee zv\u00fd\u0161it energii a soust\u0159ed\u011bn\u00ed. Pro v\u00fdrobu kolumbijsk\u00e9ho kokainu mus\u00ed farm\u00e1\u0159i nejprve sklidit listy koky v And\u00e1ch. Jakmile jsou listy koky zral\u00e9, jsou sb\u00edr\u00e1ny a p\u0159em\u011b\u0148ov\u00e1ny na krystaly hydrochloridu kokainu. Tento proces zahrnuje destilaci list\u016f pomoc\u00ed r\u016fzn\u00fdch chemick\u00fdch proces\u016f, jako je kysel\u00e9 prom\u00fdv\u00e1n\u00ed a extrakce \u00e9terem. Nakonec je kokain p\u0159epravov\u00e1n do zahrani\u010d\u00ed a prod\u00e1v\u00e1n na podzemn\u00edm trhu.      <\/p>\n<h3>Kupte si kolumbijsk\u00fd kokain online<\/h3>\n<p> Vzhledem k tomu, \u017ee kolumbijsk\u00fd kokain je v Evrop\u011b a jin\u00fdch \u010d\u00e1stech sv\u011bta lukrativn\u011bj\u0161\u00ed ne\u017e jin\u00e9 druhy drog, organizace obchoduj\u00edc\u00ed s drogami pou\u017e\u00edvaj\u00ed r\u016fzn\u00e9 cesty a p\u0159\u00edstavy, aby se tam dostaly. D\u00edky t\u011bmto vlastnostem jsou \u010dasto velk\u00e9 cenov\u00e9 rozd\u00edly mezi kolumbijsk\u00fdm kokainem a jin\u00fdmi drogami dostupn\u00fdmi na trhu.  <\/p>\n<h3>V\u00fdhody kolumbijsk\u00e9ho kokainu<\/h3>\n<p> Pokud chcete za\u017e\u00edt intenzivn\u011bj\u0161\u00ed pocit euforie nebo si chcete vz\u00edt <a href=\"https:\/\/dieapotheke247.com\/\">kolumbijsk\u00fd<\/a> kokain jako sou\u010d\u00e1st va\u0161\u00ed l\u00e9\u010dby z\u00e1vislosti, m\u00e1 to \u0159adu v\u00fdhod. Kolumbijsk\u00fd kokain m\u00e1 vy\u0161\u0161\u00ed \u00fa\u010dinnost ne\u017e jin\u00e9 typy kokainu, co\u017e u\u017eivatel\u016fm umo\u017e\u0148uje za\u017e\u00edt v\u00fdhody s mnohem men\u0161\u00edm mno\u017estv\u00edm a tak\u00e9 maj\u00ed v\u011bt\u0161\u00ed pocit pot\u011b\u0161en\u00ed a bd\u011blosti. D\u00edky sv\u00e9 \u010distot\u011b a nedostatku k\u0159\u00ed\u017eov\u00e9 kontaminace s jin\u00fdmi l\u00e1tkami je kolumbijsk\u00fd kokain zakoupen\u00fd online \u010dasto pova\u017eov\u00e1n za atraktivn\u011bj\u0161\u00ed. M\u00e1me ide\u00e1ln\u00ed kolumbijsk\u00fd kokain na prodej, a\u0165 u\u017e si ho chcete \u0161\u0148upat nebo kou\u0159it. Pro\u010d to nezkusit hned v l\u00e9k\u00e1rn\u011b Dr. Lawsons? Nebudete zklam\u00e1ni!      <\/p>\n<h3>Vedlej\u0161\u00ed \u00fa\u010dinky kolumbijsk\u00e9ho kokainu<\/h3>\n<p> Kr\u00e1tkodob\u00e9 vedlej\u0161\u00ed \u00fa\u010dinky u\u017e\u00edv\u00e1n\u00ed kokainu zahrnuj\u00ed, \u017ee u\u017eivatel\u00e9 za\u017e\u00edvaj\u00ed pocit povznesen\u00e9 n\u00e1lady nebo vzru\u0161en\u00ed, stejn\u011b jako zv\u00fd\u0161enou energii a motivaci. V z\u00e1vislosti na tom, kolik kokainu n\u011bkdo zkonzumoval, tyto ne\u017e\u00e1douc\u00ed \u00fa\u010dinky obvykle trvaj\u00ed p\u0159ibli\u017en\u011b hodinu. Probl\u00e9my s koncentrac\u00ed a pozornost\u00ed, zv\u00fd\u0161en\u00fd srde\u010dn\u00ed tep a krevn\u00ed tlak, nespavost, rychl\u00fd \u00fabytek nebo p\u0159ib\u00edr\u00e1n\u00ed na v\u00e1ze, z\u00e1vislost, z\u00e1chvaty, po\u0161kozen\u00ed jater a dokonce smrt, to v\u0161e jsou mo\u017en\u00e9 dlouhodob\u00e9 negativn\u00ed \u00fa\u010dinky u\u017e\u00edv\u00e1n\u00ed kokainu.   <\/p>\n<h3>Kde si objednat kolumbijsk\u00fd kokain online?<\/h3>\n<p> Objedn\u00e1v\u00e1n\u00ed kokainu online z l\u00e9k\u00e1rny Dr. Lawsons m\u00e1 smysl z mnoha d\u016fvod\u016f. Jedn\u00edm z nich je, \u017ee r\u016fzn\u00e9 org\u00e1ny z\u016fst\u00e1vaj\u00ed rozd\u011bleny v ot\u00e1zce, zda je leg\u00e1ln\u00ed nakupovat kokain online. Ale kolumbijsk\u00fd kokain si m\u016f\u017eete koupit online bez obav ze zat\u010den\u00ed. Pohodl\u00ed n\u00e1kupu kokainu online je dal\u0161\u00edm ospravedln\u011bn\u00edm. Dr. Lawsons Pharmacy usnad\u0148uje a pohodln\u011b nakupuje kolumbijsk\u00fd kokain ve velk\u00e9m, ani\u017e byste museli opustit sv\u016fj domov nebo m\u00edsto podnik\u00e1n\u00ed. V neposledn\u00ed \u0159ad\u011b l\u00e9k\u00e1rna Dr Lawsons nab\u00edz\u00ed k prodeji r\u016fzn\u00e9 kokainov\u00e9 produkty, od pr\u00e1\u0161ku po crackov\u00e9 cihly.      &nbsp;<\/p>\n","protected":false},"excerpt":{"rendered":"<p>&nbsp;<\/p>\n","protected":false},"featured_media":18361,"comment_status":"closed","ping_status":"closed","template":"","meta":{"om_disable_all_campaigns":false,"_sitemap_exclude":false,"_sitemap_priority":"","_sitemap_frequency":"","_monsterinsights_skip_tracking":false,"_monsterinsights_sitenote_active":false,"_monsterinsights_sitenote_note":"","_monsterinsights_sitenote_category":0},"product_cat":[8050],"product_tag":[8114,8113,8106,8098,8101,8105,8112,8110,8108,8103,8111,8115,8095,8097,8102,8109,8096,8104,8100,8107,8116,8099],"class_list":{"0":"post-23960","1":"product","2":"type-product","3":"status-publish","4":"has-post-thumbnail","6":"product_cat-kokain","7":"product_tag-autenticky-kolumbijsky-kokain-evropa","8":"product_tag-dodavka-kolumbijskeho-kokainu-po-evrope","9":"product_tag-kde-koupit-kolumbijsky-kokain-evropa","10":"product_tag-kde-koupit-kolumbijsky-kokain-online","11":"product_tag-kolik-je-kolumbijsky-kokain","12":"product_tag-kolumbijska-doprava-zdarma-po-kokainu-po-evrope","13":"product_tag-kolumbijska-sleva-na-kokain-evropa","14":"product_tag-kolumbijske-obchody-s-kokainem-v-evrope","15":"product_tag-kolumbijsky-internetovy-obchod-s-kokainem-evropa","16":"product_tag-kolumbijsky-kokain-za-nejlepsi-cenu-v-evrope","17":"product_tag-kolumbijsky-obchod-s-kokainem-v-evrope","18":"product_tag-kolumbijsti-dodavatele-kokainu-v-evrope","19":"product_tag-koupit-kolumbijsky-kokain","20":"product_tag-koupit-kolumbijsky-kokain-online","21":"product_tag-koupit-kolumbijsky-kokain-online-evropa","22":"product_tag-levny-kolumbijsky-kokain-evropa","23":"product_tag-objednat-kolumbijsky-kokain-online","24":"product_tag-objednejte-si-kolumbijsky-kokain-eu","25":"product_tag-prodej-kolumbijskeho-kokainu-online","26":"product_tag-prodej-kolumbijskeho-kokainu-v-evrope","27":"product_tag-recenze-kolumbijskeho-kokainu-v-evrope","28":"product_tag-ucinky-kolumbijskeho-kokainu","30":"first","31":"instock","32":"shipping-taxable","33":"purchasable","34":"product-type-variable","35":"farmacie-col"},"aioseo_notices":[],"_links":{"self":[{"href":"https:\/\/lacasadelamedicina.es\/cs\/wp-json\/wp\/v2\/product\/23960"}],"collection":[{"href":"https:\/\/lacasadelamedicina.es\/cs\/wp-json\/wp\/v2\/product"}],"about":[{"href":"https:\/\/lacasadelamedicina.es\/cs\/wp-json\/wp\/v2\/types\/product"}],"replies":[{"embeddable":true,"href":"https:\/\/lacasadelamedicina.es\/cs\/wp-json\/wp\/v2\/comments?post=23960"}],"wp:featuredmedia":[{"embeddable":true,"href":"https:\/\/lacasadelamedicina.es\/cs\/wp-json\/wp\/v2\/media\/18361"}],"wp:attachment":[{"href":"https:\/\/lacasadelamedicina.es\/cs\/wp-json\/wp\/v2\/media?parent=23960"}],"wp:term":[{"taxonomy":"product_cat","embeddable":true,"href":"https:\/\/lacasadelamedicina.es\/cs\/wp-json\/wp\/v2\/product_cat?post=23960"},{"taxonomy":"product_tag","embeddable":true,"href":"https:\/\/lacasadelamedicina.es\/cs\/wp-json\/wp\/v2\/product_tag?post=23960"}],"curies":[{"name":"wp","href":"https:\/\/api.w.org\/{rel}","templated":true}]}}