{"id":23941,"date":"2024-08-09T14:02:20","date_gmt":"2024-08-09T14:02:20","guid":{"rendered":"https:\/\/lacasadelamedicina.es\/product\/koupit-jwh-250-online\/"},"modified":"2024-08-09T14:02:20","modified_gmt":"2024-08-09T14:02:20","slug":"koupit-jwh-250-online","status":"publish","type":"product","link":"https:\/\/lacasadelamedicina.es\/cs\/produkt\/koupit-jwh-250-online\/","title":{"rendered":"Koupit JWH-250 online"},"content":{"rendered":"<h1>Koupit JWH-250 online<\/h1>\n<p> Online prodej produkt\u016f JWH-250. Od konce roku 2000 se v produktech nach\u00e1z\u00ed JWH-250, syntetick\u00fd agonista kanabinoidn\u00edho receptoru. Byl vyvinut Dr. Johnem W. Huffmanem a Huffmanem et al. publikoval \u010dl\u00e1nek o tom v roce 2005. Koupit JWH-250 online. <a href=\"https:\/\/drlawsonspharmacy\/contact-us\/\">KONTAKT<\/a> L\u00e9k, fenylacetylindol, p\u016fsob\u00ed jako agonista na receptorech CB1 i CB2. Jeho parciality na CB1 a CB2 jsou 11 nM a 33 nM, v dan\u00e9m po\u0159ad\u00ed. JWH-250 se dostal na <a href=\"https:\/\/dieapotheke247.com\/\">trh<\/a> n\u011bkolik let po jeho prvn\u00ed zm\u00ednce v textu, p\u0159i\u010dem\u017e n\u011bmeck\u00e1 policie provedla prvn\u00ed identifikaci v kv\u011btnu 2009. Drogu na\u0161li v p\u0159\u00edrodn\u00ed sm\u011bsi kadidla . Koupit JWH-250 online Byl tak\u00e9 nalezen v pr\u00e1\u0161c\u00edch a sm\u011bs\u00edch prod\u00e1van\u00fdch online japonsk\u00fdm analytik\u016fm. V\u0161echny tyto produkty obsahovaly mezi 77 a 165 mg. Je velmi pravd\u011bpodobn\u00e9, \u017ee lid\u00e9 p\u0159i\u0161li do kontaktu s JWH-250, ani\u017e by si to uv\u011bdomovali d\u00edky zp\u016fsobu prodeje. P\u0159elo\u017eeno pomoc\u00ed www.DeepL.com\/Translator (bezplatn\u00e1 verze) Mol\u00e1rn\u00ed hmotnost: 335,439 g\/mol ChEMBL ID: 188031 ChemSpider ID: 23256117 PubChem CID: 44397540 Formulace: C22H25NO2 M\u016f\u017eete mi \u0159\u00edct, kde koupit JWH-250 JWH-250 na prodej, pouli\u010dn\u00ed hodnota JWH-250, d\u00e1vkov\u00e1n\u00ed JWH-250, jak vyrobit JWH-250, kde koupit, kde koupit JWH-250, co je JWH-250 a kde z\u00edskat JWH-250 na nejvy\u0161\u0161\u00ed kvalita jsou v\u0161echny k dispozici. M\u016f\u017eeme poskytnout \u0159e\u0161en\u00ed na v\u0161echny tyto nevy\u0159e\u0161en\u00e9 ot\u00e1zky. M\u016f\u017eete zjistit, jak a kde koupit JWH-250 online pouh\u00fdm proch\u00e1zen\u00edm na\u0161ich webov\u00fdch str\u00e1nek. A co JWH-250? Tak\u00e9 v\u00edte, kde si mohu koupit JWH-250 online? Koupit JWH-250 na prodej, jak vyrobit JWH-250, jak vypad\u00e1 JWH-250, kolik stoj\u00ed JWH-250 na ulici, kolik stoj\u00ed JWH-250 online, kde mohu z\u00edskat JWH-250 a kde koupit \u010dist\u00fd JWH-250. Je zcela jasn\u00e9, \u017ee lid\u00e9 okam\u017eit\u011b nev\u011b\u0159\u00ed kvalit\u011b JWH-250 prod\u00e1van\u00e9ho online, proto\u017ee si jej nemohou fyzicky prohl\u00e9dnout. To v\u0161ak nen\u00ed p\u0159\u00edpad online prodejc\u016f JWH-250. Zde nab\u00edzen\u00e9 produkty p\u0159esn\u011b reprezentuj\u00ed to, co jsou, s prvot\u0159\u00eddn\u00ed \u00fadr\u017ebou prov\u00e1d\u011bnou pod odborn\u00fdm dohledem. Rychl\u00e9 &amp; Diskr\u00e9tn\u00ed doprava: JWH-250 bude doru\u010den, jak bylo sl\u00edbeno, ihned po obdr\u017een\u00ed objedn\u00e1vky. P\u0159epravn\u00ed t\u00fdm se sna\u017e\u00ed, aby p\u0159eprava a doru\u010den\u00ed bylo rychl\u00e9 a snadn\u00e9. Kdy\u017e si koup\u00edte JWH-250 od specialisty na online platform\u011b, m\u016f\u017eete po\u010d\u00edtat tak\u00e9 s prvot\u0159\u00eddn\u00ed slu\u017ebou.                       &nbsp;<\/p>\n","protected":false},"excerpt":{"rendered":"<p>Koupit JWH-250 online. JWH-250, syntetick\u00fd agonista kanabinoidn\u00edho receptoru, byl nalezen v produktech od konce 21. stolet\u00ed. Byl vyvinut Dr. Johnem W. Huffmanem a Huffmanem et al. publikoval \u010dl\u00e1nek o tom v roce 2005. Koupit JWH-250 online.    &nbsp;<\/p>\n","protected":false},"featured_media":18616,"comment_status":"closed","ping_status":"closed","template":"","meta":{"om_disable_all_campaigns":false,"_sitemap_exclude":false,"_sitemap_priority":"","_sitemap_frequency":"","_monsterinsights_skip_tracking":false,"_monsterinsights_sitenote_active":false,"_monsterinsights_sitenote_note":"","_monsterinsights_sitenote_category":0},"product_cat":[7851],"product_tag":[8025,8024,8016,8021,8026,8019,8014,8017,8009,8012,8006,8008,8013,8020,8022,8015,8007,8018,8011,8027,8023,8010],"class_list":{"0":"post-23941","1":"product","2":"type-product","3":"status-publish","4":"has-post-thumbnail","6":"product_cat-vyzkum-chemickych-latek-a-psychedelik","7":"product_tag-autenticky-jwh-250-evropa","8":"product_tag-dodavka-jwh-250-evropa","9":"product_tag-jwh-250-doprava-zdarma-po-evrope","10":"product_tag-jwh-250-evropa-nabidky","11":"product_tag-jwh-250-evropsti-dodavatele","12":"product_tag-jwh-250-internetovy-obchod-evropa","13":"product_tag-jwh-250-nejlepsi-cena-v-evrope","14":"product_tag-kde-koupit-jwh-250-europe","15":"product_tag-kde-koupit-jwh-250-online","16":"product_tag-kolik-je-jwh-250","17":"product_tag-koupit-jwh-250","18":"product_tag-koupit-jwh-250-online","19":"product_tag-koupit-jwh-250-online-evropa","20":"product_tag-levny-jwh-250-europe","21":"product_tag-obchod-jwh-250-europe","22":"product_tag-objednejte-jwh-250-eu","23":"product_tag-objednejte-si-jwh-250-online","24":"product_tag-prodej-jwh-250-evropa","25":"product_tag-prodej-jwh-250-online","26":"product_tag-recenze-jwh-250-europe","27":"product_tag-sleva-jwh-250-evropa","28":"product_tag-ucinky-jwh-250","30":"first","31":"instock","32":"shipping-taxable","33":"purchasable","34":"product-type-variable","35":"farmacie-col"},"aioseo_notices":[],"_links":{"self":[{"href":"https:\/\/lacasadelamedicina.es\/cs\/wp-json\/wp\/v2\/product\/23941"}],"collection":[{"href":"https:\/\/lacasadelamedicina.es\/cs\/wp-json\/wp\/v2\/product"}],"about":[{"href":"https:\/\/lacasadelamedicina.es\/cs\/wp-json\/wp\/v2\/types\/product"}],"replies":[{"embeddable":true,"href":"https:\/\/lacasadelamedicina.es\/cs\/wp-json\/wp\/v2\/comments?post=23941"}],"wp:featuredmedia":[{"embeddable":true,"href":"https:\/\/lacasadelamedicina.es\/cs\/wp-json\/wp\/v2\/media\/18616"}],"wp:attachment":[{"href":"https:\/\/lacasadelamedicina.es\/cs\/wp-json\/wp\/v2\/media?parent=23941"}],"wp:term":[{"taxonomy":"product_cat","embeddable":true,"href":"https:\/\/lacasadelamedicina.es\/cs\/wp-json\/wp\/v2\/product_cat?post=23941"},{"taxonomy":"product_tag","embeddable":true,"href":"https:\/\/lacasadelamedicina.es\/cs\/wp-json\/wp\/v2\/product_tag?post=23941"}],"curies":[{"name":"wp","href":"https:\/\/api.w.org\/{rel}","templated":true}]}}