{"id":23933,"date":"2024-08-09T14:02:20","date_gmt":"2024-08-09T14:02:20","guid":{"rendered":"https:\/\/lacasadelamedicina.es\/product\/koupit-diazepam-prasek-online\/"},"modified":"2024-08-09T14:02:20","modified_gmt":"2024-08-09T14:02:20","slug":"koupit-diazepam-prasek-online","status":"publish","type":"product","link":"https:\/\/lacasadelamedicina.es\/cs\/produkt\/koupit-diazepam-prasek-online\/","title":{"rendered":"Koupit Diazepam pr\u00e1\u0161ek online"},"content":{"rendered":"<h3>Diazepam Powder \u2013 Koupit Diazepam online,<\/h3>\n<p> Kupte si Diazepam Powder online a z\u00edskejte vysoce kvalitn\u00ed l\u00e9ky se slevou. Nejlep\u0161\u00edm zdrojem pro n\u00e1kup a z\u00edsk\u00e1n\u00ed Diazepamu online je <strong>Dr. l\u00e9k\u00e1rna Lawsons<\/strong>. Koupit Diazepam Powder Online N\u00e1\u0161 internetov\u00fd obchod prod\u00e1v\u00e1 vysoce kvalitn\u00ed chemick\u00e9 produkty, z nich\u017e nejd\u016fle\u017eit\u011bj\u0161\u00ed jsou kanabinoidy. Proto\u017ee najdete v\u00edce produkt\u016f souvisej\u00edc\u00edch s designov\u00fdmi drogami, jsme odborn\u00edci v USA. D\u00edky vysoce kvalitn\u00edmu a \u00fa\u010dinn\u00e9mu slo\u017een\u00ed n\u00e1\u0161 diazepamov\u00fd pr\u00e1\u0161ek online prodej v N\u011aMECKU<a href=\"https:\/\/dieapotheke247.com\/\">D<\/a> je popul\u00e1rn\u00ed v r\u016fzn\u00fdch odv\u011btv\u00edch. Na\u0161i odborn\u00edci se neust\u00e1le sna\u017e\u00ed vyr\u00e1b\u011bt ty nejlep\u0161\u00ed mo\u017en\u00e9 l\u00e9ky, kter\u00e9 lidem vhodn\u00fdm zp\u016fsobem pomohou. Pokud va\u0161e odv\u011btv\u00ed pot\u0159ebuje tento Diazepam Powder, m\u016f\u017eete n\u00e1s kontaktovat nebo n\u00e1m jednodu\u0161e poslat zpr\u00e1vu a zadat online objedn\u00e1vku.       <a href=\"https:\/\/drlawsonspharmacy\/contact-us\/\">KONTAKT<\/a><\/p>\n<h3>Diazepam pr\u00e1\u0161ek na prodej<\/h3>\n<p> D\u00edky letit\u00fdm zku\u0161enostem na\u0161\u00ed organizace z\u00edsk\u00e1te Diazepam Powder v r\u016fzn\u00e9m mno\u017estv\u00ed, kter\u00e9 pot\u0159ebujete. Zbo\u017e\u00ed m\u016f\u017eete nakoupit ve spr\u00e1vn\u00fd \u010das na mal\u00e9 nebo i velk\u00e9 mno\u017estv\u00ed. Objednan\u00e9 zbo\u017e\u00ed dod\u00e1me v odpov\u00eddaj\u00edc\u00edm mno\u017estv\u00ed a bude \u010dist\u00e9 a posouv\u00e1 farmaceutick\u00fd a dal\u0161\u00ed pr\u016fmysl. Stejn\u011b jako na\u0161e ostatn\u00ed zbo\u017e\u00ed, kter\u00e9 je vhodn\u00e9 sp\u00ed\u0161e pro osobn\u00ed pot\u0159ebu, je i n\u00e1\u0161 produkt Diazepam Powder cenov\u011b p\u0159ijateln\u00fd. Tento produkt, na rozd\u00edl od v\u011bt\u0161iny ostatn\u00edch, je ur\u010den pouze pro osobn\u00ed pou\u017eit\u00ed. Ne\u017e v\u00e1m produkt dod\u00e1me, mus\u00edte poskytnout spr\u00e1vn\u00fd p\u0159edpis a prohl\u00e1\u0161en\u00ed.      <\/p>\n<h3>Jak pou\u017e\u00edvat n\u00e1\u0161 produkt Diazepam Powder?<\/h3>\n<p> Pokud spot\u0159ebitel\u00e9 neu\u017e\u00edvaj\u00ed tento produkt podle pokyn\u016f, m\u016f\u017ee b\u00fdt \u0161kodliv\u00fd. Lid\u00e9 budou m\u00edt v\u011bt\u0161\u00ed u\u017eitek z na\u0161eho Diazepam Powder Online for Sale USA, proto\u017ee dok\u00e1\u017ee l\u00e9\u010dit jejich \u00fazkost, abstinen\u010dn\u00ed p\u0159\u00edznaky, z\u00e1chvaty a z\u00e1chvaty paniky. P\u0159i pou\u017eit\u00ed podle pokyn\u016f l\u00e9ka\u0159e a ve spr\u00e1vn\u00e9m d\u00e1vkov\u00e1n\u00ed je pro lidi bezpe\u010dn\u011bj\u0161\u00ed. Vyh\u00fdb\u00e1n\u00ed se v\u011bcem, jako je alkohol, kou\u0159en\u00ed, hroznov\u00e1 \u0161\u0165\u00e1va a dal\u0161\u00ed v\u011bci, kter\u00e9 maj\u00ed velk\u00e9 negativn\u00ed \u00fa\u010dinky, je chytr\u00fd n\u00e1pad. Nejsme ochotni poskytnout tento produkt z\u00e1kazn\u00edk\u016fm mlad\u0161\u00edm osmn\u00e1cti let a neneseme odpov\u011bdnost za spot\u0159ebitele, kte\u0159\u00ed odeb\u00edraj\u00ed nadm\u011brn\u00e9 mno\u017estv\u00ed. Na\u0161e spole\u010dnost nab\u00edz\u00ed Diazepam Powder k prodeji online v r\u016fzn\u00fdch d\u00e1vk\u00e1ch, v\u010detn\u011b 10 mg, 50 mg a dokonce 1 kilogram. V z\u00e1vislosti na mno\u017estv\u00ed, kter\u00e9 pot\u0159ebujete, se bude m\u011bnit cena pr\u00e1\u0161ku. Vynik\u00e1me v nab\u00eddce l\u00e9ku ve velk\u00e9m mno\u017estv\u00ed pro pou\u017eit\u00ed v pr\u016fmyslu a v\u00fdzkumu. N\u00e1\u0161 internetov\u00fd obchod je proto pro v\u00e1s tou nejlep\u0161\u00ed volbou, pokud chcete \u010dist\u00fd pr\u00e1\u0161ek s p\u0159esnou recepturou a kvalitou.<\/p>\n","protected":false},"excerpt":{"rendered":"<p>Diazepam je dlouhodob\u011b p\u016fsob\u00edc\u00ed benzodiazepin s rychl\u00fdm n\u00e1stupem pou\u017e\u00edvan\u00fd k l\u00e9\u010db\u011b z\u00e1chvat\u016f, odvyk\u00e1n\u00ed alkoholu, z\u00e1chvat\u016f paniky a \u00fazkosti. Se silou diazepamu na prodej jsme nab\u00edzeni v l\u00e9k\u00e1rn\u011b Dr. Lawsona.  &nbsp;<\/p>\n","protected":false},"featured_media":18766,"comment_status":"closed","ping_status":"closed","template":"","meta":{"om_disable_all_campaigns":false,"_sitemap_exclude":false,"_sitemap_priority":"","_sitemap_frequency":"","_monsterinsights_skip_tracking":false,"_monsterinsights_sitenote_active":false,"_monsterinsights_sitenote_note":"","_monsterinsights_sitenote_category":0},"product_cat":[7851],"product_tag":[8003,7999,8001,7994,7992,8002,8004,7997,7989,7995,7987,7990,7991,7984,7986,7998,8000,7985,7993,7996,8005,7988],"class_list":{"0":"post-23933","1":"product","2":"type-product","3":"status-publish","4":"has-post-thumbnail","6":"product_cat-vyzkum-chemickych-latek-a-psychedelik","7":"product_tag-autenticky-prasek-diazepamu-evropa","8":"product_tag-diazepam-prasek-evropa-nabidky","9":"product_tag-diazepam-prasek-evropa-sleva","10":"product_tag-diazepamovy-prasek-doprava-zdarma-po-evrope","11":"product_tag-diazepamovy-prasek-za-nejlepsi-cenu-v-evrope","12":"product_tag-dodavka-prasku-diazepam-evropa","13":"product_tag-evropsti-dodavatele-prasku-diazepamu","14":"product_tag-internetovy-obchod-s-praskem-diazepam-europe","15":"product_tag-internetovy-prodej-diazepamoveho-prasku","16":"product_tag-kde-koupit-diazepam-prasek-evropa","17":"product_tag-kde-koupit-diazepam-prasek-online","18":"product_tag-kolik-je-prasek-diazepam","19":"product_tag-koupit-diazepam-prasek-online-evropa","20":"product_tag-koupit-diazepamovy-prasek","21":"product_tag-koupit-diazepamovy-prasek-online","22":"product_tag-levny-prasek-diazepam-europe","23":"product_tag-obchod-s-diazepamovym-praskem-v-evrope","24":"product_tag-objednat-diazepamovy-prasek-online","25":"product_tag-objednejte-diazepam-prasek-eu","26":"product_tag-prodej-diazepamoveho-prasku-v-evrope","27":"product_tag-recenze-diazepamoveho-prasku-evropa","28":"product_tag-ucinky-prasku-diazepam","30":"first","31":"instock","32":"shipping-taxable","33":"purchasable","34":"product-type-variable","35":"farmacie-col"},"aioseo_notices":[],"_links":{"self":[{"href":"https:\/\/lacasadelamedicina.es\/cs\/wp-json\/wp\/v2\/product\/23933"}],"collection":[{"href":"https:\/\/lacasadelamedicina.es\/cs\/wp-json\/wp\/v2\/product"}],"about":[{"href":"https:\/\/lacasadelamedicina.es\/cs\/wp-json\/wp\/v2\/types\/product"}],"replies":[{"embeddable":true,"href":"https:\/\/lacasadelamedicina.es\/cs\/wp-json\/wp\/v2\/comments?post=23933"}],"wp:featuredmedia":[{"embeddable":true,"href":"https:\/\/lacasadelamedicina.es\/cs\/wp-json\/wp\/v2\/media\/18766"}],"wp:attachment":[{"href":"https:\/\/lacasadelamedicina.es\/cs\/wp-json\/wp\/v2\/media?parent=23933"}],"wp:term":[{"taxonomy":"product_cat","embeddable":true,"href":"https:\/\/lacasadelamedicina.es\/cs\/wp-json\/wp\/v2\/product_cat?post=23933"},{"taxonomy":"product_tag","embeddable":true,"href":"https:\/\/lacasadelamedicina.es\/cs\/wp-json\/wp\/v2\/product_tag?post=23933"}],"curies":[{"name":"wp","href":"https:\/\/api.w.org\/{rel}","templated":true}]}}