{"id":23928,"date":"2024-08-09T14:02:20","date_gmt":"2024-08-09T14:02:20","guid":{"rendered":"https:\/\/lacasadelamedicina.es\/product\/nakupujte-tekutou-rtut-virgin-silver-online\/"},"modified":"2024-08-09T14:02:20","modified_gmt":"2024-08-09T14:02:20","slug":"nakupujte-tekutou-rtut-virgin-silver-online","status":"publish","type":"product","link":"https:\/\/lacasadelamedicina.es\/cs\/produkt\/nakupujte-tekutou-rtut-virgin-silver-online\/","title":{"rendered":"Nakupujte tekutou rtu\u0165 Virgin Silver online"},"content":{"rendered":"<h3><span lang=\"EN-US\">Virgin Silver Liquid Mercury na prodej \u2013 Kupte Virgin Silver Liquid Mercury online<\/span><\/h3>\n<p> Nakupujte panenskou st\u0159\u00edbrnou tekutou rtu\u0165 online \u2013 nab\u00edz\u00edme voln\u011b lo\u017eenou tekutou rtu\u0165 z \u010dist\u00e9ho st\u0159\u00edbra k prodeji online za nejni\u017e\u0161\u00ed ceny, proto\u017ee jsme nejlep\u0161\u00ed prodejce kanabinoid\u016f. Rtu\u0165 rozpu\u0161t\u011bnou v \u010dist\u00e9m st\u0159\u00edb\u0159e lze u n\u00e1s leg\u00e1ln\u011b zakoupit online pro \u00fa\u010dely v\u00fdzkumu. Koupit Virgin Silver Liquid Mercury online \u2013 Koupit Virgin Silver Liquid Mercury online Sou\u010dasn\u00e1 34,5 kg n\u00e1doba obsahuje panensk\u00e9 tekut\u00e9 st\u0159\u00edbro, kter\u00e9 lze pou\u017e\u00edt pro pr\u016fmyslov\u00e9 \u00fa\u010dely. Tato l\u00e1hev obsahuje \u010dist\u00e9 tekut\u00e9 st\u0159\u00edbro, kter\u00e9 bylo vyrobeno pomoc\u00ed nejmodern\u011bj\u0161\u00edch stroj\u016f a receptur vyvinut\u00fdch specialisty. Nav\u00edc n\u00e1kup \u010dist\u00e9 st\u0159\u00edbrn\u00e9 tekut\u00e9 rtuti z webov\u00fdch str\u00e1nek t\u00e9to spole\u010dnosti je snadn\u00fd. Tato platforma se snadno pou\u017e\u00edv\u00e1 a v p\u0159\u00edpad\u011b pot\u0159eby poskytuje vysoce kvalitn\u00ed produkt.      <a href=\"https:\/\/drlawsonspharmacy\/contact-us\/\">KONTAKT<\/a><\/p>\n<h3><span lang=\"EN-US\">Co je Virgin Silver Liquid Mercury?<\/span><\/h3>\n<p> Tuto zn\u00e1mou surovinu lze nal\u00e9zt v mnoha p\u0159edm\u011btech, jako jsou rtu\u0165ov\u00e9 sp\u00edna\u010de, z\u00e1\u0159ivky, teplom\u011bry a barometry. \u010cist\u00e1 st\u0159\u00edbrn\u00e1 tekut\u00e1 rtu\u0165 je proto jedine\u010dn\u00e1 pro pou\u017eit\u00ed p\u0159i v\u00fdrob\u011b jin\u00fdch materi\u00e1l\u016f nebo chemik\u00e1li\u00ed, proto\u017ee p\u016fsob\u00ed jako katalyz\u00e1tor pro n\u00e1sledn\u00e9 chemick\u00e9 reakce. Asi 99,9 % t\u00e9to rtuti je k dispozici v \u010dist\u00e9 form\u011b. V programu proto nebudou chyb\u011bt ani dal\u0161\u00ed suroviny jako zlato a st\u0159\u00edbro. P\u0159ed pou\u017eit\u00edm proto projdou d\u016fkladn\u00fdm testov\u00e1n\u00edm. Koupit Virgin Silver Liquid Merkur online      <\/p>\n<h3><span lang=\"EN-US\">Kde koupit Virgin Silver Liquid Mercury?<\/span><\/h3>\n<p> U\u017eivatel\u00e9 si mohou zakoupit n\u00e1doby s touto kapalnou rtut\u00ed za rozumnou cenu. L\u00e1tka neobsahuje \u017e\u00e1dn\u00e9 t\u011b\u017ek\u00e9 kovy. N\u00e1kup tekut\u00e9ho st\u0159\u00edbra rtuti za spr\u00e1vnou cenu a v po\u017eadovan\u00e9m mno\u017estv\u00ed je pro z\u00e1kazn\u00edky v\u00fdhodn\u011bj\u0161\u00ed. Pokud nev\u00edte, jak spr\u00e1vn\u011b zm\u011b\u0159it nebo spo\u010d\u00edtat, kolik rtuti je pot\u0159eba, zavolejte odborn\u00edk\u016fm agentury a ti v\u00e1m pomohou ur\u010dit pot\u0159ebn\u00e9 mno\u017estv\u00ed. <a href=\"https:\/\/dieapotheke247.com\/\">Tento<\/a> produkt se pou\u017e\u00edv\u00e1 pouze pro v\u00fdzkumn\u00e9 chemik\u00e1lie, ale je dod\u00e1v\u00e1n ve vysoce kvalitn\u00ed \u010dist\u00e9 form\u011b.    &nbsp;<\/p>\n","protected":false},"excerpt":{"rendered":"<p>Virgin Silver Liquid Mercury na prodej \u2013 Kupte Virgin Silver Liquid Mercury online Nakupujte panenskou st\u0159\u00edbrnou tekutou rtu\u0165 online \u2013 nab\u00edz\u00edme voln\u011b lo\u017eenou tekutou rtu\u0165 z \u010dist\u00e9ho st\u0159\u00edbra k prodeji online za nejni\u017e\u0161\u00ed ceny, proto\u017ee jsme nejlep\u0161\u00ed prodejce kanabinoid\u016f. Rtu\u0165 rozpu\u0161t\u011bnou v \u010dist\u00e9m st\u0159\u00edb\u0159e lze u n\u00e1s leg\u00e1ln\u011b zakoupit online pro \u00fa\u010dely v\u00fdzkumu. Koupit Virgin [&hellip;]<\/p>\n","protected":false},"featured_media":18721,"comment_status":"closed","ping_status":"closed","template":"","meta":{"om_disable_all_campaigns":false,"_sitemap_exclude":false,"_sitemap_priority":"","_sitemap_frequency":"","_monsterinsights_skip_tracking":false,"_monsterinsights_sitenote_active":false,"_monsterinsights_sitenote_note":"","_monsterinsights_sitenote_category":0},"product_cat":[7851],"product_tag":[7981,7982,7980,7977,7973,7965,7968,7963,7969,7964,7976,7971,7962,7967,7974,7966,7972,7983,7978,7979,7970,7975],"class_list":{"0":"post-23928","1":"product","2":"type-product","3":"status-publish","4":"has-post-thumbnail","6":"product_cat-vyzkum-chemickych-latek-a-psychedelik","7":"product_tag-autenticke-panenske-stribro-tekuta-rtut-evropa","8":"product_tag-dodavatele-tekute-rtuti-virgin-silver-v-evrope","9":"product_tag-dodavka-tekute-rtuti-virgin-silver-v-evrope","10":"product_tag-kapalna-rtut-virgin-silver-se-zabyva-evropou","11":"product_tag-kde-koupit-virgin-silver-tekutou-rtut-europe","12":"product_tag-kde-koupit-virgin-silver-tekutou-rtut-online","13":"product_tag-kolik-je-tekuta-rtut-virgin-silver","14":"product_tag-koupit-tekutou-rtut-virgin-silver","15":"product_tag-koupit-virgin-silver-tekuta-rtut-online-evropa","16":"product_tag-kupte-si-tekutou-rtut-virgin-silver-online","17":"product_tag-levna-tekuta-rtut-virgin-silver-europe","18":"product_tag-objednejte-si-tekutou-rtut-virgin-silver-eu","19":"product_tag-objednejte-si-tekutou-rtut-virgin-silver-online","20":"product_tag-online-prodej-tekute-rtuti-virgin-silver","21":"product_tag-prodej-tekute-rtuti-virgin-silver-v-evrope","22":"product_tag-ucinky-tekute-rtuti-virgin-silver","23":"product_tag-virgin-silver-tekuta-rtut-doprava-zdarma-evropa","24":"product_tag-virgin-silver-tekuta-rtut-europe-recenze","25":"product_tag-virgin-silver-tekuta-rtut-europe-shop","26":"product_tag-virgin-silver-tekuta-rtut-evropa-sleva","27":"product_tag-virgin-silver-tekuta-rtut-nejlepsi-cena-v-evrope","28":"product_tag-virgin-silver-tekuta-rtut-online-obchod-evropa","30":"first","31":"instock","32":"shipping-taxable","33":"purchasable","34":"product-type-variable","35":"farmacie-col"},"aioseo_notices":[],"_links":{"self":[{"href":"https:\/\/lacasadelamedicina.es\/cs\/wp-json\/wp\/v2\/product\/23928"}],"collection":[{"href":"https:\/\/lacasadelamedicina.es\/cs\/wp-json\/wp\/v2\/product"}],"about":[{"href":"https:\/\/lacasadelamedicina.es\/cs\/wp-json\/wp\/v2\/types\/product"}],"replies":[{"embeddable":true,"href":"https:\/\/lacasadelamedicina.es\/cs\/wp-json\/wp\/v2\/comments?post=23928"}],"wp:featuredmedia":[{"embeddable":true,"href":"https:\/\/lacasadelamedicina.es\/cs\/wp-json\/wp\/v2\/media\/18721"}],"wp:attachment":[{"href":"https:\/\/lacasadelamedicina.es\/cs\/wp-json\/wp\/v2\/media?parent=23928"}],"wp:term":[{"taxonomy":"product_cat","embeddable":true,"href":"https:\/\/lacasadelamedicina.es\/cs\/wp-json\/wp\/v2\/product_cat?post=23928"},{"taxonomy":"product_tag","embeddable":true,"href":"https:\/\/lacasadelamedicina.es\/cs\/wp-json\/wp\/v2\/product_tag?post=23928"}],"curies":[{"name":"wp","href":"https:\/\/api.w.org\/{rel}","templated":true}]}}