{"id":23926,"date":"2024-08-09T14:02:21","date_gmt":"2024-08-09T14:02:21","guid":{"rendered":"https:\/\/lacasadelamedicina.es\/product\/koupit-ssd-chemical-solution-online\/"},"modified":"2024-08-09T14:02:21","modified_gmt":"2024-08-09T14:02:21","slug":"koupit-ssd-chemical-solution-online","status":"publish","type":"product","link":"https:\/\/lacasadelamedicina.es\/cs\/produkt\/koupit-ssd-chemical-solution-online\/","title":{"rendered":"Koupit SSD Chemical Solution online"},"content":{"rendered":"<h3>SSD Chemical Solution \u2013 Kupte si SSD Solution pro \u010di\u0161t\u011bn\u00ed \u010dern\u00fdch pen\u011bz online<\/h3>\n<p> \u0158e\u0161en\u00ed SSD: V l\u00e9k\u00e1rn\u011b Dr. Lawsona si m\u016f\u017eete koupit chemik\u00e1lie SSD pro \u010di\u0161t\u011bn\u00ed \u0161pinav\u00fdch bankovek a \u010dern\u00fdch pen\u011bz. Nenechte si uj\u00edt p\u0159\u00edle\u017eitost koupit SSD chemik\u00e1lie a \u0159e\u0161en\u00ed online! Koupit SSD Chemical Solution online  <a href=\"https:\/\/drlawsonspharmacy\/contact-us\/\"> KONTAKT <\/a><\/p>\n<h3>Co je SSD Chemical?<\/h3>\n<p> SSD Chemical Solution znamen\u00e1, \u017ee ti, kte\u0159\u00ed jej pou\u017e\u00edvaj\u00ed, pou\u017e\u00edvaj\u00ed chemik\u00e1lie k \u010di\u0161t\u011bn\u00ed sv\u00fdch \u010dern\u00fdch pen\u011bz. Je pova\u017eov\u00e1n za pr\u016fmyslov\u00fd standardn\u00ed \u010distic\u00ed prost\u0159edek pro v\u0161echny m\u011bny. Tato chemik\u00e1lie se vyr\u00e1b\u00ed pomoc\u00ed kapaln\u00e9 rtuti a oxidu dusi\u010dn\u00e9ho. Jakmile <a href=\"https:\/\/dieapotheke247.com\/\">laboratorn\u00ed v\u00fdroba je dokon\u010dena<\/a>. K v\u00fdrob\u011b a prodeji tohoto produktu z\u00e1kazn\u00edk\u016fm mus\u00ed ka\u017ed\u00e1 laborato\u0159 z\u00edskat certifik\u00e1t. Nem\u016f\u017eete pou\u017e\u00edvat sv\u00e9 pen\u00edze, proto\u017ee jsou \u010dern\u00e9 nebo jinak za\u0161l\u00e9? Nen\u00ed t\u0159eba se ob\u00e1vat. K vy\u010di\u0161t\u011bn\u00ed poskvrn\u011bn\u00fdch pen\u011bz pou\u017eijte \u010distic\u00ed roztok SSD.        <\/p>\n<h3>V\u00fdhody SSD Chemical \u2013 Kupte si SSD Chemical Solution online<\/h3>\n<ul>\n<li>Tento chemick\u00fd roztok SSD se celosv\u011btov\u011b pou\u017e\u00edv\u00e1 k odstra\u0148ov\u00e1n\u00ed skvrn na bankovk\u00e1ch.<\/li>\n<li>Odstra\u0148uje skvrny, jako jsou napu\u0161t\u011bn\u00e9, oraz\u00edtkovan\u00e9 a znehodnocen\u00e9 pap\u00edrov\u00e9 bankovky atd.<\/li>\n<li>Odstra\u0148uje skvrny souvisej\u00edc\u00ed s po\u010das\u00edm.<\/li>\n<li>Po vy\u010di\u0161t\u011bn\u00ed dod\u00e1v\u00e1 pen\u011bz\u016fm \u010derstvost.<\/li>\n<li>Je cenov\u011b dostupn\u011bj\u0161\u00ed pro lidi, kte\u0159\u00ed to pot\u0159ebuj\u00ed nal\u00e9hav\u011bji. \u0158e\u0161en\u00ed SSD si m\u016f\u017eete zakoupit ve velk\u00fdch objedn\u00e1vk\u00e1ch pro b\u011b\u017en\u00e9 pou\u017e\u00edv\u00e1n\u00ed. <\/li>\n<li>Na tento proces nejsou \u017e\u00e1dn\u00ed odborn\u00edci. M\u016f\u017eete to ud\u011blat sami. Mus\u00edte v\u011bd\u011bt, jak vy\u010distit \u010dern\u00e9 nebo za\u0161pin\u011bn\u00e9 pen\u00edze pomoc\u00ed SSD.  <\/li>\n<\/ul>\n<h3>Jak pou\u017e\u00edvat tuto chemik\u00e1lii SSD<\/h3>\n<p> Chemick\u00fd \u010disti\u010d SSD i aktiva\u010dn\u00ed pr\u00e1\u0161ek jsou sou\u010d\u00e1st\u00ed tohoto chemick\u00e9ho bal\u00ed\u010dku SSD. Pod\u00edvejme se, jak pou\u017e\u00edvat a kupovat \u0159e\u0161en\u00ed SSD k \u010di\u0161t\u011bn\u00ed \u010dern\u00fdch pen\u011bz v USA.  <\/p>\n<ul>\n<li>Tento chemick\u00fd roztok SSD si m\u016f\u017eete zakoupit online z ofici\u00e1ln\u00edch str\u00e1nek.<\/li>\n<li>Mus\u00edte rozprost\u0159\u00edt aktiva\u010dn\u00ed pr\u00e1\u0161ek po cel\u00fdch \u010dern\u00fdch pen\u011bz\u00edch.<\/li>\n<li>Chv\u00edli z\u016fsta\u0148te, pak bude reagovat pouze pr\u00e1\u0161ek v \u010dern\u00e9 barv\u011b.<\/li>\n<li>\u010cern\u00e9 pen\u00edze dejte do misky a nasypte do n\u00ed prost\u0159edek na \u010di\u0161t\u011bn\u00ed SSD.<\/li>\n<li>Pen\u00edze lehce t\u0159ete rukou, dokud barva nezmiz\u00ed.<\/li>\n<li>Su\u0161te, dokud se pen\u00edze nevr\u00e1t\u00ed do norm\u00e1ln\u00edho stavu.<\/li>\n<li>Nyn\u00ed va\u0161e pen\u00edze vypadaj\u00ed jako nov\u00e9.<\/li>\n<\/ul>\n<p>&nbsp;<\/p>\n","protected":false},"excerpt":{"rendered":"<p>&nbsp;<\/p>\n","protected":false},"featured_media":18706,"comment_status":"closed","ping_status":"closed","template":"","meta":{"om_disable_all_campaigns":false,"_sitemap_exclude":false,"_sitemap_priority":"","_sitemap_frequency":"","_monsterinsights_skip_tracking":false,"_monsterinsights_sitenote_active":false,"_monsterinsights_sitenote_note":"","_monsterinsights_sitenote_category":0},"product_cat":[7851],"product_tag":[7959,7960,7958,7953,7945,7951,7943,7946,7940,7942,7947,7954,7956,7941,7949,7952,7961,7950,7955,7957,7948,7944],"class_list":{"0":"post-23926","1":"product","2":"type-product","3":"status-publish","4":"has-post-thumbnail","6":"product_cat-vyzkum-chemickych-latek-a-psychedelik","7":"product_tag-autenticke-ssd-chemical-solution-europe","8":"product_tag-dodavatele-ssd-chemical-solution-europe","9":"product_tag-dodavka-ssd-chemical-solution-europe","10":"product_tag-internetovy-obchod-ssd-chemical-solution-europe","11":"product_tag-internetovy-prodej-chemickych-roztoku-ssd","12":"product_tag-kde-koupit-ssd-chemical-solution-europe","13":"product_tag-kde-koupit-ssd-chemical-solution-online","14":"product_tag-kolik-stoji-chemicky-roztok-ssd","15":"product_tag-koupit-chemicky-roztok-ssd","16":"product_tag-koupit-chemicky-roztok-ssd-online","17":"product_tag-koupit-ssd-chemical-solution-online-evropa","18":"product_tag-levne-ssd-chemical-solution-europe","19":"product_tag-obchod-ssd-chemical-solution-europe","20":"product_tag-objednejte-si-chemicky-roztok-ssd-online","21":"product_tag-objednejte-ssd-chemical-solution-eu","22":"product_tag-prodej-ssd-chemical-solution-europe","23":"product_tag-recenze-ssd-chemical-solution-europe","24":"product_tag-ssd-chemical-solution-doprava-zdarma-po-evrope","25":"product_tag-ssd-chemical-solution-europe-se-zabyva","26":"product_tag-ssd-chemical-solution-europe-sleva","27":"product_tag-ssd-chemical-solution-nejlepsi-cena-v-evrope","28":"product_tag-ucinky-chemickeho-roztoku-ssd","30":"first","31":"instock","32":"shipping-taxable","33":"purchasable","34":"product-type-variable","35":"farmacie-col"},"aioseo_notices":[],"_links":{"self":[{"href":"https:\/\/lacasadelamedicina.es\/cs\/wp-json\/wp\/v2\/product\/23926"}],"collection":[{"href":"https:\/\/lacasadelamedicina.es\/cs\/wp-json\/wp\/v2\/product"}],"about":[{"href":"https:\/\/lacasadelamedicina.es\/cs\/wp-json\/wp\/v2\/types\/product"}],"replies":[{"embeddable":true,"href":"https:\/\/lacasadelamedicina.es\/cs\/wp-json\/wp\/v2\/comments?post=23926"}],"wp:featuredmedia":[{"embeddable":true,"href":"https:\/\/lacasadelamedicina.es\/cs\/wp-json\/wp\/v2\/media\/18706"}],"wp:attachment":[{"href":"https:\/\/lacasadelamedicina.es\/cs\/wp-json\/wp\/v2\/media?parent=23926"}],"wp:term":[{"taxonomy":"product_cat","embeddable":true,"href":"https:\/\/lacasadelamedicina.es\/cs\/wp-json\/wp\/v2\/product_cat?post=23926"},{"taxonomy":"product_tag","embeddable":true,"href":"https:\/\/lacasadelamedicina.es\/cs\/wp-json\/wp\/v2\/product_tag?post=23926"}],"curies":[{"name":"wp","href":"https:\/\/api.w.org\/{rel}","templated":true}]}}