{"id":23920,"date":"2024-08-09T14:02:21","date_gmt":"2024-08-09T14:02:21","guid":{"rendered":"https:\/\/lacasadelamedicina.es\/product\/koupit-4f-bca-online\/"},"modified":"2024-08-09T14:02:21","modified_gmt":"2024-08-09T14:02:21","slug":"koupit-4f-bca-online","status":"publish","type":"product","link":"https:\/\/lacasadelamedicina.es\/cs\/produkt\/koupit-4f-bca-online\/","title":{"rendered":"Koupit 4F BCA online"},"content":{"rendered":"<h3>4F BCA &#8211; 4f-bca na prodej &#8211; koupit 4f bca online GERMANY Research Chemical<\/h3>\n<p> Koupit 4F BCA online \u2013 Proto\u017ee se jedn\u00e1 o kl\u00ed\u010dov\u00fd typ l\u00e1tky s rostouc\u00ed popt\u00e1vkou na trhu, na\u0161e spole\u010dnost Ultimate Online Pharmacy je zde, aby splnila tato o\u010dek\u00e1v\u00e1n\u00ed pomoc\u00ed vysoce \u00fa\u010dinn\u00e9 produktov\u00e9 \u0159ady. Pokud si chcete koupit 4F <a href=\"https:\/\/dieapotheke247.com\/\">B<\/a>CA online, okam\u017eit\u011b n\u00e1s kontaktujte. L\u00e9k\u00e1rna Dr. Lawsons je zn\u00e1m\u00e1 sv\u00fdm \u0161pi\u010dkov\u00fdm zbo\u017e\u00edm a odbornou podporou. Jsme renomovan\u00fdm prodejcem a dodavatelem 4F-BCA v online pr\u016fmyslu. Je zn\u00e1m\u00fd jako 4-fluoro-BCA a je dod\u00e1v\u00e1n v kapaln\u00e9 a pevn\u00e9 form\u011b. jednou prod\u00e1van\u00fd jako stimulant; pat\u0159\u00ed do indazolov\u00e9 t\u0159\u00eddy kanabinoid\u016f. Koupit 4F BCA online-       <a href=\"https:\/\/drlawsonspharmacy\/contact-us\/\">KONTAKT<\/a><\/p>\n<p>&nbsp;<\/p>\n<h3>Co je 4F BCA?<\/h3>\n<p> Novinkou v rodin\u011b v\u00fdzkumn\u00fdch chemik\u00e1li\u00ed konop\u00ed je 4F-BCA. Droga je \u017elut\u00e1 a m\u00e1 \u010distotu 99,6 %. Osoba mus\u00ed uchov\u00e1vat chemik\u00e1lii na chladn\u00e9m a such\u00e9m m\u00edst\u011b. L\u00e9k funguje podobn\u011b jako 4ADB a 5ADB. Je to siln\u00e1 v\u00fdzkumn\u00e1 chemik\u00e1lie, ale nen\u00ed vhodn\u00e1 pro lidsk\u00e9 po\u017eit\u00ed. Zd\u00e1 se, \u017ee 4F-BCA je sv\u00fdmi \u00fa\u010dinky srovnateln\u00fd s jin\u00fdmi kanabinoidy. Pro pou\u017eit\u00ed ve forenzn\u00edch, v\u00fdzkumn\u00fdch a testovac\u00edch \u00fa\u010del\u016fm mohou chemici a v\u00fdzkumn\u00edci zakoupit 4F-BCA USA. Tyto l\u00e9ky nakupuj\u00ed chemici, v\u011bdci a v\u00fdzkumn\u00edci jako b\u011b\u017en\u00e9 referen\u010dn\u00ed materi\u00e1ly pro v\u00fdzkum. Jin\u00e9 pou\u017eit\u00ed nen\u00ed schv\u00e1leno. M\u016f\u017eete z\u00edskat 4F-BCA pro v\u00fdzkumn\u00e9 pou\u017eit\u00ed a na prodej. V mnoha zem\u00edch jsou tato narkotika omezena nebo kontrolov\u00e1na a n\u011bkolik st\u00e1t\u016f USA je zak\u00e1zalo.           &nbsp;<\/p>\n<h3>Koupit 4F BCA online<\/h3>\n<p> Neexistuj\u00ed \u017e\u00e1dn\u00e9 d\u016fkazy, kter\u00e9 by podporovaly pou\u017eit\u00ed konkr\u00e9tn\u011b 4F-BCA. Tyto l\u00e9ky pom\u00e1haj\u00ed \u00fazkostn\u00fdm a str\u00e1daj\u00edc\u00edm lidem, kte\u0159\u00ed je u\u017e\u00edvaj\u00ed, k relaxaci. Je k dispozici online. Kupte si 4F-BCA se slevou. M\u00e1me bohat\u00e9 znalosti z oboru a rozum\u00edme psychologii spot\u0159ebitel\u016f.     <strong>M\u016f\u017ee b\u00fdt prim\u00e1rn\u011b inhalov\u00e1n nebo u\u017e\u00edv\u00e1n peror\u00e1ln\u011b.<\/strong><\/p>\n<p><strong>Na druhou stranu, p\u0159esn\u00e9 mno\u017estv\u00ed a mno\u017estv\u00ed drogy je p\u0159edm\u011btem diskuse.<\/strong><\/p>\n<p><strong>V\u011bt\u0161ina lid\u00ed si nen\u00ed v\u011bdoma p\u0159esn\u00e9 d\u00e1vky nebo slo\u017een\u00ed, kter\u00e9 u\u017e\u00edvaj\u00ed.<\/strong> L\u00e9ka\u0159sk\u00e9 pr\u016fzkumy ukazuj\u00ed, \u017ee tyto l\u00e9ky, jako je 4F-BCA Chemical Frog s 99,9% \u010distotou, nemaj\u00ed pr\u016fmyslov\u00e9, komer\u010dn\u00ed nebo l\u00e9ka\u0159sk\u00e9 vyu\u017eit\u00ed. P\u0159elo\u017eeno pomoc\u00ed www.DeepL.com\/Translator (bezplatn\u00e1 verze)  &nbsp;<\/p>\n<h3><strong>Objednat 4F BCA<\/strong> \u2013 Jak vybrat spr\u00e1vnou platformu?<\/h3>\n<p> Vysok\u00e1 kvalita 4F-BCA na prodej, dokonal\u00e9 chemick\u00e9 zna\u010den\u00ed, diskr\u00e9tn\u00ed balen\u00ed, v\u010dasn\u00e9 dod\u00e1n\u00ed, bezpe\u010dn\u00e1 p\u0159eprava a dal\u0161\u00ed slu\u017eby nab\u00edzen\u00e9 na\u0161\u00ed spole\u010dnost\u00ed n\u00e1s odli\u0161uj\u00ed od konkurence. Je snadn\u00e9 a bezpe\u010dn\u00e9 z\u00edskat 4F-BCA online v\u00fdzkumn\u00e9 chemik\u00e1lie z na\u0161ich webov\u00fdch str\u00e1nek. V\u0161echna z\u00e1kaznick\u00e1 data jsou v na\u0161em syst\u00e9mu b\u011b\u017en\u011b chr\u00e1n\u011bna. Na\u0161e platebn\u00ed procesy jsou tak\u00e9 bezpe\u010dn\u00e9. Je to velmi siln\u00e1 a \u00fa\u010dinn\u00e1 l\u00e1tka. Vazbou na receptory CB1 v mozku je zpomaluje. P\u0159i dlouhodob\u00e9m u\u017e\u00edv\u00e1n\u00ed je centr\u00e1ln\u00ed nervov\u00fd syst\u00e9m \u010dlov\u011bka velmi zraniteln\u00fd. N\u011bkte\u0159\u00ed v\u00fdrobci chemik\u00e1li\u00ed vyr\u00e1b\u011bj\u00ed drogy v rostlinn\u00e9 form\u011b a prod\u00e1vaj\u00ed je lok\u00e1ln\u011b jako bezpe\u010dn\u00e9 a leg\u00e1ln\u00ed l\u00e1tky.        &nbsp;<\/p>\n","protected":false},"excerpt":{"rendered":"<p>&nbsp;<\/p>\n","protected":false},"featured_media":18661,"comment_status":"closed","ping_status":"closed","template":"","meta":{"om_disable_all_campaigns":false,"_sitemap_exclude":false,"_sitemap_priority":"","_sitemap_frequency":"","_monsterinsights_skip_tracking":false,"_monsterinsights_sitenote_active":false,"_monsterinsights_sitenote_note":"","_monsterinsights_sitenote_category":0},"product_cat":[7851],"product_tag":[7928,7926,7937,7938,7936,7931,7929,7921,7924,7918,7920,7925,7932,7933,7934,7919,7927,7923,7930,7939,7935,7922],"class_list":{"0":"post-23920","1":"product","2":"type-product","3":"status-publish","4":"has-post-thumbnail","6":"product_cat-vyzkum-chemickych-latek-a-psychedelik","7":"product_tag-4f-bca-doprava-zdarma-po-evrope","8":"product_tag-4f-bca-nejlepsi-cena-v-evrope","9":"product_tag-autenticky-4f-bca-europe","10":"product_tag-dodavatele-4f-bca-europe","11":"product_tag-dodavka-4f-bca-evropa","12":"product_tag-internetovy-obchod-4f-bca-evropa","13":"product_tag-kde-koupit-4f-bca-europe","14":"product_tag-kde-koupit-4f-bca-online","15":"product_tag-kolik-je-4f-bca","16":"product_tag-koupit-4f-bca","17":"product_tag-koupit-4f-bca-online","18":"product_tag-koupit-4f-bca-online-evropa","19":"product_tag-levne-4f-bca-europe","20":"product_tag-nabidky-4f-bca-europe","21":"product_tag-obchod-4f-bca-europe","22":"product_tag-objednat-4f-bca-online","23":"product_tag-objednejte-4f-bca-eu","24":"product_tag-online-prodej-4f-bca","25":"product_tag-prodej-4f-bca-evropa","26":"product_tag-recenze-4f-bca-europe","27":"product_tag-sleva-4f-bca-europe","28":"product_tag-ucinky-4f-bca","30":"first","31":"instock","32":"shipping-taxable","33":"purchasable","34":"product-type-variable","35":"farmacie-col"},"aioseo_notices":[],"_links":{"self":[{"href":"https:\/\/lacasadelamedicina.es\/cs\/wp-json\/wp\/v2\/product\/23920"}],"collection":[{"href":"https:\/\/lacasadelamedicina.es\/cs\/wp-json\/wp\/v2\/product"}],"about":[{"href":"https:\/\/lacasadelamedicina.es\/cs\/wp-json\/wp\/v2\/types\/product"}],"replies":[{"embeddable":true,"href":"https:\/\/lacasadelamedicina.es\/cs\/wp-json\/wp\/v2\/comments?post=23920"}],"wp:featuredmedia":[{"embeddable":true,"href":"https:\/\/lacasadelamedicina.es\/cs\/wp-json\/wp\/v2\/media\/18661"}],"wp:attachment":[{"href":"https:\/\/lacasadelamedicina.es\/cs\/wp-json\/wp\/v2\/media?parent=23920"}],"wp:term":[{"taxonomy":"product_cat","embeddable":true,"href":"https:\/\/lacasadelamedicina.es\/cs\/wp-json\/wp\/v2\/product_cat?post=23920"},{"taxonomy":"product_tag","embeddable":true,"href":"https:\/\/lacasadelamedicina.es\/cs\/wp-json\/wp\/v2\/product_tag?post=23920"}],"curies":[{"name":"wp","href":"https:\/\/api.w.org\/{rel}","templated":true}]}}