{"id":23910,"date":"2024-08-09T14:02:30","date_gmt":"2024-08-09T14:02:30","guid":{"rendered":"https:\/\/lacasadelamedicina.es\/product\/koupit-papir-k2-online\/"},"modified":"2024-08-30T12:43:06","modified_gmt":"2024-08-30T12:43:06","slug":"koupit-papir-k2-online","status":"publish","type":"product","link":"https:\/\/lacasadelamedicina.es\/cs\/produkt\/koupit-papir-k2-online\/","title":{"rendered":"Koupit pap\u00edr K2 online"},"content":{"rendered":"<h3 class=\"product_title entry-title\">Koupit pap\u00edr K2 online.<\/h3>\n<h3>Nechte si levn\u00e9 listy pap\u00edru K2 doru\u010dit a\u017e k va\u0161im dve\u0159\u00edm<\/h3>\n<p> Pap\u00edr K2 si m\u016f\u017eete koupit online. B\u011b\u017en\u00fd zp\u016fsob konzumace marihuany rychle p\u0159ech\u00e1z\u00ed do syntetick\u00e9 formy. Pap\u00edr K2 je sm\u011bs drcen\u00e9ho rostlinn\u00e9ho materi\u00e1lu a um\u011bl\u00fdch l\u00e1tek s psychedelick\u00fdmi \u00fa\u010dinky. Studie ukazuj\u00ed, \u017ee chemick\u00e9 l\u00e1tky se v\u00e1\u017eou na stejn\u00e9 receptory na nervov\u00fdch bu\u0148k\u00e1ch v mozku jako THC, zlep\u0161uj\u00ed n\u00e1ladu, podporuj\u00ed relaxaci, m\u011bn\u00ed vn\u00edm\u00e1n\u00ed a vyvol\u00e1vaj\u00ed psych\u00f3zy. Pokud hled\u00e1te \u0161pi\u010dkov\u00e9 zbo\u017e\u00ed, jste v na\u0161em spolehliv\u00e9m internetov\u00e9m obchod\u011b na spr\u00e1vn\u00e9 adrese. Na\u0161e v\u00fdrobky nakupujeme od spolehliv\u00fdch v\u00fdrobc\u016f, abychom zajistili bezpe\u010dnost na\u0161ich z\u00e1kazn\u00edk\u016f. Slibujeme, \u017ee nebudete litovat, kdy\u017e n\u00e1s vyzkou\u0161\u00edte.       <a href=\"https:\/\/drlawsonspharmacy\/contact-us\/\"><a href=\"https:\/\/drlawsonspharmacy\/contact-us\/\">KONTAKT<\/a><\/a><\/p>\n<h3><strong>Objednejte si pap\u00edr K2<\/strong><\/h3>\n<p> Kanabinoidy jsou chemick\u00e9 slou\u010deniny, kter\u00e9 se p\u0159irozen\u011b vyskytuj\u00ed v rostlin\u00e1ch marihuany a jsou stavebn\u00edmi kameny mnoha farmaceutick\u00fdch produkt\u016f. Aktivn\u00ed slo\u017eka konop\u00ed m\u00e1 molekul\u00e1rn\u00ed podobnosti se syntetick\u00fdm bylinkov\u00fdm pap\u00edrem K2. V\u00fdhody jsou v\u011bt\u0161\u00ed, a kdy\u017e sezen\u00ed skon\u010d\u00ed, \u010dlov\u011bk se m\u016f\u017ee c\u00edtit klidn\u011b a povznesen\u011b. Marihuana se pou\u017e\u00edv\u00e1 jako bezpe\u010dn\u00e1 n\u00e1hra\u017eka pro \u0159adu terapeutick\u00fdch a rekrea\u010dn\u00edch \u00fa\u010del\u016f, proto\u017ee si lid\u00e9 v\u00edce uv\u011bdomuj\u00ed jej\u00ed v\u00fdhody. P\u0159esto\u017ee p\u0159ed\u00e1vkov\u00e1n\u00ed m\u016f\u017ee v\u00e9st k \u00fazkosti, halucinac\u00edm, vysok\u00e9mu krevn\u00edmu tlaku, bolesti na hrudi, du\u0161nosti, z\u00e1chvat\u016fm a zvracen\u00ed, je t\u0159eba postupovat opatrn\u011b. Chemik\u00e1lie v n\u011bkter\u00fdch produktech ko\u0159en\u00ed K2 na trhu by mohly b\u00fdt nebezpe\u010dn\u00e9. Proto je d\u016fle\u017eit\u00e9 nakupovat u Dr. Lawsons Pharmacy.       <\/p>\n<h3><strong>Objednejte si pap\u00edr K2<\/strong><\/h3>\n<p> Chcete z\u00edskat ty nejlep\u0161\u00ed bylinn\u00e9 produkty? Nab\u00edz\u00edme v\u00e1m skv\u011bl\u00fd zp\u016fsob, jak nakupovat pap\u00edr K2 online za skv\u011bl\u00e9 ceny, proto\u017ee m\u00e1me velkou mezin\u00e1rodn\u00ed z\u00e1kaznickou z\u00e1kladnu. Nejen, \u017ee v\u00e1m nab\u00edz\u00edme nejv\u011bt\u0161\u00ed v\u00fdb\u011br, ale nab\u00edz\u00edme tak\u00e9 diskr\u00e9tn\u00ed mo\u017enosti dopravy a bezpe\u010dn\u00e9 mo\u017enosti platby. Nejste nuceni zastavovat na bl\u00edzk\u00fdch \u010derpac\u00edch stanic\u00edch nebo odpo\u010d\u00edvadlech. Spole\u010dnost pl\u00e1nuje i nad\u00e1le zvy\u0161ovat la\u0165ku jak v kvalit\u011b produkt\u016f, tak v z\u00e1kaznick\u00fdch slu\u017eb\u00e1ch, aby si udr\u017eela n\u00e1skok p\u0159ed konkurenc\u00ed. Na\u0161\u00edm c\u00edlem \u010d\u00edslo jedna je, abyste byli spokojeni a v\u017edy m\u00e1me po ruce zku\u0161en\u00fd t\u00fdm, kter\u00fd vy\u0159e\u0161\u00ed jak\u00e9koli probl\u00e9my. M\u00e1te-li jak\u00e9koli dotazy nebo obavy, nev\u00e1hejte n\u00e1s kontaktovat.<\/p>\n","protected":false},"excerpt":{"rendered":"<p>Ka\u017ed\u00fd list A4 obsahuje 25 ml = 0,845351 tekut\u00fdch unc\u00ed tekut\u00e9ho infuze K2. Prod\u00e1m pap\u00edr K2, kter\u00fd je bezbarv\u00fd a bez z\u00e1pachu. Krom\u011b toho prod\u00e1v\u00e1me sprej K2. Nab\u00edz\u00edme pr\u00e9miov\u00e9 produkty s vynikaj\u00edc\u00ed a diskr\u00e9tn\u00ed dopravou. S 12let\u00fdmi zku\u0161enostmi v dod\u00e1vk\u00e1ch v\u00fdzkumn\u00fdch chemik\u00e1li\u00ed je bezpe\u010dnost na\u0161\u00ed nejvy\u0161\u0161\u00ed prioritou. Jsme spolehliv\u00ed, d\u016fv\u011bryhodn\u00ed a nab\u00edz\u00edme pouze vysoce kvalitn\u00ed produkty za konkurenceschopn\u00e9 ceny. Koupit pap\u00edr K2 online, levn\u00fd pap\u00edr K2, pap\u00edr K2 na prodej, leg\u00e1ln\u00ed pap\u00edr s vysok\u00fdm obsahem ko\u0159en\u00ed K2, tekut\u00fd pap\u00edr K2 na pap\u00ed\u0159e, pap\u00edr na ko\u0159en\u00ed,       &nbsp;<\/p>\n","protected":false},"featured_media":18796,"comment_status":"closed","ping_status":"closed","template":"","meta":{"om_disable_all_campaigns":false,"_sitemap_exclude":false,"_sitemap_priority":"","_sitemap_frequency":"","_monsterinsights_skip_tracking":false,"_monsterinsights_sitenote_active":false,"_monsterinsights_sitenote_note":"","_monsterinsights_sitenote_category":0},"product_cat":[7851],"product_tag":[7893,7894,7884,7892,7887,7879,7889,7885,7877,7880,7874,7876,7881,7888,7890,7875,7883,7882,7886,7895,7891,7878],"class_list":{"0":"post-23910","1":"product","2":"type-product","3":"status-publish","4":"has-post-thumbnail","6":"product_cat-vyzkum-chemickych-latek-a-psychedelik","7":"product_tag-autenticky-papir-k2-europe","8":"product_tag-dodavatele-papiru-k2-v-evrope","9":"product_tag-doprava-papiru-k2-zdarma-evropa","10":"product_tag-doruceni-papiru-k2-evropa","11":"product_tag-internetovy-obchod-s-papirem-k2-europe","12":"product_tag-internetovy-prodej-papiru-k2","13":"product_tag-k2-paper-europe-se-zabyva","14":"product_tag-kde-koupit-papir-k2-europe","15":"product_tag-kde-koupit-papir-k2-online","16":"product_tag-kolik-stoji-papir-k2","17":"product_tag-koupit-papir-k2","18":"product_tag-koupit-papir-k2-online","19":"product_tag-kupte-si-papir-k2-online-evropa","20":"product_tag-levny-papir-k2-europe","21":"product_tag-obchod-s-papirem-k2-europe","22":"product_tag-objednat-papir-k2-online","23":"product_tag-objednejte-si-papir-k2-eu","24":"product_tag-papir-k2-nejlepsi-cena-v-evrope","25":"product_tag-prodej-papiru-k2-evropa","26":"product_tag-recenze-k2-paper-europe","27":"product_tag-sleva-na-papir-k2-evropa","28":"product_tag-ucinky-papiru-k2","30":"first","31":"instock","32":"shipping-taxable","33":"purchasable","34":"product-type-variable","35":"farmacie-col"},"aioseo_notices":[],"_links":{"self":[{"href":"https:\/\/lacasadelamedicina.es\/cs\/wp-json\/wp\/v2\/product\/23910"}],"collection":[{"href":"https:\/\/lacasadelamedicina.es\/cs\/wp-json\/wp\/v2\/product"}],"about":[{"href":"https:\/\/lacasadelamedicina.es\/cs\/wp-json\/wp\/v2\/types\/product"}],"replies":[{"embeddable":true,"href":"https:\/\/lacasadelamedicina.es\/cs\/wp-json\/wp\/v2\/comments?post=23910"}],"wp:featuredmedia":[{"embeddable":true,"href":"https:\/\/lacasadelamedicina.es\/cs\/wp-json\/wp\/v2\/media\/18796"}],"wp:attachment":[{"href":"https:\/\/lacasadelamedicina.es\/cs\/wp-json\/wp\/v2\/media?parent=23910"}],"wp:term":[{"taxonomy":"product_cat","embeddable":true,"href":"https:\/\/lacasadelamedicina.es\/cs\/wp-json\/wp\/v2\/product_cat?post=23910"},{"taxonomy":"product_tag","embeddable":true,"href":"https:\/\/lacasadelamedicina.es\/cs\/wp-json\/wp\/v2\/product_tag?post=23910"}],"curies":[{"name":"wp","href":"https:\/\/api.w.org\/{rel}","templated":true}]}}