{"id":23905,"date":"2024-08-09T14:02:30","date_gmt":"2024-08-09T14:02:30","guid":{"rendered":"https:\/\/lacasadelamedicina.es\/product\/koupit-k2-kourovy-sprej-online-spice-online\/"},"modified":"2024-08-09T14:02:30","modified_gmt":"2024-08-09T14:02:30","slug":"koupit-k2-kourovy-sprej-online-spice-online","status":"publish","type":"product","link":"https:\/\/lacasadelamedicina.es\/cs\/produkt\/koupit-k2-kourovy-sprej-online-spice-online\/","title":{"rendered":"Koupit K2 kou\u0159ov\u00fd sprej online (SPICE) Online"},"content":{"rendered":"<h3>Koupit vonn\u00fd sprej K2 online (SPICE) online.<\/h3>\n<p> Koupit K2 vonn\u00fd sprej &#8211; K2 pap\u00edr je tak\u00e9 k dispozici. Je mo\u017en\u00e9 zakoupit bezbarv\u00fd a bez z\u00e1pachu K2 sprej. Na pokryt\u00ed cel\u00e9ho listu pap\u00edru A4 pot\u0159ebujete 25 ml spreje. Koupit vonn\u00fd sprej K2 online (SPICE) <a href=\"https:\/\/drlawsonspharmacy\/contact-us\/\">KONTAKT<\/a> Dv\u011b nejzn\u00e1m\u011bj\u0161\u00ed jm\u00e9na pro syntetickou marihuanu jsou p\u0159\u00edchu\u0165 a K2. Skl\u00e1daj\u00ed se ze su\u0161en\u00e9ho rostlinn\u00e9ho materi\u00e1lu, kter\u00fd byl sm\u00edch\u00e1n s um\u011bl\u00fdmi kanabinoidy. Um\u011bl\u00e9 kanabinoidy jsou syntetick\u00e9 sm\u011bsi, kter\u00e9 maj\u00ed stejn\u00fd \u00fa\u010dinek na mozkov\u00e9 kanabinoidn\u00ed receptory jako delta9-tetrahydrokanabinol (THC), hlavn\u00ed psychoaktivn\u00ed slo\u017eka marihuany. U\u017eivatel\u00e9 konop\u00ed v\u011b\u0159\u00ed, \u017ee u\u017e\u00edv\u00e1n\u00ed Spice m\u00e1 podobn\u00e9 \u00fa\u010dinky. Kanabinoidy nebo chemick\u00e9 slou\u010deniny se nach\u00e1zej\u00ed v rostlin\u011b marihuany. Skupina l\u00e9k\u016f naz\u00fdvan\u00fdch um\u011bl\u00e9 kanabinoidy se naz\u00fdv\u00e1 aroma a K2. Skl\u00e1daj\u00ed se ze su\u0161en\u00e9ho rostlinn\u00e9ho materi\u00e1lu, kter\u00fd byl o\u0161et\u0159en um\u011bl\u00fdmi l\u00e1tkami pro ovlivn\u011bn\u00ed vn\u00edm\u00e1n\u00ed. Za prv\u00e9, analytici za\u0159\u00eddili testy s pou\u017eit\u00edm t\u011bchto um\u011bl\u00fdch drog.           <\/p>\n<h3>Koupit K2 kou\u0159ov\u00fd sprej online (SPICE)<\/h3>\n<p> K2 je nab\u00edzen i jako kapalina, kterou lze kou\u0159it pomoc\u00ed e-cigaret. Lze jej tak\u00e9 konzumovat jako \u010daj nebo kou\u0159it v jointech \u010di d\u00fdmk\u00e1ch. Kapaln\u00e1 forma K2 se pak nakape na vl\u00e1kna, pap\u00edr a rostliny. Ko\u0159en\u00ed m\u016f\u017ee m\u00edt podobn\u00e9 \u00fa\u010dinky jako marihuana, ale konzumuje se p\u0159edev\u0161\u00edm kv\u016fli sv\u00e9 diskr\u00e9tnosti a proslulosti. Obvykle je tato chemik\u00e1lie nab\u00edzena jako rostlinn\u00fd materi\u00e1l. Navzdory tomu, \u017ee nab\u00edz\u00edme vynikaj\u00edc\u00ed p\u0159\u00edchu\u0165 K2, celkov\u00e9 slo\u017een\u00ed na\u0161ich p\u0159izp\u016fsoben\u00fdch sm\u011bs\u00ed pln\u011b odpov\u00edd\u00e1 aktu\u00e1ln\u00edm p\u0159edpis\u016fm. Bylinn\u00e9 kadidlo online Chcete-li probudit sv\u00e9 smysly, kupte si siln\u00e9 bylinn\u00e9 kadidlo K2! Kdy\u017e si u n\u00e1s koup\u00edte K2, na\u0161e kvalita vy\u010dn\u00edv\u00e1 nad t\u011bmi, kte\u0159\u00ed prod\u00e1vaj\u00ed nez\u00e1\u017eivn\u00e9 sm\u011bsi a napodobeniny. Od ostatn\u00edch prodejc\u016f se odli\u0161ujeme t\u00edm, \u017ee prod\u00e1v\u00e1me vysoce kvalitn\u00ed bylinn\u00e9 kadidlo. Um\u011bl\u00fd pouli\u010dn\u00ed sedativum se syntetick\u00fdmi l\u00e1tkami nast\u0159\u00edkan\u00fdmi na p\u0159\u00edchut\u011b, p\u0159\u00edchu\u0165 je tak\u00e9 zn\u00e1m\u00e1 jako K2, syntetick\u00e1 marihuana a syntetick\u00e9 kadidlo na plevele, sprej k2 na prodej. Na pap\u00ed\u0159e kapalina K2. K2 sprej a tekut\u00e9 kadidlo m\u016f\u017eete zakoupit online. Objednejte si zingov\u00fd pap\u00edr K2 nejvy\u0161\u0161\u00ed kvality a nechte si jej doru\u010dit p\u0159\u00edmo dom\u016f.             <\/p>\n<h3><strong>K2 Kadidlo ve spreji online (SPICE) online<\/strong><\/h3>\n<p> Pokud chcete ovl\u00e1dat m\u00edstn\u00ed vonn\u00e9 kapaliny a e-liquidy K2 online, jste na perfektn\u00edm m\u00edst\u011b. Abychom vyhov\u011bli pot\u0159eb\u00e1m v\u0161ech z\u00e1kazn\u00edk\u016f ve Spojen\u00fdch st\u00e1tech a po cel\u00e9m sv\u011bt\u011b, prod\u00e1v\u00e1me m\u00edstn\u00ed na\u0161tvan\u00e9 dominanty kapaliny K2 za nejv\u00fdhodn\u011bj\u0161\u00ed ceny. Dal\u0161\u00edm dob\u0159e zn\u00e1m\u00fdm pou\u017eit\u00edm je v\u00fdroba v\u00fdplach\u016f K2, kter\u00e9 se typicky aplikuj\u00ed lok\u00e1ln\u011b. Je to nepochybn\u011b \u017eivotn\u011b d\u016fle\u017eit\u00e9. Vyr\u00e1b\u011bn\u00e9 kanabinoidy \u2013 tak\u00e9 ozna\u010dovan\u00e9 jako \u201eflavor\u201c nebo \u201eK2\u201c \u2013 se poprv\u00e9 objevily ve Spojen\u00fdch st\u00e1tech v roce 2000. vysoce kvalitn\u00ed ko\u0159enic\u00ed pap\u00edr K2. Nab\u00edz\u00edme nejlep\u0161\u00ed ko\u0159en\u00edc\u00ed pap\u00edr K2, kter\u00fd si m\u016f\u017eete koupit online. Z\u00edskejte to hned. Co p\u0159esn\u011b je syntetick\u00e1 marihuana (tak\u00e9 zn\u00e1m\u00e1 jako K2, Spice nebo vyr\u00e1b\u011bn\u00e9 kanabinoidy)? Nejlep\u0161\u00ed m\u00edstn\u00ed kadidlo je k dost\u00e1n\u00ed u n\u00e1s.          &nbsp;<\/p>\n","protected":false},"excerpt":{"rendered":"<p>K2 Spray je mo\u017en\u00e9 zakoupit a je bezbarv\u00fd a bez z\u00e1pachu. Na nast\u0159\u00edk\u00e1n\u00ed cel\u00e9ho listu pap\u00edru A4 budete pot\u0159ebovat 25 ml. K2 Paper je dal\u0161\u00ed polo\u017eka, kterou prod\u00e1v\u00e1me.   &nbsp;<\/p>\n","protected":false},"featured_media":18781,"comment_status":"closed","ping_status":"closed","template":"","meta":{"om_disable_all_campaigns":false,"_sitemap_exclude":false,"_sitemap_priority":"","_sitemap_frequency":"","_monsterinsights_skip_tracking":false,"_monsterinsights_sitenote_active":false,"_monsterinsights_sitenote_note":"","_monsterinsights_sitenote_category":0},"product_cat":[7851],"product_tag":[7871,7862,7868,7864,7873,7869,7872,7865,7860,7863,7854,7858,7852,7870,7867,7853,7859,7866,7861,7855,7857,7856],"class_list":{"0":"post-23905","1":"product","2":"type-product","3":"status-publish","4":"has-post-thumbnail","6":"product_cat-vyzkum-chemickych-latek-a-psychedelik","7":"product_tag-autenticky-kourovy-sprej-k2-spice-evropa","8":"product_tag-k2-kourovy-sprej-spice-doprava-zdarma-po-evrope","9":"product_tag-k2-kourovy-sprej-spice-europe-shop","10":"product_tag-k2-kourovy-sprej-spice-evropa-prodej","11":"product_tag-k2-kourovy-sprej-spice-evropa-recenze","12":"product_tag-k2-kourovy-sprej-spice-evropa-sleva","13":"product_tag-k2-kourovy-sprej-spice-evropsti-dodavatele","14":"product_tag-k2-kourovy-sprej-spice-internetovy-obchod-evropa","15":"product_tag-k2-kourovy-sprej-spice-nejlepsi-cena-v-evrope","16":"product_tag-kde-koupit-k2-kourovy-sprej-spice-evropa","17":"product_tag-kde-koupit-k2-kourovy-sprej-spice-online","18":"product_tag-kolik-stoji-kourovy-sprej-k2-spice","19":"product_tag-koupit-k2-kourovy-sprej-spice","20":"product_tag-kourovy-sprej-k2-spice-dodavka-po-evrope","21":"product_tag-kourovy-sprej-k2-spice-evropa-nabidky","22":"product_tag-kupte-si-k2-kourovy-sprej-spice-online","23":"product_tag-kupte-si-k2-kourovy-sprej-spice-online-evropa","24":"product_tag-levny-kourovy-sprej-k2-spice-evropa","25":"product_tag-objednejte-si-k2-kourovy-sprej-spice-eu","26":"product_tag-objednejte-si-k2-kourovy-sprej-spice-online","27":"product_tag-prodej-kourovych-spreju-k2-spice-online","28":"product_tag-ucinky-kourove-sprsky-k2-spice","30":"first","31":"instock","32":"shipping-taxable","33":"purchasable","34":"product-type-variable","35":"farmacie-col"},"aioseo_notices":[],"_links":{"self":[{"href":"https:\/\/lacasadelamedicina.es\/cs\/wp-json\/wp\/v2\/product\/23905"}],"collection":[{"href":"https:\/\/lacasadelamedicina.es\/cs\/wp-json\/wp\/v2\/product"}],"about":[{"href":"https:\/\/lacasadelamedicina.es\/cs\/wp-json\/wp\/v2\/types\/product"}],"replies":[{"embeddable":true,"href":"https:\/\/lacasadelamedicina.es\/cs\/wp-json\/wp\/v2\/comments?post=23905"}],"wp:featuredmedia":[{"embeddable":true,"href":"https:\/\/lacasadelamedicina.es\/cs\/wp-json\/wp\/v2\/media\/18781"}],"wp:attachment":[{"href":"https:\/\/lacasadelamedicina.es\/cs\/wp-json\/wp\/v2\/media?parent=23905"}],"wp:term":[{"taxonomy":"product_cat","embeddable":true,"href":"https:\/\/lacasadelamedicina.es\/cs\/wp-json\/wp\/v2\/product_cat?post=23905"},{"taxonomy":"product_tag","embeddable":true,"href":"https:\/\/lacasadelamedicina.es\/cs\/wp-json\/wp\/v2\/product_tag?post=23905"}],"curies":[{"name":"wp","href":"https:\/\/api.w.org\/{rel}","templated":true}]}}