{"id":23904,"date":"2024-08-09T14:02:39","date_gmt":"2024-08-09T14:02:39","guid":{"rendered":"https:\/\/lacasadelamedicina.es\/product\/koupit-albert-einstein-queen-elizabeth-online\/"},"modified":"2024-08-09T14:02:39","modified_gmt":"2024-08-09T14:02:39","slug":"koupit-albert-einstein-queen-elizabeth-online","status":"publish","type":"product","link":"https:\/\/lacasadelamedicina.es\/cs\/produkt\/koupit-albert-einstein-queen-elizabeth-online\/","title":{"rendered":"Koupit Albert Einstein + Queen Elizabeth online"},"content":{"rendered":"<h2>Koupit Albert Einstein + Queen Elizabeth online. Sada 2 vysoce kvalitn\u00edch list\u016f. <\/h2>\n<p> Koupit Albert Einstein + Queen Elizabeth online.Sada 2 vysoce kvalitn\u00edch prost\u011bradel. Tyto perforovan\u00e9 listy maj\u00ed jasn\u00e9 barvy, vysok\u00e9 detaily a \u010distou 1\/4\u2033 perforaci. 2 r\u016fzn\u00e1 proveden\u00ed \u2013 prod\u00e1vaj\u00ed se i jednotliv\u011b.<\/p>\n","protected":false},"excerpt":{"rendered":"<p>Koupit Albert Einstein + Queen Elizabeth online. Sada 2 vysoce kvalitn\u00edch list\u016f. Koupit Albert Einstein + Queen Elizabeth online.Sada 2 vysoce kvalitn\u00edch prost\u011bradel. Tyto perforovan\u00e9 listy maj\u00ed jasn\u00e9 barvy, vysok\u00e9 detaily a \u010distou 1\/4\u2033 perforaci. 2 r\u016fzn\u00e1 proveden\u00ed \u2013 prod\u00e1vaj\u00ed se i jednotliv\u011b.<\/p>\n","protected":false},"featured_media":19231,"comment_status":"open","ping_status":"closed","template":"","meta":{"om_disable_all_campaigns":false,"_sitemap_exclude":false,"_sitemap_priority":"","_sitemap_frequency":"","_monsterinsights_skip_tracking":false,"_monsterinsights_sitenote_active":false,"_monsterinsights_sitenote_note":"","_monsterinsights_sitenote_category":0},"product_cat":[7584],"product_tag":[7753,7756,7758,7754,7748,7755,7751,7746,7757,7749,7740,7744,7738,7739,7745,7752,7747,7741,7750,7743,7759,7742],"class_list":{"0":"post-23904","1":"product","2":"type-product","3":"status-publish","4":"has-post-thumbnail","6":"product_cat-lsd-cs","7":"product_tag-akce-albert-einstein-queen-elizabeth-europe","8":"product_tag-albert-einstein-dodavka-queen-elizabeth-europe","9":"product_tag-albert-einstein-evropsti-dodavatele-queen-elizabeth","10":"product_tag-albert-einstein-obchod-queen-elizabeth-europe","11":"product_tag-albert-einstein-queen-elizabeth-doprava-zdarma-po-evrope","12":"product_tag-albert-einstein-queen-elizabeth-europe-sleva","13":"product_tag-albert-einstein-queen-elizabeth-internetovy-obchod-evropa","14":"product_tag-albert-einstein-queen-elizabeth-nejlepsi-cena-v-evrope","15":"product_tag-autenticky-albert-einstein-queen-elizabeth-europe","16":"product_tag-kde-koupit-albert-einstein-queen-elizabeth-europe","17":"product_tag-kde-koupit-albert-einstein-queen-elizabeth-online","18":"product_tag-kolik-je-albert-einstein-kralovna-alzbeta","19":"product_tag-koupit-albert-einstein-queen-elizabeth","20":"product_tag-koupit-albert-einstein-queen-elizabeth-online","21":"product_tag-koupit-albert-einstein-queen-elizabeth-online-evropa","22":"product_tag-levne-albert-einstein-queen-elizabeth-europe","23":"product_tag-objednavka-albert-einstein-queen-elizabeth-eu","24":"product_tag-objednejte-albert-einstein-queen-elizabeth-online","25":"product_tag-prodej-albert-einstein-queen-elizabeth-europe","26":"product_tag-prodej-albert-einstein-queen-elizabeth-online","27":"product_tag-recenze-albert-einstein-queen-elizabeth-europe","28":"product_tag-ucinky-alberta-einsteina-kralovny-alzbety","30":"first","31":"instock","32":"shipping-taxable","33":"purchasable","34":"product-type-simple","35":"farmacie-col"},"aioseo_notices":[],"_links":{"self":[{"href":"https:\/\/lacasadelamedicina.es\/cs\/wp-json\/wp\/v2\/product\/23904"}],"collection":[{"href":"https:\/\/lacasadelamedicina.es\/cs\/wp-json\/wp\/v2\/product"}],"about":[{"href":"https:\/\/lacasadelamedicina.es\/cs\/wp-json\/wp\/v2\/types\/product"}],"replies":[{"embeddable":true,"href":"https:\/\/lacasadelamedicina.es\/cs\/wp-json\/wp\/v2\/comments?post=23904"}],"wp:featuredmedia":[{"embeddable":true,"href":"https:\/\/lacasadelamedicina.es\/cs\/wp-json\/wp\/v2\/media\/19231"}],"wp:attachment":[{"href":"https:\/\/lacasadelamedicina.es\/cs\/wp-json\/wp\/v2\/media?parent=23904"}],"wp:term":[{"taxonomy":"product_cat","embeddable":true,"href":"https:\/\/lacasadelamedicina.es\/cs\/wp-json\/wp\/v2\/product_cat?post=23904"},{"taxonomy":"product_tag","embeddable":true,"href":"https:\/\/lacasadelamedicina.es\/cs\/wp-json\/wp\/v2\/product_tag?post=23904"}],"curies":[{"name":"wp","href":"https:\/\/api.w.org\/{rel}","templated":true}]}}