{"id":23898,"date":"2024-08-09T14:02:39","date_gmt":"2024-08-09T14:02:39","guid":{"rendered":"https:\/\/lacasadelamedicina.es\/product\/kupte-si-170ug-shiva-lsd-blottery-online\/"},"modified":"2024-08-09T14:02:39","modified_gmt":"2024-08-09T14:02:39","slug":"kupte-si-170ug-shiva-lsd-blottery-online","status":"publish","type":"product","link":"https:\/\/lacasadelamedicina.es\/cs\/produkt\/kupte-si-170ug-shiva-lsd-blottery-online\/","title":{"rendered":"Kupte si 170ug Shiva LSD blottery online"},"content":{"rendered":"<h2><strong>Koupit 1P-LSD 170UG SHIVA LSD BLOTTERS online<\/strong><\/h2>\n<p> Psychedelick\u00e1 droga 1P-LSD, naz\u00fdvan\u00e1 tak\u00e9 diethylamid kyseliny 1-propionyl-lysergov\u00e9, je deriv\u00e1tem a funk\u010dn\u00edm analogem LSD a homologem ALD-52. LSD a 1P-LSD sd\u00edlej\u00ed chemick\u00fd vztah a \u0159\u00edk\u00e1 se, \u017ee maj\u00ed velmi podobn\u00e9 \u00fa\u010dinky. A\u010dkoli je o farmakologii 1P-LSD m\u00e1lo zn\u00e1mo, pravd\u011bpodobn\u011b p\u016fsob\u00ed na serotoninov\u00e9 receptory v mozku a vytv\u00e1\u0159\u00ed sv\u00e9 psychedelick\u00e9 \u00fa\u010dinky.   <\/p>\n<h2><strong>Kupte si 170ug shiva LSD blottery<\/strong><\/h2>\n<p> IUPAC ID: (6aR,9R)-N,N-diethyl-7-methyl-4,6,6a,7,8,9-hexahydroindolo \u2013 [4,3-fg] chinolin-9-karboxamid Mol\u00e1rn\u00ed hmotnost: 323,43 g Bod t\u00e1n\u00ed: 80 \u00b0CVzorec: C20H25N3O CAS ID: 50-37-3 Diethylamid kyseliny lysergov\u00e9, tak\u00e9 zn\u00e1m\u00fd jako kyselina, je psychedelick\u00e1 droga zn\u00e1m\u00e1 pro sv\u00e9 psychologick\u00e9 \u00fa\u010dinky. Vzorec: C20H25N30 IUPAC ID: (6aR,9R)-N,N-diethyl-7-methyl-4,6,6a,7,8,9-hexahydroindolo-  [4,3-fg] chinolin-9-karboxamid Mol\u00e1rn\u00ed hmotnost: 323,43 g\/mol Teplota t\u00e1n\u00ed: 80 \u00b0C CAS ID: 50-37-3 <\/p>\n<h3><strong>1P-LSD 170UG SHIVA LSD BLOTTERS<\/strong><\/h3>\n<p> M\u00e1me mnoho v\u011brn\u00fdch z\u00e1kazn\u00edk\u016f po cel\u00e9m sv\u011bt\u011b a t\u011b\u0161\u00edme se na dlouhodobou spolupr\u00e1ci s v\u00e1mi. Pokud pot\u0159ebujete dal\u0161\u00ed informace, nev\u00e1hejte n\u00e1s kontaktovat; ud\u011bl\u00e1me v\u0161e pro to, abychom vyhov\u011bli va\u0161im pot\u0159eb\u00e1m. Nov\u00e9 psychoaktivn\u00ed slou\u010deniny nebo chemick\u00e9 l\u00e1tky m\u011bn\u00edc\u00ed mysl, kter\u00e9 byly syntetizov\u00e1ny v laborato\u0159i a nab\u00edzeny jako leg\u00e1ln\u00ed n\u00e1hra\u017eky neleg\u00e1ln\u00edch drog, jako je kokain a marihuana, se v drogov\u00e9m pr\u016fmyslu za posledn\u00edch 20 let staly b\u011b\u017en\u011bj\u0161\u00edmi. Tyto l\u00e9ky nepro\u0161ly rozs\u00e1hl\u00fdm testov\u00e1n\u00edm, tak\u017ee je mo\u017en\u00e9, \u017ee jejich \u00fa\u010dinky budou nekonzistentn\u00ed a nep\u0159edv\u00eddateln\u00e9.    <\/p>\n<h3><strong>EFEKTY<\/strong><\/h3>\n<p> Ve v\u011bdeck\u00e9 literatu\u0159e nen\u00ed profil \u00fa\u010dink\u016f 1P-LSD dob\u0159e pops\u00e1n. Obvykle se m\u00e1 za to, \u017ee je podobn\u00fd LSD. Podle n\u011bkolika neofici\u00e1ln\u00edch zpr\u00e1v trv\u00e1 1P-LSD u lid\u00ed o n\u011bco krat\u0161\u00ed dobu ne\u017e LSD, p\u0159i\u010dem\u017e v\u011bt\u0161ina u\u017eivatel\u016f tvrd\u00ed, \u017ee nejsou schopni rozeznat rozd\u00edl mezi kvalitativn\u00edmi \u00fa\u010dinky t\u011bchto dvou drog.   <\/p>\n<h3><strong>V\u00ddB\u011aR GAMA<\/strong><\/h3>\n<p> Nejd\u016fle\u017eit\u011bj\u0161\u00edm faktorem p\u0159i v\u00fdb\u011bru na\u0161\u00ed slu\u017eby je Meth Trust. Prvo\u0159ad\u00fdm aspektem p\u0159i z\u00edsk\u00e1v\u00e1n\u00ed st\u00e1le v\u011bt\u0161\u00edho po\u010dtu z\u00e1kazn\u00edk\u016f je kvalita. Akce a slevy jsou rozhoduj\u00edc\u00ed pro \u00fasp\u011bch na\u0161ich klient\u016f.   <\/p>\n<h3><strong>Z\u00c1V\u011aR<\/strong><\/h3>\n<p> Jedn\u00edm z nejobl\u00edben\u011bj\u0161\u00edch produkt\u016f LSD mezi teenagery, kte\u0159\u00ed jej \u010dasto u\u017e\u00edvaj\u00ed jako drogu na p\u00e1rty, je Goblin\u2019s Den. Na virtu\u00e1ln\u00edm trhu existuje velk\u00e9 mno\u017estv\u00ed LSD p\u0159edm\u011bt\u016f, kter\u00e9 jsou voln\u011b p\u0159\u00edstupn\u00e9. Zde v\u00e1m garantujeme nejlep\u0161\u00ed kvalitu a cenu produktu, 200 mcg Goblin\u2019s Den.<\/p>\n","protected":false},"excerpt":{"rendered":"<p>Koupit 1P-LSD 170UG SHIVA LSD BLOTTERS online Psychedelick\u00e1 droga 1P-LSD, naz\u00fdvan\u00e1 tak\u00e9 diethylamid kyseliny 1-propionyl-lysergov\u00e9, je deriv\u00e1tem a funk\u010dn\u00edm analogem LSD a homologem ALD-52. LSD a 1P-LSD sd\u00edlej\u00ed chemick\u00fd vztah a \u0159\u00edk\u00e1 se, \u017ee maj\u00ed velmi podobn\u00e9 \u00fa\u010dinky. A\u010dkoli je o farmakologii 1P-LSD m\u00e1lo zn\u00e1mo, pravd\u011bpodobn\u011b p\u016fsob\u00ed na serotoninov\u00e9 receptory v mozku a vytv\u00e1\u0159\u00ed sv\u00e9 [&hellip;]<\/p>\n","protected":false},"featured_media":19201,"comment_status":"open","ping_status":"closed","template":"","meta":{"om_disable_all_campaigns":false,"_sitemap_exclude":false,"_sitemap_priority":"","_sitemap_frequency":"","_monsterinsights_skip_tracking":false,"_monsterinsights_sitenote_active":false,"_monsterinsights_sitenote_note":"","_monsterinsights_sitenote_category":0},"product_cat":[7584],"product_tag":[7817,7827,7823,7820,7815,7826,7825,7809,7818,7813,7808,7814,7807,7821,7822,7816,7810,7812,7819,7828,7824,7811],"class_list":{"0":"post-23898","1":"product","2":"type-product","3":"status-publish","4":"has-post-thumbnail","6":"product_cat-lsd-cs","7":"product_tag-170ug-shiva-lsd-blotters-doprava-zdarma-po-evrope","8":"product_tag-170ug-shiva-lsd-blotters-europe-dodavatele","9":"product_tag-170ug-shiva-lsd-blotters-europe-shop-cs","10":"product_tag-170ug-shiva-lsd-blotters-internetovy-obchod-evropa","11":"product_tag-170ug-shiva-lsd-blotters-nejlepsi-cena-v-evrope","12":"product_tag-autenticke-170ug-shiva-lsd-blotters-europe","13":"product_tag-dodavka-170ug-shiva-lsd-blotters-europe","14":"product_tag-kde-koupit-170ug-shiva-lsd-blotter-online","15":"product_tag-kde-koupit-170ug-shiva-lsd-blotters-europe","16":"product_tag-kolik-je-170-ug-shiva-lsd-blotteru","17":"product_tag-kupte-si-170ug-shiva-lsd-blotter-online","18":"product_tag-kupte-si-170ug-shiva-lsd-blotters-online-evropa","19":"product_tag-kupte-si-170ug-shiva-lsd-blottery","20":"product_tag-levne-170ug-shiva-lsd-blotters-europe","21":"product_tag-nabidky-170ug-shiva-lsd-blotters-europe","22":"product_tag-objednejte-si-170ug-shiva-lsd-blotters-eu","23":"product_tag-objednejte-si-170ug-shiva-lsd-blottery-online","24":"product_tag-online-prodej-blotteru-shiva-lsd-170ug","25":"product_tag-prodej-170ug-shiva-lsd-blotters-europe","26":"product_tag-recenze-170ug-shiva-lsd-blotters-europe","27":"product_tag-sleva-170ug-shiva-lsd-blotters-europe","28":"product_tag-ucinky-170ug-shiva-lsd-blotteru","30":"first","31":"instock","32":"shipping-taxable","33":"purchasable","34":"product-type-variable","35":"farmacie-col"},"aioseo_notices":[],"_links":{"self":[{"href":"https:\/\/lacasadelamedicina.es\/cs\/wp-json\/wp\/v2\/product\/23898"}],"collection":[{"href":"https:\/\/lacasadelamedicina.es\/cs\/wp-json\/wp\/v2\/product"}],"about":[{"href":"https:\/\/lacasadelamedicina.es\/cs\/wp-json\/wp\/v2\/types\/product"}],"replies":[{"embeddable":true,"href":"https:\/\/lacasadelamedicina.es\/cs\/wp-json\/wp\/v2\/comments?post=23898"}],"wp:featuredmedia":[{"embeddable":true,"href":"https:\/\/lacasadelamedicina.es\/cs\/wp-json\/wp\/v2\/media\/19201"}],"wp:attachment":[{"href":"https:\/\/lacasadelamedicina.es\/cs\/wp-json\/wp\/v2\/media?parent=23898"}],"wp:term":[{"taxonomy":"product_cat","embeddable":true,"href":"https:\/\/lacasadelamedicina.es\/cs\/wp-json\/wp\/v2\/product_cat?post=23898"},{"taxonomy":"product_tag","embeddable":true,"href":"https:\/\/lacasadelamedicina.es\/cs\/wp-json\/wp\/v2\/product_tag?post=23898"}],"curies":[{"name":"wp","href":"https:\/\/api.w.org\/{rel}","templated":true}]}}