{"id":23893,"date":"2024-08-09T14:02:39","date_gmt":"2024-08-09T14:02:39","guid":{"rendered":"https:\/\/lacasadelamedicina.es\/product\/koupit-155-mcg-teachers-gaze-self-laid-99-pure-aztec-crystal-online\/"},"modified":"2024-08-09T14:02:39","modified_gmt":"2024-08-09T14:02:39","slug":"koupit-155-mcg-teachers-gaze-self-laid-99-pure-aztec-crystal-online","status":"publish","type":"product","link":"https:\/\/lacasadelamedicina.es\/cs\/produkt\/koupit-155-mcg-teachers-gaze-self-laid-99-pure-aztec-crystal-online\/","title":{"rendered":"Koupit 155 MCG Teacher\u2019s Gaze (self-laid, 99% Pure Aztec Crystal) online"},"content":{"rendered":"<h3>Nejlep\u0161\u00ed m\u00edsto pro n\u00e1kup Teacher&#8217;s Gaze LSD online<\/h3>\n<p> P\u0159edstavujeme jedine\u010dnou nab\u00eddku: omezenou v\u00e1rku tabletek LSD Teacher\u2019s Gaze, kter\u00e9 byly vytvo\u0159eny ze vz\u00e1cn\u00e9ho krystalu poch\u00e1zej\u00edc\u00edho od oddan\u00e9 skupiny nad\u0161enc\u016f, kte\u0159\u00ed jsou v souladu s na\u0161imi pohledy na realitu a spiritualitu. Tato exkluzivn\u00ed v\u00e1rka byla vyrobena jednou a pot\u00e9 vy\u0159azena, co\u017e znamen\u00e1, \u017ee ani my, ani nikdo jin\u00fd ji\u017e tento specifick\u00fd krystal m\u00edt nebudeme. Po testov\u00e1n\u00ed jsme byli ohromeni \u00fa\u010dinnost\u00ed a zku\u0161enostmi, kter\u00e9 tyto karty poskytovaly. Vzhledem k vz\u00e1cnosti krystalu je cena vy\u0161\u0161\u00ed ve srovn\u00e1n\u00ed s azt\u00e9ck\u00fdmi odr\u016fdami, ale nab\u00edz\u00edme jej za m\u00edrnou pr\u00e9mii, abychom jej mohli sd\u00edlet v na\u0161\u00ed psychedelick\u00e9 komunit\u011b.    <\/p>\n<h3>LSD blotter kyselina dostupn\u00e1 k zakoupen\u00ed online<\/h3>\n<p> Teacher\u2019s Gaze LSD Online nab\u00edz\u00ed \u0161irokou \u0161k\u00e1lu produkt\u016f, v\u010detn\u011b Goblin\u2019s Den, Hoffman LSD blotter, Void Realm, Teacher\u2019s Gaze, Fractal Storm a dal\u0161\u00edch. Pozoruhodn\u00e9 je, \u017ee Teacher\u2019s Gaze je jedn\u00edm z nejvyhled\u00e1van\u011bj\u0161\u00edch produkt\u016f, zejm\u00e9na mezi mlad\u0161\u00edmi u\u017eivateli. Zde jsou n\u011bkter\u00e9 kl\u00ed\u010dov\u00e9 podrobnosti o Teacher&#8217;s Gaze LSD:   <\/p>\n<ul>\n<li>P\u0159ibli\u017en\u011b 10 % lid\u00ed v USA n\u011bkdy od roku 2017 vyzkou\u0161elo Teacher\u2019s Gaze LSD, p\u0159i\u010dem\u017e 0,7 % ho u\u017eilo v minul\u00e9m roce. Jeho pou\u017eit\u00ed bylo nejroz\u0161\u00ed\u0159en\u011bj\u0161\u00ed od 60. do 80. let 20. stolet\u00ed. LSD Teacher\u2019s Gaze je obvykle po\u017eito nebo um\u00edst\u011bno pod jazyk, \u010dasto distribuov\u00e1no na sav\u00fd pap\u00edr.  <\/li>\n<\/ul>\n<h3>Kl\u00ed\u010dov\u00e9 informace pro n\u00e1kup 155 mcg Teacher\u2019s Gaze online<\/h3>\n<p> P\u0159i n\u00e1kupu 155 mcg Teacher\u2019s Gaze je obvykle sm\u00edch\u00e1n s 99% azt\u00e9ck\u00fdm krystalem. O t\u00e9to l\u00e1tce je zn\u00e1mo, \u017ee p\u0159i injek\u010dn\u00ed aplikaci rychle opou\u0161t\u00ed krevn\u00ed ob\u011bh.  <\/p>\n<h4>Vedlej\u0161\u00ed \u00fa\u010dinky 155 mcg u\u010ditelsk\u00e9ho pohledu<\/h4>\n<ul>\n<li>Halucinace jsou b\u011b\u017en\u00fdm \u00fa\u010dinkem pohledu u\u010ditele.<\/li>\n<li>U\u017eivatel\u00e9 mohou m\u00edt pot\u00ed\u017ee se sp\u00e1nkem.<\/li>\n<\/ul>\n<h3>Z\u00e1v\u011br<\/h3>\n<p> Teacher\u2019s Gaze je obl\u00edben\u00fd produkt mezi dosp\u00edvaj\u00edc\u00edmi, \u010dasto je pova\u017eov\u00e1n za drogu na p\u00e1rty kv\u016fli sv\u00fdm halucinogenn\u00edm \u00fa\u010dink\u016fm, \u010d\u00edm\u017e se odli\u0161uje od ostatn\u00edch produkt\u016f LSD. LSD, b\u011b\u017en\u011b ozna\u010dovan\u00e9 jako \u201ekyselina\u201c, je zn\u00e1m\u00e9 t\u00edm, \u017ee vyvol\u00e1v\u00e1 v\u00fdznamn\u00e9 zm\u011bny ve vn\u00edm\u00e1n\u00ed. Teacher\u2019s Gaze LSD je siln\u00e1 l\u00e1tka m\u011bn\u00edc\u00ed n\u00e1ladu odvozen\u00e1 od kyseliny lysergov\u00e9, kter\u00e1 poch\u00e1z\u00ed z n\u00e1melov\u00e9 houby nach\u00e1zej\u00edc\u00ed se na zrnech, jako je \u017eito. Vyr\u00e1b\u00ed se v neleg\u00e1ln\u00edch laborato\u0159\u00edch, p\u0159ev\u00e1\u017en\u011b v USA, kde se p\u0159em\u011b\u0148uje na kapalinu pro distribuci. Obvykle je bezbarv\u00fd, bez z\u00e1pachu a m\u00e1 m\u00edrn\u011b ho\u0159kou chu\u0165.     &nbsp;<\/p>\n","protected":false},"excerpt":{"rendered":"<p>\u010cele\u010f rostlin Apocynaceae zahrnuje druhy jako Tabernanthe iboga, Voacanga africana a Tabernaemontana undulata, kter\u00e9 obsahuj\u00ed p\u0159irozen\u011b se vyskytuj\u00edc\u00ed halucinogenn\u00ed slou\u010deninu ibogain. Psychedelick\u00e1 droga s disociativn\u00edmi \u00fa\u010dinky. <\/p>\n","protected":false},"featured_media":19186,"comment_status":"closed","ping_status":"closed","template":"","meta":{"om_disable_all_campaigns":false,"_sitemap_exclude":false,"_sitemap_priority":"","_sitemap_frequency":"","_monsterinsights_skip_tracking":false,"_monsterinsights_sitenote_active":false,"_monsterinsights_sitenote_note":"","_monsterinsights_sitenote_category":0},"product_cat":[7584],"product_tag":[7789,7802,7784,7795,7794,7800,7796,7803,7801,7797,7805,7793,7785,7792,7790,7806,7798,7804,7788,7786,7791,7783,7799,7787],"class_list":{"0":"post-23893","1":"product","2":"type-product","3":"status-publish","4":"has-post-thumbnail","6":"product_cat-lsd-cs","7":"product_tag-155-mcg-uciteluv-pohled-self-laid","8":"product_tag-99-cisty-aztecky-kristal-evropa-sleva","9":"product_tag-99-cisty-aztecky-krystal","10":"product_tag-99-cisty-aztecky-krystal-doprava-zdarma-po-evrope","11":"product_tag-99-cisty-aztecky-krystal-eu","12":"product_tag-99-cisty-aztecky-krystal-evropa-cs","13":"product_tag-99-cisty-aztecky-krystal-evropa","14":"product_tag-99-cisty-aztecky-krystal-evropa-dodavka","15":"product_tag-99-cisty-aztecky-krystal-evropa-obchod","16":"product_tag-99-cisty-aztecky-krystal-evropa-prodej","17":"product_tag-99-cisty-aztecky-krystal-evropsti-dodavatele","18":"product_tag-99-cisty-aztecky-krystal-nejlepsi-cena-v-evrope","19":"product_tag-99-cisty-aztecky-krystal-online","20":"product_tag-99-cisty-aztecky-krystal-online-evropa","21":"product_tag-99-cisty-aztecky-krystal-online-prodej","22":"product_tag-99-pure-aztec-crystal-evropa-recenze","23":"product_tag-99-pure-aztec-crystal-internetovy-obchod-evropa","24":"product_tag-autenticky-pohled-ucitele-155-mcg-self-laid","25":"product_tag-efekty-155-mcg-teachers-gaze-self-laid","26":"product_tag-kde-koupit-155-mcg-teachers-gaze-self-laid","27":"product_tag-kolik-je-155-mcg-teachers-gaze-self-laid","28":"product_tag-koupit-155-mcg-teachers-gaze-self-laid","29":"product_tag-levne-155-mcg-teachers-gaze-self-laid","30":"product_tag-objednejte-si-155-mcg-teachers-gaze-self-laid","32":"first","33":"instock","34":"shipping-taxable","35":"purchasable","36":"product-type-variable","37":"farmacie-col"},"aioseo_notices":[],"_links":{"self":[{"href":"https:\/\/lacasadelamedicina.es\/cs\/wp-json\/wp\/v2\/product\/23893"}],"collection":[{"href":"https:\/\/lacasadelamedicina.es\/cs\/wp-json\/wp\/v2\/product"}],"about":[{"href":"https:\/\/lacasadelamedicina.es\/cs\/wp-json\/wp\/v2\/types\/product"}],"replies":[{"embeddable":true,"href":"https:\/\/lacasadelamedicina.es\/cs\/wp-json\/wp\/v2\/comments?post=23893"}],"wp:featuredmedia":[{"embeddable":true,"href":"https:\/\/lacasadelamedicina.es\/cs\/wp-json\/wp\/v2\/media\/19186"}],"wp:attachment":[{"href":"https:\/\/lacasadelamedicina.es\/cs\/wp-json\/wp\/v2\/media?parent=23893"}],"wp:term":[{"taxonomy":"product_cat","embeddable":true,"href":"https:\/\/lacasadelamedicina.es\/cs\/wp-json\/wp\/v2\/product_cat?post=23893"},{"taxonomy":"product_tag","embeddable":true,"href":"https:\/\/lacasadelamedicina.es\/cs\/wp-json\/wp\/v2\/product_tag?post=23893"}],"curies":[{"name":"wp","href":"https:\/\/api.w.org\/{rel}","templated":true}]}}