{"id":23888,"date":"2024-08-09T14:02:39","date_gmt":"2024-08-09T14:02:39","guid":{"rendered":"https:\/\/lacasadelamedicina.es\/product\/koupit-105-mcg-voidrealm-online\/"},"modified":"2024-08-09T14:02:39","modified_gmt":"2024-08-09T14:02:39","slug":"koupit-105-mcg-voidrealm-online","status":"publish","type":"product","link":"https:\/\/lacasadelamedicina.es\/cs\/produkt\/koupit-105-mcg-voidrealm-online\/","title":{"rendered":"Koupit 105 MCG Voidrealm online"},"content":{"rendered":"<p><strong>Koupit 105 mcg Voidrealm Online<\/strong> LSD nemus\u00ed b\u00fdt toxick\u00e9, ale p\u0159i aplikaci zvy\u0161uj\u00edc\u00edch se d\u00e1vek se m\u016f\u017ee vyvinout rezistence. Pravd\u011bpodobn\u00e9 jsou nep\u0159\u00edzniv\u00e9 psychologick\u00e9 reakce, jako je strach, deprese a vize. Bez dal\u0161\u00ed aplikace mohou vzniknout znepokojiv\u00e9 halucinace, syndrom naz\u00fdvan\u00fd halucinogenn\u00ed syndrom chronick\u00e9ho vid\u011bn\u00ed. Smrt v d\u016fsledku LSD je velmi neobvykl\u00e1. <strong>Fakta, kter\u00e1 v\u00e1m mohou pomoci koupit 105 Mcg Voidrealm Online<\/strong> A\u010dkoli LSD nab\u00edz\u00ed \u0161irokou \u0161k\u00e1lu produkt\u016f, jako jsou vape voz\u00edky, frakt\u00e1ln\u00ed bou\u0159e, u\u010ditelsk\u00e9 pastviny a tak d\u00e1le . A Voidrealm je dal\u0161\u00ed obl\u00edben\u00e1 l\u00e1tka LSD, kter\u00e1 nen\u00ed nijak zvl\u00e1\u0161\u0165 n\u00e1vykov\u00e1, ale p\u0159i u\u017e\u00edv\u00e1n\u00ed t\u011bchto drog je d\u016fle\u017eit\u00e9 db\u00e1t opatrnosti. Zde je n\u011bkolik n\u00e1vrh\u016f, kter\u00e9 v\u00e1m pomohou koupit 105 mcg void realm online. <strong>Fakta, kter\u00e1 v\u00e1m pomohou koupit 105 mcg Voidrealm online<\/strong><strong>Z\u00e1v\u011br<\/strong> Pr\u00e1zdn\u00e1 dom\u00e9na 105 mcg vytv\u00e1\u0159\u00ed rezistenci, co\u017e znamen\u00e1, \u017ee k dosa\u017een\u00ed stejn\u00e9ho \u00fa\u010dinku je pro pacienta zapot\u0159eb\u00ed v\u00edce LSD. Pacienti, kte\u0159\u00ed l\u00e9k u\u017e\u00edvaj\u00ed pravideln\u011b, mus\u00ed postupn\u011b pod\u00e1vat vy\u0161\u0161\u00ed d\u00e1vky, aby si udr\u017eeli m\u00edru z\u00e1vislosti, kterou d\u0159\u00edve za\u017e\u00edvali. Vzhledem k nejist\u00e9 povaze produktu se jedn\u00e1 o vysoce nebezpe\u010dn\u00fd postup. V pr\u016fb\u011bhu roku 2018 se po\u010det lid\u00ed ve v\u011bku od dvan\u00e1cti let stal ob\u011b\u0165mi. <strong>Objedn\u00e1vejte v\u00fdzkumn\u00e9 chemik\u00e1lie na darkwebu<\/strong> ,Nakupujte v\u00fdzkumn\u00e9 chemik\u00e1lie na darkwebu online s rychl\u00fdm doru\u010den\u00edm od DHL a Fedex. Nakupujte v\u00fdzkumn\u00e9 chemik\u00e1lie online v USA. Kupujte l\u00e9ky na LSD online.Nakupte fentanyl online ve Spojen\u00fdch st\u00e1tech.Kupte si Crystal Meth Online, Kokain na prodej online v USA<\/p>\n","protected":false},"excerpt":{"rendered":"<p>Koupit 105 mcg Voidrealm Online A\u010dkoli LSD m\u00e1 velmi \u0161irokou \u0161k\u00e1lu produkt\u016f, jako jsou vape voz\u00edky, frakt\u00e1ln\u00ed bou\u0159e, u\u010ditelsk\u00e9 pastviny a tak d\u00e1le. A Voidrealm je tak\u00e9 jedn\u00edm z t\u011bch popul\u00e1rn\u00edch produkt\u016f LSD, kter\u00fd nen\u00ed tak n\u00e1vykov\u00fd, ale \u010dlov\u011bk by m\u011bl b\u00fdt dostate\u010dn\u011b opatrn\u00fd p\u0159i u\u017e\u00edv\u00e1n\u00ed t\u011bchto typ\u016f drog. Proto zde jsou n\u011bkter\u00e9 body, kter\u00e9 v\u00e1m mohou pomoci koupit 105 mcg void realm online  <\/p>\n","protected":false},"featured_media":19171,"comment_status":"open","ping_status":"closed","template":"","meta":{"om_disable_all_campaigns":false,"_sitemap_exclude":false,"_sitemap_priority":"","_sitemap_frequency":"","_monsterinsights_skip_tracking":false,"_monsterinsights_sitenote_active":false,"_monsterinsights_sitenote_note":"","_monsterinsights_sitenote_category":0},"product_cat":[7584],"product_tag":[7780,7770,7773,7768,7775,7765,7781,7779,7778,7771,7763,7766,7762,7761,7767,7774,7776,7760,7769,7772,7777,7764],"class_list":{"0":"post-23888","1":"product","2":"type-product","3":"status-publish","4":"has-post-thumbnail","6":"product_cat-lsd-cs","7":"product_tag-105-dodavatelu-mcg-voidrealm-europe","8":"product_tag-105-mcg-voidrealm-doprava-zdarma-po-evrope","9":"product_tag-105-mcg-voidrealm-internetovy-obchod-evropa","10":"product_tag-105-mcg-voidrealm-nejlepsi-cena-v-evrope","11":"product_tag-105-nabidek-mcg-voidrealm-europe","12":"product_tag-105-online-prodeju-mcg-voidrealm","13":"product_tag-105-recenze-mcg-voidrealm-europe","14":"product_tag-autenticke-105-mcg-voidrealm-europe","15":"product_tag-dodavka-105-mcg-voidrealm-europe","16":"product_tag-kde-koupit-105-mcg-voidrealm-europe","17":"product_tag-kde-koupit-105-mcg-voidrealm-online","18":"product_tag-kolik-je-105-mcg-voidrealm","19":"product_tag-koupit-105-mcg-voidrealm","20":"product_tag-koupit-105-mcg-voidrealm-online","21":"product_tag-kupte-si-105-mcg-voidrealm-online-evropa","22":"product_tag-levne-105-mcg-voidrealm-europe","23":"product_tag-obchod-105-mcg-voidrealm-europe","24":"product_tag-objednejte-105-mcg-voidrealm-online","25":"product_tag-objednejte-si-105-mcg-voidrealm-eu","26":"product_tag-prodej-105-mcg-voidrealm-europe","27":"product_tag-sleva-105-mcg-voidrealm-europe","28":"product_tag-ucinky-105-mcg-voidrealm","30":"first","31":"instock","32":"shipping-taxable","33":"purchasable","34":"product-type-variable","35":"farmacie-col"},"aioseo_notices":[],"_links":{"self":[{"href":"https:\/\/lacasadelamedicina.es\/cs\/wp-json\/wp\/v2\/product\/23888"}],"collection":[{"href":"https:\/\/lacasadelamedicina.es\/cs\/wp-json\/wp\/v2\/product"}],"about":[{"href":"https:\/\/lacasadelamedicina.es\/cs\/wp-json\/wp\/v2\/types\/product"}],"replies":[{"embeddable":true,"href":"https:\/\/lacasadelamedicina.es\/cs\/wp-json\/wp\/v2\/comments?post=23888"}],"wp:featuredmedia":[{"embeddable":true,"href":"https:\/\/lacasadelamedicina.es\/cs\/wp-json\/wp\/v2\/media\/19171"}],"wp:attachment":[{"href":"https:\/\/lacasadelamedicina.es\/cs\/wp-json\/wp\/v2\/media?parent=23888"}],"wp:term":[{"taxonomy":"product_cat","embeddable":true,"href":"https:\/\/lacasadelamedicina.es\/cs\/wp-json\/wp\/v2\/product_cat?post=23888"},{"taxonomy":"product_tag","embeddable":true,"href":"https:\/\/lacasadelamedicina.es\/cs\/wp-json\/wp\/v2\/product_tag?post=23888"}],"curies":[{"name":"wp","href":"https:\/\/api.w.org\/{rel}","templated":true}]}}