{"id":23887,"date":"2024-08-09T14:02:42","date_gmt":"2024-08-09T14:02:42","guid":{"rendered":"https:\/\/lacasadelamedicina.es\/product\/koupit-hofmann-blotter-205-%c2%b5g-lsd-online\/"},"modified":"2024-08-09T14:02:42","modified_gmt":"2024-08-09T14:02:42","slug":"koupit-hofmann-blotter-205-%c2%b5g-lsd-online","status":"publish","type":"product","link":"https:\/\/lacasadelamedicina.es\/cs\/produkt\/koupit-hofmann-blotter-205-%c2%b5g-lsd-online\/","title":{"rendered":"Koupit Hofmann blotter 205 \u00b5g LSD online"},"content":{"rendered":"<h2>Prod\u00e1m Hofmann Blotter 205\u00b5g LSD<\/h2>\n<p> Hofmann Blotter 205\u00b5g LSD na prodej.M\u00e1me Hofmann Blotter 200\u00b5g LSD. Velmi siln\u00fd hovno, p\u011bkn\u00e9 a \u010dist\u00e9 LSD. Evropsk\u00e1 skupina pro kontrolu drog, kter\u00e1 analyzovala tuto d\u00e1vkovou jednotku pij\u00e1ku, vydala varov\u00e1n\u00ed o \u201evysok\u00e9 d\u00e1vce\u201c, proto\u017ee obsahuje v\u00edce ne\u017e 150 ug LSD. Design, kter\u00fd je viditeln\u00fd, je modr\u00fd, \u010dern\u00fd, b\u00edl\u00fd a \u017elut\u00fd. Zadn\u00ed strana je \u010dernob\u00edl\u00e1.     <\/p>\n<h2>Koupit Hofmann LSD:<\/h2>\n<p> LSD, tak\u00e9 zn\u00e1m\u00e9 jako kyselina nebo LSD-25, je nen\u00e1vykov\u00e1 psychoaktivn\u00ed l\u00e1tka odvozen\u00e1 z houby zvan\u00e9 n\u00e1mel. Byl objeven n\u00e1hodou v laborato\u0159i Alberta Hofmanna. LSD, zn\u00e1m\u00e9 pro svou schopnost m\u011bnit vn\u00edm\u00e1n\u00ed, je u\u017eivateli \u010dasto popisov\u00e1no jako vstup do zcela nov\u00e9ho sv\u011bta. Postihuje stejn\u00e9 oblasti mozku, kter\u00e9 se pod\u00edlej\u00ed na sn\u011bn\u00ed, co\u017e vede ke zkreslen\u00e9mu vn\u00edm\u00e1n\u00ed reality a \u017eiv\u00fdm halucinac\u00edm. LSD je pova\u017eov\u00e1no za netoxick\u00e9 a je prakticky nemo\u017en\u00e9 se j\u00edm p\u0159ed\u00e1vkovat. Je v\u0161ak d\u016fle\u017eit\u00e9 b\u00fdt obez\u0159etn\u00fd a zn\u00e1t pr\u00e1vn\u00ed p\u0159edpisy t\u00fdkaj\u00edc\u00ed se jeho pou\u017eit\u00ed.<\/p>\n","protected":false},"excerpt":{"rendered":"<p>Prod\u00e1m Hofmann Blotter 205\u00b5g LSD Hofmann Blotter 205\u00b5g LSD na prodej.M\u00e1me Hofmann Blotter 200\u00b5g LSD. Velmi siln\u00fd hovno, p\u011bkn\u00e9 a \u010dist\u00e9 LSD. Evropsk\u00e1 skupina pro kontrolu drog, kter\u00e1 analyzovala tuto d\u00e1vkovou jednotku pij\u00e1ku, vydala varov\u00e1n\u00ed o \u201evysok\u00e9 d\u00e1vce\u201c, proto\u017ee obsahuje v\u00edce ne\u017e 150 ug LSD. Design, kter\u00fd je viditeln\u00fd, je modr\u00fd, \u010dern\u00fd, b\u00edl\u00fd a \u017elut\u00fd. [&hellip;]<\/p>\n","protected":false},"featured_media":19291,"comment_status":"open","ping_status":"closed","template":"","meta":{"om_disable_all_campaigns":false,"_sitemap_exclude":false,"_sitemap_priority":"","_sitemap_frequency":"","_monsterinsights_skip_tracking":false,"_monsterinsights_sitenote_active":false,"_monsterinsights_sitenote_note":"","_monsterinsights_sitenote_category":0},"product_cat":[7584],"product_tag":[],"class_list":{"0":"post-23887","1":"product","2":"type-product","3":"status-publish","4":"has-post-thumbnail","6":"product_cat-lsd-cs","8":"first","9":"instock","10":"shipping-taxable","11":"purchasable","12":"product-type-simple","13":"farmacie-col"},"aioseo_notices":[],"_links":{"self":[{"href":"https:\/\/lacasadelamedicina.es\/cs\/wp-json\/wp\/v2\/product\/23887"}],"collection":[{"href":"https:\/\/lacasadelamedicina.es\/cs\/wp-json\/wp\/v2\/product"}],"about":[{"href":"https:\/\/lacasadelamedicina.es\/cs\/wp-json\/wp\/v2\/types\/product"}],"replies":[{"embeddable":true,"href":"https:\/\/lacasadelamedicina.es\/cs\/wp-json\/wp\/v2\/comments?post=23887"}],"wp:featuredmedia":[{"embeddable":true,"href":"https:\/\/lacasadelamedicina.es\/cs\/wp-json\/wp\/v2\/media\/19291"}],"wp:attachment":[{"href":"https:\/\/lacasadelamedicina.es\/cs\/wp-json\/wp\/v2\/media?parent=23887"}],"wp:term":[{"taxonomy":"product_cat","embeddable":true,"href":"https:\/\/lacasadelamedicina.es\/cs\/wp-json\/wp\/v2\/product_cat?post=23887"},{"taxonomy":"product_tag","embeddable":true,"href":"https:\/\/lacasadelamedicina.es\/cs\/wp-json\/wp\/v2\/product_tag?post=23887"}],"curies":[{"name":"wp","href":"https:\/\/api.w.org\/{rel}","templated":true}]}}