{"id":23886,"date":"2024-08-09T14:02:42","date_gmt":"2024-08-09T14:02:42","guid":{"rendered":"https:\/\/lacasadelamedicina.es\/product\/koupit-california-sunshine-online\/"},"modified":"2024-08-09T14:02:42","modified_gmt":"2024-08-09T14:02:42","slug":"koupit-california-sunshine-online","status":"publish","type":"product","link":"https:\/\/lacasadelamedicina.es\/cs\/produkt\/koupit-california-sunshine-online\/","title":{"rendered":"Koupit California Sunshine online"},"content":{"rendered":"<h2>Koupit California Sunshine online<\/h2>\n<p> California Sunshine \u2013 100 karet. Kupte si California Sunshine LSD online. Ikonick\u00fd, n\u011bkdy myln\u011b myln\u011b pova\u017eov\u00e1n za oran\u017eov\u00e9 slunce, s jasn\u00fdmi barvami a \u00fa\u017easn\u00fdmi detaily, tento pij\u00e1k lze vid\u011bt d\u00e1vkovan\u00fd po cel\u00e9m sv\u011bt\u011b od 80. let minul\u00e9ho stolet\u00ed a je absolutn\u00edm klenotem v historii LSD.  <\/p>\n<h2>Koupit California Sunshine LSD online<\/h2>\n<p> Vytvo\u0159ili p\u016fvodn\u00ed oran\u017eov\u00fd sunshine LSD po v\u00fdletu s vysokou d\u00e1vkou kyseliny, kde vnit\u0159n\u00ed hlas \u0159ekl Nicholasi Sandovi, \u017ee jeho \u017eivotn\u00edm \u00fakolem je vytvo\u0159it psychedelick\u00fd a zapnout sv\u011bt. Koupit California Sunshine LSD Online LSD (diethylamid kyseliny lysergov\u00e9), prvn\u00ed syntetizovan\u00fd v roce 1938 je silnou psychoaktivn\u00ed l\u00e1tkou. Vyr\u00e1b\u00ed se um\u011ble z kyseliny lysergov\u00e9, kter\u00e1 poch\u00e1z\u00ed z n\u00e1melu, houby rostouc\u00ed na \u017eitu a jin\u00fdch obilovin\u00e1ch. Vzhledem k jeho vysok\u00e9 \u00fa\u010dinnosti se d\u00e1vky LSD obvykle m\u011b\u0159\u00ed v mikrogramech (mcg). \u00da\u010dinky LSD, \u010dasto ozna\u010dovan\u00e9 jako \u201ev\u00fdlet\u201c, se mohou pohybovat od stimuluj\u00edc\u00edch a p\u0159\u00edjemn\u00fdch a\u017e po zm\u011bny mysli. Mohou v\u0161ak tak\u00e9 v\u00e9st k nep\u0159\u00edjemn\u00fdm nebo n\u011bkdy d\u011bsiv\u00fdm z\u00e1\u017eitk\u016fm zn\u00e1m\u00fdm jako \u201ebad trip V USA je LSD klasifikov\u00e1no jako neleg\u00e1ln\u00ed l\u00e1tka a je ozna\u010deno Drug Enforcement Administration (DEA) jako droga seznamu I. Tato klasifikace znamen\u00e1, \u017ee LSD je pova\u017eov\u00e1no za l\u00e1tku s vysok\u00fdm potenci\u00e1lem zneu\u017eit\u00ed, nem\u00e1 p\u0159ijateln\u00e1 l\u00e9ka\u0159sk\u00e1 pou\u017eit\u00ed a je pova\u017eov\u00e1no za nebezpe\u010dn\u00e9 pro pou\u017eit\u00ed pod l\u00e9ka\u0159sk\u00fdm dohledem. Navzdory statusu podle Schedule I do\u0161lo k obnoven\u00ed z\u00e1jmu o zkoum\u00e1n\u00ed potenci\u00e1ln\u00edch terapeutick\u00fdch aplikac\u00ed LSD, jako je l\u00e9\u010dba alkoholismu a deprese. Prob\u00edhaj\u00edc\u00ed studie, kter\u00e9 dodr\u017euj\u00ed modern\u00ed v\u00fdzkumn\u00e9 standardy, mohou zlep\u0161it na\u0161e ch\u00e1p\u00e1n\u00ed mo\u017en\u00fdch v\u00fdhod LSD.<\/p>\n","protected":false},"excerpt":{"rendered":"<h2>Koupit California Sunshine LSD online<\/h2>\n<p> LSD se dod\u00e1v\u00e1 ve struktu\u0159e podobn\u00e9 sklu a n\u00e1sledn\u011b se m\u00eds\u00ed s jin\u00fdmi latentn\u00edmi fixacemi nebo zeslabuje jako tekutina pro tvorbu v po\u017eivateln\u00fdch struktur\u00e1ch. Je neparfemovan\u00fd, ponur\u00fd a m\u00e1 pon\u011bkud drsnou chu\u0165. <\/p>\n","protected":false},"featured_media":19276,"comment_status":"open","ping_status":"closed","template":"","meta":{"om_disable_all_campaigns":false,"_sitemap_exclude":false,"_sitemap_priority":"","_sitemap_frequency":"","_monsterinsights_skip_tracking":false,"_monsterinsights_sitenote_active":false,"_monsterinsights_sitenote_note":"","_monsterinsights_sitenote_category":0},"product_cat":[7584],"product_tag":[7587,7585,7586],"class_list":{"0":"post-23886","1":"product","2":"type-product","3":"status-publish","4":"has-post-thumbnail","6":"product_cat-lsd-cs","7":"product_tag-kde-koupit-california-sunshine-online","8":"product_tag-kupte-si-california-sunshine","9":"product_tag-kupte-si-california-sunshine-online","11":"first","12":"instock","13":"shipping-taxable","14":"purchasable","15":"product-type-simple","16":"farmacie-col"},"aioseo_notices":[],"_links":{"self":[{"href":"https:\/\/lacasadelamedicina.es\/cs\/wp-json\/wp\/v2\/product\/23886"}],"collection":[{"href":"https:\/\/lacasadelamedicina.es\/cs\/wp-json\/wp\/v2\/product"}],"about":[{"href":"https:\/\/lacasadelamedicina.es\/cs\/wp-json\/wp\/v2\/types\/product"}],"replies":[{"embeddable":true,"href":"https:\/\/lacasadelamedicina.es\/cs\/wp-json\/wp\/v2\/comments?post=23886"}],"wp:featuredmedia":[{"embeddable":true,"href":"https:\/\/lacasadelamedicina.es\/cs\/wp-json\/wp\/v2\/media\/19276"}],"wp:attachment":[{"href":"https:\/\/lacasadelamedicina.es\/cs\/wp-json\/wp\/v2\/media?parent=23886"}],"wp:term":[{"taxonomy":"product_cat","embeddable":true,"href":"https:\/\/lacasadelamedicina.es\/cs\/wp-json\/wp\/v2\/product_cat?post=23886"},{"taxonomy":"product_tag","embeddable":true,"href":"https:\/\/lacasadelamedicina.es\/cs\/wp-json\/wp\/v2\/product_tag?post=23886"}],"curies":[{"name":"wp","href":"https:\/\/api.w.org\/{rel}","templated":true}]}}