{"id":23882,"date":"2024-08-09T14:02:42","date_gmt":"2024-08-09T14:02:42","guid":{"rendered":"https:\/\/lacasadelamedicina.es\/product\/koupit-alenka-v-risi-divu-308-ug-online\/"},"modified":"2024-10-15T19:51:06","modified_gmt":"2024-10-15T19:51:06","slug":"koupit-alenka-v-risi-divu-308-ug-online","status":"publish","type":"product","link":"https:\/\/lacasadelamedicina.es\/cs\/produkt\/koupit-alenka-v-risi-divu-308-ug-online\/","title":{"rendered":"Koupit Alenka v \u0159\u00ed\u0161i div\u016f 308 Ug online"},"content":{"rendered":"<h2>Koupit Alenka v \u0159\u00ed\u0161i div\u016f 308 Ug online<\/h2>\n<p>Psychedelickou drogu (neboli entheogen) diethylamid kyseliny lysergov\u00e9 (LSD) poprv\u00e9 syntetizoval 16. listopadu 1938 \u0161v\u00fdcarsk\u00fd chemik Albert Hofmann v laborato\u0159\u00edch Sandoz (nyn\u00ed Novartis) ve \u0161v\u00fdcarsk\u00e9 Basileji. V polovin\u011b 60. let 20. stolet\u00ed vedl odpor proti u\u017e\u00edv\u00e1n\u00ed LSD a jeho domn\u011bl\u00fdm rozkladn\u00fdm \u00fa\u010dink\u016fm na hodnoty z\u00e1padn\u00ed st\u0159edn\u00ed t\u0159\u00eddy k vl\u00e1dn\u00edm opat\u0159en\u00edm, kter\u00e1 omezila dostupnost t\u00e9to drogy t\u00edm, \u017ee jej\u00ed jak\u00e9koli u\u017e\u00edv\u00e1n\u00ed prohl\u00e1sila za nez\u00e1konn\u00e9.<\/p>\n<p>[21]  LSD bylo prohl\u00e1\u0161eno za l\u00e1tku za\u0159azenou do seznamu I, co\u017e pr\u00e1vn\u011b ozna\u010duje, \u017ee droga m\u00e1 &#8222;vysok\u00fd potenci\u00e1l zneu\u017e\u00edv\u00e1n\u00ed&#8220; a nem\u00e1 \u017e\u00e1dn\u00e9 &#8222;v sou\u010dasnosti uzn\u00e1van\u00e9 l\u00e9ka\u0159sk\u00e9 vyu\u017eit\u00ed v l\u00e9\u010db\u011b&#8220;. LSD bylo vy\u0159azeno z leg\u00e1ln\u00edho ob\u011bhu. Tvrdil to \u00da\u0159ad Spojen\u00fdch st\u00e1t\u016f pro kontrolu obchodu s drogami: Koupit Lsd online. Objednat Lsd online. Lsd na prodej online    <\/p>\n<h2>Zdravotn\u00ed p\u0159\u00ednosy diethylamidu kyseliny lysergov\u00e9<\/h2>\n<p>1) LSD zm\u00edr\u0148uje \u00fazkost a bolest u nevyl\u00e9\u010diteln\u011b nemocn\u00fdch pacient\u016f. 2) LSD zvy\u0161uje emo\u010dn\u00ed empatii, socialitu a sugestibilitu. 3) LSD m\u00e1 p\u0159\u00edzniv\u00e9 \u00fa\u010dinky na z\u00e1vislost na alkoholu a drog\u00e1ch<br \/>\n4) LSD zm\u00edr\u0148uje klastrov\u00e9 bolesti hlavy. 5) LSD pro l\u00e9\u010dbu poruch n\u00e1lady a deprese. 6) LSD pom\u00e1h\u00e1 zvy\u0161ovat lidskou kreativitu. 7) LSD jako l\u00e9\u010dba autismu. 8) LSD m\u00e1 siln\u00e9 protiz\u00e1n\u011btliv\u00e9 \u00fa\u010dinky. 9) LSD sni\u017euje kriminalitu u zlo\u010dinc\u016f. V polovin\u011b 60. let 20. stolet\u00ed vedl rostouc\u00ed odpor proti LSD a jeho vn\u00edman\u00fd negativn\u00ed dopad na hodnoty z\u00e1padn\u00ed st\u0159edn\u00ed t\u0159\u00eddy k z\u00e1sah\u016fm vl\u00e1dy, kter\u00e9 m\u011bly omezit jeho dostupnost. \u00da\u0159ady prohl\u00e1sily LSD za l\u00e1tku &#8222;Seznamu I&#8220; a za\u0159adily ji do kategorie l\u00e1tek s &#8222;vysok\u00fdm potenci\u00e1lem zneu\u017e\u00edv\u00e1n\u00ed&#8220; a bez jak\u00e9hokoli &#8222;uzn\u00e1van\u00e9ho l\u00e9ka\u0159sk\u00e9ho vyu\u017eit\u00ed v l\u00e9\u010db\u011b&#8220;. N\u00e1sledn\u011b bylo LSD sta\u017eeno z leg\u00e1ln\u00edho ob\u011bhu. Americk\u00fd \u00fa\u0159ad pro kontrolu drog zd\u016fraznil jeho z\u00e1kaz a uvedl: &#8222;Kupte si LSD online. Objednejte si LSD online. LSD na prodej online.&#8220;<\/p>\n","protected":false},"excerpt":{"rendered":"<p>Koupit Alenka v \u0159\u00ed\u0161i div\u016f 308 Ug online Psychedelickou drogu (neboli entheogen) diethylamid kyseliny lysergov\u00e9 (LSD) poprv\u00e9 syntetizoval 16. listopadu 1938 \u0161v\u00fdcarsk\u00fd chemik Albert Hofmann v laborato\u0159\u00edch Sandoz (nyn\u00ed Novartis) ve \u0161v\u00fdcarsk\u00e9 Basileji. V polovin\u011b 60. let 20. stolet\u00ed vedl odpor proti u\u017e\u00edv\u00e1n\u00ed LSD a jeho domn\u011bl\u00fdm rozkladn\u00fdm \u00fa\u010dink\u016fm na hodnoty z\u00e1padn\u00ed st\u0159edn\u00ed t\u0159\u00eddy k [&hellip;]<\/p>\n","protected":false},"featured_media":19261,"comment_status":"open","ping_status":"closed","template":"","meta":{"om_disable_all_campaigns":false,"_sitemap_exclude":false,"_sitemap_priority":"","_sitemap_frequency":"","_monsterinsights_skip_tracking":false,"_monsterinsights_sitenote_active":false,"_monsterinsights_sitenote_note":"","_monsterinsights_sitenote_category":0},"product_cat":[7584],"product_tag":[39739,39753,39759,39747,39764,39755,39757,39762,39733,39749,39724,39743,39715,39727,39709,39712,39730,39751,39736,39718,39721],"class_list":{"0":"post-23882","1":"product","2":"type-product","3":"status-publish","4":"has-post-thumbnail","6":"product_cat-lsd-cs","7":"product_tag-alenka-v-risi-divu-308-ug-doprava-zdarma-evropa","8":"product_tag-alenka-v-risi-divu-308-ug-europe-deals","9":"product_tag-alenka-v-risi-divu-308-ug-europe-delivery","10":"product_tag-alenka-v-risi-divu-308-ug-europe-prodej","11":"product_tag-alenka-v-risi-divu-308-ug-europe-recenze","12":"product_tag-alenka-v-risi-divu-308-ug-europe-shop","13":"product_tag-alenka-v-risi-divu-308-ug-europe-sleva","14":"product_tag-alenka-v-risi-divu-308-ug-evropa-dodavatele","15":"product_tag-alenka-v-risi-divu-308-ug-nejlepsi-cena-evropa","16":"product_tag-alenka-v-risi-divu-308-ug-online-store-europe","17":"product_tag-alenka-v-risi-divu-308-ug-prodej-online","18":"product_tag-kde-koupit-alenka-v-risi-divu-308-ug-europe","19":"product_tag-kde-koupit-alenka-v-risi-divu-308-ug-online","20":"product_tag-kolik-stoji-alenka-v-risi-divu-308-ug","21":"product_tag-koupit-alenka-v-risi-divu-308-ug","22":"product_tag-koupit-alenka-v-risi-divu-308-ug-online","23":"product_tag-koupit-alenka-v-risi-divu-308-ug-online-evropa","24":"product_tag-levne-alenka-v-risi-divu-308-ug-europe","25":"product_tag-objednat-alenka-v-risi-divu-308-ug-eu","26":"product_tag-objednat-alenka-v-risi-divu-308-ug-online","27":"product_tag-ucinky-alenky-v-risi-divu-308-ug","29":"first","30":"instock","31":"shipping-taxable","32":"purchasable","33":"product-type-variable","34":"farmacie-col"},"aioseo_notices":[],"_links":{"self":[{"href":"https:\/\/lacasadelamedicina.es\/cs\/wp-json\/wp\/v2\/product\/23882"}],"collection":[{"href":"https:\/\/lacasadelamedicina.es\/cs\/wp-json\/wp\/v2\/product"}],"about":[{"href":"https:\/\/lacasadelamedicina.es\/cs\/wp-json\/wp\/v2\/types\/product"}],"replies":[{"embeddable":true,"href":"https:\/\/lacasadelamedicina.es\/cs\/wp-json\/wp\/v2\/comments?post=23882"}],"wp:featuredmedia":[{"embeddable":true,"href":"https:\/\/lacasadelamedicina.es\/cs\/wp-json\/wp\/v2\/media\/19261"}],"wp:attachment":[{"href":"https:\/\/lacasadelamedicina.es\/cs\/wp-json\/wp\/v2\/media?parent=23882"}],"wp:term":[{"taxonomy":"product_cat","embeddable":true,"href":"https:\/\/lacasadelamedicina.es\/cs\/wp-json\/wp\/v2\/product_cat?post=23882"},{"taxonomy":"product_tag","embeddable":true,"href":"https:\/\/lacasadelamedicina.es\/cs\/wp-json\/wp\/v2\/product_tag?post=23882"}],"curies":[{"name":"wp","href":"https:\/\/api.w.org\/{rel}","templated":true}]}}