{"id":23881,"date":"2024-08-09T14:02:42","date_gmt":"2024-08-09T14:02:42","guid":{"rendered":"https:\/\/lacasadelamedicina.es\/product\/koupit-albert-hofmann-bicycle-day-1943-online\/"},"modified":"2024-08-09T14:02:42","modified_gmt":"2024-08-09T14:02:42","slug":"koupit-albert-hofmann-bicycle-day-1943-online","status":"publish","type":"product","link":"https:\/\/lacasadelamedicina.es\/cs\/produkt\/koupit-albert-hofmann-bicycle-day-1943-online\/","title":{"rendered":"Koupit Albert Hofmann Bicycle Day 1943 online"},"content":{"rendered":"<h2>Koupit Albert Hofmann Bicycle Day 1943 online<\/h2>\n<p> \u201eKousek po kousku jsem si mohl za\u010d\u00edt u\u017e\u00edvat neb\u00fdval\u00e9 barvy a hry tvar\u016f, kter\u00e9 p\u0159etrv\u00e1valy za m\u00fdma zav\u0159en\u00fdma o\u010dima. Vrhly se na m\u011b kaleidoskopick\u00e9 fantastick\u00e9 obrazy, kter\u00e9 se st\u0159\u00eddaly, pestovaly, otev\u00edraly a pak se uzav\u00edraly v kruz\u00edch a spir\u00e1l\u00e1ch, explodovaly v barevn\u00fdch font\u00e1n\u00e1ch, p\u0159eskupovaly se a hybridizovaly v neust\u00e1l\u00e9m toku.\u201c<\/p>\n","protected":false},"excerpt":{"rendered":"<p>Koupit Albert Hofmann Bicycle Day 1943 online \u201eKousek po kousku jsem si mohl za\u010d\u00edt u\u017e\u00edvat neb\u00fdval\u00e9 barvy a hry tvar\u016f, kter\u00e9 p\u0159etrv\u00e1valy za m\u00fdma zav\u0159en\u00fdma o\u010dima. Vrhly se na m\u011b kaleidoskopick\u00e9 fantastick\u00e9 obrazy, kter\u00e9 se st\u0159\u00eddaly, pestovaly, otev\u00edraly a pak se uzav\u00edraly v kruz\u00edch a spir\u00e1l\u00e1ch, explodovaly v barevn\u00fdch font\u00e1n\u00e1ch, p\u0159eskupovaly se a hybridizovaly v [&hellip;]<\/p>\n","protected":false},"featured_media":19246,"comment_status":"open","ping_status":"closed","template":"","meta":{"om_disable_all_campaigns":false,"_sitemap_exclude":false,"_sitemap_priority":"","_sitemap_frequency":"","_monsterinsights_skip_tracking":false,"_monsterinsights_sitenote_active":false,"_monsterinsights_sitenote_note":"","_monsterinsights_sitenote_category":0},"product_cat":[7584],"product_tag":[7731,7734,7729,7728,7726,7721,7718,7730,7723,7733,7732,7724,7715,7719,7713,7714,7720,7727,7722,7716,7725,7717],"class_list":{"0":"post-23881","1":"product","2":"type-product","3":"status-publish","4":"has-post-thumbnail","6":"product_cat-lsd-cs","7":"product_tag-albert-hofmann-bicycle-day-1943-dodavka-po-evrope","8":"product_tag-albert-hofmann-bicycle-day-1943-europe-review-cs","9":"product_tag-albert-hofmann-bicycle-day-1943-europe-shop-cs","10":"product_tag-albert-hofmann-bicycle-day-1943-evropa-nabidky","11":"product_tag-albert-hofmann-bicycle-day-1943-internetovy-obchod-evropa","12":"product_tag-albert-hofmann-bicycle-day-1943-nejlepsi-cena-v-evrope","13":"product_tag-albert-hofmann-bicycle-day-1943-online-prodej","14":"product_tag-albert-hofmann-bicycle-day-1943-sleva-pro-evropu","15":"product_tag-albert-hofmann-den-jizdnich-kol-1943-doprava-zdarma-po-evrope","16":"product_tag-albert-hofmann-den-jizdnich-kol-1943-evropsti-dodavatele","17":"product_tag-autenticky-den-kol-alberta-hofmanna-1943-v-evrope","18":"product_tag-kde-koupit-albert-hofmann-bicycle-day-1943-europe","19":"product_tag-kde-koupit-albert-hofmann-bicycle-day-1943-online","20":"product_tag-kolik-stoji-albert-hofmann-bicycle-day-1943","21":"product_tag-koupit-albert-hofmann-bicycle-day-1943","22":"product_tag-koupit-albert-hofmann-bicycle-day-1943-online","23":"product_tag-koupit-albert-hofmann-bicycle-day-1943-online-evropa","24":"product_tag-levne-albert-hofmann-bicycle-day-1943-evropa","25":"product_tag-objednejte-albert-hofmann-bicycle-day-1943-eu","26":"product_tag-objednejte-si-albert-hofmann-bicycle-day-1943-online","27":"product_tag-prodej-na-den-kol-alberta-hofmanna-1943-v-evrope","28":"product_tag-ucinky-dne-jizdnich-kol-alberta-hofmanna-1943","30":"first","31":"instock","32":"shipping-taxable","33":"purchasable","34":"product-type-simple","35":"farmacie-col"},"aioseo_notices":[],"_links":{"self":[{"href":"https:\/\/lacasadelamedicina.es\/cs\/wp-json\/wp\/v2\/product\/23881"}],"collection":[{"href":"https:\/\/lacasadelamedicina.es\/cs\/wp-json\/wp\/v2\/product"}],"about":[{"href":"https:\/\/lacasadelamedicina.es\/cs\/wp-json\/wp\/v2\/types\/product"}],"replies":[{"embeddable":true,"href":"https:\/\/lacasadelamedicina.es\/cs\/wp-json\/wp\/v2\/comments?post=23881"}],"wp:featuredmedia":[{"embeddable":true,"href":"https:\/\/lacasadelamedicina.es\/cs\/wp-json\/wp\/v2\/media\/19246"}],"wp:attachment":[{"href":"https:\/\/lacasadelamedicina.es\/cs\/wp-json\/wp\/v2\/media?parent=23881"}],"wp:term":[{"taxonomy":"product_cat","embeddable":true,"href":"https:\/\/lacasadelamedicina.es\/cs\/wp-json\/wp\/v2\/product_cat?post=23881"},{"taxonomy":"product_tag","embeddable":true,"href":"https:\/\/lacasadelamedicina.es\/cs\/wp-json\/wp\/v2\/product_tag?post=23881"}],"curies":[{"name":"wp","href":"https:\/\/api.w.org\/{rel}","templated":true}]}}