{"id":23873,"date":"2024-08-09T14:02:43","date_gmt":"2024-08-09T14:02:43","guid":{"rendered":"https:\/\/lacasadelamedicina.es\/product\/koupit-pentobarbital-peroralni-roztok-online\/"},"modified":"2024-08-09T14:02:43","modified_gmt":"2024-08-09T14:02:43","slug":"koupit-pentobarbital-peroralni-roztok-online","status":"publish","type":"product","link":"https:\/\/lacasadelamedicina.es\/cs\/produkt\/koupit-pentobarbital-peroralni-roztok-online\/","title":{"rendered":"Koupit pentobarbital peror\u00e1ln\u00ed roztok online"},"content":{"rendered":"<h3>Pou\u017eit\u00ed pentobarbitalov\u00e9ho peror\u00e1ln\u00edho roztoku<\/h3>\n<p> Pentobarbital m\u00e1 r\u016fzn\u00e9 aplikace. Nejpozoruhodn\u011bj\u0161\u00ed je, \u017ee se pou\u017e\u00edv\u00e1 p\u0159i eutanazii, v\u010detn\u011b zv\u00ed\u0159at, jako jsou psi a ko\u010dky, kde se pod\u00e1v\u00e1 ve smrteln\u00fdch d\u00e1vk\u00e1ch. Veterin\u00e1\u0159i tak\u00e9 pou\u017e\u00edvaj\u00ed pentobarbital k sedaci a eutanazii.   <\/p>\n<h3>Jak funguje pentobarbitalov\u00fd peror\u00e1ln\u00ed roztok<\/h3>\n<p> Pentobarbital p\u016fsob\u00ed tak, \u017ee potla\u010duje \u010dinnost centr\u00e1ln\u00edho nervov\u00e9ho syst\u00e9mu (CNS) a mozku. <\/p>\n<h3>Potenci\u00e1l z\u00e1vislosti<\/h3>\n<p> Pentobarbital je vysoce n\u00e1vykov\u00fd. Je d\u016fle\u017eit\u00e9 dodr\u017eovat p\u0159edepsan\u00e9 d\u00e1vkov\u00e1n\u00ed a p\u0159ed ukon\u010den\u00edm u\u017e\u00edv\u00e1n\u00ed se pora\u010fte se sv\u00fdm l\u00e9ka\u0159em. N\u00e1hl\u00e9 ukon\u010den\u00ed m\u016f\u017ee v\u00e9st k abstinen\u010dn\u00edm p\u0159\u00edznak\u016fm, jako je nespavost a z\u00e1vrat\u011b. V\u017edy vyhledejte l\u00e9ka\u0159skou pomoc, jak bezpe\u010dn\u011b p\u0159estat u\u017e\u00edvat pentobarbital.    <\/p>\n<h3>Pou\u017eit\u00ed u ps\u016f<\/h3>\n<p> Pentobarbital se b\u011b\u017en\u011b pou\u017e\u00edv\u00e1 k eutan\u00e1zii ps\u016f. Byl zaveden do veterin\u00e1rn\u00ed medic\u00edny v roce 1931 a p\u0159edstavoval v\u00fdznamn\u00fd pokrok pro anestezii a sedaci zv\u00ed\u0159at. Navzdory nov\u011bj\u0161\u00edm l\u00e9k\u016fm se pentobarbital st\u00e1le pou\u017e\u00edv\u00e1 k l\u00e9\u010db\u011b stav\u016f, jako jsou epileptick\u00e9 z\u00e1chvaty. Je k dispozici pouze na p\u0159edpis od licencovan\u00e9ho veterin\u00e1\u0159e.    <\/p>\n<h3>Informace o d\u00e1vkov\u00e1n\u00ed<\/h3>\n<p> D\u00e1vkov\u00e1n\u00ed pentobarbitalu by m\u011blo b\u00fdt dodr\u017eov\u00e1no p\u0159esn\u011b podle pokyn\u016f sv\u00e9ho l\u00e9ka\u0159e. D\u00e1vkov\u00e1n\u00ed je p\u0159izp\u016fsobeno na z\u00e1klad\u011b specifick\u00fdch charakteristik pacienta a rychlosti pod\u00e1v\u00e1n\u00ed. Star\u0161\u00ed nebo oslaben\u00ed pacienti, stejn\u011b jako pacienti s probl\u00e9my s j\u00e1try nebo ledvinami, mohou vy\u017eadovat upravenou d\u00e1vku. D\u00e1vkov\u00e1n\u00ed je ur\u010deno faktory, jako je l\u00e9\u010den\u00fd stav, celkov\u00fd zdravotn\u00ed stav pacienta a osobn\u00ed charakteristiky.    <\/p>\n<h3>Dostupn\u00e9 d\u00e1vky a \u00fa\u010dinky<\/h3>\n<p> Pentobarbital peror\u00e1ln\u00ed roztok je zn\u00e1m\u00fd pro sv\u016fj rychl\u00fd \u00fa\u010dinek. \u010casto se pou\u017e\u00edv\u00e1 p\u0159i eutanazii pro sv\u016fj rychl\u00fd \u00fa\u010dinek, s minim\u00e1ln\u00edmi hl\u00e1\u0161en\u00fdmi selh\u00e1n\u00edmi. Obvykle se d\u00e1vky pohybuj\u00ed od 25 ml do 100 ml s r\u016fzn\u00fdmi smrteln\u00fdmi \u00fa\u010dinky v z\u00e1vislosti na hmotnosti a zdrav\u00ed jednotlivce:   <\/p>\n<ul>\n<li><strong>25 ml<\/strong> \u2013 dosp\u011bl\u00ed v\u00e1\u017e\u00edc\u00ed 25 kg a\u017e 50 kg<\/li>\n<li><strong>50 ml<\/strong> \u2013 dosp\u011bl\u00ed v\u00e1\u017e\u00edc\u00ed 55 kg a\u017e 85 kg<\/li>\n<li><strong>75 ml<\/strong> \u2013 dosp\u011bl\u00ed v\u00e1\u017e\u00edc\u00ed 90 kg a\u017e 120 kg<\/li>\n<li><strong>100 ml<\/strong> \u2013 dosp\u011bl\u00ed s hmotnost\u00ed nad 125 kg<\/li>\n<\/ul>\n<h3>Opat\u0159en\u00ed pro eutanazii<\/h3>\n<p> Specialist\u00e9 na eutanazii \u010dasto doporu\u010duj\u00ed vyp\u00edt alkohol ihned po po\u017eit\u00ed pentobarbitalu, aby se zv\u00fd\u0161ily jeho \u00fa\u010dinky a zakryla se jeho ho\u0159k\u00e1 chu\u0165. Vyhn\u011bte se j\u00eddlu p\u0159ed nebo po konzumaci, abyste minimalizovali riziko zvracen\u00ed a zajistili spr\u00e1vnou absorpci. N\u011bkte\u0159\u00ed l\u00e9ka\u0159i doporu\u010duj\u00ed pou\u017e\u00edvat \u010dokol\u00e1du na pomoc s chut\u00ed.   <\/p>\n<h3>N\u00e1stup \u00fa\u010dinku<\/h3>\n<p> Studie ukazuj\u00ed, \u017ee smrteln\u00e1 d\u00e1vka 50 gram\u016f pentobarbitalu m\u016f\u017ee v\u00e9st ke smrti do dvou hodin po po\u017eit\u00ed. <\/p>\n<h3>Dostupnost<\/h3>\n<p> Pentobarbital peror\u00e1ln\u00ed roztok je nab\u00edzen v r\u016fzn\u00fdch koncentrac\u00edch, v\u010detn\u011b lahvi\u010dek 25 ml, 50 ml, 75 ml a 100 ml. <\/p>\n<h3>Vedlej\u0161\u00ed \u00fa\u010dinky<\/h3>\n<p> Stejn\u011b jako jin\u00e9 barbitur\u00e1ty m\u016f\u017ee pentobarbital zp\u016fsobit n\u011bkolik vedlej\u0161\u00edch \u00fa\u010dink\u016f. Mezi b\u011b\u017en\u00e9 \u00fa\u010dinky pat\u0159\u00ed:  <\/p>\n<ul>\n<li>Spavost<\/li>\n<li>deprese CNS<\/li>\n<li>M\u00edch\u00e1n\u00ed<\/li>\n<li>Nervozita<\/li>\n<li>Zmatek<\/li>\n<li>Halucinace<\/li>\n<li>no\u010dn\u00ed m\u016fry<\/li>\n<li>Z\u00e1vra\u0165<\/li>\n<li>Abnorm\u00e1ln\u00ed my\u0161len\u00ed<\/li>\n<li>Nespavost<\/li>\n<li>\u00dazkost<\/li>\n<li>Nevolnost<\/li>\n<li>Z\u00e1cpa<\/li>\n<li>Zvracen\u00ed<\/li>\n<\/ul>\n<h3>Riziko p\u0159ed\u00e1vkov\u00e1n\u00ed<\/h3>\n<p> P\u0159ed\u00e1vkov\u00e1n\u00ed pentobarbitalem je vysoce nebezpe\u010dn\u00e9. Nadm\u011brn\u00fd p\u0159\u00edjem, by\u0165 jen o 2-10 gram\u016f, m\u016f\u017ee b\u00fdt smrteln\u00fd. Z\u00e1va\u017en\u00e9 p\u0159ed\u00e1vkov\u00e1n\u00ed m\u016f\u017ee m\u00edt za n\u00e1sledek klinickou smrt s potenci\u00e1ln\u00edmi komplikacemi, jako je z\u00e1pal plic, plicn\u00ed ed\u00e9m, arytmie, m\u011bstnav\u00e9 srde\u010dn\u00ed selh\u00e1n\u00ed a selh\u00e1n\u00ed ledvin. Je d\u016fle\u017eit\u00e9 db\u00e1t na spr\u00e1vn\u00e9 d\u00e1vkov\u00e1n\u00ed a v p\u0159\u00edpad\u011b p\u0159ed\u00e1vkov\u00e1n\u00ed okam\u017eit\u011b vyhledat l\u00e9ka\u0159skou pomoc.    <\/p>\n<h3>N\u00e1kup online<\/h3>\n<p> Peror\u00e1ln\u00ed roztok pentobarbitalu si m\u016f\u017eete zakoupit online, ale bu\u010fte opatrn\u00ed. Jako kontrolovan\u00e1 l\u00e1tka Seznamu II je jej\u00ed prodej regulov\u00e1n. D\u00e1vejte si pozor na online prodejce a ujist\u011bte se, \u017ee nakupujete z d\u016fv\u011bryhodn\u00fdch zdroj\u016f. Pouze n\u011bkolik licencovan\u00fdch l\u00e9k\u00e1ren m\u016f\u017ee leg\u00e1ln\u011b prod\u00e1vat barbitur\u00e1ty. P\u0159ed n\u00e1kupem d\u016fkladn\u011b prozkoumejte a zkontrolujte legitimitu prodejce.     <\/p>\n<h3>Pr\u00e1vn\u00ed stav<\/h3>\n<p> Pentobarbital je kontrolovan\u00fd l\u00e9k a jeho leg\u00e1ln\u00ed z\u00edsk\u00e1n\u00ed vy\u017eaduje l\u00e9ka\u0159sk\u00fd p\u0159edpis. <\/p>\n<h3>Z\u00e1v\u011br<\/h3>\n<p> Pentobarbital p\u0159ich\u00e1z\u00ed v r\u016fzn\u00fdch form\u00e1ch, v\u010detn\u011b peror\u00e1ln\u00edho roztoku, pilulek, pr\u00e1\u0161ku a tablet. Spr\u00e1vn\u00e9 pod\u00e1v\u00e1n\u00ed jak\u00e9koli formy p\u0159inese podobn\u00e9 \u00fa\u010dinky. Pro v\u00edce informac\u00ed nebo pro n\u00e1kup pentobarbitalu nav\u0161tivte Dr. Lawsonspharmacy pro spolehliv\u00e9 a bezpe\u010dn\u00e9 mo\u017enosti.<\/p>\n","protected":false},"excerpt":{"rendered":"<p><strong>Kupte si peror\u00e1ln\u00ed roztok pentobarbital sodn\u00fd online<\/strong> na pit\u00ed. Tento vysoce koncentrovan\u00fd a rychle p\u016fsob\u00edc\u00ed roztok \u00fa\u010dinkuje b\u011bhem n\u011bkolika minut. N\u00ed\u017ee si vyberte po\u017eadovan\u00e9 d\u00e1vkov\u00e1n\u00ed nebo mno\u017estv\u00ed a p\u0159idejte jej do ko\u0161\u00edku.  <\/p>\n","protected":false},"featured_media":19366,"comment_status":"open","ping_status":"closed","template":"","meta":{"om_disable_all_campaigns":false,"_sitemap_exclude":false,"_sitemap_priority":"","_sitemap_frequency":"","_monsterinsights_skip_tracking":false,"_monsterinsights_sitenote_active":false,"_monsterinsights_sitenote_note":"","_monsterinsights_sitenote_category":0},"product_cat":[7531],"product_tag":[7710,7702,7693,7697,7691,7698,7692,7705,7700,7694,7696,7709,7701,7712,7707,7706,7711,7699,7704,7703,7708,7695],"class_list":{"0":"post-23873","1":"product","2":"type-product","3":"status-publish","4":"has-post-thumbnail","6":"product_cat-pentobarbital-sodny-nembutal","7":"product_tag-autenticky-pentobarbital-peroralni-roztok-evropa","8":"product_tag-kde-koupit-pentobarbital-peroralni-roztok-evropa","9":"product_tag-kde-koupit-pentobarbital-peroralni-roztok-online","10":"product_tag-kolik-je-pentobarbital-peroralni-roztok","11":"product_tag-koupit-pentobarbital-peroralni-roztok","12":"product_tag-koupit-pentobarbital-peroralni-roztok-online-evropa","13":"product_tag-kupte-si-pentobarbital-peroralni-roztok-online","14":"product_tag-levny-pentobarbital-peroralni-roztok-evropa","15":"product_tag-objednejte-si-pentobarbital-peroralni-roztok-eu","16":"product_tag-objednejte-si-pentobarbital-peroralni-roztok-online","17":"product_tag-online-prodej-peroralniho-roztoku-pentobarbitalu","18":"product_tag-pentobarbital-peroralni-roztok-dodavka-po-evrope","19":"product_tag-pentobarbital-peroralni-roztok-doprava-zdarma-po-evrope","20":"product_tag-pentobarbital-peroralni-roztok-europe-review","21":"product_tag-pentobarbital-peroralni-roztok-europe-shop","22":"product_tag-pentobarbital-peroralni-roztok-evropa-se-zabyva","23":"product_tag-pentobarbital-peroralni-roztok-evropsti-dodavatele","24":"product_tag-pentobarbital-peroralni-roztok-nejlepsi-cena-v-evrope","25":"product_tag-pentobarbital-peroralni-roztok-online-obchod-evropa","26":"product_tag-pentobarbital-peroralni-roztok-prodej-v-evrope","27":"product_tag-pentobarbital-peroralni-roztok-sleva-v-evrope","28":"product_tag-ucinky-pentobarbitalu-peroralniho-roztoku","30":"first","31":"instock","32":"shipping-taxable","33":"purchasable","34":"product-type-variable","35":"farmacie-col"},"aioseo_notices":[],"_links":{"self":[{"href":"https:\/\/lacasadelamedicina.es\/cs\/wp-json\/wp\/v2\/product\/23873"}],"collection":[{"href":"https:\/\/lacasadelamedicina.es\/cs\/wp-json\/wp\/v2\/product"}],"about":[{"href":"https:\/\/lacasadelamedicina.es\/cs\/wp-json\/wp\/v2\/types\/product"}],"replies":[{"embeddable":true,"href":"https:\/\/lacasadelamedicina.es\/cs\/wp-json\/wp\/v2\/comments?post=23873"}],"wp:featuredmedia":[{"embeddable":true,"href":"https:\/\/lacasadelamedicina.es\/cs\/wp-json\/wp\/v2\/media\/19366"}],"wp:attachment":[{"href":"https:\/\/lacasadelamedicina.es\/cs\/wp-json\/wp\/v2\/media?parent=23873"}],"wp:term":[{"taxonomy":"product_cat","embeddable":true,"href":"https:\/\/lacasadelamedicina.es\/cs\/wp-json\/wp\/v2\/product_cat?post=23873"},{"taxonomy":"product_tag","embeddable":true,"href":"https:\/\/lacasadelamedicina.es\/cs\/wp-json\/wp\/v2\/product_tag?post=23873"}],"curies":[{"name":"wp","href":"https:\/\/api.w.org\/{rel}","templated":true}]}}