{"id":23866,"date":"2024-08-09T14:02:43","date_gmt":"2024-08-09T14:02:43","guid":{"rendered":"https:\/\/lacasadelamedicina.es\/product\/koupit-pentobarbital-intravenozni-roztok-online\/"},"modified":"2024-08-09T14:02:43","modified_gmt":"2024-08-09T14:02:43","slug":"koupit-pentobarbital-intravenozni-roztok-online","status":"publish","type":"product","link":"https:\/\/lacasadelamedicina.es\/cs\/produkt\/koupit-pentobarbital-intravenozni-roztok-online\/","title":{"rendered":"Koupit Pentobarbital intraven\u00f3zn\u00ed roztok online"},"content":{"rendered":"<h2>Koupit Pentobarbital intraven\u00f3zn\u00ed roztok<\/h2>\n<p> Existuje mnoho druh\u016f barbitur\u00e1t\u016f a pentobarbitalov\u00fd intraven\u00f3zn\u00ed roztok je jen jedn\u00edm z nich. V l\u00e9k\u00e1rn\u011b Dr. Law Sons poskytujeme komplexn\u00ed informace o tomto l\u00e9ku, kter\u00e9 v\u00e1m pomohou pochopit jeho pou\u017eit\u00ed a \u00fa\u010dinky.  <\/p>\n<h3>Co je pentobarbital?<\/h3>\n<p> Pentobarbital je barbitur\u00e1t, kter\u00fd tlum\u00ed centr\u00e1ln\u00ed nervov\u00fd syst\u00e9m (CNS) a mozek. Prim\u00e1rn\u011b se p\u0159edepisuje sp\u00ed\u0161e k navozen\u00ed sp\u00e1nku ne\u017e jako sedativum. Stejn\u011b jako u jin\u00fdch barbitur\u00e1t\u016f se jeho \u00fa\u010dinnost m\u016f\u017ee p\u0159i del\u0161\u00edm pou\u017e\u00edv\u00e1n\u00ed sni\u017eovat, \u010dasto se st\u00e1v\u00e1 m\u00e9n\u011b \u00fa\u010dinn\u00fdm po dvou t\u00fddnech. L\u00e9k m\u00e1 polo\u010das rozpadu v rozmez\u00ed od 5 do 50 hodin, v z\u00e1vislosti na d\u00e1vce. Kdysi \u0161iroce dostupn\u00fd pentobarbital je nyn\u00ed vz\u00e1cn\u00fd a drah\u00fd, proto\u017ee se v mnoha zem\u00edch ji\u017e b\u011b\u017en\u011b nepou\u017e\u00edv\u00e1 jako anestetikum.     <\/p>\n<h3>Psychologick\u00e9 a fyziologick\u00e9 \u00fa\u010dinky pentobarbitalu<\/h3>\n<p> Pentobarbital m\u016f\u017ee zp\u016fsobit r\u016fzn\u00e9 fyziologick\u00e9 \u00fa\u010dinky, v\u010detn\u011b: <\/p>\n<ul>\n<li>Sn\u00ed\u017een\u00fd arteri\u00e1ln\u00ed tlak<\/li>\n<li>Perifern\u00ed vazodilatace<\/li>\n<li>Zm\u011bn\u011bn\u00e1 srde\u010dn\u00ed frekvence<\/li>\n<li>Deprese srde\u010dn\u00edho v\u00fddeje<\/li>\n<li>Sn\u00ed\u017een\u00e1 vazopresorov\u00e1 odezva<\/li>\n<\/ul>\n<p> V kontextu v\u00fdzkumu m\u016f\u017ee ovlivnit prom\u011bnn\u00e9, jako je po\u0161kozen\u00ed myokardu po podv\u00e1z\u00e1n\u00ed koron\u00e1rn\u00ed tepny. L\u00e9k poskytuje hloubku sedace podobnou Jorgensenov\u011b technice s \u00fa\u010dinky trvaj\u00edc\u00edmi 2-4 hodiny. Jako tlumi\u010d CNS m\u016f\u017ee zp\u016fsobit, \u017ee jednotlivci jsou citliv\u011bj\u0161\u00ed na podn\u011bty. Po desetilet\u00ed byl pentobarbital standardn\u00edm anestetikem pro laboratorn\u00ed zv\u00ed\u0159ata. \u00da\u010dinn\u00e9 anestezie u laboratorn\u00edch zv\u00ed\u0159at je dosa\u017eeno d\u00e1vkami bl\u00edzk\u00fdmi t\u011bm, kter\u00e9 by mohly zp\u016fsobit respira\u010dn\u00ed selh\u00e1n\u00ed, pod\u00e1van\u00fdmi pomalu intraven\u00f3zn\u00ed injekc\u00ed. A\u010dkoli pentobarbital ji\u017e nen\u00ed komer\u010dn\u011b dostupn\u00fd pro anestezii ve v\u011bt\u0161in\u011b zem\u00ed, st\u00e1le jej lze z\u00edskat od licencovan\u00fdch dodavatel\u016f, jako je Dr. Law Sons Pharmacy pro specifick\u00e9 pot\u0159eby v\u00fdzkumu.      <\/p>\n<h2>M\u016f\u017eete l\u00e9\u010dit p\u0159ed\u00e1vkov\u00e1n\u00ed pentobarbitalem?<\/h2>\n<p> P\u0159ed\u00e1vkov\u00e1n\u00ed jak\u00fdmkoli barbitur\u00e1tem m\u016f\u017ee b\u00fdt extr\u00e9mn\u011b smrteln\u00e9. V\u017edy byste m\u011bli informovat sv\u00e9ho l\u00e9ka\u0159e, pokud si mysl\u00edte, \u017ee jste citliv\u00ed na barbitur\u00e1ty nebo pokud jste v minulosti u\u017e\u00edvali drogy. M\u011bli byste tak\u00e9 informovat l\u00e9ka\u0159e, pokud m\u00e1te onemocn\u011bn\u00ed jater nebo ledvin, porfyrii, chronickou obstruk\u010dn\u00ed plicn\u00ed chorobu, nekontrolovan\u00e9 astma nebo m\u00e1te v anamn\u00e9ze du\u0161evn\u00ed zdrav\u00ed nebo chronick\u00e9 onemocn\u011bn\u00ed. Pokud se n\u011bkdo bl\u00edzk\u00fd nebo bl\u00edzk\u00e1 osoba p\u0159ed\u00e1vkovala pentobarbitalem, nesna\u017ete se ji p\u0159im\u011bt ke zvracen\u00ed. M\u011bli byste okam\u017eit\u011b vyhledat l\u00e9ka\u0159skou pomoc. L\u00e9\u010dba p\u0159ed\u00e1vkov\u00e1n\u00ed pentobarbitalem v\u011bt\u0161inou zahrnuje podp\u016frnou pomoc. N\u00ed\u017ee jsou uvedeny n\u011bkter\u00e9 z podp\u016frn\u00fdch postup\u016f:       <\/p>\n<ul>\n<li>Kontrola b\u011b\u017en\u00fdch p\u0159\u00edznak\u016f p\u0159ed\u00e1vkov\u00e1n\u00ed<\/li>\n<li>Pozorov\u00e1n\u00ed vstupu a v\u00fdstupu kapaliny<\/li>\n<li>Ujist\u011bte se, \u017ee je dostatek kysl\u00edku<\/li>\n<li>Zajistit, aby ob\u011b\u0165 byla v\u017edy v bezpe\u010d\u00ed<\/li>\n<li>Kontrola p\u0159\u00edznak\u016f \u0161oku<\/li>\n<li>Kontrola \u00farovn\u00ed v\u011bdom\u00ed<\/li>\n<li>V p\u0159\u00edpad\u011b abnorm\u00e1ln\u00ed funkce ledvin m\u016f\u017ee b\u00fdt nutn\u00e1 hemodial\u00fdza k odstran\u011bn\u00ed l\u00e9ku ze syst\u00e9mu<\/li>\n<li>Zv\u00fd\u0161en\u00ed p\u0159\u00edjmu tekutin<\/li>\n<li>Zaji\u0161t\u011bn\u00ed vylu\u010dov\u00e1n\u00ed pentobarbitalu ledvinami<\/li>\n<li>Zahajte antibiotickou l\u00e9\u010dbu v p\u0159\u00edpad\u011b, \u017ee ob\u011b\u0165 m\u00e1 z\u00e1pal plic<\/li>\n<li>Nab\u00edz\u00ed p\u00e9\u010di, kter\u00e1 m\u016f\u017ee zlep\u0161it du\u0161evn\u00ed bd\u011blost a vy\u0159e\u0161it jak\u00e9koli zn\u00e1mky ovlivn\u011bn\u00e9ho my\u0161len\u00ed<\/li>\n<li>Kontrola mo\u017en\u00fdch probl\u00e9m\u016f, jako je selh\u00e1n\u00ed ledvin, plicn\u00ed ed\u00e9m, arytmie a m\u011bstnav\u00e9 srde\u010dn\u00ed probl\u00e9my.<\/li>\n<\/ul>\n<h3>Vedlej\u0161\u00ed \u00fa\u010dinky pentobarbitalu<\/h3>\n<p> Kdy\u017e u\u017eijete pentobarbital, pravd\u011bpodobn\u011b se u v\u00e1s objev\u00ed n\u011bkolik vedlej\u0161\u00edch \u00fa\u010dink\u016f. N\u011bkter\u00e9 mohou b\u00fdt m\u00edrn\u00e9, zat\u00edmco jin\u00e9 jsou z\u00e1va\u017en\u00e9. V\u011bt\u0161inu vedlej\u0161\u00edch \u00fa\u010dink\u016f jsme poskytli zde. Pamatujte, \u017ee toto nen\u00ed \u00fapln\u00fd seznam vedlej\u0161\u00edch \u00fa\u010dink\u016f. Pat\u0159\u00ed mezi n\u011b: zmatenost, no\u010dn\u00ed m\u016fry, \u00fazkost, abnorm\u00e1ln\u00ed my\u0161len\u00ed, nevolnost, z\u00e1cpa, hore\u010dka, neklid, halucinace, nervozita, nespavost, z\u00e1vrat\u011b, nevolnost, zvracen\u00ed a bolesti hlavy, mimo jin\u00e9.     <\/p>\n<h3>M\u016f\u017eete z\u00edskat z\u00e1vislost na pentobarbitalov\u00e9m intraven\u00f3zn\u00edm roztoku?<\/h3>\n<p> Stejn\u011b jako v\u011bt\u0161ina barbitur\u00e1t\u016f je i pentobarbital velmi n\u00e1vykov\u00fd. Vyhn\u011bte se u\u017e\u00edv\u00e1n\u00ed l\u00e9ku ve v\u00edce ne\u017e po\u017eadovan\u00fdch d\u00e1vk\u00e1ch nebo po del\u0161\u00ed dobu, ne\u017e je pot\u0159eba. P\u0159i vysazen\u00ed l\u00e9ku se nav\u00edc ujist\u011bte, \u017ee jste se poradili s l\u00e9ka\u0159em. Pentobarbital m\u016f\u017ee zp\u016fsobit z\u00e1va\u017en\u00e9 abstinen\u010dn\u00ed p\u0159\u00edznaky, jako jsou z\u00e1vrat\u011b, nespavost, mdloby a dal\u0161\u00ed, a l\u00e9ka\u0159 v\u00ed, jak d\u00e1vku postupn\u011b sni\u017eovat, abyste t\u011bmito abstinen\u010dn\u00edmi p\u0159\u00edznaky netrp\u011bli.    <\/p>\n<h3>M\u016f\u017eete z\u00edskat pentobarbital leg\u00e1ln\u011b?<\/h3>\n<p> Pentobarbital je jedn\u00edm z m\u00e1la barbitur\u00e1t\u016f, kter\u00e9 si m\u016f\u017eete leg\u00e1ln\u011b koupit. Je v\u0161ak t\u0159eba poznamenat, \u017ee po\u010det spole\u010dnost\u00ed, kter\u00e9 vyr\u00e1b\u011bj\u00ed pentobarbital, se drasticky sn\u00ed\u017eil, co\u017e zt\u011b\u017euje z\u00edsk\u00e1n\u00ed tohoto l\u00e9ku. Abyste si mohli koupit tento l\u00e9k, pot\u0159ebujete doporu\u010den\u00ed\/p\u0159edpis l\u00e9ka\u0159e.   <\/p>\n<h3>M\u016f\u017eete si koupit pentobarbital online?<\/h3>\n<p> Pokud hled\u00e1te pentobarbital na vyhled\u00e1va\u010d\u00edch, z\u00edsk\u00e1te mnoho online prodejc\u016f prod\u00e1vaj\u00edc\u00edch pentobarbital a dal\u0161\u00ed barbitur\u00e1ty. M\u011bli byste v\u0161ak v\u011bd\u011bt, \u017ee pentobarbital a dal\u0161\u00ed barbitur\u00e1ty jsou v mnoha zem\u00edch kontrolovan\u00fdmi drogami. Pokud pl\u00e1nujete n\u00e1kup pentobarbitalu online, ujist\u011bte se, \u017ee jste p\u0159ed n\u00e1kupem provedli \u0159\u00e1dn\u00fd pr\u016fzkum. \u010cten\u00ed mnoha recenz\u00ed tak\u00e9 zaji\u0161\u0165uje, \u017ee nakupujete od legitimn\u00edho kupuj\u00edc\u00edho.<\/p>\n","protected":false},"excerpt":{"rendered":"<p>Koupit Nembutal Pentobarbital smrt\u00edc\u00ed injek\u010dn\u00ed roztok online. K dispozici v koncentraci 50 mg\/ml, roztok se dod\u00e1v\u00e1 v 20ml a 50ml lahvi\u010dk\u00e1ch. Vyberte si po\u017eadovan\u00e9 mno\u017estv\u00ed a p\u0159idejte jej do ko\u0161\u00edku. Nab\u00edz\u00edme rychl\u00e9 a zaru\u010den\u00e9 diskr\u00e9tn\u00ed doru\u010den\u00ed pro v\u0161echny objedn\u00e1vky.   <\/p>\n","protected":false},"featured_media":19711,"comment_status":"open","ping_status":"closed","template":"","meta":{"om_disable_all_campaigns":false,"_sitemap_exclude":false,"_sitemap_priority":"","_sitemap_frequency":"","_monsterinsights_skip_tracking":false,"_monsterinsights_sitenote_active":false,"_monsterinsights_sitenote_note":"","_monsterinsights_sitenote_category":0},"product_cat":[7531],"product_tag":[7680,7681,7672,7663,7667,7661,7662,7668,7675,7670,7664,7666,7679,7677,7673,7678,7676,7674,7669,7682,7671,7665],"class_list":{"0":"post-23866","1":"product","2":"type-product","3":"status-publish","4":"has-post-thumbnail","6":"product_cat-pentobarbital-sodny-nembutal","7":"product_tag-autenticky-nitrozilni-roztok-pentobarbitalu-evropa","8":"product_tag-intravenozni-roztok-pentobarbitalu-evropsti-dodavatele","9":"product_tag-kde-koupit-pentobarbital-intravenozni-roztok-evropa","10":"product_tag-kde-koupit-pentobarbital-intravenozni-roztok-online","11":"product_tag-kolik-je-pentobarbital-intravenozni-roztok","12":"product_tag-koupit-pentobarbital-intravenozni-roztok","13":"product_tag-koupit-pentobarbital-intravenozni-roztok-online","14":"product_tag-koupit-pentobarbital-intravenozni-roztok-online-evropa","15":"product_tag-levny-nitrozilni-roztok-pentobarbitalu-evropa","16":"product_tag-objednejte-si-pentobarbital-intravenozni-roztok-eu","17":"product_tag-objednejte-si-pentobarbitalovy-intravenozni-roztok-online","18":"product_tag-online-prodej-nitrozilniho-roztoku-pentobarbitalu","19":"product_tag-pentobarbital-intravenozni-roztok-dodavka-po-evrope","20":"product_tag-pentobarbital-intravenozni-roztok-europe-shop","21":"product_tag-pentobarbital-intravenozni-roztok-evropa-prodej","22":"product_tag-pentobarbital-intravenozni-roztok-evropa-sleva","23":"product_tag-pentobarbital-intravenozni-roztok-evropa-zabyva","24":"product_tag-pentobarbital-intravenozni-roztok-internetovy-obchod-evropa","25":"product_tag-pentobarbital-intravenozni-roztok-nejlepsi-cena-v-evrope","26":"product_tag-pentobarbital-intravenozni-roztok-v-evrope-prehled","27":"product_tag-pentobarbitalovy-intravenozni-roztok-doprava-zdarma-po-evrope","28":"product_tag-ucinky-intravenozniho-roztoku-pentobarbitalu","30":"first","31":"instock","32":"shipping-taxable","33":"purchasable","34":"product-type-variable","35":"farmacie-col"},"aioseo_notices":[],"_links":{"self":[{"href":"https:\/\/lacasadelamedicina.es\/cs\/wp-json\/wp\/v2\/product\/23866"}],"collection":[{"href":"https:\/\/lacasadelamedicina.es\/cs\/wp-json\/wp\/v2\/product"}],"about":[{"href":"https:\/\/lacasadelamedicina.es\/cs\/wp-json\/wp\/v2\/types\/product"}],"replies":[{"embeddable":true,"href":"https:\/\/lacasadelamedicina.es\/cs\/wp-json\/wp\/v2\/comments?post=23866"}],"wp:featuredmedia":[{"embeddable":true,"href":"https:\/\/lacasadelamedicina.es\/cs\/wp-json\/wp\/v2\/media\/19711"}],"wp:attachment":[{"href":"https:\/\/lacasadelamedicina.es\/cs\/wp-json\/wp\/v2\/media?parent=23866"}],"wp:term":[{"taxonomy":"product_cat","embeddable":true,"href":"https:\/\/lacasadelamedicina.es\/cs\/wp-json\/wp\/v2\/product_cat?post=23866"},{"taxonomy":"product_tag","embeddable":true,"href":"https:\/\/lacasadelamedicina.es\/cs\/wp-json\/wp\/v2\/product_tag?post=23866"}],"curies":[{"name":"wp","href":"https:\/\/api.w.org\/{rel}","templated":true}]}}