{"id":23860,"date":"2024-08-09T14:02:43","date_gmt":"2024-08-09T14:02:43","guid":{"rendered":"https:\/\/lacasadelamedicina.es\/product\/koupit-lsd-filz-226-a-online\/"},"modified":"2024-09-19T07:24:09","modified_gmt":"2024-09-19T07:24:09","slug":"koupit-lsd-filz-226-a-online","status":"publish","type":"product","link":"https:\/\/lacasadelamedicina.es\/cs\/produkt\/koupit-lsd-filz-226-a-online\/","title":{"rendered":"Koupit LSD Filz 226 a online"},"content":{"rendered":"<h3>Kupte si LSD Filz 226 a online<\/h3>\n<p> Kupte si LSD Filz 226 ug online. Evropsk\u00e1 skupina pro kontrolu drog, kter\u00e1 analyzovala tuto d\u00e1vkovou jednotku LSD, vydala varov\u00e1n\u00ed o \u201evysok\u00e9 d\u00e1vce\u201c, proto\u017ee obsahuje v\u00edce ne\u017e 150 mcg LSD. <\/p>\n<h3>1P-LSD (diethylamid kyseliny 1-propionyllysergov\u00e9) \u2013 povzneste sv\u00e9 smysly<\/h3>\n<p> Jste p\u0159ipraveni vydat se na transforma\u010dn\u00ed cestu mysli? Prozkoumejte na\u0161e pr\u00e9miov\u00e9 1P-LSD, \u00fa\u010dinnou a precizn\u011b vytvo\u0159enou sm\u011bs navr\u017eenou tak, aby nab\u00eddla jedine\u010dn\u00fd a hlubok\u00fd psychedelick\u00fd z\u00e1\u017eitek. Na\u0161e 1P-LSD je ide\u00e1ln\u00ed pro ty, kte\u0159\u00ed hledaj\u00ed roz\u0161\u00ed\u0159en\u00e9 v\u011bdom\u00ed a hlub\u0161\u00ed vhledy, slibuje transcendentn\u00ed dobrodru\u017estv\u00ed.   <strong>Kl\u00ed\u010dov\u00e9 vlastnosti:<\/strong><\/p>\n<ul>\n<li><strong>Potentn\u00ed psychedelick\u00fd z\u00e1\u017eitek:<\/strong> 1P-LSD je zn\u00e1m\u00fd svou schopnost\u00ed vyvolat siln\u00e9 halucinace, hlubokou introspekci a intenzivn\u00ed euforii. P\u0159ipravte se na du\u0161evn\u00ed odyseu, kter\u00e1 m\u016f\u017ee v\u00e9st k v\u00fdznamn\u00e9mu sebeobjeven\u00ed a duchovn\u00edmu probuzen\u00ed. <\/li>\n<li><strong>Pr\u00e9miov\u00e1 kvalita a \u010distota:<\/strong> Up\u0159ednost\u0148ujeme va\u0161i bezpe\u010dnost a spokojenost. Na\u0161e 1P-LSD poch\u00e1z\u00ed z renomovan\u00fdch laborato\u0159\u00ed a proch\u00e1z\u00ed p\u0159\u00edsn\u00fdm testov\u00e1n\u00edm, aby byla zaji\u0161t\u011bna nejvy\u0161\u0161\u00ed kvalita. M\u016f\u017eete se spolehnout, \u017ee dost\u00e1v\u00e1te ten nej\u010dist\u0161\u00ed a nejautenti\u010dt\u011bj\u0161\u00ed produkt.  <\/li>\n<li><strong>P\u0159esn\u00e9 d\u00e1vkov\u00e1n\u00ed:<\/strong> Ka\u017ed\u00fd saj\u00e1k 1P-LSD je pe\u010dliv\u011b d\u00e1vkov\u00e1n, aby byl zaji\u0161t\u011bn konzistentn\u00ed a spolehliv\u00fd z\u00e1\u017eitek. N\u00e1\u0161 precizn\u00ed v\u00fdrobn\u00ed proces zaru\u010duje p\u0159esn\u00e9 d\u00e1vkov\u00e1n\u00ed, tak\u017ee se m\u016f\u017eete pln\u011b soust\u0159edit na svou cestu. <\/li>\n<li><strong>Rychl\u00e9 odesl\u00e1n\u00ed a diskr\u00e9tn\u00ed balen\u00ed:<\/strong> V\u00e1\u017e\u00edme si va\u0161eho soukrom\u00ed a v\u010dasn\u00e9ho doru\u010den\u00ed. Va\u0161e objedn\u00e1vka bude diskr\u00e9tn\u011b zabalena, aby byla chr\u00e1n\u011bna va\u0161e anonymita, a doru\u010dena rychle a bezpe\u010dn\u011b. <\/li>\n<\/ul>\n<p><strong>Bezpe\u010dnostn\u00ed opat\u0159en\u00ed:<\/strong> I kdy\u017e 1P-LSD nab\u00edz\u00ed pozoruhodn\u00fd pr\u016fzkum zm\u011bn\u011bn\u00fdch stav\u016f v\u011bdom\u00ed, je velmi d\u016fle\u017eit\u00e9 jej pou\u017e\u00edvat zodpov\u011bdn\u011b. Dodr\u017eujte pros\u00edm tyto bezpe\u010dnostn\u00ed pokyny:  <\/p>\n<ol>\n<li><strong>Nastaven\u00ed a nastaven\u00ed:<\/strong> Vytvo\u0159te si pohodln\u00e9 a zn\u00e1m\u00e9 prost\u0159ed\u00ed. V ide\u00e1ln\u00edm p\u0159\u00edpad\u011b b\u00fdt ve spole\u010dnosti d\u016fv\u011bryhodn\u00fdch p\u0159\u00e1tel nebo pr\u016fvodc\u016f. <\/li>\n<li><strong>Spr\u00e1vn\u00e9 d\u00e1vkov\u00e1n\u00ed:<\/strong> Dodr\u017eujte doporu\u010den\u00e9 d\u00e1vkov\u00e1n\u00ed, abyste p\u0159ede\u0161li zdrcuj\u00edc\u00edm z\u00e1\u017eitk\u016fm. Za\u010d\u00e1te\u010dn\u00edci by m\u011bli za\u010d\u00edt s n\u00edzkou d\u00e1vkou, aby se posoudila jejich citlivost. <\/li>\n<li><strong>Poznej sv\u00e9 limity:<\/strong> Psychedelick\u00e9 z\u00e1\u017eitky mohou b\u00fdt intenzivn\u00ed a nep\u0159edv\u00eddateln\u00e9. Uv\u011bdomte si, kdy v p\u0159\u00edpad\u011b pot\u0159eby vyhledat pomoc nebo l\u00e9ka\u0159skou pomoc. <\/li>\n<li><strong>Soulad s pr\u00e1vn\u00edmi p\u0159edpisy:<\/strong> P\u0159ed n\u00e1kupem si ov\u011b\u0159te leg\u00e1lnost 1P-LSD ve va\u0161\u00ed oblasti. Nepodporujeme nez\u00e1konn\u00e9 nebo nezodpov\u011bdn\u00e9 pou\u017eit\u00ed. <\/li>\n<\/ol>\n<p><strong>Rozd\u00edly a podobnosti mezi 1P-LSD a LSD<\/strong> 1P-LSD i LSD jsou v\u00fdkonn\u00e1 psychedelika s podobn\u00fdmi \u00fa\u010dinky, ale existuj\u00ed v\u00fdznamn\u00e9 rozd\u00edly: <\/p>\n<ul>\n<li><strong>1P-LSD:<\/strong>\n<ul>\n<li><strong>Chemick\u00e1 struktura:<\/strong> 1P-LSD je strukturn\u00ed analog LSD s propionylovou skupinou p\u0159ipojenou k molekule dus\u00edku.<\/li>\n<li><strong>Leg\u00e1lnost:<\/strong> 1P-LSD, kter\u00fd se \u010dasto pova\u017euje za v\u00fdzkumnou chemickou l\u00e1tku, m\u016f\u017ee b\u00fdt leg\u00e1ln\u00ed v n\u011bkter\u00fdch oblastech, kde je LSD zak\u00e1z\u00e1no. Tato pr\u00e1vn\u00ed nejednozna\u010dnost vedla k jeho dostupnosti na ur\u010dit\u00fdch trz\u00edch. <\/li>\n<li><strong>Potence a \u00fa\u010dinky:<\/strong> M\u00e1 se za to, \u017ee jeho \u00fa\u010dinky jsou t\u00e9m\u011b\u0159 toto\u017en\u00e9 s LSD, navozuj\u00ed psychedelick\u00e9 z\u00e1\u017eitky, jako jsou vizu\u00e1ln\u00ed zkreslen\u00ed, vn\u00edm\u00e1n\u00ed zm\u011bn\u011bn\u00e9ho \u010dasu, euforie a introspektivn\u00ed my\u0161lenky. .<\/li>\n<li><strong>Bezpe\u010dnostn\u00ed profil:<\/strong> Existuje omezen\u00fd v\u00fdzkum, ale obecn\u011b se p\u0159edpokl\u00e1d\u00e1, \u017ee 1P-LSD m\u00e1 podobn\u00fd bezpe\u010dnostn\u00ed profil jako LSD. Stejn\u011b jako v\u0161echna psychedelika by se m\u011bla pou\u017e\u00edvat s opatrnost\u00ed. <\/li>\n<\/ul>\n<\/li>\n<li><strong>LSD:<\/strong>\n<ul>\n<li><strong>Chemick\u00e1 struktura:<\/strong> LSD, neboli diethylamid kyseliny lysergov\u00e9, byl poprv\u00e9 syntetizov\u00e1n v roce 1938 a poch\u00e1z\u00ed z n\u00e1melov\u00e9 houby.<\/li>\n<li><strong>Leg\u00e1lnost:<\/strong> LSD je klasifikov\u00e1no jako l\u00e1tka kontrolovan\u00e1 podle seznamu I v mnoha zem\u00edch, v\u010detn\u011b USA, tak\u017ee jej\u00ed v\u00fdroba, dr\u017een\u00ed nebo distribuce je nez\u00e1konn\u00e1 bez \u0159\u00e1dn\u00e9ho povolen\u00ed k v\u00fdzkumu .<\/li>\n<li><strong>Potence a \u00fa\u010dinky:<\/strong> LSD je zn\u00e1m\u00e9 pro sv\u00e9 hlubok\u00e9 psychedelick\u00e9 \u00fa\u010dinky, v\u010detn\u011b intenzivn\u00edch halucinac\u00ed, zm\u011bn\u011bn\u00e9ho vn\u00edm\u00e1n\u00ed, zv\u00fd\u0161en\u00fdch emoc\u00ed a \u010dasto mystick\u00fdch nebo duchovn\u00edch z\u00e1\u017eitk\u016f. \u00da\u010dinn\u00e1 d\u00e1vka je obvykle velmi n\u00edzk\u00e1. <\/li>\n<li><strong>Bezpe\u010dnostn\u00ed profil:<\/strong> LSD bylo d\u016fkladn\u011bji studov\u00e1no a je obecn\u011b pova\u017eov\u00e1no za bezpe\u010dn\u00e9, pokud je pou\u017e\u00edv\u00e1no zodpov\u011bdn\u011b. M\u016f\u017ee v\u0161ak m\u00edt nep\u0159edv\u00eddateln\u00e9 \u00fa\u010dinky a n\u011bkte\u0159\u00ed u\u017eivatel\u00e9 mohou poci\u0165ovat psychick\u00e9 pot\u00ed\u017ee. <\/li>\n<\/ul>\n<\/li>\n<\/ul>\n","protected":false},"excerpt":{"rendered":"<p>Kupte si LSD Filz 226 a online Kupte si LSD Filz 226 ug online. Evropsk\u00e1 skupina pro kontrolu drog, kter\u00e1 analyzovala tuto d\u00e1vkovou jednotku LSD, vydala varov\u00e1n\u00ed o \u201evysok\u00e9 d\u00e1vce\u201c, proto\u017ee obsahuje v\u00edce ne\u017e 150 mcg LSD. 1P-LSD (diethylamid kyseliny 1-propionyllysergov\u00e9) \u2013 povzneste sv\u00e9 smysly Jste p\u0159ipraveni vydat se na transforma\u010dn\u00ed cestu mysli? Prozkoumejte na\u0161e [&hellip;]<\/p>\n","protected":false},"featured_media":19321,"comment_status":"closed","ping_status":"closed","template":"","meta":{"om_disable_all_campaigns":false,"_sitemap_exclude":false,"_sitemap_priority":"","_sitemap_frequency":"","_monsterinsights_skip_tracking":false,"_monsterinsights_sitenote_active":false,"_monsterinsights_sitenote_note":"","_monsterinsights_sitenote_category":0},"product_cat":[7584],"product_tag":[38047,38041,38044,38048,38042,38052,38043,38045,38059,38060,38055,38058,38051,38049,38054,38046,38056,38050,38061,38062,38057,38053],"class_list":{"0":"post-23860","1":"product","2":"type-product","3":"status-publish","4":"has-post-thumbnail","6":"product_cat-lsd-cs","7":"product_tag-cuanto-cuesta-el-lsd-filz-226-ug-cs","8":"product_tag-comprar-lsd-filz-226-ug-cs","9":"product_tag-comprar-lsd-filz-226-ug-en-linea-cs","10":"product_tag-comprar-lsd-filz-226-ug-online-en-europa-cs","11":"product_tag-comprar-lsd-filz-226-y-en-linea-cs","12":"product_tag-donde-comprar-lsd-filz-226-ug-europa-cs","13":"product_tag-donde-comprar-lsd-filz-226-ug-online-cs","14":"product_tag-efectos-del-lsd-filz-226-ug-cs","15":"product_tag-entrega-en-europa-de-lsd-filz-226-ug-cs","16":"product_tag-lsd-autentico-filz-226-ug-europa-cs","17":"product_tag-lsd-filz-226-ug-barato-europa-cs","18":"product_tag-lsd-filz-226-ug-descuento-europa-cs","19":"product_tag-lsd-filz-226-ug-envio-gratis-a-europa-cs","20":"product_tag-lsd-filz-226-ug-mejor-precio-europa-cs","21":"product_tag-lsd-filz-226-ug-tienda-online-europa-cs","22":"product_tag-lsd-filz-226-y-venta-online-cs","23":"product_tag-ofertas-de-lsd-filz-226-ug-en-europa-cs","24":"product_tag-pedir-lsd-filz-226-ug-eu-cs","25":"product_tag-proveedores-de-lsd-filz-226-ug-en-europa-cs","26":"product_tag-resena-de-lsd-filz-226-ug-europa-cs","27":"product_tag-tienda-lsd-filz-226-ug-europa-cs","28":"product_tag-venta-de-lsd-filz-226-ug-en-europa-cs","30":"first","31":"instock","32":"shipping-taxable","33":"purchasable","34":"product-type-simple","35":"farmacie-col"},"aioseo_notices":[],"_links":{"self":[{"href":"https:\/\/lacasadelamedicina.es\/cs\/wp-json\/wp\/v2\/product\/23860"}],"collection":[{"href":"https:\/\/lacasadelamedicina.es\/cs\/wp-json\/wp\/v2\/product"}],"about":[{"href":"https:\/\/lacasadelamedicina.es\/cs\/wp-json\/wp\/v2\/types\/product"}],"replies":[{"embeddable":true,"href":"https:\/\/lacasadelamedicina.es\/cs\/wp-json\/wp\/v2\/comments?post=23860"}],"wp:featuredmedia":[{"embeddable":true,"href":"https:\/\/lacasadelamedicina.es\/cs\/wp-json\/wp\/v2\/media\/19321"}],"wp:attachment":[{"href":"https:\/\/lacasadelamedicina.es\/cs\/wp-json\/wp\/v2\/media?parent=23860"}],"wp:term":[{"taxonomy":"product_cat","embeddable":true,"href":"https:\/\/lacasadelamedicina.es\/cs\/wp-json\/wp\/v2\/product_cat?post=23860"},{"taxonomy":"product_tag","embeddable":true,"href":"https:\/\/lacasadelamedicina.es\/cs\/wp-json\/wp\/v2\/product_tag?post=23860"}],"curies":[{"name":"wp","href":"https:\/\/api.w.org\/{rel}","templated":true}]}}