{"id":23850,"date":"2024-08-09T14:02:44","date_gmt":"2024-08-09T14:02:44","guid":{"rendered":"https:\/\/lacasadelamedicina.es\/product\/koupit-pentobarbitalove-pilulky-online\/"},"modified":"2024-08-09T14:02:44","modified_gmt":"2024-08-09T14:02:44","slug":"koupit-pentobarbitalove-pilulky-online","status":"publish","type":"product","link":"https:\/\/lacasadelamedicina.es\/cs\/produkt\/koupit-pentobarbitalove-pilulky-online\/","title":{"rendered":"Koupit pentobarbitalov\u00e9 pilulky online"},"content":{"rendered":"<h2>Koupit pentobarbitalov\u00e9 pilulky online<\/h2>\n<p><strong>K \u010demu se pou\u017e\u00edvaj\u00ed pentobarbitalov\u00e9 pilulky?<\/strong> Pentobarbitalov\u00e9 pilulky se prim\u00e1rn\u011b pou\u017e\u00edvaj\u00ed jako kr\u00e1tkodob\u00e9 sedativum k \u0159e\u0161en\u00ed nespavosti a k \u200b\u200bnavozen\u00ed sp\u00e1nku p\u0159i chirurgick\u00fdch z\u00e1kroc\u00edch. Mohou b\u00fdt tak\u00e9 pou\u017eity pro akutn\u00ed l\u00e9\u010dbu z\u00e1chvat\u016f. To v\u0161ak nejsou jedin\u00e9 zp\u016fsoby pou\u017eit\u00ed pentobarbitalu.   <strong>D\u016fle\u017eit\u00e9 informace o pentobarbitalov\u00fdch pilulk\u00e1ch<\/strong><\/p>\n<ul>\n<li><strong>Vyhn\u011bte se, pokud:<\/strong> m\u00e1te v anamn\u00e9ze porfyrii (genetick\u00e1 enzymov\u00e1 porucha postihuj\u00edc\u00ed CNS a k\u016f\u017ei) nebo pokud jste alergick\u00fd na barbitur\u00e1ty.<\/li>\n<li><strong>Zdravotn\u00ed stav:<\/strong> Informujte sv\u00e9ho l\u00e9ka\u0159e, pokud m\u00e1te onemocn\u011bn\u00ed jater nebo ledvin, chronick\u00e9 onemocn\u011bn\u00ed nebo jste v minulosti u\u017e\u00edvali barbitur\u00e1ty, abyste se ujistili, \u017ee je pro v\u00e1s l\u00e9k bezpe\u010dn\u00fd .<\/li>\n<li><strong>T\u011bhotenstv\u00ed:<\/strong> Pentobarbital m\u016f\u017ee po\u0161kodit nenarozen\u00e9 d\u00edt\u011b, zp\u016fsobit z\u00e1vislost a abstinen\u010dn\u00ed p\u0159\u00edznaky po porodu. V\u017edy se pora\u010fte se sv\u00fdm l\u00e9ka\u0159em, pokud jste t\u011bhotn\u00e1 nebo t\u011bhotenstv\u00ed pl\u00e1nujete. <\/li>\n<li><strong>Antikoncepce:<\/strong> Pentobarbital m\u016f\u017ee ovlivnit \u00fa\u010dinnost antikoncep\u010dn\u00edch pilulek. Mohou b\u00fdt doporu\u010deny nehormon\u00e1ln\u00ed metody. <\/li>\n<\/ul>\n<p><strong>Mo\u017en\u00e1 rizika pro d\u011bti a t\u011bhotn\u00e9 \u017eeny<\/strong><\/p>\n<ul>\n<li><strong>V\u00fdvoj mozku:<\/strong> Sedativa pou\u017e\u00edvan\u00e1 b\u011bhem operace mohou ovlivnit v\u00fdvoj mozku u d\u011bt\u00ed mlad\u0161\u00edch t\u0159\u00ed let nebo u nenarozen\u00fdch d\u011bt\u00ed vystaven\u00fdch pentobarbitalu. Opakovan\u00e9 pou\u017e\u00edv\u00e1n\u00ed m\u016f\u017ee v\u00e9st k probl\u00e9m\u016fm s u\u010den\u00edm nebo chov\u00e1n\u00edm. Jednor\u00e1zov\u00e1 kr\u00e1tkodob\u00e1 pou\u017eit\u00ed v\u0161ak ve studi\u00edch neprok\u00e1zala v\u00fdznamn\u00e9 \u00fa\u010dinky.  <\/li>\n<li><strong>Kojen\u00ed:<\/strong> Pentobarbital m\u016f\u017ee p\u0159ech\u00e1zet do mate\u0159sk\u00e9ho ml\u00e9ka a ovlivnit koj\u00edc\u00ed d\u00edt\u011b. Informujte sv\u00e9ho l\u00e9ka\u0159e, pokud koj\u00edte. <\/li>\n<\/ul>\n<p><strong>Drogov\u00e9 interakce<\/strong> Nekombinujte pentobarbital s jin\u00fdmi l\u00e1tkami tlum\u00edc\u00edmi CNS nebo l\u00e1tkami, kter\u00e9 ovliv\u0148uj\u00ed d\u00fdch\u00e1n\u00ed nebo navozuj\u00ed sp\u00e1nek, proto\u017ee to m\u016f\u017ee v\u00e9st k v\u00e1\u017en\u00fdm nebo \u017eivot ohro\u017euj\u00edc\u00edm \u00fa\u010dink\u016fm. Informujte sv\u00e9ho l\u00e9ka\u0159e, pokud u\u017e\u00edv\u00e1te:  <\/p>\n<ul>\n<li>Griseofulvin<\/li>\n<li>Doxycyklin<\/li>\n<li>L\u00e9ky na z\u00e1chvaty jako divalproex<\/li>\n<li>Steroidn\u00ed l\u00e9ky, jako je dexamethason<\/li>\n<li>Hormon\u00e1ln\u00ed substitu\u010dn\u00ed terapie nebo antikoncep\u010dn\u00ed pilulky<\/li>\n<li>L\u00e9ky na \u0159ed\u011bn\u00ed krve jako Coumadin nebo warfarin<\/li>\n<li>inhibitory MAO, jako je methylen nebo linezolid<\/li>\n<\/ul>\n<p> Tento seznam nen\u00ed vy\u010derp\u00e1vaj\u00edc\u00ed a jin\u00e9 l\u00e9ky, v\u010detn\u011b rostlinn\u00fdch produkt\u016f a voln\u011b prodejn\u00fdch vitam\u00edn\u016f, mohou interagovat s pentobarbitalem. <strong>Zme\u0161kan\u00e1 d\u00e1vka<\/strong> Pentobarbital se obvykle p\u0159edepisuje podle pot\u0159eby, tak\u017ee vynech\u00e1n\u00ed d\u00e1vky nemus\u00ed b\u00fdt znepokojiv\u00e9. Pokud jste na d\u00e1vkovac\u00edm sch\u00e9matu a vynech\u00e1te d\u00e1vku, vezm\u011bte si ji, jakmile si vzpomenete. Pokud se bl\u00ed\u017e\u00ed dal\u0161\u00ed d\u00e1vka, vynechejte ji. Nikdy nezdvojn\u00e1sobujte d\u00e1vku, abyste nahradili vynechanou d\u00e1vku. <strong>Riziko p\u0159ed\u00e1vkov\u00e1n\u00ed<\/strong> P\u0159ed\u00e1vkov\u00e1n\u00ed pentobarbitalem m\u016f\u017ee b\u00fdt smrteln\u00e9. P\u0159i podez\u0159en\u00ed na p\u0159ed\u00e1vkov\u00e1n\u00ed okam\u017eit\u011b vyhledejte l\u00e9ka\u0159skou pomoc. P\u0159\u00edznaky zahrnuj\u00ed slab\u00fd nebo ochabl\u00fd pocit, pomal\u00e9 nebo m\u011blk\u00e9 d\u00fdch\u00e1n\u00ed, extr\u00e9mn\u00ed ospalost, slab\u00fd puls, zrychlen\u00fd srde\u010dn\u00ed tep, sn\u00ed\u017een\u00e9 mo\u010den\u00ed, mdloby, roz\u0161\u00ed\u0159en\u00e9 zorni\u010dky nebo pocit chladu. <strong>Ne\u017e\u00e1douc\u00ed \u00fa\u010dinky<\/strong> Pokud zaznamen\u00e1te z\u00e1va\u017en\u00e9 alergick\u00e9 reakce, jako jsou pot\u00ed\u017ee s d\u00fdch\u00e1n\u00edm nebo otok obli\u010deje, rt\u016f, jazyka nebo hrdla, vyhledejte pohotovostn\u00ed pomoc. Mezi dal\u0161\u00ed z\u00e1va\u017en\u00e9 ne\u017e\u00e1douc\u00ed \u00fa\u010dinky pat\u0159\u00ed:       <\/p>\n<ul>\n<li>Zmatek, rozru\u0161en\u00ed, halucinace<\/li>\n<li>Slab\u00e9 nebo m\u011blk\u00e9 d\u00fdch\u00e1n\u00ed<\/li>\n<li>Slab\u00fd puls nebo pomal\u00fd srde\u010dn\u00ed tep<\/li>\n<li>Z\u00e1vrat\u011b, nevolnost nebo zvracen\u00ed<\/li>\n<\/ul>\n<p> \u010cast\u00e9 ne\u017e\u00e1douc\u00ed \u00fa\u010dinky mohou zahrnovat: <\/p>\n<ul>\n<li>Ztr\u00e1ta rovnov\u00e1hy nebo koordinace<\/li>\n<li>Ospalost, z\u00e1vrat\u011b<\/li>\n<li>Poruchy sp\u00e1nku, jako jsou no\u010dn\u00ed m\u016fry nebo nespavost<\/li>\n<\/ul>\n<p><strong>Opat\u0159en\u00ed<\/strong><\/p>\n<ul>\n<li><strong>Pozornost:<\/strong> Pentobarbital m\u016f\u017ee naru\u0161it va\u0161i schopnost myslet a reagovat. Vyhn\u011bte se \u010dinnostem vy\u017eaduj\u00edc\u00edm plnou pozornost, jako je \u0159\u00edzen\u00ed. <\/li>\n<li><strong>Alkohol:<\/strong> B\u011bhem u\u017e\u00edv\u00e1n\u00ed tohoto l\u00e9ku nekonzumujte alkohol.<\/li>\n<li><strong>Sd\u00edlen\u00ed:<\/strong> Udr\u017eujte pentobarbital mimo dosah d\u011bt\u00ed a osob s anamn\u00e9zou zneu\u017e\u00edv\u00e1n\u00ed n\u00e1vykov\u00fdch l\u00e1tek. Pou\u017e\u00edvejte pouze podle p\u0159edpisu a pe\u010dliv\u011b dodr\u017eujte pokyny pro d\u00e1vkov\u00e1n\u00ed. <\/li>\n<\/ul>\n<p><strong>N\u00e1kup pentobarbitalov\u00fdch pilulek online<\/strong> I kdy\u017e je mo\u017en\u00e9 koupit pentobarbitalov\u00e9 pilulky online, doporu\u010dujeme opatrnost. Ujist\u011bte se, \u017ee d\u016fkladn\u011b prozkoum\u00e1te a p\u0159e\u010dtete recenze, abyste se vyhnuli podvod\u016fm a ov\u011b\u0159ili, \u017ee nakupujete z d\u016fv\u011bryhodn\u00e9ho zdroje. Pro bezpe\u010dn\u00e9 a diskr\u00e9tn\u00ed transakce nav\u0161tivte <a href=\"https:\/\/lacasadelamedicina.es\/cs\/\"><strong>Dr. Lawsonova l\u00e9k\u00e1rna<\/strong>.<\/a>  <\/p>\n<p>&nbsp;<\/p>\n","protected":false},"excerpt":{"rendered":"<p>Objednejte si Nembutal Pentobarbital Sodn\u00e9 tablety pro peror\u00e1ln\u00ed pod\u00e1n\u00ed. K dispozici v d\u00e1vk\u00e1ch 50 mg a 100 mg. Ka\u017ed\u00e1 objedn\u00e1vka je bezpe\u010dn\u011b zabalena a odesl\u00e1na diskr\u00e9tn\u011b. N\u00ed\u017ee vyberte preferovan\u00e9 d\u00e1vkov\u00e1n\u00ed a mno\u017estv\u00ed a pot\u00e9 p\u0159idejte do ko\u0161\u00edku.   <\/p>\n","protected":false},"featured_media":19381,"comment_status":"open","ping_status":"closed","template":"","meta":{"om_disable_all_campaigns":false,"_sitemap_exclude":false,"_sitemap_priority":"","_sitemap_frequency":"","_monsterinsights_skip_tracking":false,"_monsterinsights_sitenote_active":false,"_monsterinsights_sitenote_note":"","_monsterinsights_sitenote_category":0},"product_cat":[7531],"product_tag":[7581,7580,7582,7573,7564,7568,7563,7569,7562,7576,7571,7565,7567,7578,7577,7572,7579,7575,7570,7574,7583,7566],"class_list":{"0":"post-23850","1":"product","2":"type-product","3":"status-publish","4":"has-post-thumbnail","6":"product_cat-pentobarbital-sodny-nembutal","7":"product_tag-autenticke-pentobarbitalove-pilulky-evropa","8":"product_tag-dodavka-pentobarbitalovych-pilulek-po-evrope","9":"product_tag-evropsti-dodavatele-pilulek-pentobarbitalu","10":"product_tag-kde-koupit-pentobarbital-pilulky-evropa","11":"product_tag-kde-koupit-pentobarbitalove-pilulky-online","12":"product_tag-kolik-stoji-pentobarbitalove-pilulky","13":"product_tag-koupit-pentobarbitalove-pilulky-online","14":"product_tag-koupit-pentobarbitalove-pilulky-online-evropa","15":"product_tag-kupte-si-pentobarbitalove-pilulky","16":"product_tag-levne-pentobarbitalove-pilulky-evropa","17":"product_tag-objednejte-si-pentobarbitalove-pilulky-eu","18":"product_tag-objednejte-si-pentobarbitalove-pilulky-online","19":"product_tag-online-prodej-tablet-pentobarbitalu","20":"product_tag-pentobarbital-pilulky-europe-shop","21":"product_tag-pentobarbital-pilulky-evropa-se-zabyva","22":"product_tag-pentobarbitalove-pilulky-doprava-zdarma-po-evrope","23":"product_tag-pentobarbitalove-pilulky-evropa-sleva","24":"product_tag-pentobarbitalove-pilulky-internetovy-obchod-evropa","25":"product_tag-pentobarbitalove-pilulky-nejlepsi-cena-v-evrope","26":"product_tag-prodej-pentobarbitalovych-pilulek-v-evrope","27":"product_tag-recenze-pentobarbitalovych-pilulek-v-evrope","28":"product_tag-ucinky-pentobarbitalovych-pilulek","30":"first","31":"instock","32":"shipping-taxable","33":"purchasable","34":"product-type-variable","35":"farmacie-col"},"aioseo_notices":[],"_links":{"self":[{"href":"https:\/\/lacasadelamedicina.es\/cs\/wp-json\/wp\/v2\/product\/23850"}],"collection":[{"href":"https:\/\/lacasadelamedicina.es\/cs\/wp-json\/wp\/v2\/product"}],"about":[{"href":"https:\/\/lacasadelamedicina.es\/cs\/wp-json\/wp\/v2\/types\/product"}],"replies":[{"embeddable":true,"href":"https:\/\/lacasadelamedicina.es\/cs\/wp-json\/wp\/v2\/comments?post=23850"}],"wp:featuredmedia":[{"embeddable":true,"href":"https:\/\/lacasadelamedicina.es\/cs\/wp-json\/wp\/v2\/media\/19381"}],"wp:attachment":[{"href":"https:\/\/lacasadelamedicina.es\/cs\/wp-json\/wp\/v2\/media?parent=23850"}],"wp:term":[{"taxonomy":"product_cat","embeddable":true,"href":"https:\/\/lacasadelamedicina.es\/cs\/wp-json\/wp\/v2\/product_cat?post=23850"},{"taxonomy":"product_tag","embeddable":true,"href":"https:\/\/lacasadelamedicina.es\/cs\/wp-json\/wp\/v2\/product_tag?post=23850"}],"curies":[{"name":"wp","href":"https:\/\/api.w.org\/{rel}","templated":true}]}}