{"id":23842,"date":"2024-08-10T09:07:04","date_gmt":"2024-08-10T09:07:04","guid":{"rendered":"https:\/\/lacasadelamedicina.es\/product\/kupte-si-houby-zlate-ucitelky-online\/"},"modified":"2024-08-10T09:07:04","modified_gmt":"2024-08-10T09:07:04","slug":"kupte-si-houby-zlate-ucitelky-online","status":"publish","type":"product","link":"https:\/\/lacasadelamedicina.es\/cs\/produkt\/kupte-si-houby-zlate-ucitelky-online\/","title":{"rendered":"Kupte si houby zlat\u00e9 u\u010ditelky online"},"content":{"rendered":"<h2>Kupte si houby zlat\u00e9 u\u010ditelky online<\/h2>\n<p> Kupte si Golden Teacher Online. Moudr\u00e9 houby Golden Teacher vytv\u00e1\u0159ej\u00ed v mysli kouzla a d\u00e1vaj\u00ed cestu k sebepozn\u00e1n\u00ed. Tato sada pro p\u011bstov\u00e1n\u00ed 100% mycelia FreshMushroom roste rychle a je zcela bez\u00fadr\u017ebov\u00e1. XP znamen\u00e1 Extra Potency!   <\/p>\n<h3>Jak to funguje<\/h3>\n<p> Psilocybin funguje tak, \u017ee aktivuje <span class=\"css-1a8rnix icon-hl-trusted-source-after\"><span class=\"sro\">D\u016fv\u011bryhodn\u00fd zdroj<\/span><\/span> serotoninov\u00e9 receptory, nej\u010dast\u011bji v prefront\u00e1ln\u00edm kortexu. Tato \u010d\u00e1st mozku ovliv\u0148uje n\u00e1ladu, pozn\u00e1v\u00e1n\u00ed a vn\u00edm\u00e1n\u00ed. Halucinogeny p\u016fsob\u00ed tak\u00e9 v jin\u00fdch oblastech mozku, kter\u00e9 reguluj\u00ed vzru\u0161en\u00ed a panick\u00e9 reakce. Psilocybin ne v\u017edy zp\u016fsobuje aktivn\u00ed zrakov\u00e9 nebo sluchov\u00e9 halucinace. M\u00edsto toho zkresluje, jak n\u011bkte\u0159\u00ed lid\u00e9, kte\u0159\u00ed drogu u\u017e\u00edvaj\u00ed, vn\u00edmaj\u00ed p\u0159edm\u011bty a lidi, kte\u0159\u00ed se ji\u017e nach\u00e1zej\u00ed ve sv\u00e9m okol\u00ed. Na \u00fa\u010dinky psilocybinu m\u016f\u017ee m\u00edt vliv mno\u017estv\u00ed drogy, kterou \u010dlov\u011bk zkonzumuje, jeho minul\u00e9 zku\u0161enosti a jejich o\u010dek\u00e1v\u00e1n\u00ed ohledn\u011b toho, jak se zku\u0161enost vyvine. Podle Evropsk\u00e9ho monitorovac\u00edho centra pro drogy a drogovou z\u00e1vislost (EMCDDA) se halucinogenn\u00ed \u00fa\u010dinky psilocybinu obvykle objevuj\u00ed do 30 minut po po\u017eit\u00ed a trvaj\u00ed 4\u20136 hodin. U n\u011bkter\u00fdch jedinc\u016f mohou zm\u011bny ve smyslov\u00e9m vn\u00edm\u00e1n\u00ed a my\u0161lenkov\u00fdch vzorc\u00edch trvat n\u011bkolik dn\u00ed.        <\/p>\n<h3>Potence<\/h3>\n<p> S\u00edla kouzeln\u00e9 houby z\u00e1vis\u00ed na: <\/p>\n<ul>\n<li>druh<\/li>\n<li>p\u016fvod<\/li>\n<li>p\u011bstebn\u00ed podm\u00ednky<\/li>\n<li>obdob\u00ed sklizn\u011b<\/li>\n<li>zda je \u010dlov\u011bk j\u00ed \u010derstv\u00e9 nebo su\u0161en\u00e9<\/li>\n<\/ul>\n<p> EMCDDA uv\u00e1d\u00ed, \u017ee mno\u017estv\u00ed psilocybinu v su\u0161en\u00fdch houb\u00e1ch je asi 10kr\u00e1t vy\u0161\u0161\u00ed ne\u017e v jejich \u010derstv\u00fdch prot\u011bj\u0161c\u00edch. <\/p>\n<h3>Spot\u0159eba<\/h3>\n<p> Houby obsahuj\u00edc\u00ed psilocybin jsou mal\u00e9 a obvykle hn\u011bd\u00e9 nebo hn\u011bd\u00e9. Ve voln\u00e9 p\u0159\u00edrod\u011b mohou lid\u00e9 zam\u011bnit houby obsahuj\u00edc\u00ed psilocybin za libovoln\u00fd po\u010det jin\u00fdch hub, kter\u00e9 jsou jedovat\u00e9. Lid\u00e9 obvykle konzumuj\u00ed psilocybin jako va\u0159en\u00fd \u010daj nebo jej p\u0159ipravuj\u00ed s potravinou, aby zakryli jeho ho\u0159kou chu\u0165. V\u00fdrobci tak\u00e9 rozdrt\u00ed su\u0161en\u00e9 houby na pr\u00e1\u0161ek a p\u0159ipravuj\u00ed je ve form\u011b kapsl\u00ed. N\u011bkte\u0159\u00ed lid\u00e9, kte\u0159\u00ed tyto houby konzumuj\u00ed, je zal\u00e9vaj\u00ed \u010dokol\u00e1dou.     <\/p>\n<h3>P\u0159\u00edb\u011bh:<\/h3>\n<p> Milovn\u00edci kouzeln\u00fdch hub se shoduj\u00ed, \u017ee houby Golden Teacher, zn\u00e1m\u00e9 tak\u00e9 jako kmen Psilocybe cubensis, jsou nejobl\u00edben\u011bj\u0161\u00ed psychedelickou houbou. Tento \u010dl\u00e1nek se bl\u00ed\u017ee pod\u00edv\u00e1 na nechvaln\u011b zn\u00e1m\u00e9 houby Golden Teacher. Na konci tohoto \u010dl\u00e1nku budete v\u011bd\u011bt v\u0161e, co je o t\u00e9to psychedelick\u00e9 houb\u011b v\u011bd\u011bt. Ti, kte\u0159\u00ed jsou ve sv\u011bt\u011b psychedelik a shroom\u016f nov\u00ed, se mohou spolehnout na Golden Teachers na spolehlivou cestu s men\u0161\u00ed pravd\u011bpodobnost\u00ed \u0161patn\u00e9ho v\u00fdletu. Proto jsou \u010dasto vstupn\u00ed branou pro nov\u00e1\u010dky kouzeln\u00fdch hub.    <\/p>\n<h3>\u00da\u010dinky zlat\u00fdch u\u010ditelsk\u00fdch hub;<\/h3>\n<p> Zlat\u00e9 u\u010ditelsk\u00e9 houby maj\u00ed tak\u00e9 halucinogenn\u00ed \u00fa\u010dinky **, co\u017e je vlastnost b\u011b\u017en\u00e1 u v\u0161ech kouzeln\u00fdch hub. O\u010dek\u00e1vejte vizion\u00e1\u0159sk\u00fd z\u00e1\u017eitek spolu s vlnami univerz\u00e1ln\u00ed energie proch\u00e1zej\u00edc\u00ed v\u00e1mi se siln\u00fdmi halucinacemi otev\u0159en\u00fdch a zav\u0159en\u00fdch o\u010d\u00ed.<\/p>\n","protected":false},"excerpt":{"rendered":"<p>Koupit Zlat\u00ed u\u010ditel\u00e9 jsou tak\u00e9 chv\u00e1leni pro sv\u00e9 duchovn\u00ed a\/nebo \u0161amansk\u00e9 \u00fa\u010dinky. Proto tato houba nen\u00ed jen pro p\u0159\u00edle\u017eitostn\u00e9 v\u00fdlety. M\u016f\u017ee b\u00fdt tak\u00e9 pou\u017eit pro z\u00edsk\u00e1n\u00ed nov\u00e9ho n\u00e1hledu na sebe a vesm\u00edr.  <\/p>\n","protected":false},"featured_media":19726,"comment_status":"open","ping_status":"closed","template":"","meta":{"om_disable_all_campaigns":false,"_sitemap_exclude":false,"_sitemap_priority":"","_sitemap_frequency":"","_monsterinsights_skip_tracking":false,"_monsterinsights_sitenote_active":false,"_monsterinsights_sitenote_note":"","_monsterinsights_sitenote_category":0},"product_cat":[7414],"product_tag":[7522,7523,7521,7508,7514,7505,7509,7503,7504,7510,7517,7518,7506,7512,7519,7524,7507,7513,7520,7515,7516,7511],"class_list":{"0":"post-23842","1":"product","2":"type-product","3":"status-publish","4":"has-post-thumbnail","6":"product_cat-kouzelne-houby","7":"product_tag-autenticke-zlate-ucitelske-houby-evropa","8":"product_tag-dodavatele-zlatych-ucitelskych-hub-evropa","9":"product_tag-dodavka-golden-teacher-houby-europe","10":"product_tag-internetovy-prodej-zlatych-ucitelskych-hub","11":"product_tag-kde-koupit-golden-teacher-mushros-europe","12":"product_tag-kde-koupit-zlate-ucitelske-houby-online","13":"product_tag-kolik-stoji-zlate-ucitelske-houby","14":"product_tag-kupte-si-houby-zlate-ucitelky","15":"product_tag-kupte-si-houby-zlate-ucitelky-online","16":"product_tag-kupte-si-zlate-ucitelske-houby-online-evropa","17":"product_tag-levne-zlate-ucitelske-houby-evropa","18":"product_tag-nabidky-golden-teacher-mushros-europe","19":"product_tag-objednejte-si-houby-zlate-ucitelky-online","20":"product_tag-objednejte-zlate-ucitelske-houby-eu","21":"product_tag-prodejna-golden-teacher-houby-europe","22":"product_tag-recenze-golden-teacher-mushrooms-europe","23":"product_tag-ucinky-zlatych-ucitelskych-hub","24":"product_tag-zlate-ucitelske-houby-doprava-zdarma-po-evrope","25":"product_tag-zlate-ucitelske-houby-evropa-sleva","26":"product_tag-zlate-ucitelske-houby-evropa-vyprodej","27":"product_tag-zlate-ucitelske-houby-internetovy-obchod-evropa","28":"product_tag-zlate-ucitelske-houby-nejlepsi-cena-v-evrope","30":"first","31":"instock","32":"shipping-taxable","33":"purchasable","34":"product-type-simple","35":"farmacie-col"},"aioseo_notices":[],"_links":{"self":[{"href":"https:\/\/lacasadelamedicina.es\/cs\/wp-json\/wp\/v2\/product\/23842"}],"collection":[{"href":"https:\/\/lacasadelamedicina.es\/cs\/wp-json\/wp\/v2\/product"}],"about":[{"href":"https:\/\/lacasadelamedicina.es\/cs\/wp-json\/wp\/v2\/types\/product"}],"replies":[{"embeddable":true,"href":"https:\/\/lacasadelamedicina.es\/cs\/wp-json\/wp\/v2\/comments?post=23842"}],"wp:featuredmedia":[{"embeddable":true,"href":"https:\/\/lacasadelamedicina.es\/cs\/wp-json\/wp\/v2\/media\/19726"}],"wp:attachment":[{"href":"https:\/\/lacasadelamedicina.es\/cs\/wp-json\/wp\/v2\/media?parent=23842"}],"wp:term":[{"taxonomy":"product_cat","embeddable":true,"href":"https:\/\/lacasadelamedicina.es\/cs\/wp-json\/wp\/v2\/product_cat?post=23842"},{"taxonomy":"product_tag","embeddable":true,"href":"https:\/\/lacasadelamedicina.es\/cs\/wp-json\/wp\/v2\/product_tag?post=23842"}],"curies":[{"name":"wp","href":"https:\/\/api.w.org\/{rel}","templated":true}]}}