{"id":23838,"date":"2024-08-10T09:36:11","date_gmt":"2024-08-10T09:36:11","guid":{"rendered":"https:\/\/lacasadelamedicina.es\/product\/kupte-si-liberty-caps-online\/"},"modified":"2024-08-10T09:36:11","modified_gmt":"2024-08-10T09:36:11","slug":"kupte-si-liberty-caps-online","status":"publish","type":"product","link":"https:\/\/lacasadelamedicina.es\/cs\/produkt\/kupte-si-liberty-caps-online\/","title":{"rendered":"Kupte si Liberty Caps online"},"content":{"rendered":"<h2>Kupte si Liberty Caps online<\/h2>\n<p><strong>Kupte Liberty Caps online v l\u00e9k\u00e1rn\u011b Dr. Lawsona<\/strong> V\u00edtejte v l\u00e9k\u00e1rn\u011b Dr. Lawson, va\u0161\u00ed p\u0159edn\u00ed destinaci pro vysoce kvalitn\u00ed a spolehliv\u00e1 l\u00e9\u010diva. Jsme r\u00e1di, \u017ee v\u00e1m m\u016f\u017eeme nab\u00eddnout Liberty Caps (Psilocybe semilanceata) k n\u00e1kupu online, co\u017e v\u00e1m poskytuje snadn\u00fd a bezpe\u010dn\u00fd zp\u016fsob, jak z\u00edskat p\u0159\u00edstup k t\u011bmto siln\u00fdm psychoaktivn\u00edm houb\u00e1m. <strong>O Liberty Caps<\/strong> Liberty Caps, zn\u00e1m\u00e9 tak\u00e9 jako <em>Psilocybe semilanceata<\/em>, jsou zn\u00e1m\u00e9 pro sv\u00e9 psychoaktivn\u00ed vlastnosti d\u00edky p\u0159\u00edtomnosti psilocybinu a biocytinu. Pat\u0159\u00ed mezi nejroz\u0161\u00ed\u0159en\u011bj\u0161\u00ed psilocybinov\u00e9 houby v p\u0159\u00edrod\u011b a jsou zn\u00e1m\u00e9 svou \u00fa\u010dinnost\u00ed. Tyto houby se vyzna\u010duj\u00ed v\u00fdrazn\u00fdm ku\u017eelovit\u00fdm a\u017e zvonkovit\u00fdm kloboukem, kter\u00fd m\u011b\u0159\u00ed a\u017e 2,5 cm (1,0 palce) v pr\u016fm\u011bru a \u010dasto m\u00e1 naho\u0159e mal\u00fd bradavkovit\u00fd v\u00fdb\u011b\u017eek. Jejich barva se pohybuje od \u017elut\u00e9 po hn\u011bdou, s radi\u00e1ln\u00edmi r\u00fdhami, kdy\u017e jsou vlhk\u00e9, a s dozr\u00e1v\u00e1n\u00edm blednou do sv\u011btlej\u0161\u00edho odst\u00ednu. \u0160t\u00edhl\u00fd dlouh\u00fd \u0159ap houby m\u00e1 obvykle stejnou barvu nebo m\u00edrn\u011b sv\u011btlej\u0161\u00ed ne\u017e klobouk. Kupte si Liberty Caps \u2013 levn\u011b 1. t\u0159\u00eddy. Psilocybe semilanceata, b\u011b\u017en\u011b zn\u00e1m\u00e1 jako liberty cap, je druh houby, kter\u00e1 produkuje psychoaktivn\u00ed slou\u010deniny psilocybin a biocytin. Je to jedna z nejroz\u0161\u00ed\u0159en\u011bj\u0161\u00edch psilocybinov\u00fdch hub v p\u0159\u00edrod\u011b a jedna z nej\u00fa\u010dinn\u011bj\u0161\u00edch hub Buy Magic online. Maj\u00ed v\u00fdraznou ku\u017eelovitou \u010depici ve tvaru zvonu. A\u017e 2,5 cm (1,0 palce) v pr\u016fm\u011bru, s mal\u00fdm v\u00fdstupkem podobn\u00fdm bradavce na horn\u00ed stran\u011b. Jsou \u017elut\u00e9 a\u017e hn\u011bd\u00e9, za vlhka pokryt\u00e9 radi\u00e1ln\u00edmi r\u00fdhami a zr\u00e1n\u00edm blednou do sv\u011btlej\u0161\u00ed barvy. Jejich t\u0159e\u0148 b\u00fdv\u00e1 \u0161t\u00edhl\u00fd a dlouh\u00fd a m\u00e1 stejnou barvu nebo m\u00edrn\u011b sv\u011btlej\u0161\u00ed ne\u017e \u010depice. Liberty caps mushroom Koupit liberty caps online \u2013 Koupit Magick\u00e9 houby \u2013 Liberty tops shrooms na webu Liberty caps je halucinogenn\u00ed shroom, kter\u00fd obsahuje sm\u011bsi psychoaktivn\u00edch l\u00e1tek a psilocybinu. V okam\u017eiku, kdy je vr\u0161ek such\u00fd, je mnohem bled\u0161\u00ed, sv\u011btle \u017eluto-zemit\u00e9 odst\u00edny. Nav\u00edc se tomu \u0159\u00edk\u00e1 kouzeln\u00e1 houba. V p\u0159\u00edpad\u011b jak\u00fdchkoli dotaz\u016f nebo dal\u0161\u00ed pomoci se pros\u00edm nev\u00e1hejte obr\u00e1tit na n\u00e1\u0161 t\u00fdm z\u00e1kaznick\u00e9 podpory. D\u011bkujeme, \u017ee jste si vybrali l\u00e9k\u00e1rnu Dr. Lawson&#8217;s Pharmacy. Jsme odhodl\u00e1ni poskytovat v\u00e1m ty nejlep\u0161\u00ed produkty a slu\u017eby pro v\u0161echny va\u0161e farmaceutick\u00e9 pot\u0159eby.<\/p>\n","protected":false},"excerpt":{"rendered":"<p>Na\u0161e k\u0161iltovky Liberty poch\u00e1zej\u00ed od d\u016fv\u011bryhodn\u00fdch dodavatel\u016f a jsou t\u00e9 nejvy\u0161\u0161\u00ed kvality. Zaji\u0161\u0165ujeme, aby v\u0161echny produkty spl\u0148ovaly p\u0159\u00edsn\u00e9 standardy kontroly kvality, abychom zaru\u010dili, \u017ee obdr\u017e\u00edte siln\u00fd a \u00fa\u010dinn\u00fd produkt. <\/p>\n","protected":false},"featured_media":19741,"comment_status":"open","ping_status":"closed","template":"","meta":{"om_disable_all_campaigns":false,"_sitemap_exclude":false,"_sitemap_priority":"","_sitemap_frequency":"","_monsterinsights_skip_tracking":false,"_monsterinsights_sitenote_active":false,"_monsterinsights_sitenote_note":"","_monsterinsights_sitenote_category":0},"product_cat":[7414],"product_tag":[7500,7501,7499,7494,7492,7483,7487,7481,7482,7488,7495,7491,7498,7489,7496,7497,7490,7484,7486,7493,7502,7485],"class_list":{"0":"post-23838","1":"product","2":"type-product","3":"status-publish","4":"has-post-thumbnail","6":"product_cat-kouzelne-houby","7":"product_tag-autenticke-liberty-caps-europe","8":"product_tag-dodavatele-liberty-caps-europe","9":"product_tag-doruceni-liberty-caps-europe","10":"product_tag-internetovy-obchod-liberty-caps-europe","11":"product_tag-kde-koupit-liberty-caps-europe","12":"product_tag-kde-koupit-liberty-caps-online","13":"product_tag-kolik-je-liberty-caps","14":"product_tag-kupte-si-ksiltovky-liberty","15":"product_tag-kupte-si-liberty-caps-online","16":"product_tag-kupte-si-liberty-caps-online-evropa","17":"product_tag-levne-liberty-caps-europe","18":"product_tag-liberty-caps-doprava-zdarma-po-evrope","19":"product_tag-liberty-caps-europe-sleva","20":"product_tag-liberty-caps-nejlepsi-cena-v-evrope","21":"product_tag-nabidky-liberty-caps-europe","22":"product_tag-obchod-liberty-caps-europe","23":"product_tag-objednejte-si-liberty-caps-eu","24":"product_tag-objednejte-si-liberty-caps-online","25":"product_tag-online-prodej-cepic-liberty","26":"product_tag-prodej-cepic-liberty-caps-europe","27":"product_tag-recenze-liberty-caps-europe","28":"product_tag-ucinky-liberty-caps","30":"first","31":"instock","32":"shipping-taxable","33":"purchasable","34":"product-type-variable","35":"farmacie-col"},"aioseo_notices":[],"_links":{"self":[{"href":"https:\/\/lacasadelamedicina.es\/cs\/wp-json\/wp\/v2\/product\/23838"}],"collection":[{"href":"https:\/\/lacasadelamedicina.es\/cs\/wp-json\/wp\/v2\/product"}],"about":[{"href":"https:\/\/lacasadelamedicina.es\/cs\/wp-json\/wp\/v2\/types\/product"}],"replies":[{"embeddable":true,"href":"https:\/\/lacasadelamedicina.es\/cs\/wp-json\/wp\/v2\/comments?post=23838"}],"wp:featuredmedia":[{"embeddable":true,"href":"https:\/\/lacasadelamedicina.es\/cs\/wp-json\/wp\/v2\/media\/19741"}],"wp:attachment":[{"href":"https:\/\/lacasadelamedicina.es\/cs\/wp-json\/wp\/v2\/media?parent=23838"}],"wp:term":[{"taxonomy":"product_cat","embeddable":true,"href":"https:\/\/lacasadelamedicina.es\/cs\/wp-json\/wp\/v2\/product_cat?post=23838"},{"taxonomy":"product_tag","embeddable":true,"href":"https:\/\/lacasadelamedicina.es\/cs\/wp-json\/wp\/v2\/product_tag?post=23838"}],"curies":[{"name":"wp","href":"https:\/\/api.w.org\/{rel}","templated":true}]}}