{"id":23836,"date":"2024-08-10T10:33:02","date_gmt":"2024-08-10T10:33:02","guid":{"rendered":"https:\/\/lacasadelamedicina.es\/product\/kupte-si-mazatapec-magic-mushroom-online\/"},"modified":"2024-08-10T10:33:02","modified_gmt":"2024-08-10T10:33:02","slug":"kupte-si-mazatapec-magic-mushroom-online","status":"publish","type":"product","link":"https:\/\/lacasadelamedicina.es\/cs\/produkt\/kupte-si-mazatapec-magic-mushroom-online\/","title":{"rendered":"Kupte si Mazatapec Magic Mushroom online"},"content":{"rendered":"<h3>Mazatapec kouzeln\u00e1 houba<\/h3>\n<p> Kupte si houbu mazatapec online. Houba psilocybin, zn\u00e1m\u00e1 tak\u00e9 jako kouzeln\u00e1 houba nebo psychedelick\u00e1 houba, obsahuje psilocybin a psilocin. Biologick\u00e9 rody obsahuj\u00edc\u00ed houby psilocybin zahrnuj\u00ed Copelandia, Gymnopilus, Inocybe, Panaeolus, Pholiotina, Pluteus a Psilocybe. Houby chemicky m\u011bn\u00ed mozek. Obecn\u011b jejich \u00fa\u010dinek trv\u00e1 6 a\u017e 7 hodin a \u00fa\u010dinky lze zaznamenat i po 24 hodin\u00e1ch. Kouzeln\u00e9 houby Mazatapec jsou jednou ze dvou velmi popul\u00e1rn\u00edch odr\u016fd, kter\u00e9 poch\u00e1zej\u00ed z Mexika. Tyto houby vytv\u00e1\u0159ej\u00ed velmi silnou duchovn\u00ed cestu a jsou \u0161etrn\u00e9 k t\u011blu. Ve srovn\u00e1n\u00ed s n\u011bkter\u00fdmi jin\u00fdmi kmeny Mazatepec Shrooms nesni\u017euj\u00ed va\u0161i t\u011blesnou teplotu tolik a u\u017eivatel\u00e9 tak\u00e9 uvedli, \u017ee si s t\u00edmto kmenem m\u00e9n\u011b stahuj\u00ed \u010delisti. To v\u00e1m zase umo\u017en\u00ed u\u017e\u00edt si svou duchovn\u00ed cestu s m\u00e9n\u011b rozpt\u00fdlen\u00edm. Vzhled t\u011bchto hub je charakterizov\u00e1n jejich sv\u011btle a\u017e tmav\u011b hn\u011bd\u00fdmi klobouky sp\u00e1rovan\u00fdmi se st\u0159edn\u011b velk\u00fdm stonkem.         <\/p>\n<h4>Historie Mazatapecu<\/h4>\n<p> Domorod\u00ed obyvatel\u00e9 Mazat\u00e9k\u016f, kte\u0159\u00ed se nach\u00e1zej\u00ed v mexick\u00e9 Oaxace, pou\u017e\u00edvaj\u00ed tyto magick\u00e9 houby pro duchovn\u00ed a ritu\u00e1ln\u00ed ob\u0159ady. Je to st\u00e1l\u00fd kmen, kter\u00fd se pou\u017e\u00edv\u00e1 po generace. Kmen Mazatapec je tak\u00e9 jednou z prvn\u00edch psilocybinov\u00fdch hub p\u0159edstaven\u00fdch z\u00e1padn\u00edmu sv\u011btu. Koupit houbu mazatapec online \u00da\u010dinky Mazatapec Cubensis Mazatapec Cubensis je skv\u011bl\u00fd pro za\u010d\u00ednaj\u00edc\u00ed a veter\u00e1ny. Nab\u00edz\u00ed kompletn\u00ed psychoaktivn\u00ed z\u00e1\u017eitek s jemn\u00fdm dopadem na t\u011blo. Efekty roz\u0161\u00ed\u0159\u00ed va\u0161i kreativitu a origin\u00e1ln\u00ed my\u0161lenky. Krom\u011b toho zlep\u0161uje soci\u00e1ln\u00ed chov\u00e1n\u00ed a dobr\u00e9 pocity. Budete m\u00edt vizu\u00e1ln\u00ed halucinace bu\u010f se zav\u0159en\u00fdma nebo otev\u0159en\u00fdm o\u010dima. Vizu\u00e1ly budou obsahovat tvarov\u00e9 a barevn\u00e9 variace, stejn\u011b jako frakt\u00e1ly a formy.        <\/p>\n<h3>N\u00e1vod na d\u00e1vkov\u00e1n\u00ed<\/h3>\n<p> Kreativn\u00ed d\u00e1vka: 0,5 a\u017e 1,25 gramu St\u0159edn\u00ed Rekrea\u010dn\u00ed d\u00e1vka: 1,5 a\u017e 2 gramy Pln\u00e1 Rekrea\u010dn\u00ed d\u00e1vka: 2 a\u017e 3,5 gram\u016f Zku\u0161en\u00e1 pln\u00e1 rekrea\u010dn\u00ed d\u00e1vka: 3,5 a\u017e 5 gram\u016f Heroick\u00e1 d\u00e1vka: 5 a\u017e 7+ gram\u016f &nbsp;<\/p>\n","protected":false},"excerpt":{"rendered":"<p>Mazatapec kouzeln\u00e1 houba Kupte si houbu mazatapec online. Houba psilocybin, zn\u00e1m\u00e1 tak\u00e9 jako kouzeln\u00e1 houba nebo psychedelick\u00e1 houba, obsahuje psilocybin a psilocin. Biologick\u00e9 rody obsahuj\u00edc\u00ed houby psilocybin zahrnuj\u00ed Copelandia, Gymnopilus, Inocybe, Panaeolus, Pholiotina, Pluteus a Psilocybe. Houby chemicky m\u011bn\u00ed mozek. Obecn\u011b jejich \u00fa\u010dinek trv\u00e1 6 a\u017e 7 hodin a \u00fa\u010dinky lze zaznamenat i po 24 [&hellip;]<\/p>\n","protected":false},"featured_media":14905,"comment_status":"open","ping_status":"closed","template":"","meta":{"om_disable_all_campaigns":false,"_sitemap_exclude":false,"_sitemap_priority":"","_sitemap_frequency":"","_monsterinsights_skip_tracking":false,"_monsterinsights_sitenote_active":false,"_monsterinsights_sitenote_note":"","_monsterinsights_sitenote_category":0},"product_cat":[7414],"product_tag":[7456,7457,7455,7448,7439,7443,7437,7438,7444,7451,7447,7452,7449,7454,7450,7445,7453,7446,7440,7442,7458,7441],"class_list":{"0":"post-23836","1":"product","2":"type-product","3":"status-publish","4":"has-post-thumbnail","6":"product_cat-kouzelne-houby","7":"product_tag-autenticka-mazatapec-magic-mushroom-europe","8":"product_tag-dodavatele-mazatapec-magic-mushroom-europe","9":"product_tag-dodavka-mazatapec-magic-mushroom-europe","10":"product_tag-kde-koupit-mazatapec-magic-mushroom-europe","11":"product_tag-kde-koupit-mazatapec-magic-mushroom-online","12":"product_tag-kolik-je-mazatapec-magic-mushroom","13":"product_tag-kupte-si-mazatapec-magic-mushroom","14":"product_tag-kupte-si-mazatapec-magic-mushroom-online","15":"product_tag-kupte-si-mazatapec-magic-mushroom-online-evropa","16":"product_tag-levne-mazatapec-magic-mushroom-europe","17":"product_tag-mazatapec-magic-mushroom-doprava-zdarma-po-evrope","18":"product_tag-mazatapec-magic-mushroom-europe-nabidky","19":"product_tag-mazatapec-magic-mushroom-europe-prodej","20":"product_tag-mazatapec-magic-mushroom-europe-sleva","21":"product_tag-mazatapec-magic-mushroom-internetovy-obchod-evropa","22":"product_tag-mazatapec-magic-mushroom-nejlepsi-cena-v-evrope","23":"product_tag-obchod-mazatapec-magic-mushroom-europe","24":"product_tag-objednejte-mazatapec-magic-mushroom-eu","25":"product_tag-objednejte-si-mazatapec-magic-mushroom-online","26":"product_tag-prodej-kouzelnych-hub-mazatapec-online","27":"product_tag-recenze-mazatapec-magic-mushroom-europe","28":"product_tag-ucinky-mazatapec-magic-mushroom","30":"first","31":"instock","32":"shipping-taxable","33":"purchasable","34":"product-type-simple","35":"farmacie-col"},"aioseo_notices":[],"_links":{"self":[{"href":"https:\/\/lacasadelamedicina.es\/cs\/wp-json\/wp\/v2\/product\/23836"}],"collection":[{"href":"https:\/\/lacasadelamedicina.es\/cs\/wp-json\/wp\/v2\/product"}],"about":[{"href":"https:\/\/lacasadelamedicina.es\/cs\/wp-json\/wp\/v2\/types\/product"}],"replies":[{"embeddable":true,"href":"https:\/\/lacasadelamedicina.es\/cs\/wp-json\/wp\/v2\/comments?post=23836"}],"wp:featuredmedia":[{"embeddable":true,"href":"https:\/\/lacasadelamedicina.es\/cs\/wp-json\/wp\/v2\/media\/14905"}],"wp:attachment":[{"href":"https:\/\/lacasadelamedicina.es\/cs\/wp-json\/wp\/v2\/media?parent=23836"}],"wp:term":[{"taxonomy":"product_cat","embeddable":true,"href":"https:\/\/lacasadelamedicina.es\/cs\/wp-json\/wp\/v2\/product_cat?post=23836"},{"taxonomy":"product_tag","embeddable":true,"href":"https:\/\/lacasadelamedicina.es\/cs\/wp-json\/wp\/v2\/product_tag?post=23836"}],"curies":[{"name":"wp","href":"https:\/\/api.w.org\/{rel}","templated":true}]}}