{"id":23835,"date":"2024-08-10T10:46:42","date_gmt":"2024-08-10T10:46:42","guid":{"rendered":"https:\/\/lacasadelamedicina.es\/product\/od-penis-envy-mushrooms-online\/"},"modified":"2024-08-10T10:46:42","modified_gmt":"2024-08-10T10:46:42","slug":"od-penis-envy-mushrooms-online","status":"publish","type":"product","link":"https:\/\/lacasadelamedicina.es\/cs\/produkt\/od-penis-envy-mushrooms-online\/","title":{"rendered":"Od Penis Envy Mushrooms Online"},"content":{"rendered":"<h3>Od Penis Envy Mushrooms Online<\/h3>\n<p> Kupte si penis envy shrooms online. Psilocybe cubensis je druh psychedelick\u00fdch hub, jejich\u017e hlavn\u00edmi \u00fa\u010dinn\u00fdmi l\u00e1tkami jsou psilocybin a psilocin. B\u011b\u017en\u011b se jim \u0159\u00edk\u00e1 shrooms, kouzeln\u00e9 houby, zlat\u00e9 vr\u0161ky, kostky nebo zlat\u00e9 \u010depice. Supa Envy houby v\u00e1m umo\u017en\u00ed za\u017e\u00edt v\u00fdlety na \u00farovni 4-5, kter\u00e9 v\u00e1s na hodiny zavedou do jin\u00e9 dimenze. Penis Envy je absolutn\u00ed v\u00edt\u011bz&#8230; Siln\u00fd a velmi vizu\u00e1ln\u00ed. Krom\u011b vy\u0161\u0161\u00ed \u00fa\u010dinnosti vypad\u00e1 Penis Envy jinak. Nen\u00ed t\u0159eba \u017e\u00e1dn\u00e9ho divok\u00e9ho dohadov\u00e1n\u00ed, jeho falusovit\u00fd vzhled z n\u011bj d\u011bl\u00e1 opravdu n\u011bco jin\u00e9ho. Nejlep\u0161\u00ed na tom je, \u017ee m\u016f\u017eete p\u011bstovat i tyto kouzeln\u00e9 houby. Penis Envy je velmi siln\u00fd kmen kouzeln\u00fdch hub, o kter\u00fdch je zn\u00e1mo, \u017ee maj\u00ed vy\u0161\u0161\u00ed mno\u017estv\u00ed. Kupte si penis envy shrooms online. Penis envy shrooms je jedn\u00edm ze 180 druh\u016f hub z rodu Psilocybe a roste v r\u016fzn\u00fdch prost\u0159ed\u00edch. Houba z\u00e1vist na penisu m\u00e1 tak\u00e9 n\u00e1zvy Flying Saucers, Indigo Psilocybe, Azzies a Blue Angels.            <strong>Co odli\u0161uje na\u0161e kouzeln\u00e9 houby Penis Envy?<\/strong><\/p>\n<ol>\n<li><strong>Pr\u00e1vn\u00ed a laboratorn\u011b testovan\u00e1 z\u00e1ruka<\/strong>: V l\u00e9k\u00e1rn\u011b Dr. Lawson&#8217;s Pharmacy jsou v\u0161echny na\u0161e produkty, v\u010detn\u011b podmaniv\u00fdch hub Penis Envy, d\u016fkladn\u011b testov\u00e1ny, aby bylo zaji\u0161t\u011bno, \u017ee jsou zdarma. z psilocybinu, psilocinu, 4-ACO-DMT, Amanita muscaria, kanabinoid\u016f a dal\u0161\u00edch v\u00fdzkumn\u00fdch chemik\u00e1li\u00ed. Toto p\u0159\u00edsn\u00e9 testov\u00e1n\u00ed zaru\u010duje, \u017ee na\u0161e nab\u00eddky spl\u0148uj\u00ed nejvy\u0161\u0161\u00ed standardy bezpe\u010dnosti a z\u00e1konnosti. <\/li>\n<li><strong>Inovativn\u00ed kultivace<\/strong>: Na\u0161e houby Penis Envy jsou vy\u0161lecht\u011bny pomoc\u00ed pokro\u010dil\u00fdch kultiva\u010dn\u00edch technik, kter\u00e9 se zam\u011b\u0159uj\u00ed na manipulaci s genetickou v\u00fdbavou za \u00fa\u010delem vytvo\u0159en\u00ed \u201enedetekovateln\u00e9ho\u201c kmene. To znamen\u00e1, \u017ee na\u0161e houby neobsahuj\u00ed psilocybin a psilocin, a p\u0159itom si zachov\u00e1vaj\u00ed jedine\u010dn\u00e9 vlastnosti, d\u00edky kter\u00fdm jsou vyhled\u00e1van\u00e9. <\/li>\n<li><strong>Vylep\u0161en\u00fd profil alkaloid\u016f<\/strong>: To, co d\u011bl\u00e1 na\u0161e houby Penis Envy skute\u010dn\u011b v\u00fdjime\u010dn\u00fdmi, je jejich zv\u00fd\u0161en\u00e1 hladina jin\u00fdch p\u0159irozen\u011b se vyskytuj\u00edc\u00edch alkaloid\u016f. Tyto slou\u010deniny p\u0159isp\u00edvaj\u00ed k intenzivn\u00edmu a pohlcuj\u00edc\u00edmu psychedelick\u00e9mu z\u00e1\u017eitku a poskytuj\u00ed hlubok\u00e9 \u00fa\u010dinky, kter\u00e9 vyhled\u00e1vaj\u00ed jak l\u00e9ka\u0159\u0161t\u00ed, tak rekrea\u010dn\u00ed u\u017eivatel\u00e9. <\/li>\n<li><strong>R\u016fznorod\u00e1 \u0159ada produkt\u016f<\/strong>: Krom\u011b na\u0161ich hub Penis Envy nab\u00edz\u00ed l\u00e9k\u00e1rna Dr. Lawson&#8217;s Pharmacy \u0159adu dal\u0161\u00edch produkt\u016f z magick\u00fdch hub, v\u010detn\u011b gumov\u00fdch gum a mikrod\u00e1vkov\u00fdch kapsl\u00ed . Ka\u017ed\u00fd produkt je vyroben se stejn\u00fdm d\u016frazem na kvalitu a bezpe\u010dnost. <\/li>\n<\/ol>\n<p> Kupte si penis envy shrooms online je\u0161t\u011b dnes. Houba z\u00e1vist na penisu obsahuje 0,4 % baeocystinu, 1,8 % psilocybinu a 0,5 % psilocinu. Je to nej\u00fa\u010dinn\u011bj\u0161\u00ed druh pro synt\u00e9zu tryptaminu. Tento druh je nap\u0159\u00edklad 3kr\u00e1t siln\u011bj\u0161\u00ed ne\u017e Psilocybe Cubensis Psilocybe Cyanscens <strong>Prozkoumejte jedine\u010dn\u00e9 vlastnosti na\u0161ich hub Penis Envy v l\u00e9k\u00e1rn\u011b Dr. Lawsona<\/strong> Na\u0161e houby Penis Envy p\u0159edv\u00e1d\u011bj\u00ed v\u00fdjime\u010dn\u00e9 a vz\u00e1cn\u00e9 vlastnosti, kter\u00e9 je odli\u0161uj\u00ed. Zde je bli\u017e\u0161\u00ed pohled na jejich charakteristick\u00e9 rysy:     <\/p>\n<ul>\n<li><strong>V\u00fdtrusy<\/strong>: Tyto houby maj\u00ed v\u00fdtrusy, kter\u00e9 se vyskytuj\u00ed ve dvou odli\u0161n\u00fdch odst\u00ednech: fialovo-\u010dern\u00e9 a tmav\u011b purpurov\u011b hn\u011bd\u00e9. V\u00fdtrusy maj\u00ed elipsoidn\u00ed tvar, co\u017e je odli\u0161uje od jin\u00fdch druh\u016f v r\u00e1mci stejn\u00e9ho rodu. <\/li>\n<li><strong>Pileus (\u010depice)<\/strong>: Klobouk nebo \u010depice houby m\u00e1 ku\u017eelovit\u00fd nebo konvexn\u00ed tvar. V \u010derstv\u00e9m stavu m\u00e1 bohatou hn\u011bdou nebo karamelovou barvu. Jak houba st\u00e1rne, hlubok\u00e1 tmav\u00e1 skvrna ve st\u0159edu klobouku p\u0159ech\u00e1z\u00ed b\u011bhem zasych\u00e1n\u00ed do sv\u011btlej\u0161\u00edho sl\u00e1movit\u00e9ho odst\u00ednu.  <\/li>\n<\/ul>\n<p> V l\u00e9k\u00e1rn\u011b Dr. Lawson&#8217;s Pharmacy jsme odhodl\u00e1ni nab\u00edzet vysoce kvalitn\u00ed houby Penis Envy s t\u011bmito jedine\u010dn\u00fdmi atributy, co\u017e zaji\u0161\u0165uje produkt, kter\u00fd je vz\u00e1cn\u00fd a pozoruhodn\u00fd.<\/p>\n","protected":false},"excerpt":{"rendered":"<p>Penis envy shrooms byl objeven ji\u017e v roce 1979 a od t\u00e9 doby v\u00fdzkumn\u00edci publikovali r\u016fzn\u00e9 \u010dl\u00e1nky o tomt\u00e9\u017e. Nap\u0159\u00edklad Paul Stamets ve sv\u00e9 publikaci z roku 1996 \u201ePsilocybin shrooms of the world\u201c pojmenoval druh Azurescens. N\u00e1zev Azurescens je voln\u00fd p\u0159eklad pro azurovou nebo modrou barvu v houb\u011b.  <\/p>\n","protected":false},"featured_media":19786,"comment_status":"open","ping_status":"closed","template":"","meta":{"om_disable_all_campaigns":false,"_sitemap_exclude":false,"_sitemap_priority":"","_sitemap_frequency":"","_monsterinsights_skip_tracking":false,"_monsterinsights_sitenote_active":false,"_monsterinsights_sitenote_note":"","_monsterinsights_sitenote_category":0},"product_cat":[7414],"product_tag":[7430,7434,7426,7417,7421,7415,7416,7422,7429,7431,7424,7418,7420,7425,7435,7433,7427,7432,7428,7423,7436,7419],"class_list":{"0":"post-23835","1":"product","2":"type-product","3":"status-publish","4":"has-post-thumbnail","6":"product_cat-kouzelne-houby","7":"product_tag-akce-penis-envy-mushrooms-europe","8":"product_tag-autenticke-houby-penis-envy-europe","9":"product_tag-kde-koupit-penis-envy-mushrooms-europe","10":"product_tag-kde-koupit-penis-envy-mushrooms-online","11":"product_tag-kolik-je-penis-envy-mushrooms","12":"product_tag-kupte-si-houby-penis-envy","13":"product_tag-kupte-si-houby-penis-envy-online","14":"product_tag-kupte-si-houby-penis-envy-online-evropa","15":"product_tag-levne-penis-envy-mushrooms-europe","16":"product_tag-obchod-penis-envy-mushrooms-europe","17":"product_tag-objednejte-penis-envy-mushrooms-eu","18":"product_tag-objednejte-si-penis-envy-houby-online","19":"product_tag-online-prodej-hub-penis-envy","20":"product_tag-penis-envy-mushrooms-doprava-zdarma-po-evrope","21":"product_tag-penis-envy-mushrooms-europe-dodavatele","22":"product_tag-penis-envy-mushrooms-europe-doruceni","23":"product_tag-penis-envy-mushrooms-europe-prodej","24":"product_tag-penis-envy-mushrooms-europe-sleva","25":"product_tag-penis-envy-mushrooms-internetovy-obchod-evropa","26":"product_tag-penis-envy-mushrooms-nejlepsi-cena-v-evrope","27":"product_tag-recenze-penis-envy-mushrooms-europe","28":"product_tag-ucinky-houby-penis-envy","30":"first","31":"instock","32":"shipping-taxable","33":"purchasable","34":"product-type-simple","35":"farmacie-col"},"aioseo_notices":[],"_links":{"self":[{"href":"https:\/\/lacasadelamedicina.es\/cs\/wp-json\/wp\/v2\/product\/23835"}],"collection":[{"href":"https:\/\/lacasadelamedicina.es\/cs\/wp-json\/wp\/v2\/product"}],"about":[{"href":"https:\/\/lacasadelamedicina.es\/cs\/wp-json\/wp\/v2\/types\/product"}],"replies":[{"embeddable":true,"href":"https:\/\/lacasadelamedicina.es\/cs\/wp-json\/wp\/v2\/comments?post=23835"}],"wp:featuredmedia":[{"embeddable":true,"href":"https:\/\/lacasadelamedicina.es\/cs\/wp-json\/wp\/v2\/media\/19786"}],"wp:attachment":[{"href":"https:\/\/lacasadelamedicina.es\/cs\/wp-json\/wp\/v2\/media?parent=23835"}],"wp:term":[{"taxonomy":"product_cat","embeddable":true,"href":"https:\/\/lacasadelamedicina.es\/cs\/wp-json\/wp\/v2\/product_cat?post=23835"},{"taxonomy":"product_tag","embeddable":true,"href":"https:\/\/lacasadelamedicina.es\/cs\/wp-json\/wp\/v2\/product_tag?post=23835"}],"curies":[{"name":"wp","href":"https:\/\/api.w.org\/{rel}","templated":true}]}}