{"id":23799,"date":"2024-08-10T19:03:32","date_gmt":"2024-08-10T19:03:32","guid":{"rendered":"https:\/\/lacasadelamedicina.es\/product\/koupit-adderall-online\/"},"modified":"2024-08-10T19:03:32","modified_gmt":"2024-08-10T19:03:32","slug":"koupit-adderall-online","status":"publish","type":"product","link":"https:\/\/lacasadelamedicina.es\/cs\/produkt\/koupit-adderall-online\/","title":{"rendered":"Koupit Adderall online"},"content":{"rendered":"<h1 class=\"product_title entry-title\">Koupit Adderall online<\/h1>\n<p> Koupit Adderall online. Adderall je l\u00e9k na p\u0159edpis obsahuj\u00edc\u00ed amfetamin a dextroamfetamin, klasifikovan\u00fd jako stimulanty. Prim\u00e1rn\u011b se p\u0159edepisuje k l\u00e9\u010db\u011b poruchy pozornosti s hyperaktivitou (ADHD) a narkolepsie. Adderall je preferovanou mo\u017enost\u00ed pro spr\u00e1vu ADHD. V\u00fdzkum ukazuje, \u017ee Adderall i Adderall XR zvy\u0161uj\u00ed pozornost, soust\u0159ed\u011bn\u00ed a sni\u017euj\u00ed impulzivn\u00ed chov\u00e1n\u00ed, p\u0159i\u010dem\u017e 75 a\u017e 80 procent d\u011bt\u00ed s ADHD za\u017e\u00edv\u00e1 zlep\u0161en\u00ed symptom\u016f u\u017e\u00edv\u00e1n\u00edm stimulant\u016f. U narkolepsie pom\u00e1h\u00e1 Adderall zv\u00fd\u0161it denn\u00ed bd\u011blost, i kdy\u017e v\u00fdzkum jeho \u00fa\u010dinnosti pro tento stav je omezen\u00fd. Adderall a Mydayis jsou obchodn\u00ed zna\u010dky pro l\u00e9ky vyroben\u00e9 ze sm\u00ed\u0161en\u00fdch amfetaminov\u00fdch sol\u00ed, kter\u00e9 zahrnuj\u00ed kombinaci \u010dty\u0159 amfetaminov\u00fdch sol\u00ed. Tato sm\u011bs se skl\u00e1d\u00e1 ze stejn\u00fdch d\u00edl\u016f racemick\u00e9ho amfetaminu a dextroamfetaminu, \u010d\u00edm\u017e vznik\u00e1 pom\u011br (3:1) dextroamfetaminu k levoamfetaminu. Oba enantiomery jsou stimulanty, ale maj\u00ed r\u016fzn\u00e9 \u00fa\u010dinky, co\u017e d\u00e1v\u00e1 Adderallu jedine\u010dn\u00fd profil ve srovn\u00e1n\u00ed s jin\u00fdmi formami amfetaminu. Adderall se pou\u017e\u00edv\u00e1 k l\u00e9\u010db\u011b ADHD a narkolepsie, ale je tak\u00e9 zneu\u017e\u00edv\u00e1n pro sportovn\u00ed v\u00fdkon, kognitivn\u00ed zlep\u0161en\u00ed, potla\u010den\u00ed chuti k j\u00eddlu a rekrea\u010dn\u00ed euforii. Pat\u0159\u00ed do skupiny stimulant\u016f centr\u00e1ln\u00edho nervov\u00e9ho syst\u00e9mu (CNS). Generick\u00fd n\u00e1zev: amfetamin a dextroamfetamin N\u00e1zvy zna\u010dek: Adderall, Adderall XR, Mydayis T\u0159\u00edda l\u00e9k\u016f: stimulanty CNS<\/p>\n","protected":false},"excerpt":{"rendered":"<p>Koupit Adderall online. Adderall je l\u00e9k na p\u0159edpis sest\u00e1vaj\u00edc\u00ed z amfetaminu a dextroamfetaminu. Adderall m\u016f\u017eete zakoupit online, v\u010detn\u011b pilulek Adderall.  <\/p>\n","protected":false},"featured_media":19801,"comment_status":"open","ping_status":"closed","template":"","meta":{"om_disable_all_campaigns":false,"_sitemap_exclude":false,"_sitemap_priority":"","_sitemap_frequency":"","_monsterinsights_skip_tracking":false,"_monsterinsights_sitenote_active":false,"_monsterinsights_sitenote_note":"","_monsterinsights_sitenote_category":0},"product_cat":[4628],"product_tag":[7402,7408,7409,7412,7405,7400,7397,7407,7411,7410,7403,7392,7398,7393,7394,7399,7406,7401,7395,7404,7413,7396],"class_list":{"0":"post-23799","1":"product","2":"type-product","3":"status-publish","4":"has-post-thumbnail","6":"product_cat-pripravky-proti-bolesti","7":"product_tag-adderall-doprava-zdarma-po-evrope","8":"product_tag-adderall-europe-shop-cs","9":"product_tag-adderall-europe-sleva","10":"product_tag-adderall-evropsti-dodavatele","11":"product_tag-adderall-internetovy-obchod-evropa","12":"product_tag-adderall-nejlepsi-cena-v-evrope","13":"product_tag-adderall-prodej-online","14":"product_tag-akce-adderall-europe","15":"product_tag-autenticka-adderall-europe","16":"product_tag-dodavka-adderall-europe","17":"product_tag-kde-koupit-adderall-europe","18":"product_tag-kde-koupit-adderall-online","19":"product_tag-kolik-je-adderall","20":"product_tag-koupit-adderall","21":"product_tag-koupit-adderall-online","22":"product_tag-koupit-adderall-online-evropa","23":"product_tag-levne-adderall-europe","24":"product_tag-objednejte-adderall-eu","25":"product_tag-objednejte-adderall-online","26":"product_tag-prodej-adderall-europe","27":"product_tag-recenze-adderall-europe","28":"product_tag-ucinky-adderall","30":"first","31":"instock","32":"shipping-taxable","33":"purchasable","34":"product-type-variable","35":"farmacie-col","36":"product-has-gallery"},"aioseo_notices":[],"_links":{"self":[{"href":"https:\/\/lacasadelamedicina.es\/cs\/wp-json\/wp\/v2\/product\/23799"}],"collection":[{"href":"https:\/\/lacasadelamedicina.es\/cs\/wp-json\/wp\/v2\/product"}],"about":[{"href":"https:\/\/lacasadelamedicina.es\/cs\/wp-json\/wp\/v2\/types\/product"}],"replies":[{"embeddable":true,"href":"https:\/\/lacasadelamedicina.es\/cs\/wp-json\/wp\/v2\/comments?post=23799"}],"wp:featuredmedia":[{"embeddable":true,"href":"https:\/\/lacasadelamedicina.es\/cs\/wp-json\/wp\/v2\/media\/19801"}],"wp:attachment":[{"href":"https:\/\/lacasadelamedicina.es\/cs\/wp-json\/wp\/v2\/media?parent=23799"}],"wp:term":[{"taxonomy":"product_cat","embeddable":true,"href":"https:\/\/lacasadelamedicina.es\/cs\/wp-json\/wp\/v2\/product_cat?post=23799"},{"taxonomy":"product_tag","embeddable":true,"href":"https:\/\/lacasadelamedicina.es\/cs\/wp-json\/wp\/v2\/product_tag?post=23799"}],"curies":[{"name":"wp","href":"https:\/\/api.w.org\/{rel}","templated":true}]}}