{"id":23788,"date":"2024-08-10T19:23:17","date_gmt":"2024-08-10T19:23:17","guid":{"rendered":"https:\/\/lacasadelamedicina.es\/product\/koupit-buprenorfin-online\/"},"modified":"2024-08-10T19:23:17","modified_gmt":"2024-08-10T19:23:17","slug":"koupit-buprenorfin-online","status":"publish","type":"product","link":"https:\/\/lacasadelamedicina.es\/cs\/produkt\/koupit-buprenorfin-online\/","title":{"rendered":"Koupit buprenorfin online"},"content":{"rendered":"<h1 class=\"product_title entry-title\">Koupit buprenorfin online<\/h1>\n<p> Koupit buprenorfin online. Buprenorfin se pou\u017e\u00edv\u00e1 k l\u00e9\u010db\u011b poruchy u\u017e\u00edv\u00e1n\u00ed opioid\u016f (OUD), akutn\u00ed bolesti a chronick\u00e9 bolesti. M\u016f\u017ee b\u00fdt pod\u00e1v\u00e1n v r\u016fzn\u00fdch form\u00e1ch, v\u010detn\u011b sublingv\u00e1ln\u00ed (pod jazyk), buk\u00e1ln\u00ed (na tv\u00e1\u0159), injekc\u00ed (intraven\u00f3zn\u00ed a subkut\u00e1nn\u00ed), ko\u017en\u00edch n\u00e1plast\u00ed (transderm\u00e1ln\u00edch) nebo implant\u00e1t\u016f. P\u0159i l\u00e9\u010db\u011b OUD by m\u011bl b\u00fdt buprenorfin pod\u00e1v\u00e1n pouze tehdy, pokud pacient poci\u0165uje st\u0159edn\u011b t\u011b\u017ek\u00e9 abstinen\u010dn\u00ed p\u0159\u00edznaky z opioid\u016f a pod dohledem poskytovatele zdravotn\u00ed p\u00e9\u010de. Buprenorfin pom\u00e1h\u00e1 zvl\u00e1dat z\u00e1vislost na opioidech t\u00edm, \u017ee sni\u017euje chu\u0165 k j\u00eddlu a abstinen\u010dn\u00ed p\u0159\u00edznaky, ani\u017e by zp\u016fsoboval euforii nebo z\u00e1va\u017en\u00e9 vedlej\u0161\u00ed \u00fa\u010dinky, co\u017e pom\u00e1h\u00e1 p\u0159i prevenci relapsu. P\u016fsob\u00ed jako n\u00e1hrada za zneu\u017e\u00edvanou drogu, minimalizuje nepohodl\u00ed a umo\u017e\u0148uje pacient\u016fm soust\u0159edit se na zotaven\u00ed. Buprenorfin pro OUD je sou\u010d\u00e1st\u00ed komplexn\u00edho l\u00e9\u010debn\u00e9ho pl\u00e1nu, kter\u00fd zahrnuje poradenstv\u00ed a behavior\u00e1ln\u00ed terapii. Pro OUD je buprenorfin dostupn\u00fd jako dlouhodob\u011b p\u016fsob\u00edc\u00ed injekce (Sublocade, Brixadi) a sublingv\u00e1ln\u00ed tablety (Subutex, nyn\u00ed ukon\u010deno, ale jsou k dispozici generika). P\u0159i l\u00e9\u010db\u011b bolesti se buprenorfin pou\u017e\u00edv\u00e1 k l\u00e9\u010db\u011b siln\u00e9 akutn\u00ed bolesti a st\u0159edn\u011b t\u011b\u017ek\u00e9 a\u017e t\u011b\u017ek\u00e9 chronick\u00e9 bolesti, kterou nelze kontrolovat jin\u00fdmi l\u00e9ky. Je k dispozici jako ko\u017en\u00ed n\u00e1plasti (Butrans) a buk\u00e1ln\u00ed filmy (Belbuca) pro chronickou bolest a jako injekce (Buprenex) pro akutn\u00ed bolest. Buprenorfin se vyskytuje ve t\u0159ech form\u00e1ch:           <\/p>\n<ul>\n<li>Obd\u00e9ln\u00edkov\u00fd oran\u017eov\u00fd film s limetkovou p\u0159\u00edchut\u00ed<\/li>\n<li>Tablety<\/li>\n<li>Kapaln\u00fd<\/li>\n<\/ul>\n<p> N\u00e1zvy zna\u010dek zahrnuj\u00ed Belbuca, Brixadi, Buprenex, Buprenorphine, Butrans, Sublocade, Suboxone, Subutex a Zubsolv. <strong>Ne\u017e\u00e1douc\u00ed \u00fa\u010dinky:<\/strong> Okam\u017eit\u011b vyhledejte l\u00e9ka\u0159skou pomoc, pokud zaznamen\u00e1te p\u0159\u00edznaky alergick\u00e9 reakce, jako je kop\u0159ivka, pot\u00ed\u017ee s d\u00fdch\u00e1n\u00edm nebo otok obli\u010deje, rt\u016f, jazyka, nebo hrdla. Opioidn\u00ed l\u00e9ky mohou zpomalit nebo zastavit d\u00fdch\u00e1n\u00ed, co\u017e m\u016f\u017ee b\u00fdt smrteln\u00e9. Zajist\u011bte, aby n\u011bkdo v okol\u00ed mohl podat naloxon, a vyhledejte l\u00e9ka\u0159skou pomoc, pokud m\u00e1te pomal\u00e9 d\u00fdch\u00e1n\u00ed, modr\u00e9 rty nebo pot\u00ed\u017ee s probuzen\u00edm. Kontaktujte sv\u00e9ho l\u00e9ka\u0159e, pokud m\u00e1te p\u0159\u00edznaky, jako je abstinence opioid\u016f, probl\u00e9my s d\u00fdch\u00e1n\u00edm, pomal\u00fd srde\u010dn\u00ed tep, bolest na hrudi, n\u00edzk\u00e9 hladiny kortizolu nebo probl\u00e9my s j\u00e1try. Tak\u00e9 vyhledejte l\u00e9ka\u0159skou pomoc pro p\u0159\u00edznaky serotoninov\u00e9ho syndromu, jako je neklid, halucinace, hore\u010dka a svalov\u00e1 ztuhlost.     <strong>\u010cast\u00e9 vedlej\u0161\u00ed \u00fa\u010dinky:<\/strong><\/p>\n<ul>\n<li>Z\u00e1cpa<\/li>\n<li>Nevolnost<\/li>\n<li>Zvracen\u00ed<\/li>\n<li>Bolest hlavy<\/li>\n<li>Zv\u00fd\u0161en\u00e9 pocen\u00ed<\/li>\n<li>Nespavost<\/li>\n<li>Bolest<\/li>\n<\/ul>\n<p><strong>L\u00e9ky na z\u00e1vislost na opioidech:<\/strong><\/p>\n<ul>\n<li>Buprenorfin: Sublocade (subkut\u00e1nn\u00ed injekce), Probuphine (implant\u00e1t), Subutex (sublingv\u00e1ln\u00ed tablety)<\/li>\n<li>Buprenorfin a naloxon: Bunavail (sublingv\u00e1ln\u00ed film), Suboxone (sublingv\u00e1ln\u00ed film a tablety), Zubsolv (sublingv\u00e1ln\u00ed tablety)<\/li>\n<li>Lofexidin: Lucemyra (tablety)<\/li>\n<li>Naltrexon: Vivitrol (IM injekce), Naltrexon (tablety)<\/li>\n<\/ul>\n<p><strong>L\u00e9ky na silnou bolest:<\/strong><\/p>\n<ul>\n<li>Buprenorfin: Buprenex (im a IV injekce), Belbuca (buk\u00e1ln\u00ed film), Butrans (transderm\u00e1ln\u00ed n\u00e1plast)<\/li>\n<li>Metadon: dolophin (tablety)<\/li>\n<\/ul>\n<p><strong>N\u00e1zvy zna\u010dek a d\u00e1vkovac\u00ed formy:<\/strong><\/p>\n<ul>\n<li>Brixadi: Injekce s prodlou\u017een\u00fdm uvol\u0148ov\u00e1n\u00edm (subkut\u00e1nn\u00ed), t\u00fddenn\u00ed nebo m\u011bs\u00ed\u010dn\u00ed, pro OUD<\/li>\n<li>Sublok\u00e1da: Injekce s prodlou\u017een\u00fdm uvol\u0148ov\u00e1n\u00edm (subkut\u00e1nn\u00ed), m\u011bs\u00ed\u010dn\u011b, pro OUD<\/li>\n<li>Probuphine (vysazeno): Implant\u00e1t (subderm\u00e1ln\u00ed), ka\u017ed\u00fdch \u0161est m\u011bs\u00edc\u016f, pro z\u00e1vislost na opioidech<\/li>\n<li>Belbuca: Buk\u00e1ln\u00ed film, jednou denn\u011b nebo ka\u017ed\u00fdch 12 hodin, pro silnou bolest<\/li>\n<li>Butran: Transderm\u00e1ln\u00ed syst\u00e9m, ka\u017ed\u00fdch sedm dn\u00ed, pro silnou bolest<\/li>\n<li>Subutex (ukon\u010deno): Sublingv\u00e1ln\u00ed tablety, jednou denn\u011b, pro z\u00e1vislost na opioidech<\/li>\n<li>Buprenex: Injekce (intraven\u00f3zn\u00ed nebo intramuskul\u00e1rn\u00ed), ka\u017ed\u00fdch 6 hodin, p\u0159i siln\u00e9 bolesti<\/li>\n<\/ul>\n<p> Kupte si buprenorfin online nebo najd\u011bte, kde koupit buprenorfin online, kde najdete dal\u0161\u00ed podrobnosti o jeho dostupnosti a mo\u017enostech n\u00e1kupu.<\/p>\n","protected":false},"excerpt":{"rendered":"<p>Koupit buprenorfin online. Buprenorfin je kl\u00ed\u010dov\u00fd l\u00e9k pou\u017e\u00edvan\u00fd k l\u00e9\u010db\u011b poruchy u\u017e\u00edv\u00e1n\u00ed opioid\u016f (OUD), jako\u017e i ke zvl\u00e1d\u00e1n\u00ed akutn\u00ed a chronick\u00e9 bolesti. Buprenorfin lze zakoupit online.  <\/p>\n","protected":false},"featured_media":19831,"comment_status":"open","ping_status":"closed","template":"","meta":{"om_disable_all_campaigns":false,"_sitemap_exclude":false,"_sitemap_priority":"","_sitemap_frequency":"","_monsterinsights_skip_tracking":false,"_monsterinsights_sitenote_active":false,"_monsterinsights_sitenote_note":"","_monsterinsights_sitenote_category":0},"product_cat":[4628],"product_tag":[7389,7380,7378,7383,7388,7387,7385,7390,7381,7372,7376,7371,7377,7041,7370,7384,7386,7379,7373,7375,7382,7391,7374],"class_list":{"0":"post-23788","1":"product","2":"type-product","3":"status-publish","4":"has-post-thumbnail","6":"product_cat-pripravky-proti-bolesti","7":"product_tag-autenticky-buprenorfin-evropa","8":"product_tag-buprenorfin-doprava-zdarma-po-evrope","9":"product_tag-buprenorfin-nejlepsi-cena-v-evrope","10":"product_tag-buprenorfin-online-obchod-evropa","11":"product_tag-dodavka-buprenorfinu-po-evrope","12":"product_tag-evropska-sleva-na-buprenorfin","13":"product_tag-evropske-nabidky-buprenorfinu","14":"product_tag-evropsti-dodavatele-buprenorfinu","15":"product_tag-kde-koupit-buprenorfin-evropa","16":"product_tag-kde-koupit-buprenorfin-online","17":"product_tag-kolik-je-buprenorfin","18":"product_tag-koupit-buprenorfin-online","19":"product_tag-koupit-buprenorfin-online-evropa","20":"product_tag-koupit-suboxone-online","21":"product_tag-kupte-si-buprenorfin","22":"product_tag-levny-buprenorfin-v-evrope","23":"product_tag-obchod-s-buprenorfinem-v-evrope","24":"product_tag-objednejte-si-buprenorfin-eu","25":"product_tag-objednejte-si-buprenorfin-online","26":"product_tag-online-prodej-buprenorfinu","27":"product_tag-prodej-buprenorfinu-v-evrope","28":"product_tag-revize-buprenorfinu-v-evrope","29":"product_tag-ucinky-buprenorfinu","31":"first","32":"instock","33":"shipping-taxable","34":"purchasable","35":"product-type-variable","36":"farmacie-col"},"aioseo_notices":[],"_links":{"self":[{"href":"https:\/\/lacasadelamedicina.es\/cs\/wp-json\/wp\/v2\/product\/23788"}],"collection":[{"href":"https:\/\/lacasadelamedicina.es\/cs\/wp-json\/wp\/v2\/product"}],"about":[{"href":"https:\/\/lacasadelamedicina.es\/cs\/wp-json\/wp\/v2\/types\/product"}],"replies":[{"embeddable":true,"href":"https:\/\/lacasadelamedicina.es\/cs\/wp-json\/wp\/v2\/comments?post=23788"}],"wp:featuredmedia":[{"embeddable":true,"href":"https:\/\/lacasadelamedicina.es\/cs\/wp-json\/wp\/v2\/media\/19831"}],"wp:attachment":[{"href":"https:\/\/lacasadelamedicina.es\/cs\/wp-json\/wp\/v2\/media?parent=23788"}],"wp:term":[{"taxonomy":"product_cat","embeddable":true,"href":"https:\/\/lacasadelamedicina.es\/cs\/wp-json\/wp\/v2\/product_cat?post=23788"},{"taxonomy":"product_tag","embeddable":true,"href":"https:\/\/lacasadelamedicina.es\/cs\/wp-json\/wp\/v2\/product_tag?post=23788"}],"curies":[{"name":"wp","href":"https:\/\/api.w.org\/{rel}","templated":true}]}}