{"id":23757,"date":"2024-08-11T08:31:56","date_gmt":"2024-08-11T08:31:56","guid":{"rendered":"https:\/\/lacasadelamedicina.es\/product\/koupit-lortab-10-online\/"},"modified":"2024-08-11T08:31:56","modified_gmt":"2024-08-11T08:31:56","slug":"koupit-lortab-10-online","status":"publish","type":"product","link":"https:\/\/lacasadelamedicina.es\/cs\/produkt\/koupit-lortab-10-online\/","title":{"rendered":"Koupit Lortab 10 online"},"content":{"rendered":"<h1 class=\"product_title entry-title\">Koupit Lortab 10 online<\/h1>\n<p> Lortab 10 je l\u00e9k ur\u010den\u00fd k \u00falev\u011b od st\u0159edn\u011b siln\u00e9 a\u017e siln\u00e9 bolesti. Kombinuje dv\u011b \u00fa\u010dinn\u00e9 l\u00e1tky: hydrokodon a acetaminofen. Hydrokodon je opioid, kter\u00fd poskytuje silnou \u00falevu od bolesti, zat\u00edmco acetaminofen, b\u011b\u017en\u011b zn\u00e1m\u00fd jako Tylenol, zvy\u0161uje \u00fa\u010dinky hydrokodonu a pom\u00e1h\u00e1 sni\u017eovat hore\u010dku. <strong>Ne\u017e\u00e1douc\u00ed \u00fa\u010dinky Lortabu 10<\/strong> Mezi b\u011b\u017en\u00e9 vedlej\u0161\u00ed \u00fa\u010dinky Lortabu 10 pat\u0159\u00ed:   <\/p>\n<ul>\n<li>Ospalost<\/li>\n<li>\u00dazkost<\/li>\n<li>Z\u00e1vra\u0165<\/li>\n<li>Nevolnost a zvracen\u00ed<\/li>\n<li>Podr\u00e1\u017ed\u011bn\u00fd \u017ealudek<\/li>\n<li>Z\u00e1cpa<\/li>\n<li>Bolesti hlavy<\/li>\n<li>Zm\u011bny n\u00e1lady<\/li>\n<li>Rozmazan\u00e9 vid\u011bn\u00ed<\/li>\n<li>Zvon\u011bn\u00ed v u\u0161\u00edch<\/li>\n<li>Sucho v \u00fastech<\/li>\n<li>Zmatek<\/li>\n<\/ul>\n<p><strong>Doporu\u010den\u00e9 d\u00e1vkov\u00e1n\u00ed<\/strong> Lortab 10\/500 se pod\u00e1v\u00e1 peror\u00e1ln\u011b, obvykle jako jedna tableta ka\u017ed\u00e9 \u010dty\u0159i a\u017e \u0161est hodin podle pot\u0159eby pro \u00falevu od bolesti. P\u0159\u00edsn\u011b dodr\u017eujte d\u00e1vkov\u00e1n\u00ed p\u0159edepsan\u00e9 l\u00e9ka\u0159em. <strong>Drogov\u00e9 interakce<\/strong> Lortab 10\/500 m\u016f\u017ee interagovat s:  <\/p>\n<ul>\n<li>Alkohol<\/li>\n<li>Jin\u00e9 l\u00e9ky obsahuj\u00edc\u00ed acetaminofen<\/li>\n<li>Sedativa, trankviliz\u00e9ry, pr\u00e1\u0161ky na span\u00ed a svalov\u00e9 relaxanty<\/li>\n<li>N\u011bkter\u00e1 antidepresiva a inhibitory MAO<\/li>\n<li>L\u00e9ky na mo\u010dov\u00fd m\u011bch\u00fd\u0159 nebo mo\u010d<\/li>\n<li>Bronchodilatancia a l\u00e9ky na syndrom dr\u00e1\u017ediv\u00e9ho tra\u010dn\u00edku<\/li>\n<\/ul>\n<p> Informujte sv\u00e9ho l\u00e9ka\u0159e o v\u0161ech l\u00e9c\u00edch a dopl\u0148c\u00edch stravy, kter\u00e9 u\u017e\u00edv\u00e1te, abyste se vyhnuli ne\u017e\u00e1douc\u00edm interakc\u00edm. <strong>Pou\u017eit\u00ed b\u011bhem t\u011bhotenstv\u00ed a kojen\u00ed<\/strong> Lortab by m\u011bl b\u00fdt b\u011bhem t\u011bhotenstv\u00ed pou\u017e\u00edv\u00e1n pouze tehdy, je-li to absolutn\u011b nezbytn\u00e9, a obvykle ne po del\u0161\u00ed dobu nebo t\u011bsn\u011b p\u0159ed porodem kv\u016fli potenci\u00e1ln\u00edm rizik\u016fm pro nenarozen\u00e9 d\u00edt\u011b. P\u0159ed kojen\u00edm je tak\u00e9 vhodn\u00e9 poradit se s l\u00e9ka\u0159em, proto\u017ee l\u00e9ky mohou p\u0159ech\u00e1zet do mate\u0159sk\u00e9ho ml\u00e9ka a ovlivnit kojence. <strong>Varov\u00e1n\u00ed a bezpe\u010dnostn\u00ed opat\u0159en\u00ed<\/strong> Pokud zaznamen\u00e1te p\u0159\u00edznaky alergick\u00e9 reakce, jako je kop\u0159ivka, pot\u00ed\u017ee s d\u00fdch\u00e1n\u00edm nebo otok obli\u010deje nebo krku, vyhledejte okam\u017eitou l\u00e9ka\u0159skou pomoc. Vz\u00e1cn\u011b m\u016f\u017ee acetaminofen zp\u016fsobit z\u00e1va\u017en\u00e9 ko\u017en\u00ed reakce, tak\u017ee p\u0159esta\u0148te pou\u017e\u00edvat a kontaktujte sv\u00e9ho l\u00e9ka\u0159e, pokud si v\u0161imnete \u0161\u00ed\u0159\u00edc\u00ed se vyr\u00e1\u017eky nebo puch\u00fd\u0159\u016f. Okam\u017eit\u011b kontaktujte sv\u00e9ho l\u00e9ka\u0159e, pokud zaznamen\u00e1te n\u011bkter\u00fd z n\u00e1sleduj\u00edc\u00edch:    <\/p>\n<ul>\n<li>M\u011blk\u00e9 d\u00fdch\u00e1n\u00ed nebo pomal\u00fd srde\u010dn\u00ed tep<\/li>\n<li>To\u010den\u00ed hlavy<\/li>\n<li>Zmatek nebo neobvykl\u00e9 chov\u00e1n\u00ed<\/li>\n<li>Z\u00e1chvaty<\/li>\n<li>Nevysv\u011btliteln\u00e9 mod\u0159iny nebo krv\u00e1cen\u00ed<\/li>\n<li>Probl\u00e9my s j\u00e1try, jako je nevolnost, bolest v horn\u00ed \u010d\u00e1sti \u017ealudku, sv\u011bd\u011bn\u00ed, tmav\u00e1 mo\u010d nebo \u017eloutenka<\/li>\n<li>P\u0159\u00edznaky serotoninov\u00e9ho syndromu, v\u010detn\u011b agitovanosti, halucinac\u00ed, hore\u010dky a svalov\u00e9 ztuhlosti<\/li>\n<\/ul>\n<p><strong>Dal\u0161\u00ed informace<\/strong> Podrobn\u011bj\u0161\u00ed informace o potenci\u00e1ln\u00edch vedlej\u0161\u00edch \u00fa\u010dinc\u00edch a interakc\u00edch p\u0159\u00edpravku Lortab 10\/500 naleznete v na\u0161ich komplexn\u00edch zdroj\u00edch informac\u00ed o l\u00e9c\u00edch.<\/p>\n","protected":false},"excerpt":{"rendered":"<p>Koupit Lortab 10 online. Lortab je l\u00e9k, kter\u00fd zm\u00edr\u0148uje st\u0159edn\u011b silnou a\u017e intenzivn\u00ed bolest. kde koupit Lortab 10 online, Lortab 10 na prodej online.  <\/p>\n","protected":false},"featured_media":19936,"comment_status":"open","ping_status":"closed","template":"","meta":{"om_disable_all_campaigns":false,"_sitemap_exclude":false,"_sitemap_priority":"","_sitemap_frequency":"","_monsterinsights_skip_tracking":false,"_monsterinsights_sitenote_active":false,"_monsterinsights_sitenote_note":"","_monsterinsights_sitenote_category":0},"product_cat":[4628],"product_tag":[7367,7366,7359,7350,7354,7283,7348,7349,7355,7362,7358,7368,7361,7356,7363,7364,7357,7351,7360,7353,7369,7365,7352],"class_list":{"0":"post-23757","1":"product","2":"type-product","3":"status-publish","4":"has-post-thumbnail","6":"product_cat-pripravky-proti-bolesti","7":"product_tag-autenticky-lortab-10-europe","8":"product_tag-dodavka-lortab-10-europe","9":"product_tag-kde-koupit-lortab-10-europe","10":"product_tag-kde-koupit-lortab-10-online","11":"product_tag-kolik-je-lortab-10","12":"product_tag-koupit-hydrokodon-online","13":"product_tag-koupit-lortab-10","14":"product_tag-koupit-lortab-10-online","15":"product_tag-kupte-si-lortab-10-online-evropa","16":"product_tag-levny-lortab-10-europe","17":"product_tag-lortab-10-doprava-zdarma-po-evrope","18":"product_tag-lortab-10-evropskych-dodavatelu","19":"product_tag-lortab-10-internetovy-obchod-evropa","20":"product_tag-lortab-10-nejlepsi-cena-v-evrope","21":"product_tag-nabidky-lortab-10-europe","22":"product_tag-obchod-lortab-10-europe","23":"product_tag-objednejte-lortab-10-eu","24":"product_tag-objednejte-si-lortab-10-online","25":"product_tag-prodam-lortab-10-europe","26":"product_tag-prodej-lortab-10-online","27":"product_tag-recenze-lortab-10-europe","28":"product_tag-sleva-lortab-10-europe","29":"product_tag-ucinky-lortabu-10","31":"first","32":"instock","33":"shipping-taxable","34":"purchasable","35":"product-type-variable","36":"farmacie-col"},"aioseo_notices":[],"_links":{"self":[{"href":"https:\/\/lacasadelamedicina.es\/cs\/wp-json\/wp\/v2\/product\/23757"}],"collection":[{"href":"https:\/\/lacasadelamedicina.es\/cs\/wp-json\/wp\/v2\/product"}],"about":[{"href":"https:\/\/lacasadelamedicina.es\/cs\/wp-json\/wp\/v2\/types\/product"}],"replies":[{"embeddable":true,"href":"https:\/\/lacasadelamedicina.es\/cs\/wp-json\/wp\/v2\/comments?post=23757"}],"wp:featuredmedia":[{"embeddable":true,"href":"https:\/\/lacasadelamedicina.es\/cs\/wp-json\/wp\/v2\/media\/19936"}],"wp:attachment":[{"href":"https:\/\/lacasadelamedicina.es\/cs\/wp-json\/wp\/v2\/media?parent=23757"}],"wp:term":[{"taxonomy":"product_cat","embeddable":true,"href":"https:\/\/lacasadelamedicina.es\/cs\/wp-json\/wp\/v2\/product_cat?post=23757"},{"taxonomy":"product_tag","embeddable":true,"href":"https:\/\/lacasadelamedicina.es\/cs\/wp-json\/wp\/v2\/product_tag?post=23757"}],"curies":[{"name":"wp","href":"https:\/\/api.w.org\/{rel}","templated":true}]}}